{"id":891,"date":"2020-11-30T19:21:09","date_gmt":"2020-11-30T21:21:09","guid":{"rendered":"http:\/\/sites.usp.br\/grupoeaps\/?page_id=891"},"modified":"2020-12-04T13:52:02","modified_gmt":"2020-12-04T15:52:02","slug":"com-que-roupa-eu-vou","status":"publish","type":"page","link":"https:\/\/sites.usp.br\/grupoeaps\/com-que-roupa-eu-vou\/","title":{"rendered":"Com que roupa eu vou?"},"content":{"rendered":"<p style=\"text-align: right;\"><a href=\"https:\/\/sites.usp.br\/grupoeaps\/wp-content\/uploads\/sites\/604\/2020\/11\/Data-FINAL-correta-Convite-oficial-Com-que-roupa-eu-vou-1.png\"><img loading=\"lazy\" decoding=\"async\" class=\"aligncenter wp-image-895 size-full\" src=\"https:\/\/sites.usp.br\/grupoeaps\/wp-content\/uploads\/sites\/604\/2020\/11\/Data-FINAL-correta-Convite-oficial-Com-que-roupa-eu-vou-1.png\" alt=\"\" width=\"1755\" height=\"1240\" srcset=\"https:\/\/sites.usp.br\/grupoeaps\/wp-content\/uploads\/sites\/604\/2020\/11\/Data-FINAL-correta-Convite-oficial-Com-que-roupa-eu-vou-1.png 1755w, https:\/\/sites.usp.br\/grupoeaps\/wp-content\/uploads\/sites\/604\/2020\/11\/Data-FINAL-correta-Convite-oficial-Com-que-roupa-eu-vou-1-300x212.png 300w, https:\/\/sites.usp.br\/grupoeaps\/wp-content\/uploads\/sites\/604\/2020\/11\/Data-FINAL-correta-Convite-oficial-Com-que-roupa-eu-vou-1-1024x724.png 1024w, https:\/\/sites.usp.br\/grupoeaps\/wp-content\/uploads\/sites\/604\/2020\/11\/Data-FINAL-correta-Convite-oficial-Com-que-roupa-eu-vou-1-768x543.png 768w, https:\/\/sites.usp.br\/grupoeaps\/wp-content\/uploads\/sites\/604\/2020\/11\/Data-FINAL-correta-Convite-oficial-Com-que-roupa-eu-vou-1-1536x1085.png 1536w, https:\/\/sites.usp.br\/grupoeaps\/wp-content\/uploads\/sites\/604\/2020\/11\/Data-FINAL-correta-Convite-oficial-Com-que-roupa-eu-vou-1-400x283.png 400w\" sizes=\"auto, (max-width: 1755px) 100vw, 1755px\" \/><\/a>Modelo: Maria Zenite<\/p>\n<p style=\"text-align: right;\">Foto: Marliete Rodrigues <a href=\"https:\/\/imginn.com\/fotomarisp\/?lang=pt\" target=\"_blank\" rel=\"noopener noreferrer\">@fotomarisp<\/a><\/p>\n<p>Coordenada pelo EAPS, a vers\u00e3o piloto 2018 da oficina de extens\u00e3o da EACH USP intitulada <a href=\"https:\/\/revistas.pucsp.br\/kairos\/article\/view\/2176-901X.2019v22iEspecial26p199-233\/30594\" target=\"_blank\" rel=\"noopener noreferrer\"><strong>Com que roupa eu vou?<\/strong><\/a>\u00a0resultou em uma <a href=\"http:\/\/www5.each.usp.br\/wp-content\/uploads\/2018\/11\/Apresentac%CC%A7a%CC%83o-exposic%CC%A7a%CC%83o-Com-que-roupa-eu-vou_-Grupo-EAPS.pdf\" target=\"_blank\" rel=\"noopener noreferrer\">instala\u00e7\u00e3o<\/a> na biblioteca da unidade e um desfile com os participantes, por ocasi\u00e3o do V Congresso Latino-Americano de Universidades com Carreira em Gerontologia. A oficina envolveu nova idosas e 16 alunos volunt\u00e1rios, provenientes das gradua\u00e7\u00f5es em Gerontologia e T\u00eaxtil e Moda, com tamb\u00e9m alunos da P\u00f3s-Gradua\u00e7\u00e3o em Gerontologia, al\u00e9m de duas convidadas externas.<\/p>\n<p>O objetivo da oficina foi reconstruir o curso da composi\u00e7\u00e3o da apar\u00eancia ao longo de vida das idosas. Frente a esse desafio, identificar as mensagens, pap\u00e9is sociais, valores, normas, expectativas, frustra\u00e7\u00f5es, supera\u00e7\u00f5es, ganhos e perdas. Refletiu-se sobre os desafios na constru\u00e7\u00e3o de suas identidades tendo como foco suas apar\u00eancias. Em especial, quem s\u00e3o e o que desejam na atual fase de suas vidas e como elas podem usar das pr\u00f3prias apar\u00eancias para reinventar-se e apresentar-se socialmente no futuro. Estimulou-se, portanto, as no\u00e7\u00f5es de autonomia, interdepend\u00eancia, heterogeneidade e engajamento social. Descobrimos que:<\/p>\n<p>&nbsp;<\/p>\n<p style=\"text-align: center;\">Apar\u00eancia \u00e9 mensagem!<\/p>\n<p style=\"text-align: center;\">Apar\u00eancia \u00e9 oportunidade!<\/p>\n<p style=\"text-align: center;\">As apar\u00eancias n\u00e3o enganam!<\/p>\n<p>&nbsp;<\/p>\n<p style=\"text-align: right;\"><a href=\"https:\/\/sites.usp.br\/grupoeaps\/wp-content\/uploads\/sites\/604\/2020\/11\/5-BANNER-scaled.jpg\"><br \/>\n<img loading=\"lazy\" decoding=\"async\" class=\"aligncenter wp-image-894 size-full\" src=\"https:\/\/sites.usp.br\/grupoeaps\/wp-content\/uploads\/sites\/604\/2020\/11\/5-BANNER-scaled.jpg\" alt=\"\" width=\"2560\" height=\"1516\" srcset=\"https:\/\/sites.usp.br\/grupoeaps\/wp-content\/uploads\/sites\/604\/2020\/11\/5-BANNER-scaled.jpg 2560w, https:\/\/sites.usp.br\/grupoeaps\/wp-content\/uploads\/sites\/604\/2020\/11\/5-BANNER-300x178.jpg 300w, https:\/\/sites.usp.br\/grupoeaps\/wp-content\/uploads\/sites\/604\/2020\/11\/5-BANNER-1024x606.jpg 1024w, https:\/\/sites.usp.br\/grupoeaps\/wp-content\/uploads\/sites\/604\/2020\/11\/5-BANNER-768x455.jpg 768w, https:\/\/sites.usp.br\/grupoeaps\/wp-content\/uploads\/sites\/604\/2020\/11\/5-BANNER-1536x910.jpg 1536w, https:\/\/sites.usp.br\/grupoeaps\/wp-content\/uploads\/sites\/604\/2020\/11\/5-BANNER-2048x1213.jpg 2048w, https:\/\/sites.usp.br\/grupoeaps\/wp-content\/uploads\/sites\/604\/2020\/11\/5-BANNER-400x237.jpg 400w\" sizes=\"auto, (max-width: 2560px) 100vw, 2560px\" \/><\/a><\/p>\n<p style=\"text-align: right;\">Participantes da Oficina Com que roupa eu vou?, vers\u00e3o piloto 2018<\/p>\n<p style=\"text-align: right;\">Foto: Marliete Rodrigues <a href=\"https:\/\/imginn.com\/fotomarisp\/?lang=pt\" target=\"_blank\" rel=\"noopener noreferrer\">@fotomarisp<\/a><\/p>\n<p>A instala\u00e7\u00e3o apresentou os resultados das atividades desenvolvidas ao longo do semestre, composta de quatro sess\u00f5es:<\/p>\n<ol>\n<li>Pain\u00e9is retratando a mem\u00f3ria da apar\u00eancia;<\/li>\n<li>Roupas customizadas, a partir da reciclagem de pe\u00e7as doadas pelo pr\u00f3prio grupo;<\/li>\n<li>Um recordat\u00f3rio fotogr\u00e1fico, criado por Marliete Rodriges;<\/li>\n<li>Retratos das idosas e <a href=\"https:\/\/sites.usp.br\/grupoeaps\/com-que-roupa-eu-vou-acrosticos\/\" target=\"_blank\" rel=\"noopener noreferrer\">acr\u00f3sticos<\/a>, confeccionados por Maria de F\u00e1tima Rodrigues, a partir das palavras-chave que as idosas relataram sintetizar a experi\u00eancia que viveram na oficina.<\/li>\n<\/ol>\n<p>Outro resultado produzido pela monitora Ana Maria de Souza foi a confec\u00e7\u00e3o de cadernos artesanais com tecidos escolhidos pelas idosas, para que todos os participantes continuassem tomando notas, refletindo e se mantendo \u00e0 frente do que significa quem s\u00e3o.<\/p>\n<p>Veja v\u00eddeo com trechos do evento, por Cristiano de Assis:<\/p>\n<div style=\"width: 640px;\" class=\"wp-video\"><video class=\"wp-video-shortcode\" id=\"video-891-1\" width=\"640\" height=\"360\" preload=\"metadata\" controls=\"controls\"><source type=\"video\/mp4\" src=\"https:\/\/sites.usp.br\/grupoeaps\/wp-content\/uploads\/sites\/604\/2020\/11\/Com-que-roupa-eu-vou-congresso-desfile.mp4?_=1\" \/><a href=\"https:\/\/sites.usp.br\/grupoeaps\/wp-content\/uploads\/sites\/604\/2020\/11\/Com-que-roupa-eu-vou-congresso-desfile.mp4\">https:\/\/sites.usp.br\/grupoeaps\/wp-content\/uploads\/sites\/604\/2020\/11\/Com-que-roupa-eu-vou-congresso-desfile.mp4<\/a><\/video><\/div>\n<p>&nbsp;<\/p>\n<p>Veja fotos do evento, tamb\u00e9m registradas por Cristiano de Assis:<\/p>\n<p><a href=\"https:\/\/sites.usp.br\/grupoeaps\/wp-content\/uploads\/sites\/604\/2020\/11\/inst-8-scaled.jpg\"><img loading=\"lazy\" decoding=\"async\" class=\"aligncenter wp-image-901 size-full\" src=\"https:\/\/sites.usp.br\/grupoeaps\/wp-content\/uploads\/sites\/604\/2020\/11\/inst-8-scaled.jpg\" alt=\"\" width=\"2560\" height=\"1707\" srcset=\"https:\/\/sites.usp.br\/grupoeaps\/wp-content\/uploads\/sites\/604\/2020\/11\/inst-8-scaled.jpg 2560w, https:\/\/sites.usp.br\/grupoeaps\/wp-content\/uploads\/sites\/604\/2020\/11\/inst-8-300x200.jpg 300w, https:\/\/sites.usp.br\/grupoeaps\/wp-content\/uploads\/sites\/604\/2020\/11\/inst-8-1024x683.jpg 1024w, https:\/\/sites.usp.br\/grupoeaps\/wp-content\/uploads\/sites\/604\/2020\/11\/inst-8-768x512.jpg 768w, https:\/\/sites.usp.br\/grupoeaps\/wp-content\/uploads\/sites\/604\/2020\/11\/inst-8-1536x1024.jpg 1536w, https:\/\/sites.usp.br\/grupoeaps\/wp-content\/uploads\/sites\/604\/2020\/11\/inst-8-2048x1365.jpg 2048w, https:\/\/sites.usp.br\/grupoeaps\/wp-content\/uploads\/sites\/604\/2020\/11\/inst-8-750x500.jpg 750w, https:\/\/sites.usp.br\/grupoeaps\/wp-content\/uploads\/sites\/604\/2020\/11\/inst-8-272x182.jpg 272w, https:\/\/sites.usp.br\/grupoeaps\/wp-content\/uploads\/sites\/604\/2020\/11\/inst-8-400x267.jpg 400w\" sizes=\"auto, (max-width: 2560px) 100vw, 2560px\" \/><\/a><\/p>\n<p><a href=\"https:\/\/sites.usp.br\/grupoeaps\/wp-content\/uploads\/sites\/604\/2020\/11\/int-9-scaled.jpg\"><img loading=\"lazy\" decoding=\"async\" class=\"aligncenter wp-image-904 size-full\" src=\"https:\/\/sites.usp.br\/grupoeaps\/wp-content\/uploads\/sites\/604\/2020\/11\/int-9-scaled.jpg\" alt=\"\" width=\"2560\" height=\"1707\" srcset=\"https:\/\/sites.usp.br\/grupoeaps\/wp-content\/uploads\/sites\/604\/2020\/11\/int-9-scaled.jpg 2560w, https:\/\/sites.usp.br\/grupoeaps\/wp-content\/uploads\/sites\/604\/2020\/11\/int-9-300x200.jpg 300w, https:\/\/sites.usp.br\/grupoeaps\/wp-content\/uploads\/sites\/604\/2020\/11\/int-9-1024x683.jpg 1024w, https:\/\/sites.usp.br\/grupoeaps\/wp-content\/uploads\/sites\/604\/2020\/11\/int-9-768x512.jpg 768w, https:\/\/sites.usp.br\/grupoeaps\/wp-content\/uploads\/sites\/604\/2020\/11\/int-9-1536x1024.jpg 1536w, https:\/\/sites.usp.br\/grupoeaps\/wp-content\/uploads\/sites\/604\/2020\/11\/int-9-2048x1365.jpg 2048w, https:\/\/sites.usp.br\/grupoeaps\/wp-content\/uploads\/sites\/604\/2020\/11\/int-9-750x500.jpg 750w, https:\/\/sites.usp.br\/grupoeaps\/wp-content\/uploads\/sites\/604\/2020\/11\/int-9-272x182.jpg 272w, https:\/\/sites.usp.br\/grupoeaps\/wp-content\/uploads\/sites\/604\/2020\/11\/int-9-400x267.jpg 400w\" sizes=\"auto, (max-width: 2560px) 100vw, 2560px\" \/><\/a><\/p>\n<p><a href=\"https:\/\/sites.usp.br\/grupoeaps\/wp-content\/uploads\/sites\/604\/2020\/11\/Instalac\u0327a\u0303o-1-scaled.jpg\"><img loading=\"lazy\" decoding=\"async\" class=\"aligncenter wp-image-902 size-full\" src=\"https:\/\/sites.usp.br\/grupoeaps\/wp-content\/uploads\/sites\/604\/2020\/11\/Instalac\u0327a\u0303o-1-scaled.jpg\" alt=\"\" width=\"2560\" height=\"1707\" srcset=\"https:\/\/sites.usp.br\/grupoeaps\/wp-content\/uploads\/sites\/604\/2020\/11\/Instalac\u0327a\u0303o-1-scaled.jpg 2560w, https:\/\/sites.usp.br\/grupoeaps\/wp-content\/uploads\/sites\/604\/2020\/11\/Instalac\u0327a\u0303o-1-300x200.jpg 300w, https:\/\/sites.usp.br\/grupoeaps\/wp-content\/uploads\/sites\/604\/2020\/11\/Instalac\u0327a\u0303o-1-1024x683.jpg 1024w, https:\/\/sites.usp.br\/grupoeaps\/wp-content\/uploads\/sites\/604\/2020\/11\/Instalac\u0327a\u0303o-1-768x512.jpg 768w, https:\/\/sites.usp.br\/grupoeaps\/wp-content\/uploads\/sites\/604\/2020\/11\/Instalac\u0327a\u0303o-1-1536x1024.jpg 1536w, https:\/\/sites.usp.br\/grupoeaps\/wp-content\/uploads\/sites\/604\/2020\/11\/Instalac\u0327a\u0303o-1-2048x1365.jpg 2048w, https:\/\/sites.usp.br\/grupoeaps\/wp-content\/uploads\/sites\/604\/2020\/11\/Instalac\u0327a\u0303o-1-750x500.jpg 750w, https:\/\/sites.usp.br\/grupoeaps\/wp-content\/uploads\/sites\/604\/2020\/11\/Instalac\u0327a\u0303o-1-272x182.jpg 272w, https:\/\/sites.usp.br\/grupoeaps\/wp-content\/uploads\/sites\/604\/2020\/11\/Instalac\u0327a\u0303o-1-400x267.jpg 400w\" sizes=\"auto, (max-width: 2560px) 100vw, 2560px\" \/><\/a><\/p>\n<p><a href=\"https:\/\/sites.usp.br\/grupoeaps\/wp-content\/uploads\/sites\/604\/2020\/11\/Inst-5-scaled.jpg\"><img loading=\"lazy\" decoding=\"async\" class=\"aligncenter wp-image-899 size-full\" src=\"https:\/\/sites.usp.br\/grupoeaps\/wp-content\/uploads\/sites\/604\/2020\/11\/Inst-5-scaled.jpg\" alt=\"\" width=\"2560\" height=\"1707\" srcset=\"https:\/\/sites.usp.br\/grupoeaps\/wp-content\/uploads\/sites\/604\/2020\/11\/Inst-5-scaled.jpg 2560w, https:\/\/sites.usp.br\/grupoeaps\/wp-content\/uploads\/sites\/604\/2020\/11\/Inst-5-300x200.jpg 300w, https:\/\/sites.usp.br\/grupoeaps\/wp-content\/uploads\/sites\/604\/2020\/11\/Inst-5-1024x683.jpg 1024w, https:\/\/sites.usp.br\/grupoeaps\/wp-content\/uploads\/sites\/604\/2020\/11\/Inst-5-768x512.jpg 768w, https:\/\/sites.usp.br\/grupoeaps\/wp-content\/uploads\/sites\/604\/2020\/11\/Inst-5-1536x1024.jpg 1536w, https:\/\/sites.usp.br\/grupoeaps\/wp-content\/uploads\/sites\/604\/2020\/11\/Inst-5-2048x1365.jpg 2048w, https:\/\/sites.usp.br\/grupoeaps\/wp-content\/uploads\/sites\/604\/2020\/11\/Inst-5-750x500.jpg 750w, https:\/\/sites.usp.br\/grupoeaps\/wp-content\/uploads\/sites\/604\/2020\/11\/Inst-5-272x182.jpg 272w, https:\/\/sites.usp.br\/grupoeaps\/wp-content\/uploads\/sites\/604\/2020\/11\/Inst-5-400x267.jpg 400w\" sizes=\"auto, (max-width: 2560px) 100vw, 2560px\" \/><\/a><\/p>\n<p><a href=\"https:\/\/sites.usp.br\/grupoeaps\/wp-content\/uploads\/sites\/604\/2020\/11\/Inst-4-scaled.jpg\"><img loading=\"lazy\" decoding=\"async\" class=\"aligncenter wp-image-898 size-full\" src=\"https:\/\/sites.usp.br\/grupoeaps\/wp-content\/uploads\/sites\/604\/2020\/11\/Inst-4-scaled.jpg\" alt=\"\" width=\"2560\" height=\"1707\" srcset=\"https:\/\/sites.usp.br\/grupoeaps\/wp-content\/uploads\/sites\/604\/2020\/11\/Inst-4-scaled.jpg 2560w, https:\/\/sites.usp.br\/grupoeaps\/wp-content\/uploads\/sites\/604\/2020\/11\/Inst-4-300x200.jpg 300w, https:\/\/sites.usp.br\/grupoeaps\/wp-content\/uploads\/sites\/604\/2020\/11\/Inst-4-1024x683.jpg 1024w, https:\/\/sites.usp.br\/grupoeaps\/wp-content\/uploads\/sites\/604\/2020\/11\/Inst-4-768x512.jpg 768w, https:\/\/sites.usp.br\/grupoeaps\/wp-content\/uploads\/sites\/604\/2020\/11\/Inst-4-1536x1024.jpg 1536w, https:\/\/sites.usp.br\/grupoeaps\/wp-content\/uploads\/sites\/604\/2020\/11\/Inst-4-2048x1365.jpg 2048w, https:\/\/sites.usp.br\/grupoeaps\/wp-content\/uploads\/sites\/604\/2020\/11\/Inst-4-750x500.jpg 750w, https:\/\/sites.usp.br\/grupoeaps\/wp-content\/uploads\/sites\/604\/2020\/11\/Inst-4-272x182.jpg 272w, https:\/\/sites.usp.br\/grupoeaps\/wp-content\/uploads\/sites\/604\/2020\/11\/Inst-4-400x267.jpg 400w\" sizes=\"auto, (max-width: 2560px) 100vw, 2560px\" \/><\/a><\/p>\n<p><a href=\"https:\/\/sites.usp.br\/grupoeaps\/wp-content\/uploads\/sites\/604\/2020\/11\/Inst-3-scaled.jpg\"><img loading=\"lazy\" decoding=\"async\" class=\"aligncenter wp-image-897 size-full\" src=\"https:\/\/sites.usp.br\/grupoeaps\/wp-content\/uploads\/sites\/604\/2020\/11\/Inst-3-scaled.jpg\" alt=\"\" width=\"2560\" height=\"1707\" srcset=\"https:\/\/sites.usp.br\/grupoeaps\/wp-content\/uploads\/sites\/604\/2020\/11\/Inst-3-scaled.jpg 2560w, https:\/\/sites.usp.br\/grupoeaps\/wp-content\/uploads\/sites\/604\/2020\/11\/Inst-3-300x200.jpg 300w, https:\/\/sites.usp.br\/grupoeaps\/wp-content\/uploads\/sites\/604\/2020\/11\/Inst-3-1024x683.jpg 1024w, https:\/\/sites.usp.br\/grupoeaps\/wp-content\/uploads\/sites\/604\/2020\/11\/Inst-3-768x512.jpg 768w, https:\/\/sites.usp.br\/grupoeaps\/wp-content\/uploads\/sites\/604\/2020\/11\/Inst-3-1536x1024.jpg 1536w, https:\/\/sites.usp.br\/grupoeaps\/wp-content\/uploads\/sites\/604\/2020\/11\/Inst-3-2048x1365.jpg 2048w, https:\/\/sites.usp.br\/grupoeaps\/wp-content\/uploads\/sites\/604\/2020\/11\/Inst-3-750x500.jpg 750w, https:\/\/sites.usp.br\/grupoeaps\/wp-content\/uploads\/sites\/604\/2020\/11\/Inst-3-272x182.jpg 272w, https:\/\/sites.usp.br\/grupoeaps\/wp-content\/uploads\/sites\/604\/2020\/11\/Inst-3-400x267.jpg 400w\" sizes=\"auto, (max-width: 2560px) 100vw, 2560px\" \/><\/a><\/p>\n<p><a href=\"https:\/\/sites.usp.br\/grupoeaps\/wp-content\/uploads\/sites\/604\/2020\/11\/Instalac\u0327a\u0303o-2-scaled.jpg\"><img loading=\"lazy\" decoding=\"async\" class=\"aligncenter wp-image-903 size-full\" src=\"https:\/\/sites.usp.br\/grupoeaps\/wp-content\/uploads\/sites\/604\/2020\/11\/Instalac\u0327a\u0303o-2-scaled.jpg\" alt=\"\" width=\"2560\" height=\"1707\" srcset=\"https:\/\/sites.usp.br\/grupoeaps\/wp-content\/uploads\/sites\/604\/2020\/11\/Instalac\u0327a\u0303o-2-scaled.jpg 2560w, https:\/\/sites.usp.br\/grupoeaps\/wp-content\/uploads\/sites\/604\/2020\/11\/Instalac\u0327a\u0303o-2-300x200.jpg 300w, https:\/\/sites.usp.br\/grupoeaps\/wp-content\/uploads\/sites\/604\/2020\/11\/Instalac\u0327a\u0303o-2-1024x683.jpg 1024w, https:\/\/sites.usp.br\/grupoeaps\/wp-content\/uploads\/sites\/604\/2020\/11\/Instalac\u0327a\u0303o-2-768x512.jpg 768w, https:\/\/sites.usp.br\/grupoeaps\/wp-content\/uploads\/sites\/604\/2020\/11\/Instalac\u0327a\u0303o-2-1536x1024.jpg 1536w, https:\/\/sites.usp.br\/grupoeaps\/wp-content\/uploads\/sites\/604\/2020\/11\/Instalac\u0327a\u0303o-2-2048x1365.jpg 2048w, https:\/\/sites.usp.br\/grupoeaps\/wp-content\/uploads\/sites\/604\/2020\/11\/Instalac\u0327a\u0303o-2-750x500.jpg 750w, https:\/\/sites.usp.br\/grupoeaps\/wp-content\/uploads\/sites\/604\/2020\/11\/Instalac\u0327a\u0303o-2-272x182.jpg 272w, https:\/\/sites.usp.br\/grupoeaps\/wp-content\/uploads\/sites\/604\/2020\/11\/Instalac\u0327a\u0303o-2-400x267.jpg 400w\" sizes=\"auto, (max-width: 2560px) 100vw, 2560px\" \/><\/a><\/p>\n<p><a href=\"https:\/\/sites.usp.br\/grupoeaps\/wp-content\/uploads\/sites\/604\/2020\/11\/inst-6-scaled.jpg\"><img loading=\"lazy\" decoding=\"async\" class=\"aligncenter wp-image-900 size-full\" src=\"https:\/\/sites.usp.br\/grupoeaps\/wp-content\/uploads\/sites\/604\/2020\/11\/inst-6-scaled.jpg\" alt=\"\" width=\"2560\" height=\"1707\" srcset=\"https:\/\/sites.usp.br\/grupoeaps\/wp-content\/uploads\/sites\/604\/2020\/11\/inst-6-scaled.jpg 2560w, https:\/\/sites.usp.br\/grupoeaps\/wp-content\/uploads\/sites\/604\/2020\/11\/inst-6-300x200.jpg 300w, https:\/\/sites.usp.br\/grupoeaps\/wp-content\/uploads\/sites\/604\/2020\/11\/inst-6-1024x683.jpg 1024w, https:\/\/sites.usp.br\/grupoeaps\/wp-content\/uploads\/sites\/604\/2020\/11\/inst-6-768x512.jpg 768w, https:\/\/sites.usp.br\/grupoeaps\/wp-content\/uploads\/sites\/604\/2020\/11\/inst-6-1536x1024.jpg 1536w, https:\/\/sites.usp.br\/grupoeaps\/wp-content\/uploads\/sites\/604\/2020\/11\/inst-6-2048x1365.jpg 2048w, https:\/\/sites.usp.br\/grupoeaps\/wp-content\/uploads\/sites\/604\/2020\/11\/inst-6-750x500.jpg 750w, https:\/\/sites.usp.br\/grupoeaps\/wp-content\/uploads\/sites\/604\/2020\/11\/inst-6-272x182.jpg 272w, https:\/\/sites.usp.br\/grupoeaps\/wp-content\/uploads\/sites\/604\/2020\/11\/inst-6-400x267.jpg 400w\" sizes=\"auto, (max-width: 2560px) 100vw, 2560px\" \/><\/a><\/p>\n<p>&nbsp;<\/p>\n<p><a href=\"https:\/\/sites.usp.br\/grupoeaps\/wp-content\/uploads\/sites\/604\/2020\/11\/Participantes-Com-que-roupa-eu-vou-1.png\"><img loading=\"lazy\" decoding=\"async\" class=\"aligncenter wp-image-893 size-full\" src=\"https:\/\/sites.usp.br\/grupoeaps\/wp-content\/uploads\/sites\/604\/2020\/11\/Participantes-Com-que-roupa-eu-vou-1.png\" alt=\"\" width=\"1240\" height=\"1755\" srcset=\"https:\/\/sites.usp.br\/grupoeaps\/wp-content\/uploads\/sites\/604\/2020\/11\/Participantes-Com-que-roupa-eu-vou-1.png 1240w, https:\/\/sites.usp.br\/grupoeaps\/wp-content\/uploads\/sites\/604\/2020\/11\/Participantes-Com-que-roupa-eu-vou-1-212x300.png 212w, https:\/\/sites.usp.br\/grupoeaps\/wp-content\/uploads\/sites\/604\/2020\/11\/Participantes-Com-que-roupa-eu-vou-1-724x1024.png 724w, https:\/\/sites.usp.br\/grupoeaps\/wp-content\/uploads\/sites\/604\/2020\/11\/Participantes-Com-que-roupa-eu-vou-1-768x1087.png 768w, https:\/\/sites.usp.br\/grupoeaps\/wp-content\/uploads\/sites\/604\/2020\/11\/Participantes-Com-que-roupa-eu-vou-1-1085x1536.png 1085w, https:\/\/sites.usp.br\/grupoeaps\/wp-content\/uploads\/sites\/604\/2020\/11\/Participantes-Com-que-roupa-eu-vou-1-400x566.png 400w\" sizes=\"auto, (max-width: 1240px) 100vw, 1240px\" \/><\/a><\/p>\n<p>&nbsp;<\/p>\n","protected":false},"excerpt":{"rendered":"<p>Modelo: Maria Zenite Foto: Marliete Rodrigues @fotomarisp Coordenada pelo EAPS, a vers\u00e3o piloto 2018 da oficina de extens\u00e3o da EACH USP intitulada Com que roupa eu vou?\u00a0resultou em uma instala\u00e7\u00e3o na biblioteca da unidade e um desfile com os participantes, por ocasi\u00e3o do V Congresso Latino-Americano de Universidades com Carreira em Gerontologia. A oficina envolveu<a href=\"https:\/\/sites.usp.br\/grupoeaps\/com-que-roupa-eu-vou\/\">[&#8230;]<\/a><\/p>\n","protected":false},"author":1157,"featured_media":0,"parent":0,"menu_order":0,"comment_status":"closed","ping_status":"closed","template":"","meta":{"_monsterinsights_skip_tracking":false,"_monsterinsights_sitenote_active":false,"_monsterinsights_sitenote_note":"","_monsterinsights_sitenote_category":0,"footnotes":"","_links_to":"","_links_to_target":""},"class_list":["post-891","page","type-page","status-publish","hentry"],"_links":{"self":[{"href":"https:\/\/sites.usp.br\/grupoeaps\/wp-json\/wp\/v2\/pages\/891","targetHints":{"allow":["GET"]}}],"collection":[{"href":"https:\/\/sites.usp.br\/grupoeaps\/wp-json\/wp\/v2\/pages"}],"about":[{"href":"https:\/\/sites.usp.br\/grupoeaps\/wp-json\/wp\/v2\/types\/page"}],"author":[{"embeddable":true,"href":"https:\/\/sites.usp.br\/grupoeaps\/wp-json\/wp\/v2\/users\/1157"}],"replies":[{"embeddable":true,"href":"https:\/\/sites.usp.br\/grupoeaps\/wp-json\/wp\/v2\/comments?post=891"}],"version-history":[{"count":4,"href":"https:\/\/sites.usp.br\/grupoeaps\/wp-json\/wp\/v2\/pages\/891\/revisions"}],"predecessor-version":[{"id":1042,"href":"https:\/\/sites.usp.br\/grupoeaps\/wp-json\/wp\/v2\/pages\/891\/revisions\/1042"}],"wp:attachment":[{"href":"https:\/\/sites.usp.br\/grupoeaps\/wp-json\/wp\/v2\/media?parent=891"}],"curies":[{"name":"wp","href":"https:\/\/api.w.org\/{rel}","templated":true}]}}