{"id":987,"date":"2020-12-01T15:03:47","date_gmt":"2020-12-01T17:03:47","guid":{"rendered":"http:\/\/sites.usp.br\/grupoeaps\/?page_id=987"},"modified":"2021-06-23T15:37:24","modified_gmt":"2021-06-23T17:37:24","slug":"awards","status":"publish","type":"page","link":"https:\/\/sites.usp.br\/grupoeaps\/awards\/","title":{"rendered":"Awards"},"content":{"rendered":"<p>&nbsp;<\/p>\n<p><a href=\"https:\/\/sites.usp.br\/grupoeaps\/wp-content\/uploads\/sites\/604\/2020\/11\/MG_6585-scaled.jpg\"><img loading=\"lazy\" decoding=\"async\" class=\"aligncenter wp-image-604 size-full\" src=\"https:\/\/sites.usp.br\/grupoeaps\/wp-content\/uploads\/sites\/604\/2020\/11\/MG_6585-scaled.jpg\" alt=\"\" width=\"1707\" height=\"2560\" srcset=\"https:\/\/sites.usp.br\/grupoeaps\/wp-content\/uploads\/sites\/604\/2020\/11\/MG_6585-scaled.jpg 1707w, https:\/\/sites.usp.br\/grupoeaps\/wp-content\/uploads\/sites\/604\/2020\/11\/MG_6585-200x300.jpg 200w, https:\/\/sites.usp.br\/grupoeaps\/wp-content\/uploads\/sites\/604\/2020\/11\/MG_6585-683x1024.jpg 683w, https:\/\/sites.usp.br\/grupoeaps\/wp-content\/uploads\/sites\/604\/2020\/11\/MG_6585-768x1152.jpg 768w, https:\/\/sites.usp.br\/grupoeaps\/wp-content\/uploads\/sites\/604\/2020\/11\/MG_6585-1024x1536.jpg 1024w, https:\/\/sites.usp.br\/grupoeaps\/wp-content\/uploads\/sites\/604\/2020\/11\/MG_6585-1365x2048.jpg 1365w, https:\/\/sites.usp.br\/grupoeaps\/wp-content\/uploads\/sites\/604\/2020\/11\/MG_6585-400x600.jpg 400w\" sizes=\"auto, (max-width: 1707px) 100vw, 1707px\" \/><\/a><\/p>\n<div class=\"page\" title=\"Page 1\">\n<div class=\"layoutArea\">\n<div class=\"column\">\n<p style=\"text-align: right;\">Model: Eliana Doris Miranda<\/p>\n<p style=\"text-align: right;\">Photo by Caroline Miranda Bernardo<\/p>\n<p>&nbsp;<\/p>\n<p style=\"text-align: center;\"><strong>2013 \u2013 November 30th<\/strong><\/p>\n<\/div>\n<\/div>\n<div class=\"layoutArea\">\n<div class=\"column\">\n<p>II Congress on Active Aging\u00a0 \u2013 <span lang=\"en\">Elderly Friendly City, S\u00e3o Paulo, Brazil\u00a0 \u00a0 \u00a0 \u00a0 \u00a0 \u00a0 \u00a0 \u00a0 \u00a0 \u00a0 \u00a0 \u00a0 \u00a0 \u00a0 \u00a0 \u00a0 \u00a0 \u00a0 \u00a0 <\/span><\/p>\n<p>Organizers: Sa\u0303o Paulo City Hall, Senior City Council and Premier Hospital.<\/p>\n<p>\u2022 First Poster: <a href=\"https:\/\/revistas.pucsp.br\/index.php\/kairos\/article\/view\/17307\" target=\"_blank\" rel=\"noopener noreferrer\">Envelhecimento, engajamento e apare\u0302ncia: significados e percepc\u0327o\u0303es de idosas participantes de um nu\u0301cleo de convive\u0302ncia de idosos de Sa\u0303o Paulo<\/a>.<\/p>\n<p>Authors: Joyce Plens, Marisa A. Domingues, Samila Batistoni and Andrea Lopes.<\/p>\n<\/div>\n<\/div>\n<div class=\"layoutArea\">\n<div class=\"column\">\n<p>&nbsp;<\/p>\n<\/div>\n<\/div>\n<\/div>\n<div class=\"page\" title=\"Page 2\">\n<div class=\"layoutArea\">\n<div class=\"column\">\n<p style=\"text-align: center;\"><strong>2013 \u2013 October<\/strong><\/p>\n<p>IV Gerontology International Colloquium.<\/p>\n<p>Organizers: Institutes of Advanced Studies and Faculty of Medicine, USP Ribeira\u0303o Preto, Ribeir\u00e3o Preto, Brazil.<\/p>\n<p>\u2022 <span lang=\"en\">Honorable mention to the Poster: <\/span><a href=\"https:\/\/revistas.pucsp.br\/kairos\/article\/view\/2176-901X.2019v22iEspecial26p101-125\" target=\"_blank\" rel=\"noopener noreferrer\">Envelhecimento e apare\u0302ncia: a experie\u0302ncia de indianos imigrantes da cidade de Sa\u0303o Paulo, Brasil<\/a>.<\/p>\n<p>Authors: Carolina Caio, Bibiana Graeff, Jose\u0301 Renato Arau\u0301jo and Andrea Lopes.<\/p>\n<p>&nbsp;<\/p>\n<p style=\"text-align: center;\"><strong>2012 \u2013 October<\/strong><\/p>\n<p>V Gerontology Conference EACH, USP, S\u00e3o Paulo, Brazil<\/p>\n<p>Organizer: BA in Gerontologia EACH, USP.<\/p>\n<ul>\n<li>Second Poster: <a href=\"https:\/\/revistas.pucsp.br\/kairos\/article\/view\/2176-901X.2019v22iEspecial26p101-125\" target=\"_blank\" rel=\"noopener noreferrer\">Envelhecimento e Apare\u0302ncia: a experie\u0302ncia de indianos imigrantes da cidade de Sa\u0303o Paulo<\/a>, Brasil.\u00a0 Authors: Carolina Barreto Caio and Andrea Lopes.<\/li>\n<li>Third Poster: <a href=\"https:\/\/revistas.pucsp.br\/index.php\/kairos\/article\/view\/17307\" target=\"_blank\" rel=\"noopener noreferrer\">Envelhecimento, Engajamento e Apare\u0302ncia: percepc\u0327o\u0303es de idosas participantes do Nu\u0301cleo de Convive\u0302ncia de Idosos Idade Dourada de Pinheiros<\/a>. Authors: Joyce Plens, Marisa A. Domingues, Samila Batistoni and Andrea Lopes.<\/li>\n<\/ul>\n<\/div>\n<\/div>\n<\/div>\n<p>&nbsp;<\/p>\n<p style=\"text-align: center;\">2019 <strong>\u2013 November<\/strong><\/p>\n<p>Longevity Awards<\/p>\n<p>Organizer: Bradesco Seguros<\/p>\n<p>Life Stories Second Place: <a href=\"https:\/\/www.vivaalongevidade.com.br\/vencedores-premios-longevidade\" target=\"_blank\" rel=\"noopener\">Photography Category<\/a><\/p>\n<p>Title: The dream of being in here<\/p>\n<p>Author Presentation: <span class=\"Y2IQFc\" lang=\"en\">\u201cIt was in her old age that the courageous and engaged Elice fulfilled her dream of a lifetime: to enter University of S\u00e3o Paulo (USP). She takes a course in Gerontology, in a room in which most students are, on average, 20 years old. The relationships established there are diverse and enriching. Elice brings with her an unique trajectory and perspective on life for the construction of collective knowledge in the room, orchestrating the researcher&#8217;s scientific analysis with a first-person report on the various aspects of old age. And this is a mutual learning process\u201d.<\/span><\/p>\n<p>Author: <a href=\"http:\/\/www5.each.usp.br\/...\/premio-longevidade-bradesco...\/\" target=\"_blank\" rel=\"noopener\">Cristiano de Assis<\/a><\/p>\n<p>Model: Elice Dias Oliveira, Gerontology undergraduate student at USP (Brazil), author&#8217;s classmate and retired public school principal.<\/p>\n<p>&nbsp;<\/p>\n<p><a href=\"https:\/\/sites.usp.br\/grupoeaps\/wp-content\/uploads\/sites\/604\/2021\/06\/77391098_1006301529721507_7612541649092083712_n.jpg\"><img loading=\"lazy\" decoding=\"async\" class=\"aligncenter wp-image-1282 \" src=\"https:\/\/sites.usp.br\/grupoeaps\/wp-content\/uploads\/sites\/604\/2021\/06\/77391098_1006301529721507_7612541649092083712_n.jpg\" alt=\"\" width=\"633\" height=\"475\" srcset=\"https:\/\/sites.usp.br\/grupoeaps\/wp-content\/uploads\/sites\/604\/2021\/06\/77391098_1006301529721507_7612541649092083712_n.jpg 600w, https:\/\/sites.usp.br\/grupoeaps\/wp-content\/uploads\/sites\/604\/2021\/06\/77391098_1006301529721507_7612541649092083712_n-300x225.jpg 300w, https:\/\/sites.usp.br\/grupoeaps\/wp-content\/uploads\/sites\/604\/2021\/06\/77391098_1006301529721507_7612541649092083712_n-285x214.jpg 285w, https:\/\/sites.usp.br\/grupoeaps\/wp-content\/uploads\/sites\/604\/2021\/06\/77391098_1006301529721507_7612541649092083712_n-80x60.jpg 80w, https:\/\/sites.usp.br\/grupoeaps\/wp-content\/uploads\/sites\/604\/2021\/06\/77391098_1006301529721507_7612541649092083712_n-400x300.jpg 400w\" sizes=\"auto, (max-width: 633px) 100vw, 633px\" \/><\/a><\/p>\n<p>&nbsp;<\/p>\n<div class=\"page\" title=\"Page 2\">\n<div class=\"layoutArea\">\n<p style=\"text-align: center;\"><strong>2021<\/strong> <strong>\u2013 March<\/strong><\/p>\n<p>First research outside EAPS&#8217;s research projects that the group took notice using as analytic framework the <a href=\"https:\/\/dobras.emnuvens.com.br\/dobras\/article\/view\/922\" target=\"_blank\" rel=\"noopener noreferrer\">\u00a0concept of appearance<\/a> proposed by the group:<\/p>\n<p>Award: Human Rights Award for Academic Knowledge State University of Campinas \/ Vladimir Herzog Institute, Brazil<\/p>\n<p>Category: Communication Science and Language \/ Undergraduated Monography<\/p>\n<p>Study: Female Aging, ageism and appearance: a discussion about <em>Snow White<\/em> film versions<\/p>\n<p>Authors: Maria Luiza Ara\u00fajo Santos e Dr. Bibiana Graeff Chagas Pinto Fabre Gradua\u00e7\u00e3o &#8211; BA in Gerontologia, School of Arts, Science and Humanities \/ University of S\u00e3o Paulo<\/p>\n<\/div>\n<p>Examination board of the monography exam\/USP: Dr. Andrea Lopes and Dr. Maria Luisa Trindade Bestetti<\/p>\n<p>For more information <a href=\"http:\/\/www5.each.usp.br\/destaques\/aluna-da-each-e-premiada-no-premio-de-reconhecimento-academico-em-direitos-humanos-unicamp-vladimir-herzog\/\" target=\"_blank\" rel=\"noopener noreferrer\">click here<\/a>.<\/p>\n<p>Watch the video of the ceremony (in Portuguese):<\/p>\n<p>&nbsp;<\/p>\n<\/div>\n<div style=\"width: 640px;\" class=\"wp-video\"><video class=\"wp-video-shortcode\" id=\"video-987-1\" width=\"640\" height=\"360\" preload=\"metadata\" controls=\"controls\"><source type=\"video\/mp4\" src=\"https:\/\/sites.usp.br\/grupoeaps\/wp-content\/uploads\/sites\/604\/2021\/03\/2021-Cerimo\u0302nia-de-premiac\u0327a\u0303o-Maria-Luiza-pesquisa-Branca-de-Neve-editado.mp4?_=1\" \/><a href=\"https:\/\/sites.usp.br\/grupoeaps\/wp-content\/uploads\/sites\/604\/2021\/03\/2021-Cerimo\u0302nia-de-premiac\u0327a\u0303o-Maria-Luiza-pesquisa-Branca-de-Neve-editado.mp4\">https:\/\/sites.usp.br\/grupoeaps\/wp-content\/uploads\/sites\/604\/2021\/03\/2021-Cerimo\u0302nia-de-premiac\u0327a\u0303o-Maria-Luiza-pesquisa-Branca-de-Neve-editado.mp4<\/a><\/video><\/div>\n<p>&nbsp;<\/p>\n<p style=\"text-align: center;\"><strong>2021<\/strong>\u00a0<strong>\u2013 May<\/strong><\/p>\n<h3 style=\"text-align: center;\"><a href=\"https:\/\/sites.usp.br\/grupoeaps\/equipe\/\" target=\"_blank\" rel=\"noopener\"><strong>Patr\u00edcia Yokomizo<\/strong><\/a><\/h3>\n<div><\/div>\n<div><\/div>\n<div>Outstanding Student from the Gerontology Master Program<\/div>\n<div><\/div>\n<div><\/div>\n<div>Institution: School of Arts, Science and Humanities, University of S\u00e3o Paulo, Brazil<\/div>\n<div><\/div>\n<div><\/div>\n<div>Period: 2017 \u2013 2020<\/div>\n<div><\/div>\n<div><\/div>\n<div>Academic profile, regarding destiny, action, and academic and social impacts:<\/div>\n<div><\/div>\n<div><\/div>\n<div>Student from the first class of the Gerontology Master Program. Part of her research was in Spain, in collaboration with Dr. Paloma Diaz Soloaga, from Madrid Complutense University. The research had financial support from the Brazilian research agency FAPESP (2015\/12100-5 and 2016\/05161-0). In the period, she also published <a href=\"https:\/\/sites.usp.br\/grupoeaps\/publicacoes\/\" target=\"_blank\" rel=\"noopener\">15 articles<\/a> with other members of the group. Nowadays, Patricia still collaborates in the research group Aging, Appearance and Meaning. She is one of the founders. Recently, she collaborated with an <a href=\"https:\/\/sites.usp.br\/grupoeaps\/travessia-each-usp-2020\/\" target=\"_blank\" rel=\"noopener\">artistic catalogue<\/a> made by the group.<\/div>\n<p>&nbsp;<\/p>\n","protected":false},"excerpt":{"rendered":"<p>&nbsp; Model: Eliana Doris Miranda Photo by Caroline Miranda Bernardo &nbsp; 2013 \u2013 November 30th II Congress on Active Aging\u00a0 \u2013 Elderly Friendly City, S\u00e3o Paulo, Brazil\u00a0 \u00a0 \u00a0 \u00a0 \u00a0 \u00a0 \u00a0 \u00a0 \u00a0 \u00a0 \u00a0 \u00a0 \u00a0 \u00a0 \u00a0 \u00a0 \u00a0 \u00a0 \u00a0 Organizers: Sa\u0303o Paulo City Hall, Senior City Council and Premier<a href=\"https:\/\/sites.usp.br\/grupoeaps\/awards\/\">[&#8230;]<\/a><\/p>\n","protected":false},"author":1157,"featured_media":0,"parent":0,"menu_order":0,"comment_status":"closed","ping_status":"closed","template":"","meta":{"_monsterinsights_skip_tracking":false,"_monsterinsights_sitenote_active":false,"_monsterinsights_sitenote_note":"","_monsterinsights_sitenote_category":0,"footnotes":"","_links_to":"","_links_to_target":""},"class_list":["post-987","page","type-page","status-publish","hentry"],"_links":{"self":[{"href":"https:\/\/sites.usp.br\/grupoeaps\/wp-json\/wp\/v2\/pages\/987","targetHints":{"allow":["GET"]}}],"collection":[{"href":"https:\/\/sites.usp.br\/grupoeaps\/wp-json\/wp\/v2\/pages"}],"about":[{"href":"https:\/\/sites.usp.br\/grupoeaps\/wp-json\/wp\/v2\/types\/page"}],"author":[{"embeddable":true,"href":"https:\/\/sites.usp.br\/grupoeaps\/wp-json\/wp\/v2\/users\/1157"}],"replies":[{"embeddable":true,"href":"https:\/\/sites.usp.br\/grupoeaps\/wp-json\/wp\/v2\/comments?post=987"}],"version-history":[{"count":4,"href":"https:\/\/sites.usp.br\/grupoeaps\/wp-json\/wp\/v2\/pages\/987\/revisions"}],"predecessor-version":[{"id":1288,"href":"https:\/\/sites.usp.br\/grupoeaps\/wp-json\/wp\/v2\/pages\/987\/revisions\/1288"}],"wp:attachment":[{"href":"https:\/\/sites.usp.br\/grupoeaps\/wp-json\/wp\/v2\/media?parent=987"}],"curies":[{"name":"wp","href":"https:\/\/api.w.org\/{rel}","templated":true}]}}