{"id":992,"date":"2020-12-01T15:11:08","date_gmt":"2020-12-01T17:11:08","guid":{"rendered":"http:\/\/sites.usp.br\/grupoeaps\/?page_id=992"},"modified":"2020-12-18T17:46:20","modified_gmt":"2020-12-18T19:46:20","slug":"contact","status":"publish","type":"page","link":"https:\/\/sites.usp.br\/grupoeaps\/contact\/","title":{"rendered":"Contact"},"content":{"rendered":"<p>&nbsp;<\/p>\n<p><a href=\"https:\/\/sites.usp.br\/grupoeaps\/wp-content\/uploads\/sites\/604\/2019\/11\/Edima-14.jpg\"><img loading=\"lazy\" decoding=\"async\" class=\"aligncenter wp-image-465 size-full\" src=\"https:\/\/sites.usp.br\/grupoeaps\/wp-content\/uploads\/sites\/604\/2019\/11\/Edima-14.jpg\" alt=\"\" width=\"6000\" height=\"4000\" srcset=\"https:\/\/sites.usp.br\/grupoeaps\/wp-content\/uploads\/sites\/604\/2019\/11\/Edima-14.jpg 6000w, https:\/\/sites.usp.br\/grupoeaps\/wp-content\/uploads\/sites\/604\/2019\/11\/Edima-14-300x200.jpg 300w, https:\/\/sites.usp.br\/grupoeaps\/wp-content\/uploads\/sites\/604\/2019\/11\/Edima-14-768x512.jpg 768w, https:\/\/sites.usp.br\/grupoeaps\/wp-content\/uploads\/sites\/604\/2019\/11\/Edima-14-1024x683.jpg 1024w, https:\/\/sites.usp.br\/grupoeaps\/wp-content\/uploads\/sites\/604\/2019\/11\/Edima-14-750x500.jpg 750w, https:\/\/sites.usp.br\/grupoeaps\/wp-content\/uploads\/sites\/604\/2019\/11\/Edima-14-272x182.jpg 272w, https:\/\/sites.usp.br\/grupoeaps\/wp-content\/uploads\/sites\/604\/2019\/11\/Edima-14-400x267.jpg 400w\" sizes=\"auto, (max-width: 6000px) 100vw, 6000px\" \/><\/a><\/p>\n<p style=\"text-align: right;\">Model: Edima Donnabela<\/p>\n<p style=\"text-align: right;\">Photo by Cristiano de Assis<\/p>\n<p>University of S\u00e3o Paulo<\/p>\n<p>School of Arts, Science and Humanities<\/p>\n<p>Arlindo B\u00e9ttio Avenue, 1000<\/p>\n<p>Ermelino Matarazzo, S\u00e3o Paulo City, S\u00e3o Paulo State, Brazil<\/p>\n<p>Zip Code: 03828-000<\/p>\n<p>Telephone: +55 (11) 3091- 1027<\/p>\n<p>E-mail: <a>eaps@usp.br<\/a><\/p>\n","protected":false},"excerpt":{"rendered":"<p>&nbsp; Model: Edima Donnabela Photo by Cristiano de Assis University of S\u00e3o Paulo School of Arts, Science and Humanities Arlindo B\u00e9ttio Avenue, 1000 Ermelino Matarazzo, S\u00e3o Paulo City, S\u00e3o Paulo State, Brazil Zip Code: 03828-000 Telephone: +55 (11) 3091- 1027 E-mail: eaps@usp.br<\/p>\n","protected":false},"author":1157,"featured_media":0,"parent":0,"menu_order":0,"comment_status":"closed","ping_status":"closed","template":"","meta":{"_monsterinsights_skip_tracking":false,"_monsterinsights_sitenote_active":false,"_monsterinsights_sitenote_note":"","_monsterinsights_sitenote_category":0,"footnotes":"","_links_to":"","_links_to_target":""},"class_list":["post-992","page","type-page","status-publish","hentry"],"_links":{"self":[{"href":"https:\/\/sites.usp.br\/grupoeaps\/wp-json\/wp\/v2\/pages\/992","targetHints":{"allow":["GET"]}}],"collection":[{"href":"https:\/\/sites.usp.br\/grupoeaps\/wp-json\/wp\/v2\/pages"}],"about":[{"href":"https:\/\/sites.usp.br\/grupoeaps\/wp-json\/wp\/v2\/types\/page"}],"author":[{"embeddable":true,"href":"https:\/\/sites.usp.br\/grupoeaps\/wp-json\/wp\/v2\/users\/1157"}],"replies":[{"embeddable":true,"href":"https:\/\/sites.usp.br\/grupoeaps\/wp-json\/wp\/v2\/comments?post=992"}],"version-history":[{"count":3,"href":"https:\/\/sites.usp.br\/grupoeaps\/wp-json\/wp\/v2\/pages\/992\/revisions"}],"predecessor-version":[{"id":1199,"href":"https:\/\/sites.usp.br\/grupoeaps\/wp-json\/wp\/v2\/pages\/992\/revisions\/1199"}],"wp:attachment":[{"href":"https:\/\/sites.usp.br\/grupoeaps\/wp-json\/wp\/v2\/media?parent=992"}],"curies":[{"name":"wp","href":"https:\/\/api.w.org\/{rel}","templated":true}]}}