{"id":1070,"date":"2023-06-21T08:06:51","date_gmt":"2023-06-21T11:06:51","guid":{"rendered":"https:\/\/sites.usp.br\/guiacseb\/?page_id=1070"},"modified":"2023-10-26T17:25:47","modified_gmt":"2023-10-26T20:25:47","slug":"enxoval-mae-paulistana","status":"publish","type":"page","link":"https:\/\/sites.usp.br\/guiacseb\/organizacao-interna\/material-de-apoio\/pre-natal\/enxoval-mae-paulistana\/","title":{"rendered":"Enxoval M\u00e3e Paulistana"},"content":{"rendered":"<p>MANUAL DE\u00a0ENTREGA\u00a0DOS\u00a0KITS ENXOVAIS M\u00c3E PAULISTANA<\/p>\n<p>1.\u00a0 Este documento tem por finalidade o monitoramento da entrega dos enxovais \u00e0s pu\u00e9rperas que tiveram partos nas maternidades da rede p\u00fablica do munic\u00edpio de S\u00e3o Paulo, conforme PORTARIA SECRETARIA MUNICIPAL DA SA\u00daDE &#8211; SMS N\u00ba 120 DE 11 DE MAR\u00c7O DE 2020.<\/p>\n<p>Link:\u00a0<a href=\"https:\/\/legislacao.prefeitura.sp.gov.br\/leis\/portaria-secretaria-municipal-da-saude-sms-120-de-11-de-marco-de-2020\" target=\"_blank\" rel=\"noopener noreferrer\" data-saferedirecturl=\"https:\/\/www.google.com\/url?q=https:\/\/legislacao.prefeitura.sp.gov.br\/leis\/portaria-secretaria-municipal-da-saude-sms-120-de-11-de-marco-de-2020&amp;source=gmail&amp;ust=1687431721267000&amp;usg=AOvVaw0LmjAm4oDmEg2rE5nN_W1w\">https:\/\/legislacao.<wbr \/>prefeitura.sp.gov.br\/leis\/<wbr \/>portaria-secretaria-municipal-<wbr \/>da-saude-sms-120-de-11-de-<wbr \/>marco-de-2020<\/a><\/p>\n<p>2. O local de\u00a0entrega\u00a0dos\u00a0kits\u00a0enxoval\u00a0M\u00e3<wbr \/>e Paulistana, ser\u00e1 nas Unidades B\u00e1sicas de Sa\u00fade\u00a0 em que encontra-se o prontu\u00e1rio de pr\u00e9 natal da pu\u00e9rpera ( para verifica\u00e7\u00e3o do cumprimento dos crit\u00e9rios)<\/p>\n<p>3. Crit\u00e9rios\u00a0 para\u00a0entrega\u00a0do\u00a0kit:<\/p>\n<p>5.1. Ser gestante realizando consultas de pr\u00e9-natal a rede p\u00fablica municipal. ( Fonte BI\/MP)<\/p>\n<p>5.2. Estar na 36\u00aasemana ou mais de gravidez. (Fonte BI\/MP)<\/p>\n<p>5.3. Ter passado por 7 ou mais consultas de pr\u00e9-natal. ( Fonte BI\/MP )<\/p>\n<p>5.4. Ter realizado 3 exames de S\u00edfilis e 3 exames de HIV. (Fonte BI\/MP )<\/p>\n<p>5.5. Ter realizado grupo de gestante e emitido certificado. Fonte: registros da UBS.<\/p>\n<p>5.6. Ter o protocolo de vacinas da gesta\u00e7\u00e3o em dia. Fonte: Registros da UBS.<\/p>\n<p>&nbsp;<\/p>\n<p>6. PLANILHA DO GERENTE. Modelo:<\/p>\n<p>6.1. Esta planilha dever\u00e1 ser preenchida mensalmente.<\/p>\n<p>6.2. A assinatura da pu\u00e9rpera e do gerente devem ser datados ( data da\u00a0entrega)<\/p>\n<p>6.3 Anotar no prontu\u00e1rio a data da\u00a0entrega\u00a0do\u00a0kit\u00a0( assinar,datar)<\/p>\n<p>7. Fluxograma de\u00a0entrega:<\/p>\n<p>7.1 Com a chegada dos\u00a0kits, A UBS receber\u00e1 a pu\u00e9rpera com o cart\u00e3o de pr\u00e9 Natal carimbado no hospital pela apoiadora M\u00e3e Paulistana, comprovando o parto em maternidade p\u00fablica. Ser\u00e1 carimbado o cart\u00e3o da gestante ou , na falta deste, o comprovante de agendamento da consulta de puerp\u00e9rio.<\/p>\n<p>7.3. A\u00a0entrega\u00a0do\u00a0enxoval\u00a0dever\u00e1 ocorrer somente ap\u00f3s o preenchimento do campo da PLANILHA DO GERENTE\u00a0 com os dados e com assinatura da pu\u00e9rpera e do profissional que realizou a\u00a0entrega.<\/p>\n<p>Em seguida:<\/p>\n<p>7.4. Dar baixa no GSS.\u00a0\u00a0 C\u00d3DIGO SUPRI 1125500900300221<\/p>\n<p>7.5. Documentar em prontu\u00e1rio.<\/p>\n<p>7.6 Arquivar planilha para posterior consulta<\/p>\n<p>7.7. Na impossibilidade da pr\u00f3pria pu\u00e9rpera comparecer para a retirada do\u00a0enxoval, a libera\u00e7\u00e3o ser\u00e1 realizada para o pai ou av\u00f3 da crian\u00e7a munidos de seus documentos e com os documentos RG e cart\u00e3o SUS da pu\u00e9rpera.<\/p>\n<p>7.8. Esta\u00a0entrega\u00a0dever\u00e1 ser efetivada em at\u00e9 90 dias ap\u00f3s a data do parto.<\/p>\n","protected":false},"excerpt":{"rendered":"<p>MANUAL DE\u00a0ENTREGA\u00a0DOS\u00a0KITS ENXOVAIS M\u00c3E PAULISTANA 1.\u00a0 Este documento tem por finalidade o monitoramento da entrega dos enxovais \u00e0s pu\u00e9rperas que tiveram partos nas maternidades da rede p\u00fablica do munic\u00edpio de S\u00e3o Paulo, conforme PORTARIA SECRETARIA MUNICIPAL DA SA\u00daDE &#8211; SMS N\u00ba 120 DE 11 DE MAR\u00c7O DE 2020. Link:\u00a0https:\/\/legislacao.prefeitura.sp.gov.br\/leis\/portaria-secretaria-municipal-da-saude-sms-120-de-11-de-marco-de-2020 2. O local de\u00a0entrega\u00a0dos\u00a0kits\u00a0enxoval\u00a0M\u00e3e Paulistana, ser\u00e1 [&hellip;]<\/p>\n","protected":false},"author":22390,"featured_media":0,"parent":950,"menu_order":0,"comment_status":"closed","ping_status":"closed","template":"","meta":{"_monsterinsights_skip_tracking":false,"_monsterinsights_sitenote_active":false,"_monsterinsights_sitenote_note":"","_monsterinsights_sitenote_category":0,"footnotes":"","_links_to":"","_links_to_target":""},"class_list":["post-1070","page","type-page","status-publish","hentry"],"_links":{"self":[{"href":"https:\/\/sites.usp.br\/guiacseb\/wp-json\/wp\/v2\/pages\/1070","targetHints":{"allow":["GET"]}}],"collection":[{"href":"https:\/\/sites.usp.br\/guiacseb\/wp-json\/wp\/v2\/pages"}],"about":[{"href":"https:\/\/sites.usp.br\/guiacseb\/wp-json\/wp\/v2\/types\/page"}],"author":[{"embeddable":true,"href":"https:\/\/sites.usp.br\/guiacseb\/wp-json\/wp\/v2\/users\/22390"}],"replies":[{"embeddable":true,"href":"https:\/\/sites.usp.br\/guiacseb\/wp-json\/wp\/v2\/comments?post=1070"}],"version-history":[{"count":2,"href":"https:\/\/sites.usp.br\/guiacseb\/wp-json\/wp\/v2\/pages\/1070\/revisions"}],"predecessor-version":[{"id":1122,"href":"https:\/\/sites.usp.br\/guiacseb\/wp-json\/wp\/v2\/pages\/1070\/revisions\/1122"}],"up":[{"embeddable":true,"href":"https:\/\/sites.usp.br\/guiacseb\/wp-json\/wp\/v2\/pages\/950"}],"wp:attachment":[{"href":"https:\/\/sites.usp.br\/guiacseb\/wp-json\/wp\/v2\/media?parent=1070"}],"curies":[{"name":"wp","href":"https:\/\/api.w.org\/{rel}","templated":true}]}}