{"id":1119,"date":"2023-10-11T14:45:43","date_gmt":"2023-10-11T17:45:43","guid":{"rendered":"https:\/\/sites.usp.br\/guiacseb\/?page_id=1119"},"modified":"2023-10-11T14:45:43","modified_gmt":"2023-10-11T17:45:43","slug":"biopsia-de-mama","status":"publish","type":"page","link":"https:\/\/sites.usp.br\/guiacseb\/servicos\/biopsia-de-mama\/","title":{"rendered":"Bi\u00f3psia de mama"},"content":{"rendered":"<div>A<b>\u00a0BI\u00d3PSIA DE MAMA<\/b>\u00a0n\u00e3o ser\u00e1 mais solicitada no m\u00f3dulo APAC do SIGA. O encaminhamento ser\u00e1 realizado atrav\u00e9s da avalia\u00e7\u00e3o do regulador e deve conter as seguintes informa\u00e7\u00f5es:<\/div>\n<div>\n<div>\n<ul>\n<li>Hist\u00f3ria cl\u00ednica<\/li>\n<li>Exame f\u00edsico<\/li>\n<li>Peso<\/li>\n<li>Resultado de Mamografia ou USG de mama , com data<\/li>\n<li>Lateralidade (caso seja nas duas mamar, agendar 2 hor\u00e1rios para a mesma paciente)<\/li>\n<li>PAAF (n\u00f3dulo menor 1 cm) ou CORE Biopsia<\/li>\n<\/ul>\n<\/div>\n<div><\/div>\n<div>Crit\u00e9rios Cl\u00ednico-laboratoriais:<\/div>\n<div>\n<ul>\n<li>Mamografia BIRADS 3 ou 4<\/li>\n<li>USG de Mama BIRADS 3ou 4<\/li>\n<li>Cisto mam\u00e1rio simples ou complexo &#8211; maior que 3 cm, confirmado por USG de Mama<\/li>\n<\/ul>\n<\/div>\n<div><\/div>\n<div>Perfil da agenda: Equipamento<\/div>\n<div>Especialidade:\u00a0<b>RADIOLOGIA<\/b><\/div>\n<div>Procedimento:\u00a0<b>BIOPSIA PERCUTANEA DE MAMA ORIENTADA POR TOMOGRAFIA COMPUTADORIZADA \/ ULTRASSONOGRAFIA \/ RESSONANCIA MAGNETICA \/ RAIO X<\/b><\/div>\n<div>Tipo de vaga: Reserva t\u00e9cnica<\/div>\n<div>A unidade deve apontar, quando houver necessidade, de COR Bi\u00f3psia ao inv\u00e9s da Percut\u00e2nea Aspirativa com Agulha Fina. Neste caso, o Regulador realizar\u00e1 o agendamento no prestador que apontar\u00e1 a realiza\u00e7\u00e3o da Cor no campo Protocolo-Observa\u00e7\u00e3o.<\/div>\n<div>\n<div><\/div>\n<div>O formul\u00e1rio de APAC deve ser preenchido para solicita\u00e7\u00e3o, pois as vagas podem ser realizadas em executantes municipais ou estaduais.<\/div>\n<\/div>\n<\/div>\n","protected":false},"excerpt":{"rendered":"<p>A\u00a0BI\u00d3PSIA DE MAMA\u00a0n\u00e3o ser\u00e1 mais solicitada no m\u00f3dulo APAC do SIGA. O encaminhamento ser\u00e1 realizado atrav\u00e9s da avalia\u00e7\u00e3o do regulador e deve conter as seguintes informa\u00e7\u00f5es: Hist\u00f3ria cl\u00ednica Exame f\u00edsico Peso Resultado de Mamografia ou USG de mama , com data Lateralidade (caso seja nas duas mamar, agendar 2 hor\u00e1rios para a mesma paciente) PAAF [&hellip;]<\/p>\n","protected":false},"author":22390,"featured_media":0,"parent":64,"menu_order":0,"comment_status":"closed","ping_status":"closed","template":"","meta":{"_monsterinsights_skip_tracking":false,"_monsterinsights_sitenote_active":false,"_monsterinsights_sitenote_note":"","_monsterinsights_sitenote_category":0,"footnotes":"","_links_to":"","_links_to_target":""},"class_list":["post-1119","page","type-page","status-publish","hentry"],"_links":{"self":[{"href":"https:\/\/sites.usp.br\/guiacseb\/wp-json\/wp\/v2\/pages\/1119","targetHints":{"allow":["GET"]}}],"collection":[{"href":"https:\/\/sites.usp.br\/guiacseb\/wp-json\/wp\/v2\/pages"}],"about":[{"href":"https:\/\/sites.usp.br\/guiacseb\/wp-json\/wp\/v2\/types\/page"}],"author":[{"embeddable":true,"href":"https:\/\/sites.usp.br\/guiacseb\/wp-json\/wp\/v2\/users\/22390"}],"replies":[{"embeddable":true,"href":"https:\/\/sites.usp.br\/guiacseb\/wp-json\/wp\/v2\/comments?post=1119"}],"version-history":[{"count":1,"href":"https:\/\/sites.usp.br\/guiacseb\/wp-json\/wp\/v2\/pages\/1119\/revisions"}],"predecessor-version":[{"id":1120,"href":"https:\/\/sites.usp.br\/guiacseb\/wp-json\/wp\/v2\/pages\/1119\/revisions\/1120"}],"up":[{"embeddable":true,"href":"https:\/\/sites.usp.br\/guiacseb\/wp-json\/wp\/v2\/pages\/64"}],"wp:attachment":[{"href":"https:\/\/sites.usp.br\/guiacseb\/wp-json\/wp\/v2\/media?parent=1119"}],"curies":[{"name":"wp","href":"https:\/\/api.w.org\/{rel}","templated":true}]}}