{"id":1169,"date":"2024-01-26T14:12:29","date_gmt":"2024-01-26T17:12:29","guid":{"rendered":"https:\/\/sites.usp.br\/guiacseb\/?page_id=1169"},"modified":"2024-01-26T14:16:53","modified_gmt":"2024-01-26T17:16:53","slug":"vasectomia","status":"publish","type":"page","link":"https:\/\/sites.usp.br\/guiacseb\/servicos\/vasectomia\/","title":{"rendered":"Vasectomia"},"content":{"rendered":"<h4>LEI N\u00ba 14.443, DE 2 DE SETEMBRO DE 2022<\/h4>\n<div class=\"textoNorma\">\n<p class=\"ementa\">Altera a Lei n\u00ba 9.263, de 12 de janeiro de 1996, para determinar prazo para oferecimento de m\u00e9todos e t\u00e9cnicas contraceptivas e disciplinar condi\u00e7\u00f5es para esteriliza\u00e7\u00e3o no \u00e2mbito do planejamento familiar.<\/p>\n<div class=\"texto\"><strong>\u00a0\u00a0\u00a0\u00a0 O PRESIDENTE DA REP\u00daBLICA<\/strong><br \/>\nFA\u00c7O SABER QUE O CONGRESSO NACIONAL DECRETA E EU SANCIONO A SEGUINTE LEI:ART. 1\u00ba\u00a0ESTA LEI ALTERA A LEI N\u00ba 9.263, DE 12 DE JANEIRO DE 1996, PARA DETERMINAR PRAZO PARA OFERECIMENTO DE M\u00c9TODOS E T\u00c9CNICAS CONTRACEPTIVAS E DISCIPLINAR CONDI\u00c7\u00d5ES PARA ESTERILIZA\u00c7\u00c3O NO \u00c2MBITO DO PLANEJAMENTO FAMILIAR.ART. 2\u00ba\u00a0A LEI N\u00ba 9.263, DE 12 DE JANEIRO DE 1996, PASSA A VIGORAR COM AS SEGUINTES ALTERA\u00c7\u00d5ES:<\/p>\n<p><dir>&#8220;ART. 9\u00ba\u00a0&#8230;&#8230;&#8230;&#8230;&#8230;&#8230;&#8230;&#8230;&#8230;&#8230;&#8230;&#8230;&#8230;&#8230;&#8230;&#8230;&#8230;&#8230;&#8230;&#8230;&#8230;&#8230;&#8230;&#8230;&#8230;&#8230;&#8230;&#8230;&#8230;&#8230;&#8230;&#8230;&#8230;&#8230;&#8230;&#8230;..<\/dir>\u00a7 1\u00ba &#8230;&#8230;&#8230;&#8230;&#8230;&#8230;&#8230;&#8230;&#8230;&#8230;&#8230;&#8230;&#8230;&#8230;&#8230;&#8230;&#8230;&#8230;&#8230;&#8230;&#8230;&#8230;&#8230;&#8230;&#8230;&#8230;&#8230;&#8230;&#8230;&#8230;&#8230;&#8230;&#8230;&#8230;&#8230;&#8230;&#8230;&#8230;..<\/p>\n<p>\u00a7 2\u00ba A DISPONIBILIZA\u00c7\u00c3O DE QUALQUER M\u00c9TODO E T\u00c9CNICA DE CONTRACEP\u00c7\u00c3O DAR-SE-\u00c1 NO PRAZO M\u00c1XIMO DE 30 (TRINTA) DIAS.&#8221; (NR)<\/p>\n<p><dir>&#8220;ART. 10.\u00a0&#8230;&#8230;&#8230;&#8230;&#8230;&#8230;&#8230;&#8230;&#8230;&#8230;&#8230;&#8230;&#8230;&#8230;&#8230;&#8230;&#8230;&#8230;&#8230;&#8230;&#8230;&#8230;&#8230;&#8230;&#8230;&#8230;&#8230;&#8230;&#8230;&#8230;&#8230;&#8230;&#8230;&#8230;&#8230;&#8230;<\/dir>I &#8211; EM HOMENS E MULHERES COM CAPACIDADE CIVIL PLENA E MAIORES DE 21 (VINTE E UM) ANOS DE IDADE OU, PELO MENOS, COM 2 (DOIS) FILHOS VIVOS, DESDE QUE OBSERVADO O PRAZO M\u00cdNIMO DE 60 (SESSENTA) DIAS ENTRE A MANIFESTA\u00c7\u00c3O DA VONTADE E O ATO CIR\u00daRGICO, PER\u00cdODO NO QUAL SER\u00c1 PROPICIADO \u00c0 PESSOA INTERESSADA ACESSO A SERVI\u00c7O DE REGULA\u00c7\u00c3O DA FECUNDIDADE, INCLUSIVE ACONSELHAMENTO POR EQUIPE MULTIDISCIPLINAR, COM VISTAS A DESENCORAJAR A ESTERILIZA\u00c7\u00c3O PRECOCE;<br \/>\n&#8230;&#8230;&#8230;&#8230;&#8230;&#8230;&#8230;&#8230;&#8230;&#8230;&#8230;&#8230;&#8230;&#8230;&#8230;&#8230;&#8230;&#8230;&#8230;&#8230;&#8230;&#8230;&#8230;&#8230;&#8230;&#8230;&#8230;&#8230;&#8230;&#8230;&#8230;&#8230;&#8230;&#8230;&#8230;&#8230;&#8230;&#8230;&#8230;&#8230;&#8230;&#8230;&#8230;&#8230;.<\/p>\n<p>\u00a7 2\u00ba A ESTERILIZA\u00c7\u00c3O CIR\u00daRGICA EM MULHER DURANTE O PER\u00cdODO DE PARTO SER\u00c1 GARANTIDA \u00c0 SOLICITANTE SE OBSERVADOS O PRAZO M\u00cdNIMO DE 60 (SESSENTA) DIAS ENTRE A MANIFESTA\u00c7\u00c3O DA VONTADE E O PARTO E AS DEVIDAS CONDI\u00c7\u00d5ES M\u00c9DICAS.<br \/>\n&#8230;&#8230;&#8230;&#8230;&#8230;&#8230;&#8230;&#8230;&#8230;&#8230;&#8230;&#8230;&#8230;&#8230;&#8230;&#8230;&#8230;&#8230;&#8230;&#8230;&#8230;&#8230;&#8230;&#8230;&#8230;&#8230;&#8230;&#8230;&#8230;&#8230;&#8230;&#8230;&#8230;&#8230;&#8230;&#8230;&#8230;&#8230;&#8230;&#8230;&#8230;&#8230;&#8230;&#8230;<\/p>\n<p>\u00a7 5\u00ba (REVOGADO).<br \/>\n&#8230;&#8230;&#8230;&#8230;&#8230;&#8230;&#8230;&#8230;&#8230;&#8230;&#8230;&#8230;&#8230;&#8230;&#8230;&#8230;&#8230;&#8230;&#8230;&#8230;&#8230;&#8230;&#8230;&#8230;&#8230;&#8230;&#8230;&#8230;&#8230;&#8230;&#8230;&#8230;&#8230;&#8230;&#8230;&#8230;&#8230;&#8230;&#8230;&#8230;..&#8221; (NR)\u00a0\u00a0\u00a0\u00a0\u00a0ART. 3\u00ba\u00a0FICA REVOGADO O \u00a7 5\u00ba DO ART. 10 DA LEI N\u00ba 9.263, DE 12 DE JANEIRO DE 1996.<\/p>\n<p>ART. 4\u00ba\u00a0ESTA LEI ENTRA EM VIGOR AP\u00d3S DECORRIDOS 180 (CENTO E OITENTA) DIAS DE SUA PUBLICA\u00c7\u00c3O OFICIAL.<\/p>\n<hr \/>\n<\/div>\n<\/div>\n<p><a href=\"https:\/\/sites.usp.br\/guiacseb\/wp-content\/uploads\/sites\/943\/2024\/01\/protocolo_laqueadura_set23.pdf\" target=\"_blank\" rel=\"noopener\">Protocolo de laqueadura<\/a><\/p>\n<hr \/>\n<p><a href=\"https:\/\/sites.usp.br\/guiacseb\/wp-content\/uploads\/sites\/943\/2024\/01\/FICHA_ESTERILIZACAO_CIRURGICA_31_-janeiro_2023.pdf\" target=\"_blank\" rel=\"noopener\">Ficha de esteriliza\u00e7\u00e3o cir\u00fargica<\/a><\/p>\n<hr \/>\n<p><a href=\"https:\/\/sites.usp.br\/guiacseb\/wp-content\/uploads\/sites\/943\/2024\/01\/FICHA_CONTRACEPCAO_DEFINITIVA_JANEIRO_2023.pdf\" target=\"_blank\" rel=\"noopener\">Ficha de contracep\u00e7\u00e3o definitiva<\/a><\/p>\n<hr \/>\n<p>&nbsp;<\/p>\n","protected":false},"excerpt":{"rendered":"<p>LEI N\u00ba 14.443, DE 2 DE SETEMBRO DE 2022 Altera a Lei n\u00ba 9.263, de 12 de janeiro de 1996, para determinar prazo para oferecimento de m\u00e9todos e t\u00e9cnicas contraceptivas e disciplinar condi\u00e7\u00f5es para esteriliza\u00e7\u00e3o no \u00e2mbito do planejamento familiar. \u00a0\u00a0\u00a0\u00a0 O PRESIDENTE DA REP\u00daBLICA FA\u00c7O SABER QUE O CONGRESSO NACIONAL DECRETA E EU SANCIONO [&hellip;]<\/p>\n","protected":false},"author":22390,"featured_media":0,"parent":64,"menu_order":0,"comment_status":"closed","ping_status":"closed","template":"","meta":{"_monsterinsights_skip_tracking":false,"_monsterinsights_sitenote_active":false,"_monsterinsights_sitenote_note":"","_monsterinsights_sitenote_category":0,"footnotes":"","_links_to":"","_links_to_target":""},"class_list":["post-1169","page","type-page","status-publish","hentry"],"_links":{"self":[{"href":"https:\/\/sites.usp.br\/guiacseb\/wp-json\/wp\/v2\/pages\/1169","targetHints":{"allow":["GET"]}}],"collection":[{"href":"https:\/\/sites.usp.br\/guiacseb\/wp-json\/wp\/v2\/pages"}],"about":[{"href":"https:\/\/sites.usp.br\/guiacseb\/wp-json\/wp\/v2\/types\/page"}],"author":[{"embeddable":true,"href":"https:\/\/sites.usp.br\/guiacseb\/wp-json\/wp\/v2\/users\/22390"}],"replies":[{"embeddable":true,"href":"https:\/\/sites.usp.br\/guiacseb\/wp-json\/wp\/v2\/comments?post=1169"}],"version-history":[{"count":3,"href":"https:\/\/sites.usp.br\/guiacseb\/wp-json\/wp\/v2\/pages\/1169\/revisions"}],"predecessor-version":[{"id":1176,"href":"https:\/\/sites.usp.br\/guiacseb\/wp-json\/wp\/v2\/pages\/1169\/revisions\/1176"}],"up":[{"embeddable":true,"href":"https:\/\/sites.usp.br\/guiacseb\/wp-json\/wp\/v2\/pages\/64"}],"wp:attachment":[{"href":"https:\/\/sites.usp.br\/guiacseb\/wp-json\/wp\/v2\/media?parent=1169"}],"curies":[{"name":"wp","href":"https:\/\/api.w.org\/{rel}","templated":true}]}}