{"id":1237,"date":"2024-06-19T07:43:46","date_gmt":"2024-06-19T10:43:46","guid":{"rendered":"https:\/\/sites.usp.br\/guiacseb\/?page_id=1237"},"modified":"2024-06-19T07:45:06","modified_gmt":"2024-06-19T10:45:06","slug":"psoriase","status":"publish","type":"page","link":"https:\/\/sites.usp.br\/guiacseb\/servicos\/psoriase\/","title":{"rendered":"Psor\u00edase"},"content":{"rendered":"<p><b>LINHA DE CUIDADO PARA O PACIENTE COM PSOR\u00cdASE:<\/b><b>\u00a0<\/b><\/p>\n<p><b>Fluxograma<\/b>:<br \/>\nO m\u00e9dico da AB ( Aten\u00e7\u00e3o B\u00e1sica)\u00a0 encaminhar\u00e1 o\u00a0 paciente com suspei\u00e7\u00e3o diagn\u00f3stica de psor\u00edase para a AE( Aten\u00e7\u00e3o especializada)\u00a0 \u2013 dermatologia.<br \/>\nSe houver a\u00a0 teledermatologia implantada no servi\u00e7o da AB, ser\u00e1 ofertado a teleconsulta s\u00edncrona em dermatologia. Havendo o aceite do paciente e elegibilidade , o\u00a0 teledermatologista\u00a0 conduzir\u00e1 o atendimento\u00a0 e conduta e encaminhar\u00e1 para\u00a0 o acompanhamento posterior\u00a0 com o dermatologista da A, integrado com outras especialidades, se necess\u00e1rio (como por exemplo endocrinologia, cardiologia, reumatologia&#8230;)\u00a0 e com\u00a0 a AB ( m\u00e9dico cl\u00ednico, psic\u00f3logo, PICS&#8230;).<\/p>\n<p>&#8211;<b>Servi\u00e7os de Fototerapia na rede municipal de sa\u00fade de SP:<\/b>\u00a0 encaminhamento pelo dermatologista da AE atrav\u00e9s da regula\u00e7\u00e3o de vagas .<\/p>\n<p><u>UNIDADE HOSPITALAR &#8211; VILA GUILHERME<\/u>\u00a0: R. JO\u00c3O VENTURA BATISTA, 615 &#8211; VILA GUILHERME<br \/>\n<u>HOSPITAL DIA\u00a0 PENHA<\/u>\u00a0: PRA\u00c7A NOSSA SENHORA DA PENHA, 55 &#8211; PENHA<br \/>\n<u>HOSPITAL DIA &#8211; M BOI MIRIM I<\/u>\u00a0: R. PHILIPE DE VITRY, 280 &#8211; JD SANTA JOSEFINA<\/p>\n<p>&#8211;<b>Medicamentos dispon\u00edveis nas farm\u00e1cias do CEAF\/SES para o tratamento da psor\u00edase:<\/b><\/p>\n<p>\u2022 Clobetasol 0,5 mg\/g creme \u2013 bisnaga de 30g e 0,5 mg\/g solu\u00e7\u00e3o capilar \u2013 frasco de 50g<br \/>\n\u2022 Calcipotriol 50 mcg\/g pomada \u2013 bisnaga de 30g<br \/>\n\u2022 Acitretina 10 mg \u2013 c\u00e1psula e 25 mg \u2013 c\u00e1psula.<br \/>\n\u2022 Metotrexato 25 mg\/mL \u2013 injet\u00e1vel, ampola de 2 ml e 2,5 mg \u2013 comprimido<br \/>\n\u2022 Ciclosporina 10mg, 25 mg, 50 mg e 100 mg \u2013 c\u00e1psula; 100 mg\/mL solu\u00e7\u00e3o oral \u2013 frasco de 50 mL<br \/>\n\u2022 Adalimumabe 40 mg injet\u00e1vel \u2013 seringa preenchida<br \/>\n\u2022 Etanercepte 25 mg injet\u00e1vel \u2013 frasco ampola; 50 mg \u2013 injet\u00e1vel \u2013 frasco ampola<br \/>\n\u2022 Secuquinumabe 150 mg\/mL solu\u00e7\u00e3o injet\u00e1vel (seringa preenchida)<br \/>\n\u2022 Ustequinumabe 45mg\/0,5ml injet\u00e1vel \u2013 seringa preenchida<br \/>\n\u2022 Risanquizumabe 75mg\/0,83 ml \u2013 Solu\u00e7\u00e3o Injet\u00e1vel-seringa pronta<br \/>\n<b>Dispon\u00edvel em<\/b>:\u00a0<u><a id=\"m_-3922765828760213217m_-6568905486908421063OWAf1f23a83-d2be-1840-cda4-069b734dac74\" href=\"https:\/\/saude.sp.gov.br\/ses\/perfil\/gestor\/assistencia-farmaceutica\/medicamentos-dos-componentes-da-assistencia-farmaceutica\/medicamentos-do-componente-especializado-da-assistencia-farmaceutica\/relacao-estadual-de-medicamentos-do-componente-especializado-da-assistencia-farmaceutica\" target=\"_blank\" rel=\"noopener\" data-saferedirecturl=\"https:\/\/www.google.com\/url?q=https:\/\/saude.sp.gov.br\/ses\/perfil\/gestor\/assistencia-farmaceutica\/medicamentos-dos-componentes-da-assistencia-farmaceutica\/medicamentos-do-componente-especializado-da-assistencia-farmaceutica\/relacao-estadual-de-medicamentos-do-componente-especializado-da-assistencia-farmaceutica&amp;source=gmail&amp;ust=1718879747426000&amp;usg=AOvVaw119Od2cbZj66LG20HpZTdo\">Rela\u00e7\u00e3o Estadual de Medicamentos do Componente Especializado da Assist\u00eancia Farmac\u00eautica &#8211; Secretaria da Sa\u00fade &#8211; Governo do Estado de S\u00e3o Paulo (saude.sp.gov.br)<\/a><\/u>\u00a0\u00a012\/06\/2023<\/p>\n<p><b>Materiais educativos:<\/b><\/p>\n<p><u><a id=\"m_-3922765828760213217m_-6568905486908421063OWAbb7e448a-0617-cead-2266-959ccdfc68e8\" href=\"https:\/\/www.prefeitura.sp.gov.br\/cidade\/secretarias\/saude\/noticias\/?p=337053\" target=\"_blank\" rel=\"noopener\" data-saferedirecturl=\"https:\/\/www.google.com\/url?q=https:\/\/www.prefeitura.sp.gov.br\/cidade\/secretarias\/saude\/noticias\/?p%3D337053&amp;source=gmail&amp;ust=1718879747426000&amp;usg=AOvVaw3pFIaPixuvd0ZYdzDm_qCU\">Psor\u00edase: doen\u00e7a \u00e9 cr\u00f4nica, mas reincid\u00eancia pode ser minimizada | Secretaria Municipal da Sa\u00fade | Prefeitura da Cidade de S\u00e3o Paulo<\/a><\/u><\/p>\n<p><a href=\"https:\/\/youtu.be\/L47-GIBVkxA\" target=\"_blank\" rel=\"noopener\"><b>Pacientes com psor\u00edase fazem tratamento com fototerapia pelo SUS-SMS SP<\/b><\/a><\/p>\n<p><a href=\"https:\/\/www.gov.br\/conitec\/pt-br\/midias\/relatorios\/2019\/relatorio-pcdt_psorase_final_472_2019.pdf\" target=\"_blank\" rel=\"noopener\"><b>Protocolo Cl\u00ednico e Diretrizes Terap\u00eauticas da Psor\u00edase (PCDT)- Minist\u00e9rio da sa\u00fade<\/b><\/a><\/p>\n<p><b><a href=\"https:\/\/www.atlasdermatologico.com.br\/disease.jsf?diseaseId=395\" target=\"_blank\" rel=\"noopener\">Atlas dermatol\u00f3gico<\/a><\/b><\/p>\n<p><a href=\"https:\/\/issuu.com\/sbd.br\/docs\/sbd-manual_pratico_fototerapia-2020v3\" target=\"_blank\" rel=\"noopener\"><b>Manual de Fototerapia e o Consenso Brasileiro de Psor\u00edase<\/b><\/a><\/p>\n<p><u><a id=\"m_-3922765828760213217m_-6568905486908421063OWA546190fb-85f3-645f-1690-eee54bbdb3f1\" href=\"https:\/\/issuu.com\/sbd.br\/docs\/sbdconsensopsoriase2021v1\" target=\"_blank\" rel=\"noopener\" data-saferedirecturl=\"https:\/\/www.google.com\/url?q=https:\/\/issuu.com\/sbd.br\/docs\/sbdconsensopsoriase2021v1&amp;source=gmail&amp;ust=1718879747426000&amp;usg=AOvVaw3ePnjoToT8kndQFZdwHqFu\">Consenso Brasileiro de Psor\u00edase &#8211; 2020 by Sociedade Brasileira de Dermatologia &#8211; Issuu<\/a><\/u><\/p>\n","protected":false},"excerpt":{"rendered":"<p>LINHA DE CUIDADO PARA O PACIENTE COM PSOR\u00cdASE:\u00a0 Fluxograma: O m\u00e9dico da AB ( Aten\u00e7\u00e3o B\u00e1sica)\u00a0 encaminhar\u00e1 o\u00a0 paciente com suspei\u00e7\u00e3o diagn\u00f3stica de psor\u00edase para a AE( Aten\u00e7\u00e3o especializada)\u00a0 \u2013 dermatologia. Se houver a\u00a0 teledermatologia implantada no servi\u00e7o da AB, ser\u00e1 ofertado a teleconsulta s\u00edncrona em dermatologia. Havendo o aceite do paciente e elegibilidade , [&hellip;]<\/p>\n","protected":false},"author":22390,"featured_media":0,"parent":64,"menu_order":0,"comment_status":"closed","ping_status":"closed","template":"","meta":{"_monsterinsights_skip_tracking":false,"_monsterinsights_sitenote_active":false,"_monsterinsights_sitenote_note":"","_monsterinsights_sitenote_category":0,"footnotes":"","_links_to":"","_links_to_target":""},"class_list":["post-1237","page","type-page","status-publish","hentry"],"_links":{"self":[{"href":"https:\/\/sites.usp.br\/guiacseb\/wp-json\/wp\/v2\/pages\/1237","targetHints":{"allow":["GET"]}}],"collection":[{"href":"https:\/\/sites.usp.br\/guiacseb\/wp-json\/wp\/v2\/pages"}],"about":[{"href":"https:\/\/sites.usp.br\/guiacseb\/wp-json\/wp\/v2\/types\/page"}],"author":[{"embeddable":true,"href":"https:\/\/sites.usp.br\/guiacseb\/wp-json\/wp\/v2\/users\/22390"}],"replies":[{"embeddable":true,"href":"https:\/\/sites.usp.br\/guiacseb\/wp-json\/wp\/v2\/comments?post=1237"}],"version-history":[{"count":1,"href":"https:\/\/sites.usp.br\/guiacseb\/wp-json\/wp\/v2\/pages\/1237\/revisions"}],"predecessor-version":[{"id":1238,"href":"https:\/\/sites.usp.br\/guiacseb\/wp-json\/wp\/v2\/pages\/1237\/revisions\/1238"}],"up":[{"embeddable":true,"href":"https:\/\/sites.usp.br\/guiacseb\/wp-json\/wp\/v2\/pages\/64"}],"wp:attachment":[{"href":"https:\/\/sites.usp.br\/guiacseb\/wp-json\/wp\/v2\/media?parent=1237"}],"curies":[{"name":"wp","href":"https:\/\/api.w.org\/{rel}","templated":true}]}}