{"id":1253,"date":"2024-08-29T11:51:46","date_gmt":"2024-08-29T14:51:46","guid":{"rendered":"https:\/\/sites.usp.br\/guiacseb\/?page_id=1253"},"modified":"2024-08-29T11:54:59","modified_gmt":"2024-08-29T14:54:59","slug":"oftalmologia","status":"publish","type":"page","link":"https:\/\/sites.usp.br\/guiacseb\/servicos\/oftalmologia\/","title":{"rendered":"Oftalmologia"},"content":{"rendered":"<p><strong>Especialidade solicitada em ficha de refer\u00eancia e contra refer\u00eancia.<\/strong><\/p>\n<p><a href=\"https:\/\/sites.usp.br\/guiacseb\/wp-content\/uploads\/sites\/943\/2024\/08\/Importante_informar_CID_peso_e_IMC.png\"><img loading=\"lazy\" decoding=\"async\" class=\"alignnone wp-image-1248\" src=\"https:\/\/sites.usp.br\/guiacseb\/wp-content\/uploads\/sites\/943\/2024\/08\/Importante_informar_CID_peso_e_IMC-300x169.png\" alt=\"\" width=\"467\" height=\"263\" srcset=\"https:\/\/sites.usp.br\/guiacseb\/wp-content\/uploads\/sites\/943\/2024\/08\/Importante_informar_CID_peso_e_IMC-300x169.png 300w, https:\/\/sites.usp.br\/guiacseb\/wp-content\/uploads\/sites\/943\/2024\/08\/Importante_informar_CID_peso_e_IMC-1024x576.png 1024w, https:\/\/sites.usp.br\/guiacseb\/wp-content\/uploads\/sites\/943\/2024\/08\/Importante_informar_CID_peso_e_IMC-768x432.png 768w, https:\/\/sites.usp.br\/guiacseb\/wp-content\/uploads\/sites\/943\/2024\/08\/Importante_informar_CID_peso_e_IMC-1536x864.png 1536w, https:\/\/sites.usp.br\/guiacseb\/wp-content\/uploads\/sites\/943\/2024\/08\/Importante_informar_CID_peso_e_IMC-310x174.png 310w, https:\/\/sites.usp.br\/guiacseb\/wp-content\/uploads\/sites\/943\/2024\/08\/Importante_informar_CID_peso_e_IMC-400x225.png 400w, https:\/\/sites.usp.br\/guiacseb\/wp-content\/uploads\/sites\/943\/2024\/08\/Importante_informar_CID_peso_e_IMC.png 1600w\" sizes=\"auto, (max-width: 467px) 100vw, 467px\" \/><\/a><\/p>\n<p><strong>Importante<\/strong>: Casos de Ceratocone(H18.6) , Glaucoma (H40), Pter\u00edgio (H11.0) e Estrabismo (H50) s\u00e3o tratados como urgentes, portanto s\u00e3o enviados para a avalia\u00e7\u00e3o do Regulador Regional no intuito de se conseguir vagas mais r\u00e1pidas.<\/p>\n<p><strong>Obs<\/strong>: N\u00e3o \u00e9 obrigat\u00f3rio informar peso\/IMC do paciente para este encaminhamento, por\u00e9m ao n\u00e3o adicionar, o sistema restringe o aparecimento de vagas apenas para locais que aceitam sem essa informa\u00e7\u00e3o, podendo acarretar em maior espera para um poss\u00edvel agendamento.<\/p>\n","protected":false},"excerpt":{"rendered":"<p>Especialidade solicitada em ficha de refer\u00eancia e contra refer\u00eancia. Importante: Casos de Ceratocone(H18.6) , Glaucoma (H40), Pter\u00edgio (H11.0) e Estrabismo (H50) s\u00e3o tratados como urgentes, portanto s\u00e3o enviados para a avalia\u00e7\u00e3o do Regulador Regional no intuito de se conseguir vagas mais r\u00e1pidas. Obs: N\u00e3o \u00e9 obrigat\u00f3rio informar peso\/IMC do paciente para este encaminhamento, por\u00e9m ao [&hellip;]<\/p>\n","protected":false},"author":24221,"featured_media":0,"parent":64,"menu_order":0,"comment_status":"closed","ping_status":"closed","template":"","meta":{"_monsterinsights_skip_tracking":false,"_monsterinsights_sitenote_active":false,"_monsterinsights_sitenote_note":"","_monsterinsights_sitenote_category":0,"footnotes":"","_links_to":"","_links_to_target":""},"class_list":["post-1253","page","type-page","status-publish","hentry"],"_links":{"self":[{"href":"https:\/\/sites.usp.br\/guiacseb\/wp-json\/wp\/v2\/pages\/1253","targetHints":{"allow":["GET"]}}],"collection":[{"href":"https:\/\/sites.usp.br\/guiacseb\/wp-json\/wp\/v2\/pages"}],"about":[{"href":"https:\/\/sites.usp.br\/guiacseb\/wp-json\/wp\/v2\/types\/page"}],"author":[{"embeddable":true,"href":"https:\/\/sites.usp.br\/guiacseb\/wp-json\/wp\/v2\/users\/24221"}],"replies":[{"embeddable":true,"href":"https:\/\/sites.usp.br\/guiacseb\/wp-json\/wp\/v2\/comments?post=1253"}],"version-history":[{"count":1,"href":"https:\/\/sites.usp.br\/guiacseb\/wp-json\/wp\/v2\/pages\/1253\/revisions"}],"predecessor-version":[{"id":1254,"href":"https:\/\/sites.usp.br\/guiacseb\/wp-json\/wp\/v2\/pages\/1253\/revisions\/1254"}],"up":[{"embeddable":true,"href":"https:\/\/sites.usp.br\/guiacseb\/wp-json\/wp\/v2\/pages\/64"}],"wp:attachment":[{"href":"https:\/\/sites.usp.br\/guiacseb\/wp-json\/wp\/v2\/media?parent=1253"}],"curies":[{"name":"wp","href":"https:\/\/api.w.org\/{rel}","templated":true}]}}