{"id":1428,"date":"2025-07-31T12:59:08","date_gmt":"2025-07-31T15:59:08","guid":{"rendered":"https:\/\/sites.usp.br\/guiacseb\/?page_id=1428"},"modified":"2025-07-31T12:59:08","modified_gmt":"2025-07-31T15:59:08","slug":"agd","status":"publish","type":"page","link":"https:\/\/sites.usp.br\/guiacseb\/agd\/","title":{"rendered":"AGD"},"content":{"rendered":"<p>Solicita\u00e7\u00e3o via Regula\u00e7\u00e3o<\/p>\n<p>N\u00e3o h\u00e1 lista de CIDs admitidos<\/p>\n","protected":false},"excerpt":{"rendered":"<p>Solicita\u00e7\u00e3o via Regula\u00e7\u00e3o N\u00e3o h\u00e1 lista de CIDs admitidos<\/p>\n","protected":false},"author":22390,"featured_media":0,"parent":0,"menu_order":0,"comment_status":"closed","ping_status":"closed","template":"","meta":{"_monsterinsights_skip_tracking":false,"_monsterinsights_sitenote_active":false,"_monsterinsights_sitenote_note":"","_monsterinsights_sitenote_category":0,"footnotes":"","_links_to":"","_links_to_target":""},"class_list":["post-1428","page","type-page","status-publish","hentry"],"_links":{"self":[{"href":"https:\/\/sites.usp.br\/guiacseb\/wp-json\/wp\/v2\/pages\/1428","targetHints":{"allow":["GET"]}}],"collection":[{"href":"https:\/\/sites.usp.br\/guiacseb\/wp-json\/wp\/v2\/pages"}],"about":[{"href":"https:\/\/sites.usp.br\/guiacseb\/wp-json\/wp\/v2\/types\/page"}],"author":[{"embeddable":true,"href":"https:\/\/sites.usp.br\/guiacseb\/wp-json\/wp\/v2\/users\/22390"}],"replies":[{"embeddable":true,"href":"https:\/\/sites.usp.br\/guiacseb\/wp-json\/wp\/v2\/comments?post=1428"}],"version-history":[{"count":1,"href":"https:\/\/sites.usp.br\/guiacseb\/wp-json\/wp\/v2\/pages\/1428\/revisions"}],"predecessor-version":[{"id":1429,"href":"https:\/\/sites.usp.br\/guiacseb\/wp-json\/wp\/v2\/pages\/1428\/revisions\/1429"}],"wp:attachment":[{"href":"https:\/\/sites.usp.br\/guiacseb\/wp-json\/wp\/v2\/media?parent=1428"}],"curies":[{"name":"wp","href":"https:\/\/api.w.org\/{rel}","templated":true}]}}