{"id":179,"date":"2021-04-16T12:53:10","date_gmt":"2021-04-16T14:53:10","guid":{"rendered":"https:\/\/sites.usp.br\/guiacseb\/?page_id=179"},"modified":"2025-08-21T12:11:10","modified_gmt":"2025-08-21T15:11:10","slug":"organizacao-interna","status":"publish","type":"page","link":"https:\/\/sites.usp.br\/guiacseb\/organizacao-interna\/","title":{"rendered":"Organiza\u00e7\u00e3o interna"},"content":{"rendered":"<div class=\"su-divider su-divider-style-default\" style=\"margin:15px 0;border-width:3px;border-color:#999999\"><\/div>\n<h3><a href=\"https:\/\/intranet.fm.usp.br\/reservas-de-espacos\/cseb\">Agendamento de Salas (CSEB)<\/a><\/h3>\n<div class=\"su-divider su-divider-style-default\" style=\"margin:15px 0;border-width:3px;border-color:#999999\"><\/div>\n<h3><a href=\"https:\/\/sites.usp.br\/guiacseb\/organizacao-interna\/gta\/\">Grupo T\u00e9cnico Administrativo (GTA)<\/a><\/h3>\n<div class=\"su-divider su-divider-style-default\" style=\"margin:15px 0;border-width:3px;border-color:#999999\"><\/div>\n<h3><a href=\"https:\/\/sites.usp.br\/guiacseb\/organizacao-interna\/reuniao-geral\/\">Reuni\u00e3o Geral<\/a><\/h3>\n<div class=\"su-divider su-divider-style-default\" style=\"margin:15px 0;border-width:3px;border-color:#999999\"><\/div>\n<h3><a href=\"https:\/\/sites.usp.br\/guiacseb\/organizacao-interna\/equipes\/\">Equipes<\/a><\/h3>\n<div class=\"su-divider su-divider-style-default\" style=\"margin:15px 0;border-width:3px;border-color:#999999\"><\/div>\n<h3><a href=\"https:\/\/sites.usp.br\/guiacseb\/organizacao-interna\/linhas-de-cuidado\/\">Linhas de Cuidado<\/a><\/h3>\n<div class=\"su-divider su-divider-style-default\" style=\"margin:15px 0;border-width:3px;border-color:#999999\"><\/div>\n<h3><a href=\"https:\/\/docs.google.com\/spreadsheets\/d\/11eyrOg6QECg6XHj24-tpcilMoYAHq600bitsSw6akXE\/edit?usp=sharing\" target=\"_blank\" rel=\"noopener\">Grupos para usu\u00e1rios<\/a><\/h3>\n<div class=\"su-divider su-divider-style-default\" style=\"margin:15px 0;border-width:3px;border-color:#999999\"><\/div>\n<h3><a href=\"https:\/\/sites.usp.br\/guiacseb\/organizacao-interna\/grupos-de-trabalho\/\">Grupos de trabalho<\/a><\/h3>\n<div class=\"su-divider su-divider-style-default\" style=\"margin:15px 0;border-width:3px;border-color:#999999\"><\/div>\n<h3><a href=\"https:\/\/sites.usp.br\/guiacseb\/organizacao-interna\/outras-frentes\/\">Outras frentes<\/a><\/h3>\n<div class=\"su-divider su-divider-style-default\" style=\"margin:15px 0;border-width:3px;border-color:#999999\"><\/div>\n<h3><a href=\"https:\/\/sites.usp.br\/guiacseb\/organizacao-interna\/material-de-apoio\/\">Material de apoio<\/a><\/h3>\n<div class=\"hJDwNd-AhqUyc-OiUrBf purZT-AhqUyc-II5mzb pSzOP-AhqUyc-qWD73c JNdkSc\">\n<div class=\"JNdkSc-SmKAyb\">\n<div class=\"\">\n<div class=\"oKdM2c Kzv0Me\">\n<div id=\"h.7b7b8d6ac0fee6cd_186\" class=\"hJDwNd-AhqUyc-OiUrBf jXK9ad D2fZ2 OjCsFc wHaque GNzUNc\">\n<div class=\"jXK9ad-SmKAyb\">\n<div class=\"su-divider su-divider-style-default\" style=\"margin:15px 0;border-width:3px;border-color:#999999\"><\/div>\n<div class=\"hJDwNd-AhqUyc-OiUrBf purZT-AhqUyc-II5mzb pSzOP-AhqUyc-qWD73c JNdkSc\">\n<div class=\"JNdkSc-SmKAyb\">\n<div class=\"\">\n<div class=\"oKdM2c Kzv0Me\">\n<div id=\"h.7b7b8d6ac0fee6cd_186\" class=\"hJDwNd-AhqUyc-OiUrBf jXK9ad D2fZ2 OjCsFc wHaque GNzUNc\">\n<div class=\"jXK9ad-SmKAyb\">\n<h3 class=\"tyJCtd mGzaTb baZpAe\"><a href=\"https:\/\/sites.usp.br\/guiacseb\/organizacao-interna\/dashboard\/\">Painel de Monitoramento<\/a><\/h3>\n<div class=\"su-divider su-divider-style-default\" style=\"margin:15px 0;border-width:3px;border-color:#999999\"><\/div>\n<\/div>\n<\/div>\n<\/div>\n<\/div>\n<\/div>\n<\/div>\n<\/div>\n<\/div>\n<\/div>\n<\/div>\n<\/div>\n<\/div>\n","protected":false},"excerpt":{"rendered":"<p>Agendamento de Salas (CSEB) Grupo T\u00e9cnico Administrativo (GTA) Reuni\u00e3o Geral Equipes Linhas de Cuidado Grupos para usu\u00e1rios Grupos de trabalho Outras frentes Material de apoio Painel de Monitoramento<\/p>\n","protected":false},"author":22390,"featured_media":0,"parent":0,"menu_order":0,"comment_status":"closed","ping_status":"closed","template":"","meta":{"_monsterinsights_skip_tracking":false,"_monsterinsights_sitenote_active":false,"_monsterinsights_sitenote_note":"","_monsterinsights_sitenote_category":0,"footnotes":"","_links_to":"","_links_to_target":""},"class_list":["post-179","page","type-page","status-publish","hentry"],"_links":{"self":[{"href":"https:\/\/sites.usp.br\/guiacseb\/wp-json\/wp\/v2\/pages\/179","targetHints":{"allow":["GET"]}}],"collection":[{"href":"https:\/\/sites.usp.br\/guiacseb\/wp-json\/wp\/v2\/pages"}],"about":[{"href":"https:\/\/sites.usp.br\/guiacseb\/wp-json\/wp\/v2\/types\/page"}],"author":[{"embeddable":true,"href":"https:\/\/sites.usp.br\/guiacseb\/wp-json\/wp\/v2\/users\/22390"}],"replies":[{"embeddable":true,"href":"https:\/\/sites.usp.br\/guiacseb\/wp-json\/wp\/v2\/comments?post=179"}],"version-history":[{"count":5,"href":"https:\/\/sites.usp.br\/guiacseb\/wp-json\/wp\/v2\/pages\/179\/revisions"}],"predecessor-version":[{"id":1461,"href":"https:\/\/sites.usp.br\/guiacseb\/wp-json\/wp\/v2\/pages\/179\/revisions\/1461"}],"wp:attachment":[{"href":"https:\/\/sites.usp.br\/guiacseb\/wp-json\/wp\/v2\/media?parent=179"}],"curies":[{"name":"wp","href":"https:\/\/api.w.org\/{rel}","templated":true}]}}