{"id":229,"date":"2021-04-19T16:34:40","date_gmt":"2021-04-19T19:34:40","guid":{"rendered":"https:\/\/sites.usp.br\/guiacseb\/?page_id=229"},"modified":"2021-04-19T16:34:40","modified_gmt":"2021-04-19T19:34:40","slug":"mamografia","status":"publish","type":"page","link":"https:\/\/sites.usp.br\/guiacseb\/servicos\/mamografia\/","title":{"rendered":"Mamografia"},"content":{"rendered":"<div class=\"mYVXT\">\n<div class=\"LS81yb VICjCf\" tabindex=\"-1\">\n<div class=\"hJDwNd-AhqUyc-uQSCkd purZT-AhqUyc-II5mzb pSzOP-AhqUyc-qWD73c JNdkSc\">\n<div class=\"JNdkSc-SmKAyb\">\n<div class=\"\">\n<div class=\"oKdM2c Kzv0Me\">\n<div id=\"h.7b7b8d6ac0fee6cd_727\" class=\"hJDwNd-AhqUyc-uQSCkd jXK9ad D2fZ2 OjCsFc wHaque GNzUNc\">\n<div class=\"jXK9ad-SmKAyb\">\n<div class=\"tyJCtd mGzaTb baZpAe\">\n<p class=\"CDt4Ke zfr3Q\" dir=\"ltr\">Novo fluxo de regula\u00e7\u00e3o mamografia<\/p>\n<ul class=\"n8H08c UVNKR\">\n<li class=\"TYR86d wXCUfe zfr3Q\" dir=\"ltr\">\n<p class=\"CDt4Ke zfr3Q\" dir=\"ltr\">A Mamografia na faixa et\u00e1ria de 50 a 69 anos continuar\u00e1 sendo regulada na Rede seguindo o Protocolo de Encaminhamento<\/p>\n<\/li>\n<li class=\"TYR86d wXCUfe zfr3Q\" dir=\"ltr\">\n<p class=\"CDt4Ke zfr3Q\" dir=\"ltr\">Os pacientes <strong>fora da faixa et\u00e1ria de 50 a 69 anos passar\u00e3o a ser regulados pela Regula\u00e7\u00e3o Regional<\/strong><\/p>\n<\/li>\n<li class=\"TYR86d wXCUfe zfr3Q\" dir=\"ltr\">\n<p class=\"CDt4Ke zfr3Q\" dir=\"ltr\">Criada Nova Especialidade Radiologia-Necessidades Especiais adequando o fluxo regulat\u00f3rio \u00e0s pacientes portadoras de Necessidades especiais<\/p>\n<\/li>\n<\/ul>\n<p class=\"CDt4Ke zfr3Q\" dir=\"ltr\"><strong>PROTOCOLO DE ACESSO A EXAMES DE MAMOGRAFIA <\/strong><\/p>\n<p class=\"CDt4Ke zfr3Q\" dir=\"ltr\"><strong>MAMOGRAFIA BILATERAL PARA RASTREAMENTO <\/strong><\/p>\n<p class=\"CDt4Ke zfr3Q\" dir=\"ltr\">C\u00f3digo do Procedimento: <strong>020403018-8<\/strong><\/p>\n<p class=\"CDt4Ke zfr3Q\" dir=\"ltr\"><strong>INDICA\u00c7\u00d5ES <\/strong><\/p>\n<p class=\"CDt4Ke zfr3Q\" dir=\"ltr\">Rastreamento para c\u00e2ncer de mama;<\/p>\n<p class=\"CDt4Ke zfr3Q\" dir=\"ltr\">Iniciar na faixa et\u00e1ria de 50 a 69 anos, bianual;<\/p>\n<p class=\"CDt4Ke zfr3Q\" dir=\"ltr\">Alto risco para c\u00e2ncer, a partir dos 35 anos, anual (hist\u00f3rico familiar de dois ou mais casos de c\u00e2ncer de mama, principalmente, anterior a 50 anos; hist\u00f3rico familiar de c\u00e2ncer de ov\u00e1rio; hist\u00f3rico de c\u00e2ncer de mama em homens; altera\u00e7\u00e3o gen\u00e9tica, principalmente, dos genes BRCA 1 e BRCA 2).<\/p>\n<p class=\"CDt4Ke zfr3Q\" dir=\"ltr\">CONTRAINDICA\u00c7\u00d5ES: N\u00e3o h\u00e1.<\/p>\n<p class=\"CDt4Ke zfr3Q\" dir=\"ltr\">PR\u00c9-REQUISITOS OBRIGAT\u00d3RIOS Descrever os dados relevantes da hist\u00f3ria cl\u00ednica e do exame f\u00edsico; Hip\u00f3tese diagn\u00f3stica e CID 10 (Z12.3) e; Resultados de exames anteriores se houver.<\/p>\n<p class=\"CDt4Ke zfr3Q\" dir=\"ltr\">PROFISSIONAIS SOLICITANTES <strong>M\u00e9dicos e enfermeiros<\/strong> da rede municipal.<\/p>\n<p class=\"CDt4Ke zfr3Q\" dir=\"ltr\">FORMUL\u00c1RIO DE SOLICITA\u00c7\u00c3O Formul\u00e1rio do Sistema de Informa\u00e7\u00e3o do C\u00e2ncer de Mama (SISMAMA).<\/p>\n<p class=\"CDt4Ke zfr3Q\" dir=\"ltr\">RECOMENDA\u00c7\u00d5ES\/OBSERVA\u00c7\u00d5ES: Acesso para todas as unidades de sa\u00fade via Sistema Integrado de Gest\u00e3o e Assist\u00eancia \u00e0 Sa\u00fade (SIGA) e\/ou Central de Regula\u00e7\u00e3o de Ofertas de Servi\u00e7os de Sa\u00fade (CROSS).<\/p>\n<p class=\"CDt4Ke zfr3Q\" dir=\"ltr\"><strong>As solicita\u00e7\u00f5es que n\u00e3o se enquadrem neste protocolo s\u00f3 poder\u00e3o ser atendidas mediante as devidas justificativas cl\u00ednicas para diagn\u00f3stico ou seguimento e consenso entre solicitante e m\u00e9dico regulador local ou de inst\u00e2ncia superior.<\/strong><\/p>\n<p class=\"CDt4Ke zfr3Q\" dir=\"ltr\"><strong>MAMOGRAFIA DIAGN\u00d3STICA <\/strong><\/p>\n<p class=\"CDt4Ke zfr3Q\" dir=\"ltr\">C\u00f3digo do Procedimento: <strong>020403003-0<\/strong><\/p>\n<p class=\"CDt4Ke zfr3Q\" dir=\"ltr\"><strong>INDICA\u00c7\u00d5ES<\/strong>:<\/p>\n<p class=\"CDt4Ke zfr3Q\" dir=\"ltr\">N\u00f3dulo, espessamento e\/ou outras altera\u00e7\u00f5es mam\u00e1rias suspeitas ao exame f\u00edsico (como, por exemplo: descarga papilar unilateral, pele em casca de laranja, linfonodo regional aumentado); Achados radiol\u00f3gicos em mamografia de rastreamento ou em ultrassonografia de mama, que necessitam de complementa\u00e7\u00e3o adicional com incid\u00eancias e manobras.<\/p>\n<p class=\"CDt4Ke zfr3Q\" dir=\"ltr\">CONTRAINDICA\u00c7\u00d5ES N\u00e3o h\u00e1.<\/p>\n<p class=\"CDt4Ke zfr3Q\" dir=\"ltr\">PR\u00c9-REQUISITOS OBRIGAT\u00d3RIOS Descrever os dados relevantes da hist\u00f3ria cl\u00ednica e do exame f\u00edsico; Hip\u00f3tese diagn\u00f3stica, CID 10 (correspondente \u00e0 indica\u00e7\u00e3o); Resultados de exame anterior, se houver, especificando o quadrante a ser reavaliado.<\/p>\n<p class=\"CDt4Ke zfr3Q\" dir=\"ltr\">PROFISSIONAIS SOLICITANTES Ginecologistas, Mastologistas, Oncologistas e M\u00e9dicos Radiologistas das unidades executantes, nos casos em que houver necessidade de complementa\u00e7\u00e3o diagn\u00f3stica.<\/p>\n<p class=\"CDt4Ke zfr3Q\" dir=\"ltr\">FORMUL\u00c1RIO DE SOLICITA\u00c7\u00c3O: SISMAMA.<\/p>\n<p class=\"CDt4Ke zfr3Q\" dir=\"ltr\">RECOMENDA\u00c7\u00d5ES\/OBSERVA\u00c7\u00d5ES Deve ser <strong>priorizado no agendamento em rela\u00e7\u00e3o \u00e0 mamografia de rastreamento, devendo ser agendado em at\u00e9 30 dias;<\/strong><\/p>\n<p class=\"CDt4Ke zfr3Q\" dir=\"ltr\">As solicita\u00e7\u00f5es que n\u00e3o se enquadrem neste protocolo s\u00f3 poder\u00e3o ser atendidas mediante as devidas justificativas cl\u00ednicas para diagn\u00f3stico ou seguimento e consenso entre solicitante e m\u00e9dico regulador local ou de inst\u00e2ncia superior.<\/p>\n<p class=\"CDt4Ke zfr3Q\" dir=\"ltr\">Executantes com mam\u00f3grafo <strong>para necessidades especiais<\/strong><\/p>\n<ul class=\"n8H08c UVNKR\">\n<li class=\"TYR86d wXCUfe zfr3Q\" dir=\"ltr\">\n<p class=\"CDt4Ke zfr3Q\" dir=\"ltr\">UBS SE<\/p>\n<\/li>\n<li class=\"TYR86d wXCUfe zfr3Q\" dir=\"ltr\">\n<p class=\"CDt4Ke zfr3Q\" dir=\"ltr\">UBS ALTO DE PINHEIROS<\/p>\n<\/li>\n<li class=\"TYR86d wXCUfe zfr3Q\" dir=\"ltr\">\n<p class=\"CDt4Ke zfr3Q\" dir=\"ltr\">HOSP DIA DA RHC SAO MATEUS &#8211; DR HENRIQUE C GONCALVES<\/p>\n<\/li>\n<li class=\"TYR86d wXCUfe zfr3Q\" dir=\"ltr\">\n<p class=\"CDt4Ke zfr3Q\" dir=\"ltr\">HOSPITAL MUNICIPAL DR. MOYSES DEUTSCH (M BOI MIRIM)<\/p>\n<\/li>\n<li class=\"TYR86d wXCUfe zfr3Q\" dir=\"ltr\">\n<p class=\"CDt4Ke zfr3Q\" dir=\"ltr\">HOSP DIA DA RHC M BOI MIRIM II<\/p>\n<\/li>\n<li class=\"TYR86d wXCUfe zfr3Q\" dir=\"ltr\">\n<p class=\"CDt4Ke zfr3Q\" dir=\"ltr\">HOSP DIA DA RHC PENHA &#8211; DR MAURICE PATE<\/p>\n<\/li>\n<li class=\"TYR86d wXCUfe zfr3Q\" dir=\"ltr\">\n<p class=\"CDt4Ke zfr3Q\" dir=\"ltr\">HOSPITAL MUNICIPAL DO CAMPO LIMPO<\/p>\n<\/li>\n<\/ul>\n<p class=\"CDt4Ke zfr3Q\" dir=\"ltr\">atualizado em 05\/2019<\/p>\n<\/div>\n<\/div>\n<\/div>\n<\/div>\n<\/div>\n<\/div>\n<\/div>\n<\/div>\n<\/div>\n","protected":false},"excerpt":{"rendered":"<p>Novo fluxo de regula\u00e7\u00e3o mamografia A Mamografia na faixa et\u00e1ria de 50 a 69 anos continuar\u00e1 sendo regulada na Rede seguindo o Protocolo de Encaminhamento Os pacientes fora da faixa et\u00e1ria de 50 a 69 anos passar\u00e3o a ser regulados pela Regula\u00e7\u00e3o Regional Criada Nova Especialidade Radiologia-Necessidades Especiais adequando o fluxo regulat\u00f3rio \u00e0s pacientes portadoras [&hellip;]<\/p>\n","protected":false},"author":22390,"featured_media":0,"parent":64,"menu_order":0,"comment_status":"closed","ping_status":"closed","template":"","meta":{"_monsterinsights_skip_tracking":false,"_monsterinsights_sitenote_active":false,"_monsterinsights_sitenote_note":"","_monsterinsights_sitenote_category":0,"footnotes":"","_links_to":"","_links_to_target":""},"class_list":["post-229","page","type-page","status-publish","hentry"],"_links":{"self":[{"href":"https:\/\/sites.usp.br\/guiacseb\/wp-json\/wp\/v2\/pages\/229","targetHints":{"allow":["GET"]}}],"collection":[{"href":"https:\/\/sites.usp.br\/guiacseb\/wp-json\/wp\/v2\/pages"}],"about":[{"href":"https:\/\/sites.usp.br\/guiacseb\/wp-json\/wp\/v2\/types\/page"}],"author":[{"embeddable":true,"href":"https:\/\/sites.usp.br\/guiacseb\/wp-json\/wp\/v2\/users\/22390"}],"replies":[{"embeddable":true,"href":"https:\/\/sites.usp.br\/guiacseb\/wp-json\/wp\/v2\/comments?post=229"}],"version-history":[{"count":1,"href":"https:\/\/sites.usp.br\/guiacseb\/wp-json\/wp\/v2\/pages\/229\/revisions"}],"predecessor-version":[{"id":230,"href":"https:\/\/sites.usp.br\/guiacseb\/wp-json\/wp\/v2\/pages\/229\/revisions\/230"}],"up":[{"embeddable":true,"href":"https:\/\/sites.usp.br\/guiacseb\/wp-json\/wp\/v2\/pages\/64"}],"wp:attachment":[{"href":"https:\/\/sites.usp.br\/guiacseb\/wp-json\/wp\/v2\/media?parent=229"}],"curies":[{"name":"wp","href":"https:\/\/api.w.org\/{rel}","templated":true}]}}