{"id":232,"date":"2021-04-19T16:38:52","date_gmt":"2021-04-19T19:38:52","guid":{"rendered":"https:\/\/sites.usp.br\/guiacseb\/?page_id=232"},"modified":"2025-01-14T07:43:16","modified_gmt":"2025-01-14T10:43:16","slug":"colonoscopia","status":"publish","type":"page","link":"https:\/\/sites.usp.br\/guiacseb\/servicos\/colonoscopia\/","title":{"rendered":"Colonoscopia"},"content":{"rendered":"<div class=\"mYVXT\">\n<div class=\"LS81yb VICjCf\" tabindex=\"-1\">\n<div class=\"hJDwNd-AhqUyc-uQSCkd purZT-AhqUyc-II5mzb pSzOP-AhqUyc-qWD73c JNdkSc\">\n<div class=\"JNdkSc-SmKAyb\">\n<div class=\"\">\n<div class=\"oKdM2c Kzv0Me\">\n<div id=\"h.7b7b8d6ac0fee6cd_691\" class=\"hJDwNd-AhqUyc-uQSCkd jXK9ad D2fZ2 OjCsFc wHaque GNzUNc\">\n<div class=\"jXK9ad-SmKAyb\">\n<div class=\"tyJCtd mGzaTb baZpAe\">\n<p><em><strong>Configura\u00e7\u00e3o no SIGA para envio ao Regulador:<\/strong><\/em><\/p>\n<ul class=\"n8H08c UVNKR\">\n<li class=\"TYR86d wXCUfe zfr3Q\" dir=\"ltr\"><strong>Especialidade: <\/strong>Endoscopia<\/li>\n<li class=\"TYR86d wXCUfe zfr3Q\" dir=\"ltr\"><strong>Procedimento: <\/strong>Avalia\u00e7\u00e3o para colonoscopia (preparo)<\/li>\n<li class=\"TYR86d wXCUfe zfr3Q\" dir=\"ltr\"><strong>C\u00f3digo do procedimento:<\/strong> 0301019193<\/li>\n<li class=\"TYR86d wXCUfe zfr3Q\" dir=\"ltr\"><strong>OFERTA<\/strong>: <strong>Agenda Regulada \u2013 Reserva T\u00e9cnica<\/strong><\/li>\n<li class=\"TYR86d wXCUfe zfr3Q\" dir=\"ltr\"><strong>SOLICITANTES<\/strong>: oferta destinada para todos os m\u00e9dicos<\/li>\n<li class=\"TYR86d wXCUfe zfr3Q\" dir=\"ltr\">O <strong>m\u00e9dico solicitante<\/strong> dever\u00e1 utilizar o impresso SADT para solicita\u00e7\u00e3o do exame.<\/li>\n<\/ul>\n<p><em><strong>Indica\u00e7\u00f5es e contraindica\u00e7\u00f5es:<\/strong><\/em><\/p>\n<ul class=\"n8H08c UVNKR\">\n<li class=\"TYR86d wXCUfe zfr3Q\" dir=\"ltr\"><strong>Indica\u00e7\u00f5es<\/strong>: hist\u00f3ria pessoal de p\u00f3lipo em c\u00f3lon ou neo, hist\u00f3ria familiar de c\u00e2ncer de colon, colite ulcerativa, hemorragia intestinal aguda, hemorragia retal cr\u00f4nica, paciente com outro exame que detecte les\u00e3o suspeita.<\/li>\n<li class=\"TYR86d wXCUfe zfr3Q\" dir=\"ltr\"><strong>Contraindica\u00e7\u00f5es<\/strong>: quando um paciente apresentar qualquer suspeita cl\u00ednica ou radiol\u00f3gica de abdome agudo perfurativo, ou de diverticulite aguda e megac\u00f3lon t\u00f3xico. A polipectomia est\u00e1 contraindicada quando o preparo do c\u00f3lon n\u00e3o estiver adequado, com coagulopatia, e\/ ou com uso de antiagregante plaquet\u00e1rio.<\/li>\n<\/ul>\n<p><strong>Informa\u00e7\u00f5es necess\u00e1rias no SADT e Campo &#8220;Justificativa\u201d no SIGA Sa\u00fade:<\/strong><\/p>\n<ul class=\"n8H08c UVNKR\">\n<li class=\"TYR86d wXCUfe zfr3Q\" dir=\"ltr\">Nome completo do paciente:<\/li>\n<li class=\"TYR86d wXCUfe zfr3Q\" dir=\"ltr\">Idade:<\/li>\n<li class=\"TYR86d wXCUfe zfr3Q\" dir=\"ltr\">N\u00b0 Cart\u00e3o do SUS:<\/li>\n<li class=\"TYR86d wXCUfe zfr3Q\" dir=\"ltr\">N\u00b0 Cadastro CROSS:<\/li>\n<li class=\"TYR86d wXCUfe zfr3Q\" dir=\"ltr\">Hip\u00f3tese diagn\u00f3stica:<\/li>\n<li class=\"TYR86d wXCUfe zfr3Q\" dir=\"ltr\">Justificativa: dados cl\u00ednicos e de hist\u00f3ria evolutiva. Descrever resultados de exames com data: hemograma, pesquisa de sangue oculto, exames de imagem ou outros se houver.<\/li>\n<li class=\"TYR86d wXCUfe zfr3Q\" dir=\"ltr\">Medicamentos em uso:<\/li>\n<li class=\"TYR86d wXCUfe zfr3Q\" dir=\"ltr\">CID:<\/li>\n<li class=\"TYR86d wXCUfe zfr3Q\" dir=\"ltr\">Prioridade:<\/li>\n<li class=\"TYR86d wXCUfe zfr3Q\" dir=\"ltr\">Peso:<\/li>\n<li class=\"TYR86d wXCUfe zfr3Q\" dir=\"ltr\">Altura:<\/li>\n<li class=\"TYR86d wXCUfe zfr3Q\" dir=\"ltr\">IMC:<\/li>\n<\/ul>\n<p>OBS: <strong>\u00edndice de massa corp\u00f3rea (IMC): <\/strong>alguns prestadores n\u00e3o realizam o exame em pacientes com IMC acima de 35, evitando assim agendamento desnecess\u00e1rio com perda da vaga.Trata-se, portanto de um procedimento regulado pela Regula\u00e7\u00e3o Regional, o que quer dizer que as solicita\u00e7\u00f5es devem ser inseridas via SIGA para avalia\u00e7\u00e3o do Regulador. N\u00e3o devem ser inseridos na fila de espera da Unidade solicitante.Na oferta SIGA trata-se de uma consulta de avalia\u00e7\u00e3o onde o paciente consider\u00e1vel eleg\u00edvel para realizar o procedimento ser\u00e1 orientado do preparo que dever\u00e1 ser executado e ter\u00e1 a data e hor\u00e1rio da realiza\u00e7\u00e3o do exame informado pelo prestador.Na oferta CROSS em alguns prestadores a data agendada ser\u00e1 para uma consulta de avalia\u00e7\u00e3o e em outros j\u00e1 para a realiza\u00e7\u00e3o do exame. As orienta\u00e7\u00f5es constam no comprovante de agendamento.Como recebemos vagas de v\u00e1rios prestadores com resolutividade e grau de complexidade diferente, \u00e9 necess\u00e1rio na justificativa al\u00e9m de informar dados referentes ao pedido do procedimento, informar tamb\u00e9m as condi\u00e7\u00f5es gerais de sa\u00fade do paciente- comorbidades.<\/p>\n<\/div>\n<div><\/div>\n<p class=\"CDt4Ke zfr3Q\" dir=\"ltr\"><strong>PROTOCOLO PARA ENCAMINHAMENTO DE COLONOSCOPIA<\/strong><\/p>\n<p class=\"CDt4Ke zfr3Q\" dir=\"ltr\"><strong>CASOS DE ALTA PRIORIDADE<\/strong><\/p>\n<p class=\"CDt4Ke zfr3Q\" dir=\"ltr\"><em><strong>INDICA\u00c7\u00c3O PRIORIT\u00c1RIA<br \/>\n<\/strong><\/em>HEMORRAGIA INTESTINAL AGUDA}<br \/>\nPACIENTE EST\u00c1VEL SEM NECESSIDADE DE TRANSFUS\u00c3O SANGU\u00cdNEA<\/p>\n<p class=\"CDt4Ke zfr3Q\" dir=\"ltr\"><em><strong>INDICA\u00c7\u00c3O RELATIVA<br \/>\n<\/strong><\/em>HEMORRAGIA RETAL CR\u00d4NICA<br \/>\nH\u00c1BITO INTESTINAL ALTERADO \/ COM SINTOMA DE ALARME (PERDA DE PESO E ANEMIA SEVERA)<br \/>\nPACIENTE COM OUTRO EXAME QUE DETECTE LES\u00c3O SUSPEITA<br \/>\nCOM SUSPEITA DE NEOPLASIA \/ P\u00d3LIPO &gt; 2 CM<br \/>\nCOM SUSPEITA DE P\u00d3LIPO &lt; 2 CM<\/p>\n<p class=\"CDt4Ke zfr3Q\" dir=\"ltr\"><strong>CASOS DE M\u00c9DIA PRIORIDADE<\/strong><\/p>\n<p class=\"CDt4Ke zfr3Q\" dir=\"ltr\"><em><strong>INDICA\u00c7\u00c3O PRIORIT\u00c1RIA<br \/>\n<\/strong><\/em>HEMORRAGIA INTESTINAL CR\u00d4NICA<br \/>\nH\u00c1BITO INTESTINAL ALTERADO \/ SEM SINTOMA DE ALARME<\/p>\n<p class=\"CDt4Ke zfr3Q\" dir=\"ltr\"><em><strong>INDICA\u00c7\u00c3O RELATIVA<br \/>\n<\/strong><\/em>ANEMIA POR DEFICI\u00caNCIA DE FERRO \u2013 SEM HIST\u00d3RIA GASTRO-INTESTINAL<\/p>\n<p class=\"CDt4Ke zfr3Q\" dir=\"ltr\"><strong>CASOS DE BAIXA PRIORIDADE<br \/>\n<\/strong>HEMORRAGIA INTESTINAL CR\u00d4NICA<br \/>\nSEM MUDAN\u00c7A DE H\u00c1BITO INTESTINAL E SEM SINTOMAS DE ALARME<br \/>\nHIST\u00d3RIA PESSOAL DE P\u00d3LIPO EM COLON OU NEO<br \/>\nHIST\u00d3RIA FAMILIAR DE CANCER DE COLON<br \/>\nCOLITE ULCERATIVA<\/p>\n<p class=\"CDt4Ke zfr3Q\" dir=\"ltr\"><strong>Observa\u00e7\u00f5es:<\/strong> Ao indicar a necessidade do procedimento em ambiente hospitalar deve \u2013 se mencionar na justificativa o motivo, como:<br \/>\n* Problemas respirat\u00f3rios graves<br \/>\n* Pacientes acima de 70 anos<br \/>\n* Paciente com hist\u00f3rico de AVC<br \/>\n* Pacientes que fazem Hemodi\u00e1lise ou Di\u00e1lise<br \/>\n* Portadores com necessidades especiais<br \/>\n* Pacientes com problemas card\u00edaco<br \/>\n* Paciente com acompanhamento Hematologista<br \/>\n* Pacientes que possuem p\u00f3lipos acima de 2 cm<br \/>\n* Paciente com IMC acima de 35<br \/>\n* Pacientes cadeirantes devido o preparo.<\/p>\n<\/div>\n<p dir=\"ltr\"><strong>COLONOSCOPIA HOSPITALAR<\/strong><\/p>\n<div><b><u>Observa\u00e7\u00f5es:<\/u><\/b>\u00a0Ao indicar a necessidade do procedimento em ambiente hospitalar deve \u2013 se mencionar na justificativa o motivo, como:<\/div>\n<div>* Problemas respirat\u00f3rios graves<\/div>\n<div>* Pacientes acima de 70 anos<\/div>\n<div>* Paciente com hist\u00f3rico de AVC<\/div>\n<div>* Pacientes que fazem Hemodi\u00e1lise ou Di\u00e1lise<\/div>\n<div>* Portadores com necessidades especiais<\/div>\n<div>* Pacientes com problemas card\u00edaco<\/div>\n<div>* Paciente com acompanhamento Hematologista<\/div>\n<div>* Pacientes que possuem p\u00f3lipos acima de 2 cm<\/div>\n<div>* Paciente com IMC acima de 35<\/div>\n<div>* Pacientes cadeirantes devido o preparo.<\/div>\n<div><\/div>\n<div><b><u><span style=\"font-size: large;\">DESMEMBRANDO OS T\u00d3PICOS ACIMA ( :<\/span><\/u><\/b><\/div>\n<div>*PACIENTE ACIMA DE 70 ANOS COM ALGUMA COMORBIDADE DESCRITA &#8211; Caso contr\u00e1rio\u00a0 ser\u00e1 agendado em Prestadores Ambulatoriais que aceitam 70 anos ou <a id=\"m_-4102891739524552454m_-4372157336918785287plusReplyChip-0\" class=\"gmail_plusreply\"><\/a>+.<\/div>\n<div>*PACIENTES EM HEMODI\u00c1LISE OU DI\u00c1LISE<\/div>\n<div>*GESTANTES<\/div>\n<div>*AL\u00c9RGICOS A L\u00c1TEX<\/div>\n<div>*PACIENTES COM CASOS DE ESQUIZOFRENIA<\/div>\n<div>*DOEN\u00c7AS PSIQUI\u00c1TRICAS ( EXEMPLO: EPILEPSIA ) COM NECESSIDADE DE USO DE IN\u00daMEROS PSICOTR\u00d3PICOS OU ABUSO DE \u00c1LCOOL<\/div>\n<div>*PORTADORES DE DOEN\u00c7AS SIST\u00caMICAS DESCOMPENSADAS OU CONSIDERADAS DE RISCO COMO INSUFICI\u00caNCIA CARD\u00cdACA OU PULMONAR<\/div>\n<div>*HIPERTENS\u00c3O ARTERIAL MAL CONTROLADA<\/div>\n<div>*USO DE MARCA-PASSO<\/div>\n<div>*INFARTO AGUDO DO MIOC\u00c1RDIO<\/div>\n<div>*ACIDENTE VASCULAR CEREBRAL<\/div>\n<div>*ANGINA<\/div>\n<div>*ARRITIMIA<\/div>\n<div>*SOPRO<\/div>\n<div>*USU\u00c1RIOS DE OXIG\u00caNIO DOMICILIAR.<\/div>\n<div>*D\u00c9FICIT NEUROL\u00d3GICO QUE IMPE\u00c7A O ATENDIMENTO DAS ORIENTA\u00c7\u00d5ES SOBRE O EXAME.<\/div>\n<div>*TABAGISTAS.<\/div>\n<div>*APN\u00c9IA DO SONO\u00a0 ou COM USO DE CPAP<\/div>\n<div>*CIRURGIAS ABDOMINAIS COM MENOS DE 30 DIAS.<\/div>\n<div>*DIABETE TIPO 1<\/div>\n<div>*DIABETE TIPO 2 DESCOMPENSADA<\/div>\n<div>*INSULINO DEPENDENTE<\/div>\n<div>*PACIENTES EM TRATAMENTO ONCOL\u00d3GICOS\u00a0 (\u00a0 RADIOTERAPIA OU QUIMIOTERAPIA )<\/div>\n<div>*IMC ACIMA DE 35 PARA PACIENTES QUE TAMB\u00c9M POSSUA UMA OU MAIS COMORBIDADES ACIMA MENCIONADA .\u00a0 POIS, TEMOS 1 PRESTADOR AMBULATOTRIAL QUE ACEITA ATE 40 DE IMC SEM COMORBIDADES NENHUMA.<\/div>\n<div>*IMC ACIMA DE 40.<\/div>\n<div>*PACIENTES COM P\u00d3LIPOS ACIMA DE 2CM<\/div>\n<div>*CADEIRANTE\u00a0 ( Ex: parapl\u00e9gicos, doen\u00e7as neurol\u00f3gicas, les\u00e3o medular ) QUALQUER MOTIVO QUE O IMPE\u00c7A DE REALIZAR O PR\u00d3PRIO PREPARO.<\/div>\n<div><\/div>\n<div><u><span style=\"font-size: large;\">ATEN\u00c7\u00c3O:<\/span><\/u>\u00a0\u00a0 Todas as informa\u00e7\u00f5es s\u00e3o relevantes. Para um melhor agendamento n\u00e3o s\u00e3o aceitas siglas sem explica\u00e7\u00e3o.<\/div>\n<div>Exemplos:<\/div>\n<ul>\n<li>\n<div>HAS\u00a0 &#8211;\u00a0 \u00a0Queremos saber se \u00e9 controlada ou n\u00e3o, se utiliza alguma medica\u00e7\u00e3o.<\/div>\n<\/li>\n<li>\n<div>DM\u00a0 \u00a0 &#8211;\u00a0 \u00a0Sabemos que DM \u00e9 diabetes M\u00e9llitus\u00a0 &#8211; Queremos saber\u00a0 qual o tipo, tipo 1 ou 2, se est\u00e1 descompensado ou n\u00e3o, se faz uso de insulina.<\/div>\n<\/li>\n<\/ul>\n<div><b><u><span style=\"font-size: large;\">LEMBRANDO QUE:<\/span><\/u><\/b>\u00a0 \u00a0Justificativas contendo apenas a informa\u00e7\u00e3o que o mun\u00edcipe possui antecedentes familiares de CA sem alguma informa\u00e7\u00e3o do pr\u00f3prio mun\u00edcipe e n\u00e3o estando dentro do protocolo acima ser\u00e3o agendados a n\u00edvel ambulatorial.<\/div>\n<div><\/div>\n<div><b><u>DADOS NECESS\u00c1RIOS :<\/u><\/b><\/div>\n<div>\u00a0 \u00a0 \u00a0 \u00a0 \u00a0 \u00a0*\u00a0 \u00a0<b>\u00a0Justificativa<\/b>: dados cl\u00ednicos e de hist\u00f3ria evolutiva.\u00a0 Descrever resultados de exames com data: hemograma, pesquisa de sangue oculto, exames de imagem ou outros se houver.<\/div>\n<div>\u00a0 \u00a0 \u00a0 \u00a0 \u00a0 \u00a0*\u00a0 \u00a0\u00a0<b>Medicamentos em uso:<\/b>\u00a0 Principalmente os cardiopatas, renais dial\u00edticos ou n\u00e3o,<\/div>\n<div>\u00a0 \u00a0 \u00a0 \u00a0 \u00a0 \u00a0*\u00a0 \u00a0\u00a0<b>Peso:<\/b><\/div>\n<div>\u00a0 \u00a0 \u00a0 \u00a0 \u00a0 \u00a0*\u00a0 \u00a0<b>Altura:<\/b><\/div>\n<div>\u00a0 \u00a0 \u00a0 \u00a0 \u00a0 \u00a0*\u00a0\u00a0<b>\u00a0 IMC:<\/b><\/div>\n<div><\/div>\n<\/div>\n<\/div>\n<\/div>\n<\/div>\n<\/div>\n<\/div>\n<\/div>\n","protected":false},"excerpt":{"rendered":"<p>Configura\u00e7\u00e3o no SIGA para envio ao Regulador: Especialidade: Endoscopia Procedimento: Avalia\u00e7\u00e3o para colonoscopia (preparo) C\u00f3digo do procedimento: 0301019193 OFERTA: Agenda Regulada \u2013 Reserva T\u00e9cnica SOLICITANTES: oferta destinada para todos os m\u00e9dicos O m\u00e9dico solicitante dever\u00e1 utilizar o impresso SADT para solicita\u00e7\u00e3o do exame. Indica\u00e7\u00f5es e contraindica\u00e7\u00f5es: Indica\u00e7\u00f5es: hist\u00f3ria pessoal de p\u00f3lipo em c\u00f3lon ou neo, [&hellip;]<\/p>\n","protected":false},"author":22390,"featured_media":0,"parent":64,"menu_order":0,"comment_status":"closed","ping_status":"closed","template":"","meta":{"_monsterinsights_skip_tracking":false,"_monsterinsights_sitenote_active":false,"_monsterinsights_sitenote_note":"","_monsterinsights_sitenote_category":0,"footnotes":"","_links_to":"","_links_to_target":""},"class_list":["post-232","page","type-page","status-publish","hentry"],"_links":{"self":[{"href":"https:\/\/sites.usp.br\/guiacseb\/wp-json\/wp\/v2\/pages\/232","targetHints":{"allow":["GET"]}}],"collection":[{"href":"https:\/\/sites.usp.br\/guiacseb\/wp-json\/wp\/v2\/pages"}],"about":[{"href":"https:\/\/sites.usp.br\/guiacseb\/wp-json\/wp\/v2\/types\/page"}],"author":[{"embeddable":true,"href":"https:\/\/sites.usp.br\/guiacseb\/wp-json\/wp\/v2\/users\/22390"}],"replies":[{"embeddable":true,"href":"https:\/\/sites.usp.br\/guiacseb\/wp-json\/wp\/v2\/comments?post=232"}],"version-history":[{"count":3,"href":"https:\/\/sites.usp.br\/guiacseb\/wp-json\/wp\/v2\/pages\/232\/revisions"}],"predecessor-version":[{"id":1342,"href":"https:\/\/sites.usp.br\/guiacseb\/wp-json\/wp\/v2\/pages\/232\/revisions\/1342"}],"up":[{"embeddable":true,"href":"https:\/\/sites.usp.br\/guiacseb\/wp-json\/wp\/v2\/pages\/64"}],"wp:attachment":[{"href":"https:\/\/sites.usp.br\/guiacseb\/wp-json\/wp\/v2\/media?parent=232"}],"curies":[{"name":"wp","href":"https:\/\/api.w.org\/{rel}","templated":true}]}}