{"id":247,"date":"2021-04-19T16:57:03","date_gmt":"2021-04-19T19:57:03","guid":{"rendered":"https:\/\/sites.usp.br\/guiacseb\/?page_id=247"},"modified":"2021-04-19T16:57:03","modified_gmt":"2021-04-19T19:57:03","slug":"hematologia","status":"publish","type":"page","link":"https:\/\/sites.usp.br\/guiacseb\/servicos\/hematologia\/","title":{"rendered":"Hematologia"},"content":{"rendered":"<div class=\"mYVXT\">\n<div class=\"LS81yb VICjCf\" tabindex=\"-1\">\n<div class=\"hJDwNd-AhqUyc-uQSCkd purZT-AhqUyc-II5mzb pSzOP-AhqUyc-qWD73c JNdkSc\">\n<div class=\"JNdkSc-SmKAyb\">\n<div class=\"\">\n<div class=\"oKdM2c Kzv0Me\">\n<div id=\"h.7b7b8d6ac0fee6cd_615\" class=\"hJDwNd-AhqUyc-uQSCkd jXK9ad D2fZ2 OjCsFc wHaque GNzUNc\">\n<div class=\"jXK9ad-SmKAyb\">\n<div class=\"tyJCtd mGzaTb baZpAe\">\n<p class=\"CDt4Ke zfr3Q\" dir=\"ltr\">Esta especialidade n\u00e3o ter\u00e1 mais vagas para agendamento a partir da fila de espera.<\/p>\n<p class=\"CDt4Ke zfr3Q\" dir=\"ltr\">Todos os casos dever\u00e3o ser encaminhados para avalia\u00e7\u00e3o da Regula\u00e7\u00e3o, desde que preencham os crit\u00e9rios do protocolo estabelecido, inclusive em rela\u00e7\u00e3o aos exames complementares requeridos.<\/p>\n<p class=\"CDt4Ke zfr3Q\" dir=\"ltr\"><strong>PROTOCOLO DE ENCAMINHAMENTO AO REGULADOR NA ESPECIALIDADE DE HEMATOLOGIA <\/strong><\/p>\n<p class=\"CDt4Ke zfr3Q\" dir=\"ltr\"><em><strong>Configura\u00e7\u00e3o no SIGA para envio ao Regulador:<br \/>\n<\/strong><\/em><strong>Especialidade: <\/strong>HEMATOLOGIA<br \/>\n<strong>Procedimento: <\/strong>consulta m\u00e9dica em aten\u00e7\u00e3o especializada (cod: 0301010072)<br \/>\n<strong>OFERTA<\/strong>: <strong>Agenda Regulada \u2013 Reserva T\u00e9cnica<br \/>\n<\/strong><strong>SOLICITANTES<\/strong>: Unidades B\u00e1sicas de Sa\u00fade<br \/>\nO <strong>m\u00e9dico da Unidade de Sa\u00fade<\/strong> para encaminhamento ao especialista do Ambulat\u00f3rio de Especialidade de refer\u00eancia dever\u00e1 utilizar a <strong>Ficha de refer\u00eancia e Contra refer\u00eancia<\/strong>.<\/p>\n<p class=\"CDt4Ke zfr3Q\" dir=\"ltr\"><strong>Informa\u00e7\u00f5es necess\u00e1rias na Ficha de refer\u00eancia contra refer\u00eancia e Campo\u201d Justificativa\u201d no SIGA Sa\u00fade:<\/strong><\/p>\n<p class=\"CDt4Ke zfr3Q\" dir=\"ltr\">Nome completo do paciente:<br \/>\nIdade:<br \/>\nN\u00b0 Cart\u00e3o do SUS:<br \/>\nN\u00b0 Cadastro CROSS:<br \/>\nHip\u00f3tese diagn\u00f3stica:<br \/>\nJustificativa: dados cl\u00ednicos e de hist\u00f3ria evolutiva (perdas cr\u00f4nicas, in\u00edcio agudo ou insidioso, hist\u00f3rico familiar, etc.), bem como laudo e data de todos os exames realizados pertinentes ao caso.<br \/>\nMedicamentos em uso:<br \/>\nCID:<br \/>\nPrioridade:<\/p>\n<p class=\"CDt4Ke zfr3Q\" dir=\"ltr\"><strong>Orienta\u00e7\u00f5es a serem seguidas segundo cada Patologia <\/strong><\/p>\n<p class=\"CDt4Ke zfr3Q\" dir=\"ltr\"><strong>1-Anemias em geral<br \/>\n<\/strong>Al\u00e9m dos dados cl\u00ednicos j\u00e1 citados, faz-se necess\u00e1rio informar o resultado de exames subsidi\u00e1rios abaixo:<br \/>\n-Hemograma, ferro s\u00e9rico, ferritina, reticul\u00f3citos.<br \/>\n1-nos casos de \u201cachados\u201d laboratoriais em exames de rotina, sem sinais cl\u00ednicos ou sintomas associados, faz-se necess\u00e1ria \u00e0 confirma\u00e7\u00e3o dos resultados, repetindo os mesmos com a urg\u00eancia que o caso exigir.<br \/>\n2-nos casos de presen\u00e7a de sinais e sintomas espec\u00edficos (pacientes descorados, pet\u00e9quias, equimoses, gengivorragias, infec\u00e7\u00f5es de repeti\u00e7\u00e3o, hepatoesplenomegalia, adenomegalias, etc.), al\u00e9m dos exames j\u00e1 citados, solicitamos informar o resultado dos exames abaixo:<br \/>\n<em>-DHL<br \/>\n<\/em>-PCR<br \/>\n3-Casos considerados emergenciais n\u00e3o devem ser enviados ao regulador, devendo ser encaminhados aos servi\u00e7os de urg\u00eancia\/emerg\u00eancia locais.<br \/>\n4- Anemias diagnosticadas e tratadas como ferroprivas, que s\u00e3o refrat\u00e1rias, solicitamos informar o resultado de eletroforese de hemoglobinas.<br \/>\n5-Nos casos de anemias megalobl\u00e1sticas, informar medicamentos em uso e o resultado dos seguintes exames:<br \/>\n-Dosagem de vitamina B12<br \/>\n-Dosagem de \u00e1cido f\u00f3lico<br \/>\n6- A investiga\u00e7\u00e3o de anemias em geral, tem especificidades de acordo com a faixa et\u00e1ria. Assim sendo, em crian\u00e7as faz-se necess\u00e1rio afastar fatores nutricionais (erro alimentar), e anemias hemol\u00edticas; nas mulheres jovens\/adultas afastar altera\u00e7\u00f5es do ciclo menstrual (hemorragias, etc.), altera\u00e7\u00f5es end\u00f3crinas (hipotireoidismo) al\u00e9m de fatores nutricionais; no idoso afastar causas oncol\u00f3gicas (ginecol\u00f3gicas, urol\u00f3gicas, gastroenterol\u00f3gicas, pneumol\u00f3gicas, etc.), card\u00edacas, renais, uso de m\u00faltiplas drogas e nutricionais (vit. B12, \u00e1cido f\u00f3lico).<br \/>\n7- Casos que cursam com anemia, associada a dores \u00f3sseas e fraturas patol\u00f3gicas solicitamos informar o resultado de exame de urina (avalia\u00e7\u00e3o de protein\u00faria\/prote\u00edna de Bence Jones) e eletroforese de prote\u00ednas s\u00e9ricas (avalia\u00e7\u00e3o de pico monoclonal) para investiga\u00e7\u00e3o de mieloma m\u00faltiplo. Uma vez alterados os exames em quest\u00e3o, encaminhar ao regulador na especialidade de Oncologia-Hematologia.<\/p>\n<p class=\"CDt4Ke zfr3Q\" dir=\"ltr\"><strong>2-Poliglobulia<br \/>\n<\/strong>Essa patologia ocorre geralmente em situa\u00e7\u00f5es de hip\u00f3xia, como tabagismo, doen\u00e7as card\u00edacas e pulmonares.<br \/>\n-Encaminhar os seguintes casos:<br \/>\na) Mulheres- hemoglobina &gt; que 16,5<br \/>\nb) Homens- hemoglobina &gt; que 18,5<\/p>\n<p class=\"CDt4Ke zfr3Q\" dir=\"ltr\"><strong>3-Altera\u00e7\u00f5es de leuc\u00f3citos<br \/>\n<\/strong>-Leucopenias: encaminhar pacientes com valores inferiores a 3500 leuc\u00f3citos, quando devidamente confirmados.<br \/>\n-Leucocitose: encaminhar pacientes com leuc\u00f3citos acima de 20.000, confirmado em 2 \u00aa coleta com intervalo de 1 m\u00eas ou linfocitose acima de 4000 ou presen\u00e7a de c\u00e9lulas jovens.<br \/>\n-Neutrofilia: encaminhar casos com desvio \u00e0 esquerda escalonado e presen\u00e7a de c\u00e9lulas jovens, confirmada em 2 hemogramas.<br \/>\nEosinofilias: afastar quadros al\u00e9rgicos e parasitoses, entre elas toxocar\u00edase e esquistossomose. Se ap\u00f3s tratamento da patologia de base houver persist\u00eancia da eosinofilia, encaminhar ao servi\u00e7o de Hematologia.<br \/>\n&#8211; Linfocitoses em hemograma, com valor absoluto &gt; que 5.000\/mm\u00b3, mantidas por mais de 6 semanas, devem ser encaminhadas para avalia\u00e7\u00e3o do regulador diretamente para a especialidade de Oncologia-Hematologia.<\/p>\n<p class=\"CDt4Ke zfr3Q\" dir=\"ltr\"><strong>4-Plaquetose (Trombocitose)<br \/>\n<\/strong>Al\u00e9m dos dados cl\u00ednicos j\u00e1 citados, faz-se necess\u00e1rio o acompanhamento dos casos, uma vez que as trombocitoses podem ser reativas (secund\u00e1rias) \u00e0s infec\u00e7\u00f5es e inflama\u00e7\u00f5es ou aut\u00f4nomas\/clonais.<br \/>\n-Casos verificados em exames de rotina, sem sinais, sintomas ou hist\u00f3rico pr\u00e9vio de tromboses\/embolias, devem ter confirma\u00e7\u00e3o diagn\u00f3stica antes do envio ao regulador, devendo-se realizar a contagem de plaquetas em 2 ocasi\u00f5es diferentes com intervalo de 1 m\u00eas e contagens superiores a 600.000\/mm\u00b3.<br \/>\n-Casos com hist\u00f3rico pr\u00e9vio de tromboses\/ embolias, esplenectomizados, neoplasias, acompanhado de exame alterado (&gt;600.000 plaquetas) devem ser encaminhados, mesmo sem a segunda coleta, por\u00e9m esses dados devem ser informados ao regulador.<\/p>\n<p class=\"CDt4Ke zfr3Q\" dir=\"ltr\"><strong>5-Plaquetopenia (Trombocitopenia)<br \/>\n<\/strong>-Pacientes assintom\u00e1ticos, sem sinais, sintomas ou hist\u00f3rico de quadros hemorr\u00e1gicos, devem ser encaminhados ap\u00f3s contagem de plaquetas em 2 ocasi\u00f5es diferentes, com intervalo de 1 m\u00eas e contagens inferiores a 100.000\/mm\u00b3, observando-se a t\u00e9cnica de coleta e se h\u00e1 grumos plaquet\u00e1rios. Nesses casos o ideal \u00e9 a coleta com citrato e n\u00e3o com EDTA.<br \/>\nObs.: nesses casos \u00e9 importante informar dados como hist\u00f3rico de alcoolismo, cirrose hep\u00e1tica, hepatites que cursam com esplenomegalia (uma vez que a mesma \u00e9 respons\u00e1vel pelo sequestro plaquet\u00e1rio), quadros de hipertens\u00e3o portal, infec\u00e7\u00f5es virais, uremia e uso de medicamentos como antiinflamat\u00f3rios, anticonvulsivantes, diur\u00e9ticos, etc.<br \/>\n-Pacientes com hist\u00f3rico de hemorragias apresentando Plaquetopenia devem ser encaminhados ao regulador, sem a necessidade do 2\u00ba exame confirmat\u00f3rio, entretanto faz-se necess\u00e1rio informar os dados j\u00e1 citados acima, bem como o descritivo de frequ\u00eancia e localiza\u00e7\u00e3o dos quadros hemorr\u00e1gicos.<br \/>\n-Pacientes com quadros hemorr\u00e1gicos severos devem ser encaminhados aos servi\u00e7os de urg\u00eancia\/emerg\u00eancia de refer\u00eancia.<\/p>\n<p class=\"CDt4Ke zfr3Q\" dir=\"ltr\"><strong>6-Bi e pancitopenias<br \/>\n<\/strong>&#8211; Desde que confirmados em 2\u00aa coleta, encaminhar ao regulador, para a especialidade de Hematologia.<\/p>\n<p class=\"CDt4Ke zfr3Q\" dir=\"ltr\"><strong>7-Coagulopatias<br \/>\n<\/strong>-Quadros de tromboses em pacientes jovens devem ser encaminhados para avalia\u00e7\u00e3o.<br \/>\n-Quadros de tromboses em idosos ou pacientes com doen\u00e7as de base como card\u00edacos, tabagistas, obesos, diab\u00e9tico deve ser acompanhado com o cl\u00ednico e quando necess\u00e1rio com o angiologista.<\/p>\n<p class=\"CDt4Ke zfr3Q\" dir=\"ltr\"><strong>8-Adenomegalias a esclarecer<br \/>\n<\/strong>Al\u00e9m de todos os exames j\u00e1 citados neste protocolo (hemograma, plaquetas, DHL, PCR), faz-se necess\u00e1ria a exclus\u00e3o de patologias infecto contagiosas como mononucleose, toxoplasmose, citomegalov\u00edrus, rub\u00e9ola, tuberculose, etc., que cursam com adenomegalias. Uma vez descartadas as patologias infecto contagiosas, informar o regulador que os exames foram realizados e apresentam-se dentro dos limites da normalidade e encaminhar ao hematologista, atrav\u00e9s da regula\u00e7\u00e3o, informando o resultado da USG da regi\u00e3o.<\/p>\n<p class=\"CDt4Ke zfr3Q\" dir=\"ltr\">atualizado em 05\/2019<\/p>\n<\/div>\n<\/div>\n<\/div>\n<\/div>\n<\/div>\n<\/div>\n<\/div>\n<\/div>\n<\/div>\n","protected":false},"excerpt":{"rendered":"<p>Esta especialidade n\u00e3o ter\u00e1 mais vagas para agendamento a partir da fila de espera. Todos os casos dever\u00e3o ser encaminhados para avalia\u00e7\u00e3o da Regula\u00e7\u00e3o, desde que preencham os crit\u00e9rios do protocolo estabelecido, inclusive em rela\u00e7\u00e3o aos exames complementares requeridos. PROTOCOLO DE ENCAMINHAMENTO AO REGULADOR NA ESPECIALIDADE DE HEMATOLOGIA Configura\u00e7\u00e3o no SIGA para envio ao Regulador: [&hellip;]<\/p>\n","protected":false},"author":22390,"featured_media":0,"parent":64,"menu_order":0,"comment_status":"closed","ping_status":"closed","template":"","meta":{"_monsterinsights_skip_tracking":false,"_monsterinsights_sitenote_active":false,"_monsterinsights_sitenote_note":"","_monsterinsights_sitenote_category":0,"footnotes":"","_links_to":"","_links_to_target":""},"class_list":["post-247","page","type-page","status-publish","hentry"],"_links":{"self":[{"href":"https:\/\/sites.usp.br\/guiacseb\/wp-json\/wp\/v2\/pages\/247","targetHints":{"allow":["GET"]}}],"collection":[{"href":"https:\/\/sites.usp.br\/guiacseb\/wp-json\/wp\/v2\/pages"}],"about":[{"href":"https:\/\/sites.usp.br\/guiacseb\/wp-json\/wp\/v2\/types\/page"}],"author":[{"embeddable":true,"href":"https:\/\/sites.usp.br\/guiacseb\/wp-json\/wp\/v2\/users\/22390"}],"replies":[{"embeddable":true,"href":"https:\/\/sites.usp.br\/guiacseb\/wp-json\/wp\/v2\/comments?post=247"}],"version-history":[{"count":1,"href":"https:\/\/sites.usp.br\/guiacseb\/wp-json\/wp\/v2\/pages\/247\/revisions"}],"predecessor-version":[{"id":248,"href":"https:\/\/sites.usp.br\/guiacseb\/wp-json\/wp\/v2\/pages\/247\/revisions\/248"}],"up":[{"embeddable":true,"href":"https:\/\/sites.usp.br\/guiacseb\/wp-json\/wp\/v2\/pages\/64"}],"wp:attachment":[{"href":"https:\/\/sites.usp.br\/guiacseb\/wp-json\/wp\/v2\/media?parent=247"}],"curies":[{"name":"wp","href":"https:\/\/api.w.org\/{rel}","templated":true}]}}