{"id":255,"date":"2021-04-19T17:09:49","date_gmt":"2021-04-19T20:09:49","guid":{"rendered":"https:\/\/sites.usp.br\/guiacseb\/?page_id=255"},"modified":"2021-04-22T17:35:16","modified_gmt":"2021-04-22T20:35:16","slug":"saude-mental","status":"publish","type":"page","link":"https:\/\/sites.usp.br\/guiacseb\/servicos\/saude-mental\/","title":{"rendered":"Sa\u00fade Mental"},"content":{"rendered":"<p class=\"CDt4Ke zfr3Q\" dir=\"ltr\"><div class=\"su-divider su-divider-style-default\" style=\"margin:15px 0;border-width:3px;border-color:#999999\"><\/div>\n<p class=\"CDt4Ke zfr3Q\" dir=\"ltr\"><strong>CAPS ( Centro de Aten\u00e7\u00e3o Psicossocial) I Adulto Butant\u00e3<\/strong><\/p>\n<p class=\"CDt4Ke zfr3Q\" dir=\"ltr\"><strong>Atendimento: <\/strong>Adultos (Acima de 18 anos), que residam em \u00e1rea de abrang\u00eancia e de acordo com os 03(tr\u00eas) regimes de intensidade: intensivo, semi-intensivo e n\u00e3o intensivo.<br \/>\n<strong>Atividades Desenvolvidas<\/strong>: Atividades Terap\u00eauticas de reabilita\u00e7\u00e3o, psicoterap\u00eauticos (em grupo e individual), oficinas terap\u00eauticas (ex.: Oficina culin\u00e1ria) de gera\u00e7\u00e3o de renda (costura, livraria e fotografia).<\/p>\n<p class=\"CDt4Ke zfr3Q\" dir=\"ltr\">Endere\u00e7o: Rua Oscar Pinheiro Coelho, 287 &#8211; Caxingui<br \/>\nTelefone: 3727-1819<br \/>\nE-mail: capsadulto.bt@gmail.com<br \/>\nData de atualiza\u00e7\u00e3o: 20\/03\/2013<\/p>\n<p class=\"CDt4Ke zfr3Q\" dir=\"ltr\"><strong><div class=\"su-divider su-divider-style-default\" style=\"margin:15px 0;border-width:3px;border-color:#999999\"><\/div><\/strong><\/p>\n<p class=\"CDt4Ke zfr3Q\" dir=\"ltr\"><strong>Instituto De Psicologia da USP<\/strong><\/p>\n<p class=\"CDt4Ke zfr3Q\" dir=\"ltr\">Servi\u00e7o de aconselhamento psicol\u00f3gico-SAP<br \/>\nPlant\u00e3o Psicol\u00f3gico<br \/>\n(servi\u00e7o regionalizado. Atende maiores de 14 anos moradores dos Bairros que compreendem a Subprefeitura do Butant\u00e3 e Comunidade USP)<br \/>\nQuartas feiras da 09:00 \u00e0s 11:00 horas<br \/>\nAv. prof. Mello Moraes, 1721 Bloco D &#8211; Cidade Universit\u00e1ria &#8211; S\u00e3o Paulo-SP<br \/>\n011-3091-4172<br \/>\nE-mail: <span class=\" aw5Odc\"><a class=\"XqQF9c\" href=\"mailto:aconpsi@usp.br\" target=\"_blank\" rel=\"noopener noreferrer\"><strong>aconpsi@usp.br<\/strong><\/a><br \/>\n<\/span>3\u00ba FEIRAS N\u00c3O \u00c9 REGIONALIZADO, 17H30 \u00c0S 19H30 \u2013 ATENDIMENTO EM PLANT\u00c3O PSICOL\u00d3GICO \u2013 LEPE<br \/>\nCLINICA PSICOL\u00d3GICA \u2013 MALU OU MARINETE 3091-8248\/3091-8223<\/p>\n<p class=\"CDt4Ke zfr3Q\" dir=\"ltr\"><strong><div class=\"su-divider su-divider-style-default\" style=\"margin:15px 0;border-width:3px;border-color:#999999\"><\/div><\/strong><\/p>\n<p class=\"CDt4Ke zfr3Q\" dir=\"ltr\"><strong>PROSAM &#8211; Centro de Aten\u00e7\u00e3o Psicossocial Pr\u00f3-Sa\u00fade Mental \u2013 \u00c1lcool e Drogas<\/strong><\/p>\n<p class=\"CDt4Ke zfr3Q\" dir=\"ltr\">Rua Heitor Penteado, 1448 \u2013 Sumar\u00e9 (Metr\u00f4 Vila Madalena)<br \/>\nTelefone 3862-1385<br \/>\nAtendimento de segunda a sexta feira para adolescentes e adultos usu\u00e1rios ou dependentes de tabaco, \u00e1lcool e drogas il\u00edcitas.<\/p>\n<p class=\"CDt4Ke zfr3Q\" dir=\"ltr\"><span class=\" aw5Odc\"><strong><div class=\"su-divider su-divider-style-default\" style=\"margin:15px 0;border-width:3px;border-color:#999999\"><\/div><\/strong><\/span><\/p>\n<p class=\"CDt4Ke zfr3Q\" dir=\"ltr\"><span class=\" aw5Odc\"><a class=\"XqQF9c\" href=\"https:\/\/www.google.com\/url?q=https%3A%2F%2Fwww.mackenzie.br%2Fatendimento-a-comunidade%2Fclinica-psicologica-servico-escola-de-psicologia%2F&amp;sa=D&amp;sntz=1&amp;usg=AFQjCNEbYnVuUA3BLQW0WL614F-VK4sxIA\" target=\"_blank\" rel=\"noopener noreferrer\"><strong>Cl\u00ednica de Psicologia da Universidade Mackenzie<\/strong><\/a><\/span><\/p>\n<p class=\"CDt4Ke zfr3Q\" dir=\"ltr\">Rua Piau\u00ed, 181 \u2013 2\u00aa andar \u2013 Higien\u00f3polis \u2013 S\u00e3o Paulo \u2013 SP \u2013 CEP: 01241-001<br \/>\nTelefone 2114-8342<\/p>\n<p class=\"CDt4Ke zfr3Q\" dir=\"ltr\"><strong><div class=\"su-divider su-divider-style-default\" style=\"margin:15px 0;border-width:3px;border-color:#999999\"><\/div><\/strong><\/p>\n<p class=\"CDt4Ke zfr3Q\" dir=\"ltr\"><strong>Cl\u00ednica Aberta de Psican\u00e1lise na Casa do Povo<\/strong><\/p>\n<p class=\"CDt4Ke zfr3Q\" dir=\"ltr\">Rua Tr\u00eas Rios, 252<br \/>\nAtendimentos aos s\u00e1bados \u00e0s 11h, 12h, 13h e 14h, por ordem de chegada<br \/>\nN\u00e3o existe triagem, cadastro ou hora marcada. Uma folha \u00e9 afixada no sagu\u00e3o, basta colocar o nome em um dos hor\u00e1rios dispon\u00edveis e aguardar a chamada.<\/p>\n<p class=\"CDt4Ke zfr3Q\" dir=\"ltr\"><strong><div class=\"su-divider su-divider-style-default\" style=\"margin:15px 0;border-width:3px;border-color:#999999\"><\/div><\/strong><\/p>\n<p class=\"CDt4Ke zfr3Q\" dir=\"ltr\"><strong>Cl\u00ednica Social Casa 1<\/strong><\/p>\n<p class=\"CDt4Ke zfr3Q\" dir=\"ltr\">Rua Condessa de S\u00e3o Joaquim, 277 \u2013 Bela Vista<br \/>\nO atendimento \u00e9 voltado para a popula\u00e7\u00e3o LGTB em dias predeterminados gratuitamente ou a baixo custo. Os interessados devem preencher <span class=\" aw5Odc\"><a class=\"XqQF9c\" href=\"https:\/\/docs.google.com\/forms\/d\/e\/1FAIpQLSf5tZQK4HeFl6mMvMcEn1jpeuTgctfbbnusb7I3Fxhw_fGyDg\/viewform\" target=\"_blank\" rel=\"noopener noreferrer\"><strong>este formul\u00e1rio<\/strong><\/a><\/span>. Mais informa\u00e7\u00f5es: <span class=\" aw5Odc\"><a class=\"XqQF9c\" href=\"mailto:centrocasaum@gmail.com\" target=\"_blank\" rel=\"noopener noreferrer\"><strong>centrocasaum@gmail.com<\/strong><\/a><\/span><\/p>\n<p class=\"CDt4Ke zfr3Q\" dir=\"ltr\"><strong><div class=\"su-divider su-divider-style-default\" style=\"margin:15px 0;border-width:3px;border-color:#999999\"><\/div><\/strong><\/p>\n<p class=\"CDt4Ke zfr3Q\" dir=\"ltr\"><strong>UNIB \u2013 Universidade Ibirapuera<\/strong><\/p>\n<p class=\"CDt4Ke zfr3Q\" dir=\"ltr\">Avenida Interlagos, 1329 \u2013 Ch\u00e1cara Flora<br \/>\n(11) 5694-7961<br \/>\nDe segunda a sexta-feira, das 13h \u00e0s 21h, e aos s\u00e1bados, das 8h \u00e0s 13h<\/p>\n<p class=\"CDt4Ke zfr3Q\" dir=\"ltr\"><strong><div class=\"su-divider su-divider-style-default\" style=\"margin:15px 0;border-width:3px;border-color:#999999\"><\/div><\/strong><\/p>\n<p class=\"CDt4Ke zfr3Q\" dir=\"ltr\"><strong>UNINOVE <\/strong><\/p>\n<p class=\"CDt4Ke zfr3Q\" dir=\"ltr\">Campus Vergueiro: Rua Vergueiro, 235, Liberdade<br \/>\n(11) 2633-9000<br \/>\nDe Segunda, das 08:00 \u00e0s 17:30; e s\u00e1bado, das 08:00 \u00e0s 11:30, com agendamento pr\u00e9vio.<br \/>\nPara se inscrever \u00e9 necess\u00e1rio comparecer pessoalmente ao campus Vergueiro. As triagens acontecem \u00e0s segundas (das 9h \u00e0s 18h) e s\u00e1bados (das 8h \u00e0s 12h).<\/p>\n<p class=\"CDt4Ke zfr3Q\" dir=\"ltr\"><strong><div class=\"su-divider su-divider-style-default\" style=\"margin:15px 0;border-width:3px;border-color:#999999\"><\/div><\/strong><\/p>\n<p class=\"CDt4Ke zfr3Q\" dir=\"ltr\"><strong>Pontif\u00edcia Universidade Cat\u00f3lica \u2013 PUC<\/strong><\/p>\n<p class=\"CDt4Ke zfr3Q\" dir=\"ltr\">Rua Almirante Pereira Guimar\u00e3es, 150 \u2013 Pacaembu<br \/>\nTelefone: (11) 3862-6070 (agendar primeiro \u2013 triagem)<br \/>\nDe segunda a sexta-feira, das 8h \u00e0s 20h<\/p>\n<p class=\"CDt4Ke zfr3Q\" dir=\"ltr\"><strong><div class=\"su-divider su-divider-style-default\" style=\"margin:15px 0;border-width:3px;border-color:#999999\"><\/div><\/strong><\/p>\n<p class=\"CDt4Ke zfr3Q\" dir=\"ltr\"><strong>Universidade Paulista \u2013 UNIP<\/strong><\/p>\n<p class=\"CDt4Ke zfr3Q\" dir=\"ltr\">Rua Apeninos, 267 \u2013 Vergueiro<br \/>\n(11) 3341-4250 vale este<br \/>\nTel. (triagem): (11) 3347-1000, de segunda a sexta-feira, das 7h \u00e0s 19h.<br \/>\nRua Vit\u00f3rio Ramalho, 154 &#8211; Parque S\u00e3o Jorge<br \/>\n2941-2075 (triagem)<br \/>\n2908-0415<br \/>\nSegunda a sexta, das 8h \u00e0s 22h. S\u00e1bados, das 8h \u00e0s 12h<\/p>\n<p class=\"CDt4Ke zfr3Q\" dir=\"ltr\"><strong><div class=\"su-divider su-divider-style-default\" style=\"margin:15px 0;border-width:3px;border-color:#999999\"><\/div><\/strong><\/p>\n<p class=\"CDt4Ke zfr3Q\" dir=\"ltr\"><strong>Universidade Cruzeiro do Sul \u2013 UNICSUL<\/strong><\/p>\n<p class=\"CDt4Ke zfr3Q\" dir=\"ltr\"><strong>Campus S\u00e3o Miguel<br \/>\n<\/strong>Rua Taiuvinha, 26<br \/>\n(11) 2037-5853<br \/>\nDe segunda \u00e0 sexta-feira, das 13h \u00e0s 21h, e s\u00e1bados, das 8h \u00e0s 12h.<\/p>\n<p class=\"CDt4Ke zfr3Q\" dir=\"ltr\"><strong>Campus An\u00e1lia Franco<br \/>\n<\/strong>Rua Prof. Jo\u00e3o de Oliveira Torres, 306<br \/>\n(11) 2268-0867<br \/>\nDe segunda a sexta-feira, das 9h \u00e0s 20h, e s\u00e1bados, das 10h \u00e0s 14h.<\/p>\n<p class=\"CDt4Ke zfr3Q\" dir=\"ltr\"><strong>Campus Liberdade<br \/>\n<\/strong>Endere\u00e7o: Rua Galv\u00e3o Bueno, 724. 1\u00ba Andar<br \/>\n(11) 3385-3108<br \/>\nHor\u00e1rio: de segunda a sexta-feira, das 13h \u00e0s 21h, e s\u00e1bados, das 8h \u00e0s 13h.<\/p>\n<p class=\"CDt4Ke zfr3Q\" dir=\"ltr\"><span class=\" aw5Odc\"><strong><div class=\"su-divider su-divider-style-default\" style=\"margin:15px 0;border-width:3px;border-color:#999999\"><\/div><\/strong><\/span><\/p>\n<p class=\"CDt4Ke zfr3Q\" dir=\"ltr\"><span class=\" aw5Odc\"><a class=\"XqQF9c\" href=\"https:\/\/www.google.com\/url?q=https%3A%2F%2Fexerciciosdependentesquimicosedepress.blogspot.com%2F2015%2F04%2Fexercicio-fisico-atividade-fisica-e.html&amp;sa=D&amp;sntz=1&amp;usg=AFQjCNGpKaafoSYygZu_63pQvW25_5YE5w\" target=\"_blank\" rel=\"noopener noreferrer\"><strong>N\u00facleo de Psicologia do Esporte e Atividade F\u00edsica (NUPSEA<\/strong><\/a><\/span><strong>):<\/strong><\/p>\n<p class=\"CDt4Ke zfr3Q\" dir=\"ltr\"><div class=\"su-expand su-expand-collapsed su-expand-link-style-default\" data-height=\"0\"><div class=\"su-expand-content su-u-trim\" style=\"color:#333333;max-height:0px;overflow:hidden\">A Psicologia do Esporte estuda os fatores comportamentais relacionados \u00e0 pr\u00e1tica de esportes e exerc\u00edcios f\u00edsicos.<br \/>\nV\u00e1rios outros segmentos da Psicologia t\u00eam influenciado a Psicologia do Esporte na medida em que contribuem para a amplia\u00e7\u00e3o do conhecimento dos fen\u00f4menos psicol\u00f3gicos que englobam o exerc\u00edcio f\u00edsico e o esporte. entre eles, a psicologia cognitiva, psicologia social, social experimental, a do desenvolvimento, a cl\u00ednica, a organizacional, a da personalidade e a educacional e de reabilita\u00e7\u00e3o.<br \/>\nNo contexto desse ramo da Psicologia do Esporte de reabilita\u00e7\u00e3o o exerc\u00edcio f\u00edsico \u00e9 utilizado para proporcionar uma melhora na qualidade de vida de pessoas com diferentes tipos de necessidades especiais como, por exemplo, depressivos, dependentes qu\u00edmicos, cardiopatas, diab\u00e9ticos e portadores de defici\u00eancia.<br \/>\nO NUPSEA \u00e9 coordenado pela educadora de pr\u00e1ticas esportivas, professora Eliane Jany Barbanti, que possui mestrado em Psicologia do Esporte pela Universidade de Iowa, nos Estados Unidos.<br \/>\nO N\u00facleo oferece tr\u00eas programas: Exerc\u00edcios F\u00edsicos para Dependentes Qu\u00edmicos, Programa Complementar ao Tratamento da Depress\u00e3o e Exerc\u00edcios F\u00edsicos Antitabagismo.<br \/>\nAtende professores, alunos e funcion\u00e1rios da USP, al\u00e9m das pessoas que n\u00e3o t\u00eam v\u00ednculo com a Universidade, que apresenta problemas de depress\u00e3o e tabagismo.<br \/>\nO N\u00facleo trabalha em parceria com o Hospital Universit\u00e1rio (HU) e a Unidade B\u00e1sica de Atendimento ao Servidor (IBAS).<br \/>\n<strong>Pr\u00e9-requisitos<br \/>\n<\/strong>Estar sob cuidados psiqui\u00e1tricos h\u00e1 mais de um m\u00eas; Estar em tratamento medicamentoso para depress\u00e3o; Ser acompanhado por um m\u00e9dico ao longo do curso; Apresentar atestado m\u00e9dico recente contendo:<br \/>\nCRM, telefone e endere\u00e7o do m\u00e9dico respons\u00e1vel;<br \/>\nDiagn\u00f3stico cl\u00ednico de epis\u00f3dio depressivo (leve ou moderado) ou dist\u00edmico;<br \/>\nOs nomes dos medicamentos e as respectivas posologias utilizadas;<br \/>\nUma rela\u00e7\u00e3o das restri\u00e7\u00f5es \u00e0 pr\u00e1tica de atividades f\u00edsicas.<\/div><div class=\"su-expand-link su-expand-link-more\" style=\"text-align:left\"><a href=\"javascript:;\" style=\"color:#0088FF;border-color:#0088FF\"><span style=\"border-color:#0088FF\">Veja mais<\/span><\/a><\/div><div class=\"su-expand-link su-expand-link-less\" style=\"text-align:left\"><a href=\"javascript:;\" style=\"color:#0088FF;border-color:#0088FF\"><span style=\"border-color:#0088FF\">Veja menos<\/span><\/a><\/div><\/div>\nTelefone: (11) 3091-3361 (Professora: Eliane Jany Barbanti) E-mail: <span class=\" aw5Odc\"><a class=\"XqQF9c\" href=\"mailto:elianeba@usp.br\" target=\"_blank\" rel=\"noopener noreferrer\"><strong>elianeba@usp.br<\/strong><\/a><\/span><\/p>\n<p class=\"CDt4Ke zfr3Q\" dir=\"ltr\">Data de atualiza\u00e7\u00e3o: 24\/06\/2013<\/p>\n<p dir=\"ltr\"><div class=\"su-divider su-divider-style-default\" style=\"margin:15px 0;border-width:3px;border-color:#999999\"><\/div>\n<p class=\"CDt4Ke zfr3Q\" dir=\"ltr\"><span class=\" aw5Odc\"><a class=\"XqQF9c\" href=\"http:\/\/www.google.com\/url?q=http%3A%2F%2Fwww.proad.unifesp.br%2Fhistorico.htm&amp;sa=D&amp;sntz=1&amp;usg=AFQjCNFU4ODmRMs_c25cJAD0Sv6JS6vtVA\" target=\"_blank\" rel=\"noopener noreferrer\"><strong>PROAD (Programa de Orienta\u00e7\u00e3o e Atendimento a Dependentes)<\/strong><\/a><\/span><\/p>\n<p class=\"CDt4Ke zfr3Q\" dir=\"ltr\"><div class=\"su-expand su-expand-collapsed su-expand-link-style-default\" data-height=\"0\"><div class=\"su-expand-content su-u-trim\" style=\"color:#333333;max-height:0px;overflow:hidden\">O PROAD (Programa de Orienta\u00e7\u00e3o e Atendimento a Dependentes) \u00e9 um servi\u00e7o ligado ao Departamento de Psiquiatria da Universidade Federal de S\u00e3o Paulo (UNIFESP). Destinado \u00e0 dependentes de subst\u00e2ncias il\u00edcitas e l\u00edcitas, atua tamb\u00e9m na \u00e1rea de depend\u00eancias comportamentais, como jogo patol\u00f3gico, sexo compulsivo, depend\u00eancias de compras e de internet, al\u00e9m de compuls\u00e3o por esportes.<br \/>\nDiferentemente da maior parte dos servi\u00e7os voltados a dependentes, procura n\u00e3o se ater somente ao que os pacientes t\u00eam em comum, mas tenta se aproximar do que eles t\u00eam de original e singular enquanto indiv\u00edduos. A pr\u00e1tica do PROAD n\u00e3o objetiva apenas a elimina\u00e7\u00e3o de sintomas. Mais do que uma preocupa\u00e7\u00e3o comportamentos desviantes, o enfoque principal \u00e9 o ser humano em sua singularidade e em sua totalidade.<br \/>\nO PROAD conta com uma equipe multidisciplinar composta por psiquiatras, psic\u00f3logos, terapeutas familiares, terapeutas ocupacionais, enfermeiros, assistentes sociais e estagi\u00e1rios de todas essas \u00e1reas. Os t\u00e9cnicos, em sua maioria, possuem t\u00edtulos de especializa\u00e7\u00e3o, mestrado ou doutorado obtidos em renomadas institui\u00e7\u00f5es nacionais e internacionais. a equipe re\u00fane-se regularmente para discuss\u00f5es te\u00f3ricas e cl\u00ednicas.<\/div><div class=\"su-expand-link su-expand-link-more\" style=\"text-align:left\"><a href=\"javascript:;\" style=\"color:#0088FF;border-color:#0088FF\"><span style=\"border-color:#0088FF\">Veja mais<\/span><\/a><\/div><div class=\"su-expand-link su-expand-link-less\" style=\"text-align:left\"><a href=\"javascript:;\" style=\"color:#0088FF;border-color:#0088FF\"><span style=\"border-color:#0088FF\">Veja menos<\/span><\/a><\/div><\/div>\nEndere\u00e7o: Rua Borges Lagoa, 570 &#8211; Vila Clementino<br \/>\nTelefones: 5576-4990 \/ 5571-7254<br \/>\nData de atualiza\u00e7\u00e3o: 12\/11\/2014<\/p>\n<p class=\"CDt4Ke zfr3Q\" dir=\"ltr\"><strong><div class=\"su-divider su-divider-style-default\" style=\"margin:15px 0;border-width:3px;border-color:#999999\"><\/div><\/strong><\/p>\n<p class=\"CDt4Ke zfr3Q\" dir=\"ltr\"><strong>Atendimento Psicol\u00f3gico Par\u00f3quia S\u00e3o Lu\u00eds Gonzaga<br \/>\n<\/strong>Av. Paulista, 2378<br \/>\n3231-5954<br \/>\nQuintas, das 10h \u00e0s 19h. Oferece atendimentos em at\u00e9 12 sess\u00f5es, gratuitas ou a pre\u00e7o simb\u00f3lico.<\/p>\n<p dir=\"ltr\"><div class=\"su-divider su-divider-style-default\" style=\"margin:15px 0;border-width:3px;border-color:#999999\"><\/div>\n<p class=\"CDt4Ke zfr3Q\" dir=\"ltr\"><span class=\" aw5Odc\"><a class=\"XqQF9c\" href=\"https:\/\/www.google.com\/url?q=https%3A%2F%2Fwww.sinpesp.com.br%2Fclinica-ana-joaquina&amp;sa=D&amp;sntz=1&amp;usg=AFQjCNGxPaIBVt8rq8O_Xqferv3_xy3cUg\" target=\"_blank\" rel=\"noopener noreferrer\"><strong>Sinpesp<\/strong><\/a><br \/>\n<\/span>Sindicato dos Psicanalistas do Estado de S\u00e3o Paulo<br \/>\nPr\u00f3ximo ao metr\u00f4 Ana Rosa<\/p>\n<p dir=\"ltr\"><div class=\"su-divider su-divider-style-default\" style=\"margin:15px 0;border-width:3px;border-color:#999999\"><\/div>\n<p class=\"CDt4Ke zfr3Q\" dir=\"ltr\"><strong>Cl\u00ednica Psicol\u00f3gica do Instituto Sedes Sapientae<br \/>\n<\/strong>Rua Ministro God\u00f3i, 1484 \u2013 Perdizes<br \/>\n3866-2735<br \/>\nDe 2\u00aa a 6\u00aa feira das 8h \u00e0s 21h e aos s\u00e1bados das 8h \u00e0s 12h.<\/p>\n<p dir=\"ltr\"><div class=\"su-divider su-divider-style-default\" style=\"margin:15px 0;border-width:3px;border-color:#999999\"><\/div>\n<p class=\"CDt4Ke zfr3Q\" dir=\"ltr\"><strong>INTEGRA<br \/>\n<\/strong>Rua Bag\u00e9, 19 e Rua Humberto I, 289<br \/>\nAmbos na Vila Mariana, pr\u00f3ximos ao metr\u00f4 Ana Rosa<br \/>\n5083-2923<br \/>\n5084-0878<\/p>\n<p dir=\"ltr\"><div class=\"su-divider su-divider-style-default\" style=\"margin:15px 0;border-width:3px;border-color:#999999\"><\/div>\n<p class=\"CDt4Ke zfr3Q\" dir=\"ltr\"><strong>Centro Paradigma<br \/>\n<\/strong>Rua Wanderley, 611, Perdizes<br \/>\n3871-0185<br \/>\n3672-0194<br \/>\nAbordagem comportamental<\/p>\n<p dir=\"ltr\"><div class=\"su-divider su-divider-style-default\" style=\"margin:15px 0;border-width:3px;border-color:#999999\"><\/div>\n<p class=\"CDt4Ke zfr3Q\" dir=\"ltr\"><strong>Mental Clean<br \/>\n<\/strong>Rua dos Cris\u00e2ntemos, 33 \u2013 Mirand\u00f3polis<br \/>\n5579-4918<\/p>\n<p class=\"CDt4Ke zfr3Q\" dir=\"ltr\"><div class=\"su-divider su-divider-style-default\" style=\"margin:15px 0;border-width:3px;border-color:#999999\"><\/div>\n5579-0007<\/p>\n<p class=\"CDt4Ke zfr3Q\" dir=\"ltr\"><strong>Centro de Refer\u00eancia para a Preven\u00e7\u00e3o e Controle de Doen\u00e7as Associadas \u00e0 Nutri\u00e7\u00e3o (CRNutri)<br \/>\n<\/strong>Avenida Doutor Arnaldo, 715<br \/>\n3061-7726 (agendamento)<br \/>\n3061-7721 (administra\u00e7\u00e3o)<br \/>\n3061-7942 (CRNutri)<br \/>\nDe segunda \u00e0 sexta-feira, das 7h30 \u00e0s 16h30<\/p>\n<p dir=\"ltr\"><div class=\"su-divider su-divider-style-default\" style=\"margin:15px 0;border-width:3px;border-color:#999999\"><\/div>\n<p class=\"CDt4Ke zfr3Q\" dir=\"ltr\"><strong>Cl\u00ednica de Psicologia &#8211; Uniban Maria C\u00e2ndida<br \/>\n<\/strong>Rua Maria C\u00e2ndida, 1813 &#8211; Vila Guilherme<br \/>\n2967-9035<br \/>\n2967-9031<br \/>\nDe segunda a sexta, das 7h \u00e0s 22h<br \/>\nAvenida dos Autonomistas, 1325 &#8211; Osasco<br \/>\n3699-9047<br \/>\nManh\u00e3: 2a, 3a e 5a das 8h \u00e0s 12h<br \/>\nTarde: 2a a 6a, das 16h \u00e0s 22h<\/p>\n<p dir=\"ltr\"><div class=\"su-divider su-divider-style-default\" style=\"margin:15px 0;border-width:3px;border-color:#999999\"><\/div>\n<p class=\"CDt4Ke zfr3Q\" dir=\"ltr\"><strong>Cl\u00ednica de Psicologia FMU &#8211; Campus Santo Amaro<br \/>\n<\/strong>Avenida Santo Amaro, 1239 &#8211; Vila Nova Concei\u00e7\u00e3o<br \/>\n3040-3400<br \/>\n3040-3400 ramal 2316<br \/>\nSegunda a sexta, das 8h \u00e0s 21h. S\u00e1bados, das 8h \u00e0s 15h<\/p>\n<p dir=\"ltr\"><div class=\"su-divider su-divider-style-default\" style=\"margin:15px 0;border-width:3px;border-color:#999999\"><\/div>\n<p class=\"CDt4Ke zfr3Q\" dir=\"ltr\"><strong>PAES &#8211; Programa de Atendimento e de Estudos de Somatiza\u00e7\u00e3o<br \/>\n<\/strong>Rua Pedro de Toledo, 214 &#8211; Vila Clementino<br \/>\n5081-3825<br \/>\nSegunda \u00e0 sexta, das 8h \u00e0s 17h<\/p>\n<p dir=\"ltr\"><div class=\"su-divider su-divider-style-default\" style=\"margin:15px 0;border-width:3px;border-color:#999999\"><\/div>\n<p class=\"CDt4Ke zfr3Q\" dir=\"ltr\"><strong>PAN &#8211; Programa de Atendimento Neuro-psico-geri\u00e1trico<br \/>\n<\/strong>Rua Borges Lagoa, 570<br \/>\n5576-4991<br \/>\nSegunda \u00e0 sexta, das 8h \u00e0s 17h<\/p>\n<p dir=\"ltr\"><div class=\"su-divider su-divider-style-default\" style=\"margin:15px 0;border-width:3px;border-color:#999999\"><\/div>\n<p class=\"CDt4Ke zfr3Q\" dir=\"ltr\"><strong>PROATA &#8211; Programa de Assist\u00eancia \u00e0 Pacientes com Transtornos Alimentares<br \/>\n<\/strong>Rua Borges Lagoa, 570<br \/>\n5576-4990<br \/>\nSegunda \u00e0 sexta, das 8h \u00e0s 17h<\/p>\n<p dir=\"ltr\"><div class=\"su-divider su-divider-style-default\" style=\"margin:15px 0;border-width:3px;border-color:#999999\"><\/div>\n<p class=\"CDt4Ke zfr3Q\" dir=\"ltr\"><strong>PROPISC &#8211; Programa de Psicoterapia<br \/>\n<\/strong>Rua Coronel Lisboa, 969<br \/>\n5904-3961<br \/>\nSegunda \u00e0 sexta, das 8h \u00e0s 17h<\/p>\n<p dir=\"ltr\"><div class=\"su-divider su-divider-style-default\" style=\"margin:15px 0;border-width:3px;border-color:#999999\"><\/div>\n<p class=\"CDt4Ke zfr3Q\" dir=\"ltr\"><strong>Cl\u00ednica de Psicologia Aplicada-Universidade S\u00e3o Judas Tadeu<br \/>\n<\/strong>Rua Marcial, 45 &#8211; Mooca<br \/>\n6099-1831<br \/>\n2\u00aa a 6\u00aa feira das 13h \u00e0s 23h e aos s\u00e1bados das 7h \u00e0s 17h<\/p>\n<p dir=\"ltr\"><div class=\"su-divider su-divider-style-default\" style=\"margin:15px 0;border-width:3px;border-color:#999999\"><\/div>\n","protected":false},"excerpt":{"rendered":"<p>CAPS ( Centro de Aten\u00e7\u00e3o Psicossocial) I Adulto Butant\u00e3 Atendimento: Adultos (Acima de 18 anos), que residam em \u00e1rea de abrang\u00eancia e de acordo com os 03(tr\u00eas) regimes de intensidade: intensivo, semi-intensivo e n\u00e3o intensivo. Atividades Desenvolvidas: Atividades Terap\u00eauticas de reabilita\u00e7\u00e3o, psicoterap\u00eauticos (em grupo e individual), oficinas terap\u00eauticas (ex.: Oficina culin\u00e1ria) de gera\u00e7\u00e3o de renda [&hellip;]<\/p>\n","protected":false},"author":22390,"featured_media":0,"parent":64,"menu_order":0,"comment_status":"closed","ping_status":"closed","template":"","meta":{"_monsterinsights_skip_tracking":false,"_monsterinsights_sitenote_active":false,"_monsterinsights_sitenote_note":"","_monsterinsights_sitenote_category":0,"footnotes":"","_links_to":"","_links_to_target":""},"class_list":["post-255","page","type-page","status-publish","hentry"],"_links":{"self":[{"href":"https:\/\/sites.usp.br\/guiacseb\/wp-json\/wp\/v2\/pages\/255","targetHints":{"allow":["GET"]}}],"collection":[{"href":"https:\/\/sites.usp.br\/guiacseb\/wp-json\/wp\/v2\/pages"}],"about":[{"href":"https:\/\/sites.usp.br\/guiacseb\/wp-json\/wp\/v2\/types\/page"}],"author":[{"embeddable":true,"href":"https:\/\/sites.usp.br\/guiacseb\/wp-json\/wp\/v2\/users\/22390"}],"replies":[{"embeddable":true,"href":"https:\/\/sites.usp.br\/guiacseb\/wp-json\/wp\/v2\/comments?post=255"}],"version-history":[{"count":3,"href":"https:\/\/sites.usp.br\/guiacseb\/wp-json\/wp\/v2\/pages\/255\/revisions"}],"predecessor-version":[{"id":393,"href":"https:\/\/sites.usp.br\/guiacseb\/wp-json\/wp\/v2\/pages\/255\/revisions\/393"}],"up":[{"embeddable":true,"href":"https:\/\/sites.usp.br\/guiacseb\/wp-json\/wp\/v2\/pages\/64"}],"wp:attachment":[{"href":"https:\/\/sites.usp.br\/guiacseb\/wp-json\/wp\/v2\/media?parent=255"}],"curies":[{"name":"wp","href":"https:\/\/api.w.org\/{rel}","templated":true}]}}