{"id":257,"date":"2021-04-19T17:10:48","date_gmt":"2021-04-19T20:10:48","guid":{"rendered":"https:\/\/sites.usp.br\/guiacseb\/?page_id=257"},"modified":"2021-04-22T17:37:43","modified_gmt":"2021-04-22T20:37:43","slug":"tabagismo","status":"publish","type":"page","link":"https:\/\/sites.usp.br\/guiacseb\/servicos\/tabagismo\/","title":{"rendered":"Tabagismo"},"content":{"rendered":"<div class=\"mYVXT\">\n<div class=\"LS81yb VICjCf\" tabindex=\"-1\">\n<div class=\"hJDwNd-AhqUyc-uQSCkd purZT-AhqUyc-II5mzb pSzOP-AhqUyc-qWD73c JNdkSc\">\n<div class=\"JNdkSc-SmKAyb\">\n<div class=\"\">\n<div class=\"oKdM2c Kzv0Me\">\n<div id=\"h.7b7b8d6ac0fee6cd_683\" class=\"hJDwNd-AhqUyc-uQSCkd jXK9ad D2fZ2 OjCsFc wHaque GNzUNc\">\n<div class=\"jXK9ad-SmKAyb\">\n<div class=\"tyJCtd mGzaTb baZpAe\">\n<p class=\"CDt4Ke zfr3Q\" dir=\"ltr\"><span class=\" aw5Odc\"><div class=\"su-divider su-divider-style-default\" style=\"margin:15px 0;border-width:3px;border-color:#999999\"><\/div><\/span><\/p>\n<p class=\"CDt4Ke zfr3Q\" dir=\"ltr\"><span class=\" aw5Odc\"><a class=\"XqQF9c\" href=\"http:\/\/www.google.com\/url?q=http%3A%2F%2Fwww.tabagismo.hu.usp.br&amp;sa=D&amp;sntz=1&amp;usg=AFQjCNELXVYhgGc7aDI4c_ecE7_YtSMpZA\" target=\"_blank\" rel=\"noopener noreferrer\"><strong>Grupo de Tratamento do Tabagismo do HU\/USP<\/strong><\/a><br \/>\n<\/span>Procure a enfermeira da UBAS, \u00e0s 2as. feiras &#8211; 9h00<br \/>\nInforma\u00e7\u00f5es: 3091-9311<\/p>\n<p class=\"CDt4Ke zfr3Q\" dir=\"ltr\"><strong><span class=\" aw5Odc\"><div class=\"su-divider su-divider-style-default\" style=\"margin:15px 0;border-width:3px;border-color:#999999\"><\/div><\/span><\/strong><\/p>\n<p class=\"CDt4Ke zfr3Q\" dir=\"ltr\"><strong>Disque Parar de Fumar &#8211; Minist\u00e9rio da Sa\u00fade<br \/>\n<\/strong>0800-7037033<\/p>\n<p dir=\"ltr\"><span class=\" aw5Odc\"><strong><div class=\"su-divider su-divider-style-default\" style=\"margin:15px 0;border-width:3px;border-color:#999999\"><\/div><\/strong><\/span><\/p>\n<p class=\"CDt4Ke zfr3Q\" dir=\"ltr\"><span class=\" aw5Odc\"><a class=\"XqQF9c\" href=\"https:\/\/drive.google.com\/file\/d\/1Y-ZNq4J-hJTCwjDANYKkZK-pvFOgvRkK\/view?usp=sharing\" target=\"_blank\" rel=\"noopener noreferrer\"><strong>Protocolo Cl\u00ednico e Diretrizes Terap\u00eauticas &#8211; Depend\u00eancia \u00e0 Nicotina. <\/strong><\/a><\/span><\/p>\n<p dir=\"ltr\"><span class=\" aw5Odc\"><strong><div class=\"su-divider su-divider-style-default\" style=\"margin:15px 0;border-width:3px;border-color:#999999\"><\/div><\/strong><\/span><\/p>\n<p class=\"CDt4Ke zfr3Q\" dir=\"ltr\"><span class=\" aw5Odc\"><a class=\"XqQF9c\" href=\"https:\/\/drive.google.com\/file\/d\/1-6T7SPzyp9FnXPTUTeWxGbcE1o6HkTrl\/view?usp=sharing\" target=\"_blank\" rel=\"noopener noreferrer\"><strong>Teste de Fagerstr\u00f6m para tabagismo<\/strong><\/a><\/span><\/p>\n<p dir=\"ltr\"><span class=\" aw5Odc\"><strong><div class=\"su-divider su-divider-style-default\" style=\"margin:15px 0;border-width:3px;border-color:#999999\"><\/div><\/strong><\/span><\/p>\n<\/div>\n<\/div>\n<\/div>\n<\/div>\n<\/div>\n<\/div>\n<\/div>\n<\/div>\n<\/div>\n","protected":false},"excerpt":{"rendered":"<p>Grupo de Tratamento do Tabagismo do HU\/USP Procure a enfermeira da UBAS, \u00e0s 2as. feiras &#8211; 9h00 Informa\u00e7\u00f5es: 3091-9311 Disque Parar de Fumar &#8211; Minist\u00e9rio da Sa\u00fade 0800-7037033 Protocolo Cl\u00ednico e Diretrizes Terap\u00eauticas &#8211; Depend\u00eancia \u00e0 Nicotina. Teste de Fagerstr\u00f6m para tabagismo<\/p>\n","protected":false},"author":22390,"featured_media":0,"parent":64,"menu_order":0,"comment_status":"closed","ping_status":"closed","template":"","meta":{"_monsterinsights_skip_tracking":false,"_monsterinsights_sitenote_active":false,"_monsterinsights_sitenote_note":"","_monsterinsights_sitenote_category":0,"footnotes":"","_links_to":"","_links_to_target":""},"class_list":["post-257","page","type-page","status-publish","hentry"],"_links":{"self":[{"href":"https:\/\/sites.usp.br\/guiacseb\/wp-json\/wp\/v2\/pages\/257","targetHints":{"allow":["GET"]}}],"collection":[{"href":"https:\/\/sites.usp.br\/guiacseb\/wp-json\/wp\/v2\/pages"}],"about":[{"href":"https:\/\/sites.usp.br\/guiacseb\/wp-json\/wp\/v2\/types\/page"}],"author":[{"embeddable":true,"href":"https:\/\/sites.usp.br\/guiacseb\/wp-json\/wp\/v2\/users\/22390"}],"replies":[{"embeddable":true,"href":"https:\/\/sites.usp.br\/guiacseb\/wp-json\/wp\/v2\/comments?post=257"}],"version-history":[{"count":2,"href":"https:\/\/sites.usp.br\/guiacseb\/wp-json\/wp\/v2\/pages\/257\/revisions"}],"predecessor-version":[{"id":394,"href":"https:\/\/sites.usp.br\/guiacseb\/wp-json\/wp\/v2\/pages\/257\/revisions\/394"}],"up":[{"embeddable":true,"href":"https:\/\/sites.usp.br\/guiacseb\/wp-json\/wp\/v2\/pages\/64"}],"wp:attachment":[{"href":"https:\/\/sites.usp.br\/guiacseb\/wp-json\/wp\/v2\/media?parent=257"}],"curies":[{"name":"wp","href":"https:\/\/api.w.org\/{rel}","templated":true}]}}