{"id":259,"date":"2021-04-19T17:12:29","date_gmt":"2021-04-19T20:12:29","guid":{"rendered":"https:\/\/sites.usp.br\/guiacseb\/?page_id=259"},"modified":"2023-02-01T14:10:40","modified_gmt":"2023-02-01T17:10:40","slug":"cferreira","status":"publish","type":"page","link":"https:\/\/sites.usp.br\/guiacseb\/servicos\/cferreira\/","title":{"rendered":"Clemente Ferreira"},"content":{"rendered":"<div class=\"mYVXT\">\n<div class=\"LS81yb VICjCf\" tabindex=\"-1\">\n<div class=\"hJDwNd-AhqUyc-uQSCkd purZT-AhqUyc-II5mzb pSzOP-AhqUyc-qWD73c JNdkSc\">\n<div class=\"JNdkSc-SmKAyb\">\n<div class=\"\">\n<div class=\"oKdM2c Kzv0Me\">\n<div id=\"h.7b7b8d6ac0fee6cd_671\" class=\"hJDwNd-AhqUyc-uQSCkd jXK9ad D2fZ2 OjCsFc wHaque GNzUNc\">\n<div class=\"jXK9ad-SmKAyb\">\n<div class=\"tyJCtd mGzaTb baZpAe\">\n<p class=\"CDt4Ke zfr3Q\" dir=\"ltr\"><strong><span class=\" aw5Odc\"><div class=\"su-divider su-divider-style-default\" style=\"margin:15px 0;border-width:3px;border-color:#999999\"><\/div><\/span><\/strong><\/p>\n<div class=\"mYVXT\">\n<div class=\"LS81yb VICjCf\" tabindex=\"-1\">\n<div class=\"hJDwNd-AhqUyc-uQSCkd purZT-AhqUyc-II5mzb pSzOP-AhqUyc-qWD73c JNdkSc\">\n<div class=\"JNdkSc-SmKAyb\">\n<div class=\"\">\n<div class=\"oKdM2c Kzv0Me\">\n<div id=\"h.7b7b8d6ac0fee6cd_675\" class=\"hJDwNd-AhqUyc-uQSCkd jXK9ad D2fZ2 OjCsFc wHaque GNzUNc\">\n<div class=\"jXK9ad-SmKAyb\">\n<div class=\"tyJCtd mGzaTb baZpAe\">\n<p class=\"CDt4Ke zfr3Q\" dir=\"ltr\"><strong>Crit\u00e9rios de encaminhamento para o Instituto Clemente Ferreira<\/strong><\/p>\n<p dir=\"ltr\"><div class=\"su-expand su-expand-collapsed su-expand-link-style-default\" data-height=\"0\"><div class=\"su-expand-content su-u-trim\" style=\"color:#333333;max-height:0px;overflow:hidden\">\n<ul class=\"n8H08c UVNKR\">\n<li class=\"TYR86d wXCUfe zfr3Q\" dir=\"ltr\">\n<p class=\"CDt4Ke zfr3Q\" dir=\"ltr\">Elucida\u00e7\u00e3o diagn\u00f3stica complexa (ex: casos com persist\u00eancia de baciloscopia e cultura negativas com quadro cl\u00ednico sugestivo);<\/p>\n<\/li>\n<li class=\"TYR86d wXCUfe zfr3Q\" dir=\"ltr\">\n<p class=\"CDt4Ke zfr3Q\" dir=\"ltr\">Avalia\u00e7\u00e3o de quimioprofilaxia para pacientes em uso de anti TNF alfa;<\/p>\n<\/li>\n<li class=\"TYR86d wXCUfe zfr3Q\" dir=\"ltr\">\n<p class=\"CDt4Ke zfr3Q\" dir=\"ltr\">Avalia\u00e7\u00e3o e estabelecimento de condutas frente aos casos de intera\u00e7\u00e3o de drogas, rea\u00e7\u00e3o adversa, intoler\u00e2ncia e hepatite medicamentosa;<\/p>\n<\/li>\n<li class=\"TYR86d wXCUfe zfr3Q\" dir=\"ltr\">\n<p class=\"CDt4Ke zfr3Q\" dir=\"ltr\">Institui\u00e7\u00e3o de tratamento e acompanhamento dos casos com monorresist\u00eancia ou poliressit\u00eancia (excluindo-se as regi\u00f5es que possuam refer\u00eancia secund\u00e1ria);<\/p>\n<\/li>\n<li class=\"TYR86d wXCUfe zfr3Q\" dir=\"ltr\">\n<p class=\"CDt4Ke zfr3Q\" dir=\"ltr\">Tratamento e acompanhamento das multirresist\u00eancias;<\/p>\n<\/li>\n<li class=\"TYR86d wXCUfe zfr3Q\" dir=\"ltr\">\n<p class=\"CDt4Ke zfr3Q\" dir=\"ltr\">Avalia\u00e7\u00e3o de MNT;<\/p>\n<\/li>\n<\/ul>\n<p class=\"CDt4Ke zfr3Q\" dir=\"ltr\">I- Agendamento:<\/p>\n<p class=\"CDt4Ke zfr3Q\" dir=\"ltr\">1- A Unidade que est\u00e1 acompanhando o doente dever\u00e1 preencher o impresso integralmente do \u201cRelat\u00f3rio de encaminhamento de casos de tuberculose\u201d (anexo).<\/p>\n<p class=\"CDt4Ke zfr3Q\" dir=\"ltr\">2- \u00c9 necess\u00e1rio acrescentar, al\u00e9m do nome completo sem abreviatura, a data de nascimento, o nome da m\u00e3e, RG com data de emiss\u00e3o e local da emiss\u00e3o, CPF, Cart\u00e3o SUS e endere\u00e7o completo com CEP e telefone de contato. Veja modelo em anexo. Estas informa\u00e7\u00f5es s\u00e3o necess\u00e1rias para o sistema informatizado de agendamento que a unidade implantou.<\/p>\n<p class=\"CDt4Ke zfr3Q\" dir=\"ltr\">3- Os resultados de exames, principalmente identifica\u00e7\u00e3o e teste de sensibilidade, dever\u00e3o ser passados por fax ou escaneados. O RX dever\u00e1 ser levado pelo paciente na consulta, assim como todos os outros exames realizados.<\/p>\n<p class=\"CDt4Ke zfr3Q\" dir=\"ltr\">4- A unidade n\u00e3o deve se esquecer de colocar tamb\u00e9m o nome da unidade, telefone e o nome de uma pessoa para contato.<\/p>\n<p class=\"CDt4Ke zfr3Q\" dir=\"ltr\">5- Passar por fax &#8211; 3218 8681 ou <strong>3218 8660<\/strong> <strong>ramal <\/strong> <strong>8681<\/strong>, ou por email &#8211; <span class=\" aw5Odc\"><a class=\"XqQF9c\" href=\"mailto:icf-diretoria@saude.sp.gov.br\" target=\"_blank\" rel=\"noopener noreferrer\"><strong>icf-diretoria@saude.sp.gov.br<\/strong><\/a><\/span> (ficha e resultados de exame escaneados). Para confirmar recebimento ligar nos telefones j\u00e1 citados ou 3218 8665.<\/p>\n<p class=\"CDt4Ke zfr3Q\" dir=\"ltr\">6- O ICF ligar\u00e1 (necessidade do contato e telefone da unidade) ou passar\u00e1 por email (no mesmo do encaminhamento) a data da consulta agendada, no dia seguinte \u00e0 solicita\u00e7\u00e3o.<\/p>\n<p class=\"CDt4Ke zfr3Q\" dir=\"ltr\">7- Os casos encaminhados que n\u00e3o seguirem estes passos ser\u00e3o prejudicados porque precisar\u00e3o fazer todos estes passos pessoalmente, e provavelmente o paciente precisar\u00e1 comparecer pelo menos 2 vezes at\u00e9 a consulta devido a demanda da unidade. Solicitamos \u00e0 unidade, portanto, fazer o encaminhamento adequado conforme descrito acima.<\/p>\n<p class=\"CDt4Ke zfr3Q\" dir=\"ltr\">Sempre que houver negativa por telefone, por qualquer que seja o motivo, solicita-se que o caso e a solicita\u00e7\u00e3o sejam feitas pelo email <span class=\" aw5Odc\"><a class=\"XqQF9c\" href=\"mailto:icf-diretoria@saude.sp.gov.br\" target=\"_blank\" rel=\"noopener noreferrer\"><strong>icf-diretoria@saude.sp.gov.br<\/strong><\/a><\/span> para que as dificuldades possam ser sanadas<strong>.<\/div><div class=\"su-expand-link su-expand-link-more\" style=\"text-align:left\"><a href=\"javascript:;\" style=\"color:#0088FF;border-color:#0088FF\"><span style=\"border-color:#0088FF\">Veja mais<\/span><\/a><\/div><div class=\"su-expand-link su-expand-link-less\" style=\"text-align:left\"><a href=\"javascript:;\" style=\"color:#0088FF;border-color:#0088FF\"><span style=\"border-color:#0088FF\">Veja menos<\/span><\/a><\/div><\/div><\/strong><\/p>\n<p dir=\"ltr\"><span class=\" aw5Odc\"><strong><div class=\"su-divider su-divider-style-default\" style=\"margin:15px 0;border-width:3px;border-color:#999999\"><\/div><\/strong><\/span><\/p>\n<\/div>\n<\/div>\n<\/div>\n<\/div>\n<\/div>\n<\/div>\n<\/div>\n<\/div>\n<\/div>\n<\/div>\n<\/div>\n<\/div>\n<\/div>\n<\/div>\n<\/div>\n<\/div>\n<\/div>\n<\/div>\n","protected":false},"excerpt":{"rendered":"<p>Crit\u00e9rios de encaminhamento para o Instituto Clemente Ferreira<\/p>\n","protected":false},"author":22390,"featured_media":0,"parent":64,"menu_order":0,"comment_status":"closed","ping_status":"closed","template":"","meta":{"_monsterinsights_skip_tracking":false,"_monsterinsights_sitenote_active":false,"_monsterinsights_sitenote_note":"","_monsterinsights_sitenote_category":0,"footnotes":"","_links_to":"","_links_to_target":""},"class_list":["post-259","page","type-page","status-publish","hentry"],"_links":{"self":[{"href":"https:\/\/sites.usp.br\/guiacseb\/wp-json\/wp\/v2\/pages\/259","targetHints":{"allow":["GET"]}}],"collection":[{"href":"https:\/\/sites.usp.br\/guiacseb\/wp-json\/wp\/v2\/pages"}],"about":[{"href":"https:\/\/sites.usp.br\/guiacseb\/wp-json\/wp\/v2\/types\/page"}],"author":[{"embeddable":true,"href":"https:\/\/sites.usp.br\/guiacseb\/wp-json\/wp\/v2\/users\/22390"}],"replies":[{"embeddable":true,"href":"https:\/\/sites.usp.br\/guiacseb\/wp-json\/wp\/v2\/comments?post=259"}],"version-history":[{"count":3,"href":"https:\/\/sites.usp.br\/guiacseb\/wp-json\/wp\/v2\/pages\/259\/revisions"}],"predecessor-version":[{"id":912,"href":"https:\/\/sites.usp.br\/guiacseb\/wp-json\/wp\/v2\/pages\/259\/revisions\/912"}],"up":[{"embeddable":true,"href":"https:\/\/sites.usp.br\/guiacseb\/wp-json\/wp\/v2\/pages\/64"}],"wp:attachment":[{"href":"https:\/\/sites.usp.br\/guiacseb\/wp-json\/wp\/v2\/media?parent=259"}],"curies":[{"name":"wp","href":"https:\/\/api.w.org\/{rel}","templated":true}]}}