{"id":296,"date":"2021-04-22T09:03:21","date_gmt":"2021-04-22T12:03:21","guid":{"rendered":"https:\/\/sites.usp.br\/guiacseb\/?page_id=296"},"modified":"2021-08-09T16:44:57","modified_gmt":"2021-08-09T19:44:57","slug":"transporte","status":"publish","type":"page","link":"https:\/\/sites.usp.br\/guiacseb\/cidadania\/transporte\/","title":{"rendered":"Transporte"},"content":{"rendered":"<div class=\"mYVXT\">\n<div class=\"LS81yb VICjCf\" tabindex=\"-1\">\n<div class=\"hJDwNd-AhqUyc-uQSCkd purZT-AhqUyc-II5mzb pSzOP-AhqUyc-qWD73c JNdkSc\">\n<div class=\"JNdkSc-SmKAyb\">\n<div class=\"\">\n<div class=\"oKdM2c Kzv0Me\">\n<div id=\"h.7b7b8d6ac0fee6cd_499\" class=\"hJDwNd-AhqUyc-uQSCkd jXK9ad D2fZ2 OjCsFc wHaque GNzUNc\">\n<div class=\"jXK9ad-SmKAyb\">\n<div class=\"tyJCtd mGzaTb baZpAe\">\n<p dir=\"ltr\"><div class=\"su-divider su-divider-style-default\" style=\"margin:15px 0;border-width:3px;border-color:#999999\"><\/div>\n<p class=\"CDt4Ke zfr3Q\" dir=\"ltr\"><span class=\" aw5Odc\"><a class=\"XqQF9c\" href=\"http:\/\/www.google.com\/url?q=http%3A%2F%2Fportal.transportes.gov.br%2Fpasselivre%2F&amp;sa=D&amp;sntz=1&amp;usg=AFQjCNEf1lYGW8ON-ztgkLfk6phvQ_IOIQ\" target=\"_blank\" rel=\"noopener\"><strong>PASSE LIVRE<\/strong><\/a><br \/>\n<\/span>Minist\u00e9rio dos Transportes<br \/>\nIsen\u00e7\u00e3o de tarifa em viagens interestaduais, para portadores de defici\u00eancias<\/p>\n<p dir=\"ltr\"><div class=\"su-divider su-divider-style-default\" style=\"margin:15px 0;border-width:3px;border-color:#999999\"><\/div>\n<p class=\"CDt4Ke zfr3Q\" dir=\"ltr\"><span class=\" aw5Odc\"><a class=\"XqQF9c\" href=\"http:\/\/www.google.com\/url?q=http%3A%2F%2Fwww.sptrans.com.br%2Fpassageiros_especiais%2Fatende.aspx&amp;sa=D&amp;sntz=1&amp;usg=AFQjCNHBSmrzNpF7qpCwRtiaAhRxBWbUtQ\" target=\"_blank\" rel=\"noopener\"><strong>ATENDE SP<\/strong><\/a><br \/>\n<\/span>Hor\u00e1rio das 7h \u00e0s 20h, de segunda-feira a domingo.<br \/>\nO atendimento \u00e9 prestado a clientes cadastrados, com uma programa\u00e7\u00e3o pr\u00e9-agendada de viagens.<br \/>\nDestina-se, exclusivamente, \u00e0s pessoas com <strong>defici\u00eancia f\u00edsica e mobilidade altamente reduzida<\/strong>, associada ou n\u00e3o a outra defici\u00eancia, que n\u00e3o tenham condi\u00e7\u00f5es de se locomover com autonomia nos demais meios de transportes coletivos. Pessoas que apresentem doen\u00e7as como, Insufici\u00eancia Renal Cr\u00f4nica, Diabetes, C\u00e2ncer, Aids, Obesidade M\u00f3rbida, bem como defici\u00eancias mentais, visuais e auditivas, se n\u00e3o estiverem associadas \u00e0 defici\u00eancia motora com comprometimento severo da mobilidade, n\u00e3o s\u00e3o caracterizadas com o perfil previsto para utilizar o benef\u00edcio, segundo a legisla\u00e7\u00e3o e regulamento do Servi\u00e7o.<\/p>\n<p dir=\"ltr\"><a href=\"https:\/\/sites.usp.br\/guiacseb\/servicos\/atende\/\">Veja mais<\/a><\/p>\n<p class=\"CDt4Ke zfr3Q\" dir=\"ltr\"><div class=\"su-divider su-divider-style-default\" style=\"margin:15px 0;border-width:3px;border-color:#999999\"><\/div>\n<p class=\"CDt4Ke zfr3Q\" dir=\"ltr\">PESSOAS COM DEFICI\u00caNCIA<\/p>\n<p class=\"CDt4Ke zfr3Q\" dir=\"ltr\"><span class=\" aw5Odc\"><a class=\"XqQF9c\" href=\"http:\/\/www.google.com\/url?q=http%3A%2F%2Fwww.sptrans.com.br%2FDeficiente%2FDefault.aspx&amp;sa=D&amp;sntz=1&amp;usg=AFQjCNGSFv1PKSs7vm_P6UbHOGzahMQ7vg\" target=\"_blank\" rel=\"noopener\"><strong>SP-TRANS<\/strong><\/a><\/span><\/p>\n<p class=\"CDt4Ke zfr3Q\" dir=\"ltr\"><span class=\" aw5Odc\"><a class=\"XqQF9c\" href=\"http:\/\/www.google.com\/url?q=http%3A%2F%2Fwww.emtu.sp.gov.br%2Femtu%2Fbilhetes-e-cartoes%2Fsao-paulo%2Fcartao-bom-especial.fss&amp;sa=D&amp;sntz=1&amp;usg=AFQjCNGWYBaQSGCj-n0YAXqZ9TjPUQJzCw\" target=\"_blank\" rel=\"noopener\"><strong>EMTU<\/strong><\/a><\/span><\/p>\n<p class=\"CDt4Ke zfr3Q\" dir=\"ltr\">\u00c9 um benef\u00edcio institu\u00eddo pelo munic\u00edpio de S\u00e3o Paulo.<\/p>\n<p class=\"CDt4Ke zfr3Q\" dir=\"ltr\">O objetivo \u00e9 oferecer melhores condi\u00e7\u00f5es de deslocamento das pessoas com defici\u00eancia, incentivando-as a participarem das atividades sociais e a contribu\u00edrem com o desenvolvimento da sociedade.<\/p>\n<p dir=\"ltr\"><div class=\"su-divider su-divider-style-default\" style=\"margin:15px 0;border-width:3px;border-color:#999999\"><\/div>\n<\/div>\n<\/div>\n<\/div>\n<\/div>\n<\/div>\n<\/div>\n<\/div>\n<\/div>\n<\/div>\n","protected":false},"excerpt":{"rendered":"<p>PASSE LIVRE Minist\u00e9rio dos Transportes Isen\u00e7\u00e3o de tarifa em viagens interestaduais, para portadores de defici\u00eancias ATENDE SP Hor\u00e1rio das 7h \u00e0s 20h, de segunda-feira a domingo. O atendimento \u00e9 prestado a clientes cadastrados, com uma programa\u00e7\u00e3o pr\u00e9-agendada de viagens. Destina-se, exclusivamente, \u00e0s pessoas com defici\u00eancia f\u00edsica e mobilidade altamente reduzida, associada ou n\u00e3o a outra [&hellip;]<\/p>\n","protected":false},"author":22390,"featured_media":0,"parent":62,"menu_order":0,"comment_status":"closed","ping_status":"closed","template":"","meta":{"_monsterinsights_skip_tracking":false,"_monsterinsights_sitenote_active":false,"_monsterinsights_sitenote_note":"","_monsterinsights_sitenote_category":0,"footnotes":"","_links_to":"","_links_to_target":""},"class_list":["post-296","page","type-page","status-publish","hentry"],"_links":{"self":[{"href":"https:\/\/sites.usp.br\/guiacseb\/wp-json\/wp\/v2\/pages\/296","targetHints":{"allow":["GET"]}}],"collection":[{"href":"https:\/\/sites.usp.br\/guiacseb\/wp-json\/wp\/v2\/pages"}],"about":[{"href":"https:\/\/sites.usp.br\/guiacseb\/wp-json\/wp\/v2\/types\/page"}],"author":[{"embeddable":true,"href":"https:\/\/sites.usp.br\/guiacseb\/wp-json\/wp\/v2\/users\/22390"}],"replies":[{"embeddable":true,"href":"https:\/\/sites.usp.br\/guiacseb\/wp-json\/wp\/v2\/comments?post=296"}],"version-history":[{"count":3,"href":"https:\/\/sites.usp.br\/guiacseb\/wp-json\/wp\/v2\/pages\/296\/revisions"}],"predecessor-version":[{"id":653,"href":"https:\/\/sites.usp.br\/guiacseb\/wp-json\/wp\/v2\/pages\/296\/revisions\/653"}],"up":[{"embeddable":true,"href":"https:\/\/sites.usp.br\/guiacseb\/wp-json\/wp\/v2\/pages\/62"}],"wp:attachment":[{"href":"https:\/\/sites.usp.br\/guiacseb\/wp-json\/wp\/v2\/media?parent=296"}],"curies":[{"name":"wp","href":"https:\/\/api.w.org\/{rel}","templated":true}]}}