{"id":298,"date":"2021-04-22T09:03:56","date_gmt":"2021-04-22T12:03:56","guid":{"rendered":"https:\/\/sites.usp.br\/guiacseb\/?page_id=298"},"modified":"2026-02-05T09:17:21","modified_gmt":"2026-02-05T12:17:21","slug":"trabalho","status":"publish","type":"page","link":"https:\/\/sites.usp.br\/guiacseb\/cidadania\/trabalho\/","title":{"rendered":"Trabalho"},"content":{"rendered":"<div class=\"mYVXT\">\n<div class=\"LS81yb VICjCf\" tabindex=\"-1\">\n<div class=\"hJDwNd-AhqUyc-uQSCkd purZT-AhqUyc-II5mzb pSzOP-AhqUyc-qWD73c JNdkSc\">\n<div class=\"JNdkSc-SmKAyb\">\n<div class=\"\">\n<div class=\"oKdM2c Kzv0Me\">\n<div id=\"h.7b7b8d6ac0fee6cd_491\" class=\"hJDwNd-AhqUyc-uQSCkd jXK9ad D2fZ2 OjCsFc wHaque GNzUNc\">\n<div class=\"jXK9ad-SmKAyb\">\n<div class=\"tyJCtd mGzaTb baZpAe\">\n<p class=\"CDt4Ke zfr3Q\" dir=\"ltr\"><div class=\"su-divider su-divider-style-default\" style=\"margin:15px 0;border-width:3px;border-color:#999999\"><\/div>\n<\/div>\n<\/div>\n<\/div>\n<p class=\"CDt4Ke zfr3Q\" dir=\"ltr\"><span class=\" aw5Odc\"><a class=\"XqQF9c\" href=\"https:\/\/prefeitura.sp.gov.br\/web\/desenvolvimento\/w\/espaco_do_trabalhador\/220248\" target=\"_blank\" rel=\"noopener\"><strong>Centro de Apoio ao Trabalho e Empreendedorismo (CATE)<\/strong><\/a><\/span><\/p>\n<p class=\"CDt4Ke zfr3Q\" dir=\"ltr\"><span class=\" aw5Odc\"><div class=\"su-expand su-expand-collapsed su-expand-link-style-default\" data-height=\"100\"><div class=\"su-expand-content su-u-trim\" style=\"color:#333333;max-height:100px;overflow:hidden\"><\/span><\/p>\n<p class=\"CDt4Ke zfr3Q\" dir=\"ltr\">O CATE (Centro de Apoio ao Trabalho e Empreendedorismo) \u00e9 um servi\u00e7o da Secretaria Municipal de Desenvolvimento Econ\u00f4mico e Trabalho da Prefeitura de S\u00e3o Paulo voltado a quem procura emprego ou quer se capacitar.<\/p>\n<p>Principais servi\u00e7os oferecidos ao cidad\u00e3o:<\/p>\n<ul>\n<li>Intermedia\u00e7\u00e3o de M\u00e3o de obra;<\/li>\n<li>Habita\u00e7\u00e3o ao Seguro desemprego;<\/li>\n<li>Orienta\u00e7\u00f5es sobre Carteira de Trabalho digital;<\/li>\n<li>Elabora\u00e7\u00e3o de curr\u00edculos;<\/li>\n<li>Cursos de qualifica\u00e7\u00e3o.<\/li>\n<\/ul>\n<p class=\"CDt4Ke zfr3Q\" dir=\"ltr\">Documentos necess\u00e1rios: RG, CPF, Carteira de Trabalho e PIS\/PASEP\/NIS\/NIT.<\/p>\n<p><a href=\"https:\/\/capital.sp.gov.br\/web\/desenvolvimento\/w\/espaco_do_trabalhador\/220255\"><strong>Endere\u00e7os do Cate<\/strong><\/a><\/p>\n<p>As unidades atendem de segunda-feira a sexta-feira, das 8h \u00e0s 17h.<\/p>\n<ul>\n<li>Cate Butant\u00e3 &#8211; Rua Doutor Ulpiano da Costa Manso, 201 \u2013 Jd. Peri (Descomplica SP)<\/li>\n<li>Cate Pinheiros &#8211; Avenida Dra. Ruth Cardoso, 7123 (Descomplica SP)<\/li>\n<li>Cate Lapa &#8211; Rua Guaicurus, 1000 \u2013 \u00c1gua Branca (Descomplica SP)<\/li>\n<li>Cate Pinheirinho D&#8217;agua &#8211; Rua Camillo Zanotti (CEU)<\/li>\n<\/ul>\n<p>Para agendamento de atendimento nas unidades do Cate no Descomplica SP, acesse: <a href=\"https:\/\/agendadesc.prefeitura.sp.gov.br\/agendamento\/\">Descomplica SP.<\/a><\/p>\n<p>Mais informa\u00e7\u00f5es, <a href=\"https:\/\/prefeitura.sp.gov.br\/web\/desenvolvimento\/w\/espaco_do_trabalhador\/220248\">clique aqui.<\/a><\/p>\n<p><a href=\"https:\/\/cate.prefeitura.sp.gov.br\/\">Clique aqui para acessar o site do CATE.<\/a><\/p>\n<p class=\"CDt4Ke zfr3Q\" dir=\"ltr\">Data de atualiza\u00e7\u00e3o: 04\/02\/2026<\/p>\n<p><span class=\" aw5Odc\"> <\/div><div class=\"su-expand-link su-expand-link-more\" style=\"text-align:left\"><a href=\"javascript:;\" style=\"color:#0088FF;border-color:#0088FF\"><span style=\"border-color:#0088FF\">Veja mais<\/span><\/a><\/div><div class=\"su-expand-link su-expand-link-less\" style=\"text-align:left\"><a href=\"javascript:;\" style=\"color:#0088FF;border-color:#0088FF\"><span style=\"border-color:#0088FF\">Veja menos<\/span><\/a><\/div><\/div><\/span><\/p>\n<\/div>\n<div id=\"h.7b7b8d6ac0fee6cd_491\" class=\"hJDwNd-AhqUyc-uQSCkd jXK9ad D2fZ2 OjCsFc wHaque GNzUNc\">\n<div class=\"jXK9ad-SmKAyb\">\n<div class=\"tyJCtd mGzaTb baZpAe\">\n<p class=\"CDt4Ke zfr3Q\" dir=\"ltr\"><div class=\"su-divider su-divider-style-default\" style=\"margin:15px 0;border-width:3px;border-color:#999999\"><\/div>\n<\/div>\n<\/div>\n<\/div>\n<p class=\"CDt4Ke zfr3Q\" dir=\"ltr\"><span class=\" aw5Odc\"><a class=\"XqQF9c\" href=\"https:\/\/prefeitura.sp.gov.br\/web\/saude\/w\/vigilancia_em_saude\/saude_do_trabalhador\/crst\" target=\"_blank\" rel=\"noopener\"><strong>Centros de Refer\u00eancia de Sa\u00fade do Trabalhador (CRST)<\/strong><\/a><\/span><\/p>\n<p class=\"CDt4Ke zfr3Q\" dir=\"ltr\"><span class=\" aw5Odc\"><div class=\"su-expand su-expand-collapsed su-expand-link-style-default\" data-height=\"100\"><div class=\"su-expand-content su-u-trim\" style=\"color:#333333;max-height:100px;overflow:hidden\"> <\/span>Os Centros de Refer\u00eancia em Sa\u00fade do Trabalhador (CRST) promovem a\u00e7\u00f5es para melhorar as condi\u00e7\u00f5es de trabalho e a qualidade de vida do trabalhador por meio da preven\u00e7\u00e3o e vigil\u00e2ncia. Atualmente temos no Munic\u00edpio de S\u00e3o Paulo 6 Centros de Refer\u00eancia em Sa\u00fade do Trabalhador, um CRST por Coordenadoria Regional de Sa\u00fade.<\/p>\n<p><a href=\"https:\/\/prefeitura.sp.gov.br\/web\/saude\/w\/vigilancia_em_saude\/saude_do_trabalhador\/crst\"><span style=\"font-weight: 400\">Unidade mais pr\u00f3xima:<\/span><\/a><\/p>\n<p><b>CRST Lapa<\/b><\/p>\n<p><span style=\"font-weight: 400\">De segunda a sexta-feira, das 7h \u00e0s 19h.<br \/>\nRua Bar\u00e3o do Bananal, 1301- Pomp\u00e9ia<br \/>\nTel: (11) 5239 \u2013 0175<br \/>\nEmail: crstlapa@prefeitura.sp.gov.br <\/span><\/div><div class=\"su-expand-link su-expand-link-more\" style=\"text-align:left\"><a href=\"javascript:;\" style=\"color:#0088FF;border-color:#0088FF\"><span style=\"border-color:#0088FF\">Veja mais<\/span><\/a><\/div><div class=\"su-expand-link su-expand-link-less\" style=\"text-align:left\"><a href=\"javascript:;\" style=\"color:#0088FF;border-color:#0088FF\"><span style=\"border-color:#0088FF\">Veja menos<\/span><\/a><\/div><\/div>\n<div id=\"h.7b7b8d6ac0fee6cd_491\" class=\"hJDwNd-AhqUyc-uQSCkd jXK9ad D2fZ2 OjCsFc wHaque GNzUNc\">\n<div class=\"jXK9ad-SmKAyb\">\n<div id=\"h.7b7b8d6ac0fee6cd_491\" class=\"hJDwNd-AhqUyc-uQSCkd jXK9ad D2fZ2 OjCsFc wHaque GNzUNc\">\n<div class=\"jXK9ad-SmKAyb\">\n<div class=\"tyJCtd mGzaTb baZpAe\">\n<p class=\"CDt4Ke zfr3Q\" dir=\"ltr\"><div class=\"su-divider su-divider-style-default\" style=\"margin:15px 0;border-width:3px;border-color:#999999\"><\/div>\n<\/div>\n<\/div>\n<\/div>\n<p class=\"CDt4Ke zfr3Q\" dir=\"ltr\"><a href=\"https:\/\/prefeitura.sp.gov.br\/web\/saude\/w\/vigilancia_em_saude\/saude_do_trabalhador\/crst\"><b>Outros equipamentos<\/b><\/a><\/p>\n<p class=\"CDt4Ke zfr3Q\" dir=\"ltr\"><span class=\" aw5Odc\"><div class=\"su-expand su-expand-collapsed su-expand-link-style-default\" data-height=\"100\"><div class=\"su-expand-content su-u-trim\" style=\"color:#333333;max-height:100px;overflow:hidden\"><\/span> FUNDACENTRO \u2013 Funda\u00e7\u00e3o Eduardo Duprat Figueiredo de Seguran\u00e7a e Medicina do Trabalho<br \/>\nRua Capote Valente, 710<br \/>\nTel: 3066-6000<\/p>\n<\/div>\n<\/div>\n<\/div>\n<\/div>\n<\/div>\n<\/div>\n<\/div>\n<p>COGESS \u2013 Coordena\u00e7\u00e3o de Gest\u00e3o de Sa\u00fade do Servidor<br \/>\nRua Boa Vista, 280 \u2013 Centro<br \/>\nsmg-cogess@prefeitura.sp.gov.br<\/p>\n<p>MTE \u2013 Minist\u00e9rio do Trabalho e Emprego.<br \/>\nRua Martins Fontes, 109, Centro<br \/>\nTel: 3150-8168<\/p>\n<p>Minist\u00e9rio P\u00fablico do Trabalho MPT &#8211; Procuradoria Regional de S\u00e3o Paulo \u2013 PRT2<br \/>\nRua Cubat\u00e3o, 322, Para\u00edso, S\u00e3o Paulo\/SP<br \/>\nCEP: 04013-001<br \/>\nTel: 3246-7000<\/p>\n<\/div><div class=\"su-expand-link su-expand-link-more\" style=\"text-align:left\"><a href=\"javascript:;\" style=\"color:#0088FF;border-color:#0088FF\"><span style=\"border-color:#0088FF\">Veja mais<\/span><\/a><\/div><div class=\"su-expand-link su-expand-link-less\" style=\"text-align:left\"><a href=\"javascript:;\" style=\"color:#0088FF;border-color:#0088FF\"><span style=\"border-color:#0088FF\">Veja menos<\/span><\/a><\/div><\/div>\n<div class=\"su-divider su-divider-style-default\" style=\"margin:15px 0;border-width:3px;border-color:#999999\"><\/div>\n<p><strong>Programas e iniciativas da Prefeitura de S\u00e3o Paulo<\/strong><\/p>\n<p><span class=\" aw5Odc\"><div class=\"su-expand su-expand-collapsed su-expand-link-style-default\" data-height=\"100\"><div class=\"su-expand-content su-u-trim\" style=\"color:#333333;max-height:100px;overflow:hidden\"><\/div><div class=\"su-expand-link su-expand-link-more\" style=\"text-align:left\"><a href=\"javascript:;\" style=\"color:#0088FF;border-color:#0088FF\"><span style=\"border-color:#0088FF\">Veja mais<\/span><\/a><\/div><div class=\"su-expand-link su-expand-link-less\" style=\"text-align:left\"><a href=\"javascript:;\" style=\"color:#0088FF;border-color:#0088FF\"><span style=\"border-color:#0088FF\">Veja menos<\/span><\/a><\/div><\/div><\/span><\/p>\n<ul>\n<li><strong>Programa Opera\u00e7\u00e3o Trabalho (POT)<\/strong> tem como objetivo conceder aten\u00e7\u00e3o especial ao trabalhador desempregado, residente no munic\u00edpio de S\u00e3o Paulo, pertencente a fam\u00edlia de baixa renda, visando estimul\u00e1-lo \u00e0 busca de ocupa\u00e7\u00e3o, bem como \u00e0 sua reinser\u00e7\u00e3o no mercado de trabalho.Requisitos legais para participar do POT:\n<p>\u2022 Ter mais de 18 anos;<br \/>\n\u2022 Morar na cidade de S\u00e3o Paulo;<br \/>\n\u2022 Estar desempregado h\u00e1 mais de seis meses e n\u00e3o receber benef\u00edcios como seguro-desemprego, FGTS, entre outros;<br \/>\n\u2022 Renda familiar igual ou inferior a 1 (um) sal\u00e1rio m\u00ednimo por pessoa da fam\u00edlia.<\/p>\n<p>Valor do aux\u00edlio pecuni\u00e1rio mensal: R$ 1.593,90 &#8211; 30 horas semanais (6 horas di\u00e1rias)<br \/>\nValor do aux\u00edlio pecuni\u00e1rio mensal: R$ 1.062,54 &#8211; 20 horas semanais (4 horas di\u00e1rias)<\/p>\n<p><strong>Unidades:<\/strong><br \/>\n<strong>Centro POT (Regi\u00f5es central e sul)<\/strong><br \/>\nRua L\u00edbero Badar\u00f3, 461 \u2013 Centro<br \/>\nRua Izabel Schmidt, 187 \u2013 Santo Amaro<br \/>\nTelefone: 11- 95876-1887<\/p>\n<p><strong>Centro POT (Regi\u00f5es norte e leste)<\/strong><br \/>\nRua Le\u00e3o XIII, 202 \u2013 Jardim S\u00e3o Bento<br \/>\nRua Fontoura Xavier 298 \u2013 Itaquera<br \/>\nTelefones: 11-3225-9189 \/ 11-97559-7077<\/p>\n<p><strong>Centro POT Reden\u00e7\u00e3o (Regi\u00e3o sul)<\/strong><br \/>\nRua Jos\u00e9 dos Santos Junior 563 &#8211; Campo Belo<br \/>\nTelefone: 11 912742294<\/li>\n<li>Programa<\/li>\n<\/ul>\n","protected":false},"excerpt":{"rendered":"<p>Centro de Apoio ao Trabalho e Empreendedorismo (CATE) Centros de Refer\u00eancia de Sa\u00fade do Trabalhador (CRST) Outros equipamentos Programas e iniciativas da Prefeitura de S\u00e3o Paulo Programa Opera\u00e7\u00e3o Trabalho (POT) tem como objetivo conceder aten\u00e7\u00e3o especial ao trabalhador desempregado, residente no munic\u00edpio de S\u00e3o Paulo, pertencente a fam\u00edlia de baixa renda, visando estimul\u00e1-lo \u00e0 busca [&hellip;]<\/p>\n","protected":false},"author":22390,"featured_media":0,"parent":62,"menu_order":0,"comment_status":"closed","ping_status":"closed","template":"","meta":{"_monsterinsights_skip_tracking":false,"_monsterinsights_sitenote_active":false,"_monsterinsights_sitenote_note":"","_monsterinsights_sitenote_category":0,"footnotes":"","_links_to":"","_links_to_target":""},"class_list":["post-298","page","type-page","status-publish","hentry"],"_links":{"self":[{"href":"https:\/\/sites.usp.br\/guiacseb\/wp-json\/wp\/v2\/pages\/298","targetHints":{"allow":["GET"]}}],"collection":[{"href":"https:\/\/sites.usp.br\/guiacseb\/wp-json\/wp\/v2\/pages"}],"about":[{"href":"https:\/\/sites.usp.br\/guiacseb\/wp-json\/wp\/v2\/types\/page"}],"author":[{"embeddable":true,"href":"https:\/\/sites.usp.br\/guiacseb\/wp-json\/wp\/v2\/users\/22390"}],"replies":[{"embeddable":true,"href":"https:\/\/sites.usp.br\/guiacseb\/wp-json\/wp\/v2\/comments?post=298"}],"version-history":[{"count":5,"href":"https:\/\/sites.usp.br\/guiacseb\/wp-json\/wp\/v2\/pages\/298\/revisions"}],"predecessor-version":[{"id":1489,"href":"https:\/\/sites.usp.br\/guiacseb\/wp-json\/wp\/v2\/pages\/298\/revisions\/1489"}],"up":[{"embeddable":true,"href":"https:\/\/sites.usp.br\/guiacseb\/wp-json\/wp\/v2\/pages\/62"}],"wp:attachment":[{"href":"https:\/\/sites.usp.br\/guiacseb\/wp-json\/wp\/v2\/media?parent=298"}],"curies":[{"name":"wp","href":"https:\/\/api.w.org\/{rel}","templated":true}]}}