{"id":304,"date":"2021-04-22T09:06:15","date_gmt":"2021-04-22T12:06:15","guid":{"rendered":"https:\/\/sites.usp.br\/guiacseb\/?page_id=304"},"modified":"2021-04-22T12:45:11","modified_gmt":"2021-04-22T15:45:11","slug":"educacao","status":"publish","type":"page","link":"https:\/\/sites.usp.br\/guiacseb\/cidadania\/educacao\/","title":{"rendered":"Educa\u00e7\u00e3o"},"content":{"rendered":"<section id=\"h.7b7b8d6ac0fee6cd_382\" class=\"yaqOZd\">\n<div class=\"mYVXT\">\n<div class=\"LS81yb VICjCf\" tabindex=\"-1\">\n<div class=\"hJDwNd-AhqUyc-uQSCkd purZT-AhqUyc-II5mzb pSzOP-AhqUyc-qWD73c JNdkSc\">\n<div class=\"JNdkSc-SmKAyb\">\n<div class=\"\">\n<div class=\"oKdM2c Kzv0Me\">\n<div id=\"h.7b7b8d6ac0fee6cd_385\" class=\"hJDwNd-AhqUyc-uQSCkd jXK9ad D2fZ2 OjCsFc wHaque GNzUNc\">\n<div class=\"jXK9ad-SmKAyb\">\n<div class=\"tyJCtd mGzaTb baZpAe\">\n<p class=\"CDt4Ke zfr3Q\" dir=\"ltr\"><div class=\"su-divider su-divider-style-default\" style=\"margin:15px 0;border-width:3px;border-color:#999999\"><\/div>\n<p class=\"CDt4Ke zfr3Q\" dir=\"ltr\"><strong>Coordenadoria de Educa\u00e7\u00e3o do Butant\u00e3<br \/>\n<\/strong>Endere\u00e7o: Rua Aem Abdala Azem, 564 \/ 574 &#8211; Jardim Bonfiglioli<br \/>\nTelefone: 3397-8400 \/ 3397-8404 \/ 3397-8422 \/ 3397-8411\/ 3397-8419<br \/>\nE-mail: smedrebutantaadm@prefeitura.sp.gov.br<br \/>\nData da atualiza\u00e7\u00e3o: 10\/05\/2013<\/p>\n<p dir=\"ltr\"><div class=\"su-divider su-divider-style-default\" style=\"margin:15px 0;border-width:3px;border-color:#999999\"><\/div>\n<p class=\"CDt4Ke zfr3Q\" dir=\"ltr\"><strong>Diretoria de Ensino Centro-Oeste<br \/>\n<\/strong>Endere\u00e7o: Rua Dr. Paulo Vieira, 257 &#8211; Perdizes<br \/>\nTelefone: 3866-3510<br \/>\nData de atualiza\u00e7\u00e3o: 19\/04\/2013<\/p>\n<p dir=\"ltr\"><div class=\"su-divider su-divider-style-default\" style=\"margin:15px 0;border-width:3px;border-color:#999999\"><\/div>\n<p class=\"CDt4Ke zfr3Q\" dir=\"ltr\"><strong>CEUs (Centro Educacional Unificado)<\/strong><\/p>\n<p class=\"CDt4Ke zfr3Q\" dir=\"ltr\"><strong><a href=\"http:\/\/portal.sme.prefeitura.sp.gov.br\/CEU-Jaguare\" target=\"_blank\" rel=\"noopener\">CEU Jaguar\u00e9<\/a><br \/>\n<\/strong>Endere\u00e7o: Av. Kenkiti Simomoto, 80 &#8211; Jaguar\u00e9<br \/>\nTelefones: (11) 3719 2343 \/ 3719 2250<br \/>\nE-mail: smeceujaguare@prefeitura.sp.gov.br<br \/>\nHor\u00e1rio de Funcionamento: 2\u00aa a 6\u00aa feira das 7hs \u00e0s 23hs.<br \/>\nFinal de semana e feriado das 8hs \u00e0s 20hs<\/p>\n<p class=\"CDt4Ke zfr3Q\" dir=\"ltr\"><strong><a href=\"http:\/\/portal.sme.prefeitura.sp.gov.br\/Main\/Page\/PortalSMESP\/CEU-Butanta-1\" target=\"_blank\" rel=\"noopener\">CEU Butant\u00e3<\/a><br \/>\n<\/strong>Endere\u00e7o: Av. Engenheiro Heitor Antonio Eiras Garcia, 1870 \u2013 Butant\u00e3<br \/>\nTelefone: (11) 3732-4500<br \/>\nE-mail: <span class=\" aw5Odc\"><a class=\"XqQF9c\" href=\"mailto:smeceubutanta@prefeitura.sp.gov.br\" target=\"_blank\" rel=\"noopener\"><strong>smeceubutanta@prefeitura.sp.gov.br<\/strong><\/a><br \/>\n<\/span>Hor\u00e1rio de Funcionamento: 2\u00aa a 6\u00aa feira das 7hs \u00e0s 22hs.<br \/>\nFinal de semana e feriado das 8hs \u00e0s 20hs<\/p>\n<p dir=\"ltr\"><div class=\"su-divider su-divider-style-default\" style=\"margin:15px 0;border-width:3px;border-color:#999999\"><\/div>\n<p class=\"CDt4Ke zfr3Q\" dir=\"ltr\"><strong>ETEC &#8211; Escola T\u00e9cnica Estadual<br \/>\n<\/strong>Central de Informa\u00e7\u00f5es: 3471-4071<br \/>\n<span class=\" aw5Odc\"><a class=\"XqQF9c\" href=\"http:\/\/www.google.com\/url?q=http%3A%2F%2Fwww.vestibulinhoetec.com.br%2F&amp;sa=D&amp;sntz=1&amp;usg=AFQjCNHokvkpF_5trtUp_FZGEvgYuCM7Qw\" target=\"_blank\" rel=\"noopener\"><strong>www.vestibulinhoetec.com.br<\/strong><\/a><\/span><div class=\"su-expand su-expand-collapsed su-expand-link-style-default\" data-height=\"0\"><div class=\"su-expand-content su-u-trim\" style=\"color:#333333;max-height:0px;overflow:hidden\">\n<strong><a href=\"http:\/\/www.etecalberteinstein.com\" target=\"_blank\" rel=\"noopener\">ETEC ALBERT EINSTEIN<\/a><br \/>\n<\/strong>Endere\u00e7o: Rua Nova Granada, 35 &#8211; Casa Verde<br \/>\nTelefones: 3858-7529 \/ 3966-0503<br \/>\nE-mail: aeinst@uol.com.br<br \/>\nData da atualiza\u00e7\u00e3o: 13\/05\/2013<br \/>\n<strong>ETEC Tereza Aparecida Cardoso Nunes de Oliveira<br \/>\n<\/strong>Endere\u00e7o: Waldemar Tietz, 14.477 &#8211; Arthur Alvim<br \/>\nTelefones: 2217-1547 \/ 2217-1409<br \/>\nData da atualiza\u00e7\u00e3o: 13\/05\/2013<br \/>\n<strong>Etec Prof. Apr\u00edgio Gonzaga<br \/>\n<\/strong>Endere\u00e7o: Avenida Dr. Or\u00eancio Vidigal, 212 &#8211; Penha<br \/>\nTelefones: 2647-1491<br \/>\nE-mail: etepag@ig.com.br \/ etepag@ibest.com.br<br \/>\nData da atualiza\u00e7\u00e3o: 13\/05\/2013<br \/>\n<strong>ETEC de Artes<br \/>\n<\/strong>Endere\u00e7o: Avenida Cruzeiro do Sul, 2.630, pr\u00e9dio 02 &#8211; Santana<br \/>\nTelefones: 2089-0740 \/ 2089-0741<br \/>\nData da atualiza\u00e7\u00e3o: 13\/05\/2013<br \/>\n<strong>ETEC de Esportes Otto Baumgart<br \/>\n<\/strong>Endere\u00e7o: Rua Paulo Louzani, s\/n\u00ba &#8211; Vila Maria<br \/>\nTelefone:<br \/>\nData da atualiza\u00e7\u00e3o: 13\/05\/2013<br \/>\n<strong><a href=\"http:\/\/www.basilides.com.br\" target=\"_blank\" rel=\"noopener\">ETEC Prof. Bas\u00edlides de Godoy<\/a><br \/>\n<\/strong>Endere\u00e7o: Rua Guaip\u00e1, 678 &#8211; Vila Leopoldina<br \/>\nTelefones: 3834-4111 \/ 3834-4780<br \/>\nE-mail: basilides@basilides.com.br<br \/>\nData da atualiza\u00e7\u00e3o: 13\/05\/2013<br \/>\n<strong><a href=\"http:\/\/www.eteccamargoaranha.com.br\" target=\"_blank\" rel=\"noopener\">ETEC Prof. Camargo Aranha<\/a><br \/>\n<\/strong>Endere\u00e7o: Rua Marcial, 25 &#8211; Mooca<br \/>\nTelefones: 2694-6733<br \/>\nE-mail: dir.camargoaranha@centropaulasouza.sp.gov.br<br \/>\nData da atualiza\u00e7\u00e3o: 13\/05\/2013<br \/>\n<strong>ETEC Capela do Socorro<br \/>\n<\/strong>Endere\u00e7o: Avenida Feliciano Correa c\/ Rua Pedro Santalucia, s\/n\u00ba &#8211; Cidade Dutra<br \/>\nTelefones: 5667-3971 \/ 5667-3973<br \/>\nData da atualiza\u00e7\u00e3o: 13\/05\/2013<br \/>\n<strong><a href=\"http:\/\/www.eteccarlosdecampos.com.br\" target=\"_blank\" rel=\"noopener\">ETEC Carlos de Campos<\/a><br \/>\n<\/strong>Endere\u00e7o: Rua Monsenhor Andrade, 798 &#8211; Br\u00e1s<br \/>\nTelefones: 3311-7098 \/ 3227-0286 \/ 3326-4096<br \/>\nE-mail: dircarlosdecampos@centropaulasouza.sp.gov.br<br \/>\nData da atualiza\u00e7\u00e3o: 13\/05\/2013<br \/>\n<strong>ETEC Cepam<br \/>\n<\/strong>Endere\u00e7o: Avenida Prof. Lineu Prestes, 913 &#8211; Butant\u00e3<br \/>\nTelefones: 3811-0384<br \/>\nData da atualiza\u00e7\u00e3o: 13\/05\/2013<br \/>\n<span class=\" aw5Odc\"><a class=\"XqQF9c\" href=\"http:\/\/www.google.com\/url?q=http%3A%2F%2Fwww.etecct.com.br%2Fblog%2F&amp;sa=D&amp;sntz=1&amp;usg=AFQjCNGnXvF--j9r_Fw-YfYhaJWaGk3QXQ\" target=\"_blank\" rel=\"noopener\"><strong>ETEC Cidade Tiradentes<\/strong><\/a><br \/>\n<\/span>Endere\u00e7o: Rua Igarap\u00e9 \u00c1gua Azul, 70 &#8211; Cidade Tiradentes<br \/>\nTelefones: 2516-6965<br \/>\nData da atualiza\u00e7\u00e3o: 13\/05\/2013<br \/>\n<strong>ETEC Prof\u00aa Dr\u00aa doroti Quiomi Kanashiro Toyohara<br \/>\n<\/strong>Endere\u00e7o: Rua Ambr\u00f3xia do M\u00e9xico, s\/n\u00ba<br \/>\nData da atualiza\u00e7\u00e3o: 13\/05\/2013<br \/>\n<strong>ETEC de Get\u00falio Vargas<br \/>\n<\/strong>Endere\u00e7o: Rua Cl\u00f3vis Bueno de Azevedo, 70 &#8211; Ipiranga<br \/>\nTelefones: 2066-2500 \/ 2066-2501 \/ 2066-2519 \/ 2066-2510<br \/>\nSite: <span class=\" aw5Odc\"><a class=\"XqQF9c\" href=\"http:\/\/www.google.com\/url?q=http%3A%2F%2Fwww.etegv.com&amp;sa=D&amp;sntz=1&amp;usg=AFQjCNGeV-kvspkW3sWiqBObmSGuA7uLeQ\" target=\"_blank\" rel=\"noopener\"><strong>www.etegv.com<\/strong><\/a><br \/>\n<\/span>E-mail: etegv.com<br \/>\nData da atualiza\u00e7\u00e3o: 13\/05\/2013<br \/>\n<strong>ETEC de Guaianazes<br \/>\n<\/strong>Endere\u00e7o: Rua Feliciano de Mendon\u00e7a, 290 &#8211; Guaianazes<br \/>\nTelefones: 2552-0140 \/ 2551-9484<br \/>\nE-mail: dir.eteguaianazes@centropaulasouza.sp.gov.br<br \/>\nData da atualiza\u00e7\u00e3o: 13\/05\/2013<br \/>\n<strong>ETEC Guaracy Silveira<br \/>\n<\/strong>Endere\u00e7o: Rua Ferreira de Araujo, 527 &#8211; Pinheiros<br \/>\nTelefone: 3813-3986 \/ 3031-6208<br \/>\nData da atualiza\u00e7\u00e3o: 10\/03\/2013<br \/>\n<strong>ETEC de Heli\u00f3polis<br \/>\n<\/strong>Endere\u00e7o: Rua Luigi Alaminni, 91 &#8211; S\u00e3o Jo\u00e3o Climaco \/ Heli\u00f3polis<br \/>\nTelefone: 2083-2727<br \/>\nData da atualiza\u00e7\u00e3o: 13\/03\/2013<br \/>\n<strong>ETEC Prof. Hor\u00e1cio Augusto da Silveira<br \/>\n<\/strong>Endere\u00e7o: Rua Alc\u00e2ntara, 113 &#8211; Vila Guilherme<br \/>\nTelefones: 2905-1125 \/ 2905-1128<br \/>\nE-mail: dir.augustodasilveira@centropaulasouza.sp.gov.br<br \/>\nData da atualiza\u00e7\u00e3o: 13\/05\/2013<br \/>\n<strong>ETEC Itaquera<br \/>\n<\/strong>Endere\u00e7o: Rua Virg\u00ednia Ferni, 400, Conjunto Habitacional Jos\u00e9 Bonif\u00e1cio &#8211; Cohab 2 &#8211; Itaquera<br \/>\nTelefones: 2521-8188 \/ 2254-7627<br \/>\nData da atualiza\u00e7\u00e3o: 13\/05\/2013<br \/>\n<strong>ETEC Jaragu\u00e1<br \/>\n<\/strong>Endere\u00e7o: Rua Jairo de Almeida Machado, s\/n\u00ba &#8211; Jaragu\u00e1<br \/>\nTelefones: 3941-7242 \/ 3941-8319<br \/>\nData da atualiza\u00e7\u00e3o: 13\/05\/2013<br \/>\n<strong>ETEC Jardim \u00c2ngela<br \/>\n<\/strong>Endere\u00e7o: Estrada da Baronesa, 240 &#8211; Jardim \u00c2ngela<br \/>\nTelefones: 5833-0943 \/ 5833-0861<br \/>\nData da atualiza\u00e7\u00e3o: 13\/05\/2013<br \/>\n<strong>ETEC Jos\u00e9 Rocha Mendes<br \/>\n<\/strong>Endere\u00e7o: Rua Am\u00e9rico Vespucci, 1247 &#8211; Vila Prudente<br \/>\nTelefone: 2063-4454<span class=\" aw5Odc\"><br \/>\n<\/span>E-mail: dir.rochamendes@centropaulasouza.sp.gov.br<br \/>\nData da atualiza\u00e7\u00e3o: 13\/05\/2013<br \/>\n<span class=\" aw5Odc\"><a class=\"XqQF9c\" href=\"https:\/\/www.google.com\/url?q=https%3A%2F%2Fwww.vestibulinhoetec.com.br%2Funidades-cursos%2Fescola.asp%3Fc%3D474&amp;sa=D&amp;sntz=1&amp;usg=AFQjCNGVhoqHQHbZFP6TetKrnpcSXALySQ\" target=\"_blank\" rel=\"noopener\"><strong>ETEC Mandaqui<\/strong><\/a><br \/>\n<\/span>Endere\u00e7o: Rua Luis Lustosa da Silva, s\/n\u00ba<br \/>\nE-mail: etecmandaqui@terra.com.br<br \/>\nData da atualiza\u00e7\u00e3o: 13\/05\/2013<br \/>\n<strong>ETEC Dr\u00aa Maria Augusta Saraiva<br \/>\n<\/strong>Endere\u00e7o: Rua Guaianazes, 1385 &#8211; Campos El\u00edseos<br \/>\nTelefones: 3224-0744 \/ 3105-7250<br \/>\nE-mail: dir.augustasaraiva@centropaulasouza.sp.gov.br<br \/>\nData da atualiza\u00e7\u00e3o: 13\/05\/2013<br \/>\n<strong>ETEC Martin Luther King<br \/>\n<\/strong>Endere\u00e7o: Rua Apucarana, 815 &#8211; Tatuap\u00e9<br \/>\nTelefones: 2091-7465 \/ 2093-8636<br \/>\nE-mail: etemlk@terra.com.br<br \/>\nData da atualiza\u00e7\u00e3o: 13\/05\/2013<br \/>\n<strong>ETEC Nova Luz<br \/>\n<\/strong>Endere\u00e7o: Rua general Couto de Magalh\u00e3es, 90 &#8211; Luz<br \/>\nTelefone: 3326-0993<br \/>\nData da atualiza\u00e7\u00e3o: 13\/05\/2013<br \/>\n<strong>ETEC Abdias do Nascimento<br \/>\n<\/strong>Endere\u00e7o: Rua Dr. Jos\u00e9 Augusto de Souza de Silva &#8211; Morumbi (Parais\u00f3polis)<br \/>\nTelefones: 3507-7491 \/ 3501-4994<br \/>\nData da atualiza\u00e7\u00e3o: 13\/05\/2013<br \/>\n<strong>ETEC Parque Bel\u00e9m<br \/>\n<\/strong>Endere\u00e7o: Rua Ulisses Cruz, 85 c\/ Avenida Celso Garcia, 2231 &#8211; Bel\u00e9m<br \/>\nTelefones: 2292-0742 \/ 2291-9293<br \/>\nData da atualiza\u00e7\u00e3o: 13\/05\/2013<br \/>\n<strong>ETEC Parque da Juventude<br \/>\n<\/strong>Endere\u00e7o: Avenida Cruzeiro do Sul, 2630, pr\u00e9dio 01 &#8211; Santana<br \/>\nTelefones: 2221-0098 \/ 221-0923<br \/>\nData da atualiza\u00e7\u00e3o: 13\/05\/2013<br \/>\n<strong>ETEC Parque Santo Antonio<br \/>\n<\/strong>Endere\u00e7o: Rua Abilene, 16 &#8211; Vila Formosa<br \/>\nTelefone: 2301-1058<br \/>\nData da atualiza\u00e7\u00e3o: 13\/05\/2013<br \/>\n<strong><a href=\"http:\/\/www.etecpaulistano.com.br\" target=\"_blank\" rel=\"noopener\">ETEC Paulistano<\/a><br \/>\n<\/strong>Endere\u00e7o: Avenida El\u00edsio Teixeira Leite, 3611 &#8211; Jardim Paulistano<br \/>\nTelefones: 3979-1120<span class=\" aw5Odc\"><br \/>\n<\/span>E-mail: contato@etecpaulistano.com.br<br \/>\nData da atualiza\u00e7\u00e3o: 13\/05\/2013<br \/>\n<strong>ETEC Gildo Mar\u00e7al Bezerra Brand\u00e3o (Peurs)<br \/>\n<\/strong>Endere\u00e7o: Rua Presidente Vargas, s\/n\u00ba &#8211; Vila Cai\u00faba (Perus)<br \/>\nTelefones: 3917-8751 \/ 3917-8263<br \/>\nData da atualiza\u00e7\u00e3o: 13\/05\/2013<br \/>\n<strong>ETEC Raposo Tavares<br \/>\n<\/strong>Endere\u00e7o: Rua Cachoeira Poraqu\u00ea, 326 &#8211; Raposo tavares<br \/>\nTelefones: 3782-5782<br \/>\nData da atualiza\u00e7\u00e3o: 13\/05\/2013<br \/>\n<strong>ETEC Jornalista Roberto Marinho<br \/>\n<\/strong>Endere\u00e7o: Avenida Jornalista Roberto Marinho, S\/N\u00ba &#8211; Brooklin Paulista<br \/>\nData da atualiza\u00e7\u00e3o: 13\/05\/2013<br \/>\n<strong>ETEC de Sapopemba<br \/>\n<\/strong>Endere\u00e7o: Rua Benjamim de Tudela, 155 (Travessa da Av. Sapopemba, Altura do 12.760) &#8211; Sapopemba<br \/>\nTelefones: 2019-1519 \/ 2019-1533<br \/>\nE-mail: e.sapopemba.acad@centropaulasouza.sp.gov.br<br \/>\nData da atualiza\u00e7\u00e3o: 13\/05\/2013<br \/>\n<strong>ETEC Takashi Morita<br \/>\n<\/strong>Endere\u00e7o: Rua M\u00e1rio Lopes Le\u00e3o, 1.050 &#8211; Santo Amaro<br \/>\nTelefones: 5524-7104 \/ 5521-0636<br \/>\nData da atualiza\u00e7\u00e3o: 13\/05\/2013<br \/>\n<strong><a href=\"http:\/\/www.etecsaomateus.com.br\" target=\"_blank\" rel=\"noopener\">ETEC S\u00e3o Mateus<\/a><br \/>\n<\/strong>Endere\u00e7o: Rua Soledade de Minas, 87 S\u00e3o Mateus<br \/>\nTelefone: 2721-5111<span class=\" aw5Odc\"><br \/>\n<\/span>Data da atualiza\u00e7\u00e3o: 13\/05\/2013<br \/>\n<strong><a href=\"http:\/\/www.etesaopaulo.com.br\" target=\"_blank\" rel=\"noopener\">ETEC S\u00e3o Paulo<\/a><br \/>\n<\/strong>Endere\u00e7o: Avenida Tiradentes, 615 (Pr\u00e9dio Ary Torres) Bom Retiro<br \/>\nTelefones: 3326-0993 \/ 3227-1310<span class=\" aw5Odc\"><br \/>\n<\/span>E-mail: etesp@terra.com.br<br \/>\nData da atualiza\u00e7\u00e3o: 13\/05\/2013<br \/>\n<strong><a href=\"http:\/\/www.etectiquatira.com.br\" target=\"_blank\" rel=\"noopener\">ETEC de Tiquatira<\/a><br \/>\n<\/strong>Endere\u00e7o: Avenida Condessa Elisabeth de Rubino, 5200 &#8211; Jardim Am\u00e9rica da Penha<br \/>\nTelefone: 2225-2504<span class=\" aw5Odc\"><br \/>\n<\/span>E-mail: <span class=\" aw5Odc\"><a class=\"XqQF9c\" href=\"mailto:secretaria@etectiquatira.com.br\" target=\"_blank\" rel=\"noopener\"><strong>secretaria@etectiquatira.com.br<\/strong><\/a><br \/>\n<\/span>Data da atualiza\u00e7\u00e3o: 13\/05\/2013<br \/>\n<strong>ETEC Uirapuru<br \/>\n<\/strong>Endere\u00e7o: Rua Frei Claude D&#8217; Alberville, 425 &#8211; Jardim Paulo VI<br \/>\nTelefones: 3782-5529<br \/>\nData da atualiza\u00e7\u00e3o: 13\/05\/2013<br \/>\n<strong>ETEC de Vila Formosa<br \/>\n<\/strong>Endere\u00e7o: Rua Bact\u00f3ria, 38 &#8211; Vila Formosa<br \/>\nTelefones: 2211-6485 \/ 2916-9467<br \/>\nData da atualiza\u00e7\u00e3o: 13\/05\/2013<br \/>\n<strong>ETEC Zona Leste<br \/>\n<\/strong>Endere\u00e7o: Rua Sonho Ga\u00facho, 641 &#8211; Cidade AE Carvalho<br \/>\nTelefones: 2045-4001 \/ 2045-4002 \/ 2045-4003 \/ 2045-4004<br \/>\nE-mail: dir.fateczonaleste@centropaulasouza.sp.gov.br<br \/>\nData da atualiza\u00e7\u00e3o: 13\/05\/2013<br \/>\n<strong>ETEC Zona Sul<br \/>\n<\/strong>Endere\u00e7o: Rua Frederico Grotte, 322 &#8211; Jardim S\u00e3o Lu\u00eds<br \/>\nTelefones: 5891-1665 \/ 58913618<br \/>\nE-mail: dir.etezonasul@centropaulasouza.sp.gov.br<br \/>\nData da atualiza\u00e7\u00e3o: 13\/05\/2013<\/div><div class=\"su-expand-link su-expand-link-more\" style=\"text-align:left\"><a href=\"javascript:;\" style=\"color:#0088FF;border-color:#0088FF\"><span style=\"border-color:#0088FF\">Veja mais<\/span><\/a><\/div><div class=\"su-expand-link su-expand-link-less\" style=\"text-align:left\"><a href=\"javascript:;\" style=\"color:#0088FF;border-color:#0088FF\"><span style=\"border-color:#0088FF\">Veja menos<\/span><\/a><\/div><\/div>\n<\/div>\n<\/div>\n<\/div>\n<\/div>\n<\/div>\n<\/div>\n<\/div>\n<\/div>\n<\/div>\n<\/section>\n<section id=\"h.7b7b8d6ac0fee6cd_386\" class=\"yaqOZd\"><\/section>\n<section id=\"h.7b7b8d6ac0fee6cd_390\" class=\"yaqOZd\">\n<div class=\"IFuOkc\"><div class=\"su-divider su-divider-style-default\" style=\"margin:15px 0;border-width:3px;border-color:#999999\"><\/div><\/div>\n<div class=\"mYVXT\">\n<div class=\"LS81yb VICjCf\" tabindex=\"-1\">\n<div class=\"hJDwNd-AhqUyc-uQSCkd purZT-AhqUyc-II5mzb pSzOP-AhqUyc-qWD73c JNdkSc\">\n<div class=\"JNdkSc-SmKAyb\">\n<div class=\"\">\n<div class=\"oKdM2c Kzv0Me\">\n<div id=\"h.7b7b8d6ac0fee6cd_393\" class=\"hJDwNd-AhqUyc-uQSCkd jXK9ad D2fZ2 OjCsFc wHaque GNzUNc\">\n<div class=\"jXK9ad-SmKAyb\">\n<div class=\"tyJCtd mGzaTb baZpAe\">\n<p class=\"CDt4Ke zfr3Q\" dir=\"ltr\"><strong>EDUCA\u00c7\u00c3O DE JOVENS E ADULTOS &#8211; EJA<\/strong><\/p>\n<p dir=\"ltr\"><div class=\"su-expand su-expand-collapsed su-expand-link-style-default\" data-height=\"0\"><div class=\"su-expand-content su-u-trim\" style=\"color:#333333;max-height:0px;overflow:hidden\">\n<ul class=\"n8H08c UVNKR\">\n<li class=\"TYR86d wXCUfe zfr3Q\" dir=\"ltr\">\n<p class=\"CDt4Ke zfr3Q\" dir=\"ltr\"><strong>Butant\u00e3<\/strong><\/p>\n<\/li>\n<\/ul>\n<p class=\"CDt4Ke zfr3Q\" dir=\"ltr\"><strong>Alberto Torres<br \/>\n<\/strong>Endere\u00e7o: Avenida Dr. Vital Brasil, 1260 &#8211; Butant\u00e3<br \/>\nTelefones: 3726-2594 \/ 3726-4360<br \/>\nData da atualiza\u00e7\u00e3o: 13\/05\/2013<\/p>\n<p class=\"CDt4Ke zfr3Q\" dir=\"ltr\"><strong>Aluna Jessica Nunes Herculano CIEJA<br \/>\n<\/strong>Endere\u00e7o: Rua Antonio Mariani, 425 &#8211; Instituto Previdencia<br \/>\nTelefones: 3722-0617 \/ 3722-0656<br \/>\nE-mail: dir.etezonasul@centropaulasouza.sp.gov.br<br \/>\nData da atualiza\u00e7\u00e3o: 13\/05\/2013<\/p>\n<p class=\"CDt4Ke zfr3Q\" dir=\"ltr\"><strong>EMEF Marechal Deodoro da Fonseca<br \/>\n<\/strong>Endere\u00e7o: Pra\u00e7a Imprensa Paulista, 30 &#8211; Caxingui<br \/>\nTelefones: 3721-3843 \/ 3721-9904<br \/>\nData da atualiza\u00e7\u00e3o: 13\/05\/2013<\/p>\n<p class=\"CDt4Ke zfr3Q\" dir=\"ltr\"><strong>EMEF Julio de Mesquita<br \/>\n<\/strong>Endere\u00e7o: Rua Dr. Jose Aires Netto, 25 &#8211; Jardim Bonfiglioli<br \/>\nTelefones: 3731-2158 \/ 3735-4382<br \/>\nData da atualiza\u00e7\u00e3o: 13\/05\/2013<\/p>\n<p class=\"CDt4Ke zfr3Q\" dir=\"ltr\"><strong>Keizo Ishihara<br \/>\n<\/strong>Endere\u00e7o: Avenida Benjamim Mansur, 60<br \/>\nTelefones: 3721-9374<br \/>\nData da atualiza\u00e7\u00e3o: 13\/05\/2013<\/div><div class=\"su-expand-link su-expand-link-more\" style=\"text-align:left\"><a href=\"javascript:;\" style=\"color:#0088FF;border-color:#0088FF\"><span style=\"border-color:#0088FF\">Veja mais<\/span><\/a><\/div><div class=\"su-expand-link su-expand-link-less\" style=\"text-align:left\"><a href=\"javascript:;\" style=\"color:#0088FF;border-color:#0088FF\"><span style=\"border-color:#0088FF\">Veja menos<\/span><\/a><\/div><\/div>\n<p dir=\"ltr\"><div class=\"su-divider su-divider-style-default\" style=\"margin:15px 0;border-width:3px;border-color:#999999\"><\/div>\n<p class=\"CDt4Ke zfr3Q\" dir=\"ltr\"><strong>MOVA (Movimento de Alfabetiza\u00e7\u00e3o de Jovens e Adultos)<\/strong><\/p>\n<p dir=\"ltr\"><div class=\"su-expand su-expand-collapsed su-expand-link-style-default\" data-height=\"0\"><div class=\"su-expand-content su-u-trim\" style=\"color:#333333;max-height:0px;overflow:hidden\">\n<p class=\"CDt4Ke zfr3Q\" dir=\"ltr\"><strong>Centro de Educa\u00e7\u00e3o e Organiza\u00e7\u00e3o popular &#8211; CEOP<br \/>\n<\/strong>Endere\u00e7o: Rua Aquian\u00e9s, 109 &#8211; Jardim S\u00e3o Remo<br \/>\nRua Aquian\u00e9s, 13 &#8211; Jardim S\u00e3o Remo<br \/>\nTelefones: 99453-4382 \/ 7028-3726<br \/>\nCoordenadora: Maria das Dores Ferreira de Sousa<br \/>\nE-mail: dora.f.s@hotmail.com<br \/>\nData da atualiza\u00e7\u00e3o: 14\/05\/2013<\/p>\n<p class=\"CDt4Ke zfr3Q\" dir=\"ltr\"><strong>Centro Social Santo Dias<br \/>\n<\/strong>Endere\u00e7o: Avenida do Rio Pequeno, 781 &#8211; Rio Pequeno<br \/>\nRua Andr\u00e9 Dias, 83 &#8211; Boa Vista<br \/>\nTelefones: 3735-9342 \/ 97240-7640<br \/>\nCoordenadora: Renata Abadia ferreira Franco<br \/>\nE-mail: episcopalapa@terra.com.br<br \/>\nData da atualiza\u00e7\u00e3o: 14\/05\/2013<\/p>\n<p class=\"CDt4Ke zfr3Q\" dir=\"ltr\"><strong>Centro Comunit\u00e1rio Raposo Tavares<br \/>\n<\/strong>Endere\u00e7o: Rua Cachoeira Vida Nova, 80 &#8211; Cohab Raposo Tavares<br \/>\nRua Miguel Josa, 18 &#8211; Jardim Monte Alegre<br \/>\nTelefones: 3781-9330 \/ 97211-4623<br \/>\nCoordenadora: Maria da Penha Henrique de Lima<br \/>\nE-mail: centrocomunitario1994@hotmail.com<br \/>\nData da atualiza\u00e7\u00e3o: 14\/05\/2013<\/p>\n<p class=\"CDt4Ke zfr3Q\" dir=\"ltr\"><strong>Liga das Senhoras Cat\u00f3licas<br \/>\n<\/strong>Endere\u00e7o: Rua Engenheiro Heitor Antonio eiras Garcia, 5985 &#8211; Jardim Educand\u00e1rio<br \/>\nTelefones: 3781-9864 \/ 993433-2930<br \/>\nCoordenadora: Marli de Oliveira<br \/>\nE-mail: eddreligaradm@ligasolidaria.org.br<br \/>\nData da atualiza\u00e7\u00e3o: 14\/05\/2013<\/p>\n<p class=\"CDt4Ke zfr3Q\" dir=\"ltr\"><strong>Comunidade Kolping Imaculada<br \/>\n<\/strong>Endere\u00e7o: Rua Capivari Mirim, 444 &#8211; Jardim Dracena<br \/>\nTelefones: 3782-5703 \/ 97127-7715<br \/>\nCoordenadora Iodete Soares da Silva<br \/>\nData da atualiza\u00e7\u00e3o: 14\/05\/2013<\/p>\n<p class=\"CDt4Ke zfr3Q\" dir=\"ltr\"><strong>Uni\u00e3o dos Moradores da Favela Jardim Colombo<br \/>\n<\/strong>Endere\u00e7o: Rua Jo\u00e3o Avelino Pinho Mell\u00e3o, 212 &#8211; Jardim colombo<br \/>\nRua Clementine Brenner, 857 &#8211; Jardim Colombo<br \/>\nTelefone: 98516-9556<br \/>\nCoordenadora: Isabel Cristina dos Santos Costa<br \/>\nE-mail: crecheprimavera@hotmail.com<br \/>\nData da atualiza\u00e7\u00e3o: 14\/05\/2013<\/p>\n<p class=\"CDt4Ke zfr3Q\" dir=\"ltr\"><strong>Associa\u00e7\u00e3o Beneficente Osvaldo Moreira Sobeom<br \/>\n<\/strong>Endere\u00e7o: Avenida Prof. Jo\u00e3o Lorenzo, 426 &#8211; Jardim S\u00e3o Jorge<br \/>\nAvenida Mariana Beliz\u00e1ria Concei\u00e7\u00e3o, 250 &#8211; Jardim Ester<br \/>\nAvenida Intercontinental, 1406 &#8211; Com. Do Gelo<br \/>\nAvenida Circular, 113 &#8211; Jardim Educand\u00e1rio<br \/>\nRua Clevelandia do Norte, 43 Jardim Jaqueline<br \/>\nTelefones: 3781-4652 \/ 97646-3973<br \/>\nE-mail: sobeom@ig.com.br<br \/>\nData da atualiza\u00e7\u00e3o: 14\/05\/2013<\/p>\n<p class=\"CDt4Ke zfr3Q\" dir=\"ltr\"><strong>Associa\u00e7\u00e3o Metodista Livre Agente<br \/>\n<\/strong>Endere\u00e7o: Grande Arrozal, 36<br \/>\nTelefones: 3714-7537 \/ 95985-2373<br \/>\nE-mail: tatiane@agente.org.br<br \/>\nrakinaga@uol.com.br<br \/>\nData da atualiza\u00e7\u00e3o: 14\/05\/2013<\/div><div class=\"su-expand-link su-expand-link-more\" style=\"text-align:left\"><a href=\"javascript:;\" style=\"color:#0088FF;border-color:#0088FF\"><span style=\"border-color:#0088FF\">Veja mais<\/span><\/a><\/div><div class=\"su-expand-link su-expand-link-less\" style=\"text-align:left\"><a href=\"javascript:;\" style=\"color:#0088FF;border-color:#0088FF\"><span style=\"border-color:#0088FF\">Veja menos<\/span><\/a><\/div><\/div>\n<p dir=\"ltr\"><div class=\"su-divider su-divider-style-default\" style=\"margin:15px 0;border-width:3px;border-color:#999999\"><\/div>\n<\/div>\n<\/div>\n<\/div>\n<\/div>\n<\/div>\n<\/div>\n<\/div>\n<\/div>\n<\/div>\n<\/section>\n","protected":false},"excerpt":{"rendered":"<p>Coordenadoria de Educa\u00e7\u00e3o do Butant\u00e3 Endere\u00e7o: Rua Aem Abdala Azem, 564 \/ 574 &#8211; Jardim Bonfiglioli Telefone: 3397-8400 \/ 3397-8404 \/ 3397-8422 \/ 3397-8411\/ 3397-8419 E-mail: smedrebutantaadm@prefeitura.sp.gov.br Data da atualiza\u00e7\u00e3o: 10\/05\/2013 Diretoria de Ensino Centro-Oeste Endere\u00e7o: Rua Dr. Paulo Vieira, 257 &#8211; Perdizes Telefone: 3866-3510 Data de atualiza\u00e7\u00e3o: 19\/04\/2013 CEUs (Centro Educacional Unificado) CEU Jaguar\u00e9 [&hellip;]<\/p>\n","protected":false},"author":22390,"featured_media":0,"parent":62,"menu_order":0,"comment_status":"closed","ping_status":"closed","template":"","meta":{"_monsterinsights_skip_tracking":false,"_monsterinsights_sitenote_active":false,"_monsterinsights_sitenote_note":"","_monsterinsights_sitenote_category":0,"footnotes":"","_links_to":"","_links_to_target":""},"class_list":["post-304","page","type-page","status-publish","hentry"],"_links":{"self":[{"href":"https:\/\/sites.usp.br\/guiacseb\/wp-json\/wp\/v2\/pages\/304","targetHints":{"allow":["GET"]}}],"collection":[{"href":"https:\/\/sites.usp.br\/guiacseb\/wp-json\/wp\/v2\/pages"}],"about":[{"href":"https:\/\/sites.usp.br\/guiacseb\/wp-json\/wp\/v2\/types\/page"}],"author":[{"embeddable":true,"href":"https:\/\/sites.usp.br\/guiacseb\/wp-json\/wp\/v2\/users\/22390"}],"replies":[{"embeddable":true,"href":"https:\/\/sites.usp.br\/guiacseb\/wp-json\/wp\/v2\/comments?post=304"}],"version-history":[{"count":4,"href":"https:\/\/sites.usp.br\/guiacseb\/wp-json\/wp\/v2\/pages\/304\/revisions"}],"predecessor-version":[{"id":373,"href":"https:\/\/sites.usp.br\/guiacseb\/wp-json\/wp\/v2\/pages\/304\/revisions\/373"}],"up":[{"embeddable":true,"href":"https:\/\/sites.usp.br\/guiacseb\/wp-json\/wp\/v2\/pages\/62"}],"wp:attachment":[{"href":"https:\/\/sites.usp.br\/guiacseb\/wp-json\/wp\/v2\/media?parent=304"}],"curies":[{"name":"wp","href":"https:\/\/api.w.org\/{rel}","templated":true}]}}