{"id":64,"date":"2014-02-12T11:28:54","date_gmt":"2014-02-12T13:28:54","guid":{"rendered":"http:\/\/sites.usp.br\/guiacseb\/?page_id=64"},"modified":"2025-07-31T12:59:48","modified_gmt":"2025-07-31T15:59:48","slug":"servicos","status":"publish","type":"page","link":"https:\/\/sites.usp.br\/guiacseb\/servicos\/","title":{"rendered":"Servi\u00e7os de Sa\u00fade"},"content":{"rendered":"<div class=\"CjVfdc\">\n<div class=\"XqQF9c\">\n<div class=\"su-tabs su-tabs-style-default su-tabs-mobile-stack\" data-active=\"1\" data-scroll-offset=\"0\" data-anchor-in-url=\"no\"><div class=\"su-tabs-nav\"><span class=\"\" data-url=\"\" data-target=\"blank\" tabindex=\"0\" role=\"button\">Atendimento especializado<\/span><span class=\"\" data-url=\"\" data-target=\"blank\" tabindex=\"0\" role=\"button\">Exames Complementares<\/span><span class=\"\" data-url=\"\" data-target=\"blank\" tabindex=\"0\" role=\"button\">Outros<\/span><\/div><div class=\"su-tabs-panes\"><div class=\"su-tabs-pane su-u-clearfix su-u-trim\" data-title=\"Atendimento especializado\">\n<div class=\"CjVfdc\"><span class=\" aw5Odc\"><a class=\"XqQF9c\" href=\"https:\/\/sites.usp.br\/guiacseb\/servicos\/acupuntura\/\"><strong>Acupuntura<\/strong><\/a><\/span><\/div>\n<div><a href=\"https:\/\/sites.usp.br\/guiacseb\/agd\/\"><strong>AGD (Ambulat\u00f3rio Geral e Did\u00e1tico) HC<\/strong><\/a><\/div>\n<div><a href=\"https:\/\/sites.usp.br\/guiacseb\/servicos\/alergia-e-imunologia\/\"><strong>Alergia e Imunologia<\/strong><\/a><\/div>\n<div><a href=\"https:\/\/sites.usp.br\/guiacseb\/servicos\/ame-idoso\/\"><strong>AME Idoso<\/strong><\/a><\/div>\n<div><a href=\"https:\/\/sites.usp.br\/guiacseb\/wp-content\/uploads\/sites\/943\/2024\/09\/Orientacoes-para-o-Atendimento-Antirrabico-Humano-versao-finalI.pdf\" target=\"_blank\" rel=\"noopener\"><strong>Atendimento Antirr\u00e1bica<\/strong><\/a><\/div>\n<div><a href=\"https:\/\/sites.usp.br\/guiacseb\/wp-content\/uploads\/sites\/943\/2023\/07\/Apresentacao-CAPSij-pdf.pdf\" target=\"_blank\" rel=\"noopener\"><strong>CAPS infanto juvenil<\/strong><\/a><\/div>\n<div class=\"CjVfdc\">\n<div class=\"PPhIP rviiZ\"><a href=\"https:\/\/sites.usp.br\/guiacseb\/servicos\/cardiologia\/\"><strong>Cardiologia<\/strong><\/a><\/div>\n<\/div>\n<div class=\"CjVfdc\"><span class=\" aw5Odc\"><a class=\"XqQF9c\" href=\"https:\/\/sites.usp.br\/guiacseb\/servicos\/cer\/\"><strong>Centro Especializado em Reabilita\u00e7\u00e3o (CER)<\/strong><\/a><\/span><\/div>\n<div><strong><a href=\"https:\/\/sites.usp.br\/guiacseb\/servicos\/centro-de-referencia-em-dor-cronica\/\">Centro de Refer\u00eancia em Dor Cr\u00f4nica<\/a><\/strong><\/div>\n<div><a href=\"https:\/\/sites.usp.br\/guiacseb\/wp-content\/uploads\/sites\/943\/2023\/08\/FLUXO-PARA-CIRURGIA-BARIATRICA-COMPLETO.20.07.23.pdf\" target=\"_blank\" rel=\"noopener\"><strong>Cirurgia Bari\u00e1trica<\/strong><\/a><\/div>\n<div><strong><a href=\"https:\/\/sites.usp.br\/guiacseb\/wp-content\/uploads\/sites\/943\/2024\/09\/PROTOCOLO-DE-ACESSO-CIR-CABECA-E-PESCOCO_.pdf\" target=\"_blank\" rel=\"noopener\">Cirurgia Cabe\u00e7a e Pesco\u00e7o<\/a><\/strong><\/div>\n<div><a href=\"https:\/\/sites.usp.br\/guiacseb\/servicos\/cirurgia-geral\/\"><strong>Cirurgia Geral<\/strong><\/a><\/div>\n<div><a href=\"https:\/\/sites.usp.br\/guiacseb\/servicos\/cirurgia-geral-pequenas-cirurgias\/\"><strong>Cirurgia Geral &#8211; Pequenas Cirurgias<\/strong><\/a><\/div>\n<div><a href=\"https:\/\/sites.usp.br\/guiacseb\/servicos\/cirurgia-ginecologica\/\"><strong>Cirurgia Ginecol\u00f3gica<\/strong><\/a><\/div>\n<div><a href=\"https:\/\/sites.usp.br\/guiacseb\/servicos\/cirurgia-pediatrica\/\"><strong>Cirurgia Pedi\u00e1trica<\/strong><\/a><br \/>\n<strong><a href=\"https:\/\/sites.usp.br\/guiacseb\/servicos\/cirurgia-plastica\/\">Cirurgia Pl\u00e1stica<\/a><\/strong><\/div>\n<div class=\"CjVfdc\">\n<div class=\"PPhIP rviiZ\"><strong><a href=\"https:\/\/sites.usp.br\/guiacseb\/wp-content\/uploads\/sites\/943\/2023\/01\/Orientacoes-e-fluxos-para-Cirurgias-02-08.pdf\" target=\"_blank\" rel=\"noopener\">Cirurgias Trans<\/a><\/strong><\/div>\n<div><a href=\"https:\/\/sites.usp.br\/guiacseb\/wp-content\/uploads\/sites\/943\/2023\/08\/NOTA-TECNICA-CAB-SEABEVS-No-10_2023.pdf\" target=\"_blank\" rel=\"noopener\"><strong>Cuidados paliativos &#8211; aten\u00e7\u00e3o domiciliar<\/strong><\/a><\/div>\n<\/div>\n<div class=\"CjVfdc\"><span class=\" aw5Odc\"><a class=\"XqQF9c\" href=\"https:\/\/sites.usp.br\/guiacseb\/servicos\/deficiencia-auditiva\/\"><strong>Defici\u00eancia Auditiva<\/strong><\/a><\/span><\/div>\n<div class=\"CjVfdc\">\n<div class=\"PPhIP rviiZ\"><\/div>\n<\/div>\n<div class=\"CjVfdc\"><span class=\" aw5Odc\"><a class=\"XqQF9c\" href=\"https:\/\/sites.usp.br\/guiacseb\/servicos\/dependencia-quimica\/\"><strong>Depend\u00eancia Quimica<\/strong><\/a><br \/>\n<strong><a href=\"https:\/\/sites.usp.br\/guiacseb\/dermatologia\">Dermatologia<\/a><\/strong><br \/>\n<\/span><\/div>\n<div><a href=\"https:\/\/sites.usp.br\/guiacseb\/servicos\/endocrinologia\/\"><strong>Endocrinologia<\/strong><\/a><\/div>\n<div><a href=\"https:\/\/sites.usp.br\/guiacseb\/wp-content\/uploads\/sites\/943\/2024\/03\/Rede-de-atencao-para-atendimento-a-linha-de-cuidado-da-endometriose.pdf\" target=\"_blank\" rel=\"noopener\"><strong>Endometriose<\/strong><\/a><\/div>\n<div class=\"CjVfdc\">\n<div class=\"PPhIP rviiZ\"><a href=\"https:\/\/capital.sp.gov.br\/documents\/d\/saude\/esteatose_hepatica-pdf\" target=\"_blank\" rel=\"noopener\"><strong>Esteatose Hep\u00e1tica<\/strong><\/a><\/div>\n<div><strong><a href=\"https:\/\/sites.usp.br\/guiacseb\/wp-content\/uploads\/sites\/943\/2025\/03\/INFORMATIVO-DO-FLUXO-ASSISTENCIAL-E-REGULATORIO-DA-VAGA-DE-GENETICA.pdf\" target=\"_blank\" rel=\"noopener\">Gen\u00e9tica<\/a><\/strong><\/div>\n<\/div>\n<div class=\"CjVfdc\"><span class=\" aw5Odc\"><a class=\"XqQF9c\" href=\"https:\/\/sites.usp.br\/guiacseb\/servicos\/infertilidade\/\"><strong>Infertilidade<\/strong><\/a><\/span><\/div>\n<div class=\"CjVfdc\">\n<div class=\"PPhIP rviiZ\"><a href=\"https:\/\/sites.usp.br\/guiacseb\/servicos\/laqueadura\/\"><strong>Laqueadura<\/strong><\/a><\/div>\n<div><a href=\"https:\/\/sites.usp.br\/guiacseb\/servicos\/hanseniase\/\"><strong>Hansen\u00edase<\/strong><\/a><\/div>\n<\/div>\n<div class=\"CjVfdc\"><span class=\" aw5Odc\"><a class=\"XqQF9c\" href=\"https:\/\/sites.usp.br\/guiacseb\/servicos\/hematologia\/\"><strong>Hematologia<\/strong><\/a><\/span><\/div>\n<div><\/div>\n<div><strong><a href=\"https:\/\/sites.usp.br\/guiacseb\/servicos\/nefrologia\/\">Nefrologia<\/a><\/strong><\/div>\n<div><\/div>\n<div class=\"CjVfdc\"><span class=\" aw5Odc\"><a class=\"XqQF9c\" href=\"https:\/\/sites.usp.br\/guiacseb\/servicos\/odontologia\/\"><strong>Odontologia<\/strong><\/a><\/span><\/div>\n<div class=\"CjVfdc\">\n<div class=\"PPhIP rviiZ\"><strong><a href=\"https:\/\/sites.usp.br\/guiacseb\/oftalmologia\/\">Oftalmologista<\/a><\/strong><\/div>\n<\/div>\n<div class=\"CjVfdc\"><span class=\" aw5Odc\"><a class=\"XqQF9c\" href=\"https:\/\/sites.usp.br\/guiacseb\/servicos\/oncologia\/\"><strong>Oncologia<\/strong><\/a><\/span><\/div>\n<div><strong><a href=\"https:\/\/sites.usp.br\/guiacseb\/servicos\/psoriase\/\">Psor\u00edase<\/a><\/strong><\/div>\n<div><\/div>\n<div class=\"CjVfdc\"><span class=\" aw5Odc\"><a class=\"XqQF9c\" href=\"https:\/\/sites.usp.br\/guiacseb\/servicos\/saude-mental\/\"><strong>Sa\u00fade Mental<\/strong><\/a><\/span><\/div>\n<div><\/div>\n<div><strong><a href=\"https:\/\/sites.usp.br\/guiacseb\/servicos\/siliconoma\/\">Siliconoma<\/a><\/strong><\/div>\n<div class=\"CjVfdc\">\n<div class=\"PPhIP rviiZ\"><\/div>\n<\/div>\n<div class=\"CjVfdc\"><span class=\" aw5Odc\"><a class=\"XqQF9c\" href=\"https:\/\/sites.usp.br\/guiacseb\/servicos\/tabagismo\/\"><strong>Tabagismo<\/strong><\/a><\/span><\/div>\n<div class=\"CjVfdc\">\n<div class=\"XqQF9c\">\n<p><strong><a href=\"https:\/\/sites.usp.br\/guiacseb\/servicos\/cferreira\/\">Tuberculose &#8211; Clemente Ferreira<\/a><br \/>\n<\/strong><span class=\" aw5Odc\"><a class=\"XqQF9c\" href=\"https:\/\/sites.usp.br\/guiacseb\/servicos\/hu-clinica-medica\/\"><strong>Cl\u00ednica M\u00e9dica &#8211; HU<\/strong><\/a><br \/>\n<\/span><a href=\"https:\/\/sites.usp.br\/guiacseb\/servicos\/leishmaniose\/\"><strong>Leishmaniose<\/strong><\/a><br \/>\n<strong><a href=\"https:\/\/sites.usp.br\/guiacseb\/servicos\/vasectomia\/\">Vasectomia<\/a><\/strong><\/p>\n<p><strong><a href=\"https:\/\/capital.sp.gov.br\/web\/saude\/w\/atencao_especializada\/352512\" target=\"_blank\" rel=\"noopener\">SMS &#8211; Protocolos da Aten\u00e7\u00e3o Especializada<\/a><\/strong><\/p>\n<\/div>\n<\/div>\n<\/div>\n<div class=\"su-tabs-pane su-u-clearfix su-u-trim\" data-title=\"Exames Complementares\">\n<p><strong><a href=\"https:\/\/sites.usp.br\/guiacseb\/servicos\/biopsia-de-mama\/\">Bi\u00f3psia de mama<\/a><\/strong><\/p>\n<p><span class=\" aw5Odc\"><a class=\"XqQF9c\" href=\"https:\/\/sites.usp.br\/guiacseb\/servicos\/colonoscopia\/\"><strong>Colonoscopia<\/strong><\/a><\/span><\/p>\n<p><a href=\"https:\/\/sites.usp.br\/guiacseb\/wp-content\/uploads\/sites\/943\/2023\/01\/Nota-Informativa-Conjunta_03.22-CAB.PMCT_.pdf\" target=\"_blank\" rel=\"noopener\"><strong>IGRA<\/strong><\/a><\/p>\n<p><span class=\" aw5Odc\"><a class=\"XqQF9c\" href=\"https:\/\/sites.usp.br\/guiacseb\/servicos\/mamografia\/\"><strong>Mamografia<\/strong><\/a><\/span><\/p>\n<p><strong><a href=\"https:\/\/sites.usp.br\/guiacseb\/wp-content\/uploads\/sites\/943\/2025\/01\/PROTOCOLO-POLISSONOGRAFIA.pdf\" target=\"_blank\" rel=\"noopener\">Polissonografia<\/a><\/strong><\/p>\n<p><a href=\"https:\/\/sites.usp.br\/guiacseb\/servicos\/teste-urodinamico\/\"><strong>Teste urodin\u00e2mico<\/strong><\/a><\/p>\n<\/div>\n<div class=\"su-tabs-pane su-u-clearfix su-u-trim\" data-title=\"Outros\">\n<h4><a href=\"https:\/\/sites.usp.br\/guiacseb\/linha-de-cuidado-de-adolescencia-e-juventude\/\">Linha de cuidado de Adolesc\u00eancia e Juventude<\/a><\/h4>\n<p><strong><a href=\"https:\/\/sites.usp.br\/guiacseb\/wp-content\/uploads\/sites\/943\/2025\/05\/Instrumento-de-Avaliacao-da-Elegibilidade-e-Complexidade-da-Atencao-Domiciliar-IAEC-AD.pdf\" target=\"_blank\" rel=\"noopener\">Aten\u00e7\u00e3o domiciliar &#8211; instrumento de elegibilidade<\/a><\/strong><\/p>\n<p><strong><a href=\"https:\/\/sites.usp.br\/guiacseb\/wp-content\/uploads\/sites\/943\/2025\/01\/CPAP-inclusao.pdf\" target=\"_blank\" rel=\"noopener\">CPAP<\/a><\/strong><\/p>\n<p><a href=\"https:\/\/www.prefeitura.sp.gov.br\/cidade\/secretarias\/upload\/saude\/Orientacao_dispensacao_fraldas_12_6_2023.pdf\" target=\"_blank\" rel=\"noopener\"><strong>Dispensa\u00e7\u00e3o de Fraldas<\/strong><\/a><\/p>\n<p><strong><a href=\"https:\/\/sites.usp.br\/guiacseb\/wp-content\/uploads\/sites\/943\/2024\/03\/CT-DPE-02-2004-REF.-LAUDO-SAUDE-MENTAL.pdf\" target=\"_blank\" rel=\"noopener\">EMTU &#8211; Sa\u00fade Mental<\/a><\/strong><\/p>\n<p><a href=\"https:\/\/sites.usp.br\/guiacseb\/servicos\/opm\/\"><strong>\u00d3rteses e Pr\u00f3teses<\/strong><\/a><\/p>\n<p><a href=\"https:\/\/sites.usp.br\/guiacseb\/wp-content\/uploads\/sites\/943\/2024\/03\/ostomia.pdf\" target=\"_blank\" rel=\"noopener\"><strong>Ostomias &#8211; bolsas<\/strong><\/a><\/p>\n<p><span class=\" aw5Odc\"><strong><a class=\"XqQF9c\" href=\"https:\/\/sites.usp.br\/guiacseb\/servicos\/praticas-corporais\/\">Pr\u00e1ticas corporais<\/a><\/strong><\/span><\/p>\n<p><a href=\"https:\/\/sites.usp.br\/guiacseb\/servicos\/atende\/\"><strong>Solicita\u00e7\u00e3o &#8220;Atende&#8221;<\/strong><\/a><\/p>\n<p><a href=\"https:\/\/sites.usp.br\/guiacseb\/wp-content\/uploads\/sites\/943\/2023\/03\/Fluxo-para-solicitacao-de-ambulancia_URGENCIA-e-EMERGENCIA.pdf\" target=\"_blank\" rel=\"noopener\"><strong>Solicita\u00e7\u00e3o Ambul\u00e2ncia<\/strong><\/a>\u00a0\u00a0\u00a0\u00a0\u00a0\u00a0\u00a0 &#8211;\u00a0\u00a0\u00a0\u00a0 <a href=\"https:\/\/sites.usp.br\/guiacseb\/wp-content\/uploads\/sites\/943\/2024\/12\/amb1.jpeg\" target=\"_blank\" rel=\"noopener\">emerg\u00eancia<\/a> \u00a0\u00a0 \u00a0\u00a0 \u00a0\u00a0 \u00a0<a href=\"https:\/\/sites.usp.br\/guiacseb\/wp-content\/uploads\/sites\/943\/2024\/12\/amb2.jpeg\" target=\"_blank\" rel=\"noopener\">sanit\u00e1ria<\/a><\/p>\n<p><strong>Toxoplasmose<\/strong><\/p>\n<ul>\n<li><a href=\"https:\/\/sites.usp.br\/guiacseb\/wp-content\/uploads\/sites\/943\/2023\/01\/nota_tecnica_conjunta_02_2021_toxoplasmose_04_01_2023.pdf\" target=\"_blank\" rel=\"noopener\">dispensa\u00e7\u00e3o de medicamentos<\/a><\/li>\n<\/ul>\n<\/div><\/div><\/div>\n<div class=\"notranslate\" style=\"all: initial;\"><\/div>\n<\/div>\n<\/div>\n","protected":false},"excerpt":{"rendered":"","protected":false},"author":1,"featured_media":0,"parent":0,"menu_order":0,"comment_status":"closed","ping_status":"closed","template":"","meta":{"_monsterinsights_skip_tracking":false,"_monsterinsights_sitenote_active":false,"_monsterinsights_sitenote_note":"","_monsterinsights_sitenote_category":0,"footnotes":"","_links_to":"","_links_to_target":""},"class_list":["post-64","page","type-page","status-publish","hentry"],"_links":{"self":[{"href":"https:\/\/sites.usp.br\/guiacseb\/wp-json\/wp\/v2\/pages\/64","targetHints":{"allow":["GET"]}}],"collection":[{"href":"https:\/\/sites.usp.br\/guiacseb\/wp-json\/wp\/v2\/pages"}],"about":[{"href":"https:\/\/sites.usp.br\/guiacseb\/wp-json\/wp\/v2\/types\/page"}],"author":[{"embeddable":true,"href":"https:\/\/sites.usp.br\/guiacseb\/wp-json\/wp\/v2\/users\/1"}],"replies":[{"embeddable":true,"href":"https:\/\/sites.usp.br\/guiacseb\/wp-json\/wp\/v2\/comments?post=64"}],"version-history":[{"count":4,"href":"https:\/\/sites.usp.br\/guiacseb\/wp-json\/wp\/v2\/pages\/64\/revisions"}],"predecessor-version":[{"id":1431,"href":"https:\/\/sites.usp.br\/guiacseb\/wp-json\/wp\/v2\/pages\/64\/revisions\/1431"}],"wp:attachment":[{"href":"https:\/\/sites.usp.br\/guiacseb\/wp-json\/wp\/v2\/media?parent=64"}],"curies":[{"name":"wp","href":"https:\/\/api.w.org\/{rel}","templated":true}]}}