{"id":641,"date":"2021-07-12T17:54:10","date_gmt":"2021-07-12T20:54:10","guid":{"rendered":"https:\/\/sites.usp.br\/guiacseb\/?page_id=641"},"modified":"2021-07-12T17:54:10","modified_gmt":"2021-07-12T20:54:10","slug":"nefrologia","status":"publish","type":"page","link":"https:\/\/sites.usp.br\/guiacseb\/servicos\/nefrologia\/","title":{"rendered":"Nefrologia"},"content":{"rendered":"<p>Nefrologia Adulto deve ser sempre encaminhado ao regulador.<\/p>\n<p>Para crian\u00e7as, h\u00e1 vagas de primeira vez no Hospital Menino Jesus.<\/p>\n<p>&nbsp;<\/p>\n<p><strong>PROTOCOLO NEFROLOGIA \u2013 HOSPITAL OSWALDO RAMOS <\/strong><\/p>\n<p>AGENDAMENTO PELO SISTEMA SIGA \u2013 RESERVA T\u00c9CNICA<\/p>\n<p><strong>PACIENTES DE 13 A 80 ANOS<\/strong><\/p>\n<table>\n<tbody>\n<tr>\n<td><\/td>\n<td>AS CONSULTAS SER\u00c3O REALIZADAS NO AMBULAT\u00d3RIO DE HIPERTENS\u00c3O E METABOLOGIA.<\/p>\n<p>END: <strong>RUA LEANDRO DE DUPRET, 365 VILA CLEMENTINO<\/strong>. CHEGAR AO AMBULAT\u00d3RIO COM 15 MINUTOS DE ANTECED\u00caNCIA.<\/p>\n<p>O SERVI\u00c7O N\u00c3O GARANTE O ATENDIMENTO A PACIENTES ATRASADOS. <strong>TODOS OS PACIENTES DEVER\u00c3O SER MAIORES DE 13 ANOS. PACIENTES ACIMA DE 70 ANOS DEVER\u00c3O ESTAR ACOMPANHADOS<\/strong><\/p>\n<p>FAVOR TRAZER DOCUMENTOS NECESS\u00c1RIOS PARA FAZER A FICHA; CNS, RG, CIC E COMPROVANTE DE ENDERE\u00c7O, SE FOR MENOR DE IDADE TRAZER CERTID\u00c3O DE NASCIMENTO.<\/p>\n<p>TRAZER EXAMES ANTERIORES E RECEITA M\u00c9DICA CASO ESTEJA FAZENDO USO DE ALGUM MEDICAMENTO.<\/p>\n<p><strong>ORIENTA\u00c7\u00d5ES \/ OBSERVA\u00c7\u00d5ES NEFROLOGIA GERAL:<\/strong><\/p>\n<p><strong>\u2013 EXAMES PREVIOS &#8211; URINA TIPO I (SUMARIO DE URINA), CREATININA, USG DE RINS E VIAS URIN\u00c1RIAS, GLICEMIA DE JEJUM (ESPECIALMENTE SE DIAB\u00c9TICOS).<br \/>\n<\/strong><strong>PACIENTES ADULTOS EM INVESTIGA\u00c7\u00c3O DE PATOLOGIA RENAL;<br \/>\n<\/strong><strong>DOEN\u00c7A RENAL CR\u00d4NICA PROGRESSIVA COM CREATININA A PARTIR DE 1,5 MG% ESPECIALMENTE PACIENTES DIAB\u00c9TICOS E\/OU HIPERTENSOS;<br \/>\n<\/strong><strong>PACIENTES HIPERTENSOS COM OU SEM OBESIDADE E DIABETES ASSOCIADAS.<\/strong><\/td>\n<\/tr>\n<\/tbody>\n<\/table>\n<p>&nbsp;<\/p>\n","protected":false},"excerpt":{"rendered":"<p>Nefrologia Adulto deve ser sempre encaminhado ao regulador. Para crian\u00e7as, h\u00e1 vagas de primeira vez no Hospital Menino Jesus. &nbsp; PROTOCOLO NEFROLOGIA \u2013 HOSPITAL OSWALDO RAMOS AGENDAMENTO PELO SISTEMA SIGA \u2013 RESERVA T\u00c9CNICA PACIENTES DE 13 A 80 ANOS AS CONSULTAS SER\u00c3O REALIZADAS NO AMBULAT\u00d3RIO DE HIPERTENS\u00c3O E METABOLOGIA. END: RUA LEANDRO DE DUPRET, 365 [&hellip;]<\/p>\n","protected":false},"author":22390,"featured_media":0,"parent":64,"menu_order":0,"comment_status":"closed","ping_status":"closed","template":"","meta":{"_monsterinsights_skip_tracking":false,"_monsterinsights_sitenote_active":false,"_monsterinsights_sitenote_note":"","_monsterinsights_sitenote_category":0,"footnotes":"","_links_to":"","_links_to_target":""},"class_list":["post-641","page","type-page","status-publish","hentry"],"_links":{"self":[{"href":"https:\/\/sites.usp.br\/guiacseb\/wp-json\/wp\/v2\/pages\/641","targetHints":{"allow":["GET"]}}],"collection":[{"href":"https:\/\/sites.usp.br\/guiacseb\/wp-json\/wp\/v2\/pages"}],"about":[{"href":"https:\/\/sites.usp.br\/guiacseb\/wp-json\/wp\/v2\/types\/page"}],"author":[{"embeddable":true,"href":"https:\/\/sites.usp.br\/guiacseb\/wp-json\/wp\/v2\/users\/22390"}],"replies":[{"embeddable":true,"href":"https:\/\/sites.usp.br\/guiacseb\/wp-json\/wp\/v2\/comments?post=641"}],"version-history":[{"count":1,"href":"https:\/\/sites.usp.br\/guiacseb\/wp-json\/wp\/v2\/pages\/641\/revisions"}],"predecessor-version":[{"id":642,"href":"https:\/\/sites.usp.br\/guiacseb\/wp-json\/wp\/v2\/pages\/641\/revisions\/642"}],"up":[{"embeddable":true,"href":"https:\/\/sites.usp.br\/guiacseb\/wp-json\/wp\/v2\/pages\/64"}],"wp:attachment":[{"href":"https:\/\/sites.usp.br\/guiacseb\/wp-json\/wp\/v2\/media?parent=641"}],"curies":[{"name":"wp","href":"https:\/\/api.w.org\/{rel}","templated":true}]}}