{"id":647,"date":"2021-08-09T16:40:31","date_gmt":"2021-08-09T19:40:31","guid":{"rendered":"https:\/\/sites.usp.br\/guiacseb\/?page_id=647"},"modified":"2021-08-09T16:43:26","modified_gmt":"2021-08-09T19:43:26","slug":"atende","status":"publish","type":"page","link":"https:\/\/sites.usp.br\/guiacseb\/servicos\/atende\/","title":{"rendered":"Atende"},"content":{"rendered":"<div>\n<div>\n<div><b>Todas as solicita\u00e7\u00f5es para transporte pelo Servi\u00e7o Atende+ dever\u00e3o ser registradas diretamente no site <a href=\"http:\/\/www.sptrans.com.br\/atende\" target=\"_blank\" rel=\"noopener\" data-saferedirecturl=\"https:\/\/www.google.com\/url?q=http:\/\/www.sptrans.com.br\/atende&amp;source=gmail&amp;ust=1628623503123000&amp;usg=AFQjCNEFOTLN8-NkI1K8njBcGqkfAxHadg\">www.sptrans.com.br\/atende<\/a> ou presencialmente nos Postos de Atendimentos mediante agendamento<\/b>.<\/div>\n<div><\/div>\n<div>\n<hr \/>\n<p>Durante o per\u00edodo de pandemia, quando o atendimento presencial nas Subprefeituras foi suspenso em cumprimento \u00e0 legisla\u00e7\u00e3o para conten\u00e7\u00e3o da Covid 19, disponibilizamos o e-mail <a href=\"mailto:atende@sptrans.com.br\" target=\"_blank\" rel=\"noopener\">atende@sptrans.com.br<\/a> para solicita\u00e7\u00f5es de inscri\u00e7\u00f5es e ou\/altera\u00e7\u00f5es cadastrais e ainda, os casos para reativar a programa\u00e7\u00e3o, cessada automaticamente pela<br \/>\nreorganiza\u00e7\u00e3o operacional, conforme Comunicado em 03\/05\/21 via e-mail.<br \/>\nConsiderando o desenvolvimento de novos servi\u00e7os no site da SPTrans\/Atende+, <b>a partir de 16\/08\/2021 cessaremos o recebimento de solicita\u00e7\u00f5es por e-mail.<\/b><\/p>\n<\/div>\n<\/div>\n<div>\n<hr \/>\n<\/div>\n<div>D\u00favidas podem ser esclarecidas em contato com a Central de Atendimento pelo n\u00famero 156.<\/div>\n<div><\/div>\n<\/div>\n<div>\n<div dir=\"ltr\" data-smartmail=\"gmail_signature\">\n<div dir=\"ltr\">\n<div>\n<div dir=\"ltr\">\n<div>\n<div dir=\"ltr\">\n<div>\n<div dir=\"ltr\">\n<div>\n<div dir=\"ltr\">\n<div dir=\"ltr\">\n<div dir=\"ltr\">\n<p><b><span style=\"color: #000000;\">Acesse o Regulamento clicando em:<\/span>\u00a0<a href=\"http:\/\/www.sptrans.com.br\/media\/1392\/regulamento_atende-nov_17.pdf\" target=\"_blank\" rel=\"noopener\" data-saferedirecturl=\"https:\/\/www.google.com\/url?q=http:\/\/www.sptrans.com.br\/media\/1392\/regulamento_atende-nov_17.pdf&amp;source=gmail&amp;ust=1628623503123000&amp;usg=AFQjCNGzvcHL6r5Y44mT4lBn0AFC5RVXsw\">http:\/\/www.sptrans.com.br\/<wbr \/>media\/1392\/regulamento_atende-<wbr \/>nov_17.pdf<\/a><\/b><\/p>\n<p><b><span style=\"color: #000000;\">Mantenha sempre atualizado os dados pessoais, e-mail e telefone.<\/span><\/b><b><br \/>\n<\/b><\/p>\n<p><b><span style=\"color: #000000;\">Contatos:<\/span><\/b><b> Central 156 \/ <a href=\"http:\/\/www.sptrans.com.br\/atende\" target=\"_blank\" rel=\"noopener\" data-saferedirecturl=\"https:\/\/www.google.com\/url?q=http:\/\/www.sptrans.com.br\/atende&amp;source=gmail&amp;ust=1628623503123000&amp;usg=AFQjCNEFOTLN8-NkI1K8njBcGqkfAxHadg\">www.sptrans.com.br\/atende<\/a><\/b><\/p>\n<\/div>\n<\/div>\n<\/div>\n<\/div>\n<\/div>\n<\/div>\n<\/div>\n<\/div>\n<\/div>\n<\/div>\n<\/div>\n<\/div>\n<\/div>\n","protected":false},"excerpt":{"rendered":"<p>Todas as solicita\u00e7\u00f5es para transporte pelo Servi\u00e7o Atende+ dever\u00e3o ser registradas diretamente no site www.sptrans.com.br\/atende ou presencialmente nos Postos de Atendimentos mediante agendamento. Durante o per\u00edodo de pandemia, quando o atendimento presencial nas Subprefeituras foi suspenso em cumprimento \u00e0 legisla\u00e7\u00e3o para conten\u00e7\u00e3o da Covid 19, disponibilizamos o e-mail atende@sptrans.com.br para solicita\u00e7\u00f5es de inscri\u00e7\u00f5es e ou\/altera\u00e7\u00f5es [&hellip;]<\/p>\n","protected":false},"author":22390,"featured_media":0,"parent":64,"menu_order":0,"comment_status":"closed","ping_status":"closed","template":"","meta":{"_monsterinsights_skip_tracking":false,"_monsterinsights_sitenote_active":false,"_monsterinsights_sitenote_note":"","_monsterinsights_sitenote_category":0,"footnotes":"","_links_to":"","_links_to_target":""},"class_list":["post-647","page","type-page","status-publish","hentry"],"_links":{"self":[{"href":"https:\/\/sites.usp.br\/guiacseb\/wp-json\/wp\/v2\/pages\/647","targetHints":{"allow":["GET"]}}],"collection":[{"href":"https:\/\/sites.usp.br\/guiacseb\/wp-json\/wp\/v2\/pages"}],"about":[{"href":"https:\/\/sites.usp.br\/guiacseb\/wp-json\/wp\/v2\/types\/page"}],"author":[{"embeddable":true,"href":"https:\/\/sites.usp.br\/guiacseb\/wp-json\/wp\/v2\/users\/22390"}],"replies":[{"embeddable":true,"href":"https:\/\/sites.usp.br\/guiacseb\/wp-json\/wp\/v2\/comments?post=647"}],"version-history":[{"count":3,"href":"https:\/\/sites.usp.br\/guiacseb\/wp-json\/wp\/v2\/pages\/647\/revisions"}],"predecessor-version":[{"id":652,"href":"https:\/\/sites.usp.br\/guiacseb\/wp-json\/wp\/v2\/pages\/647\/revisions\/652"}],"up":[{"embeddable":true,"href":"https:\/\/sites.usp.br\/guiacseb\/wp-json\/wp\/v2\/pages\/64"}],"wp:attachment":[{"href":"https:\/\/sites.usp.br\/guiacseb\/wp-json\/wp\/v2\/media?parent=647"}],"curies":[{"name":"wp","href":"https:\/\/api.w.org\/{rel}","templated":true}]}}