{"id":655,"date":"2021-08-11T07:53:49","date_gmt":"2021-08-11T10:53:49","guid":{"rendered":"https:\/\/sites.usp.br\/guiacseb\/?page_id=655"},"modified":"2021-08-11T07:53:49","modified_gmt":"2021-08-11T10:53:49","slug":"leishmaniose","status":"publish","type":"page","link":"https:\/\/sites.usp.br\/guiacseb\/servicos\/leishmaniose\/","title":{"rendered":"Leishmaniose"},"content":{"rendered":"<p>A Coleta de parasitol\u00f3gico para Leishmaniose n\u00e3o \u00e9 responsabilidade do munic\u00edpio.<\/p>\n<p>As Unidades Basicas devem suspeitar da doen\u00e7a e encaminhar ao IIER conforme j\u00e1 orientado:<\/p>\n<p><img decoding=\"async\" class=\"CToWUd a6T\" tabindex=\"0\" src=\"https:\/\/mail.google.com\/mail\/u\/1?ui=2&amp;ik=167a5979fc&amp;attid=0.1&amp;permmsgid=msg-f:1707740069829528505&amp;th=17b31c8ba6e3cbb9&amp;view=fimg&amp;sz=s0-l75-ft&amp;attbid=ANGjdJ_SdgbTy6oYiABOrnLiOWcR1DoZK5eMc0jVwz0Ja67XNgJI7GAAPC1Zw9I_cAQwwHGzCes6ecFROdVGTY0VZXJf3iUZ0ufclRtg8oKaIzdXCpREGRBcCJE_aao&amp;disp=emb&amp;realattid=17b3107e296c31f55921\" data-image-whitelisted=\"\" \/><\/p>\n<p>O diagn\u00f3stico e tratamento fica por parte da Refer\u00eancia.<\/p>\n","protected":false},"excerpt":{"rendered":"<p>A Coleta de parasitol\u00f3gico para Leishmaniose n\u00e3o \u00e9 responsabilidade do munic\u00edpio. As Unidades Basicas devem suspeitar da doen\u00e7a e encaminhar ao IIER conforme j\u00e1 orientado: O diagn\u00f3stico e tratamento fica por parte da Refer\u00eancia.<\/p>\n","protected":false},"author":22390,"featured_media":0,"parent":64,"menu_order":0,"comment_status":"closed","ping_status":"closed","template":"","meta":{"_monsterinsights_skip_tracking":false,"_monsterinsights_sitenote_active":false,"_monsterinsights_sitenote_note":"","_monsterinsights_sitenote_category":0,"footnotes":"","_links_to":"","_links_to_target":""},"class_list":["post-655","page","type-page","status-publish","hentry"],"_links":{"self":[{"href":"https:\/\/sites.usp.br\/guiacseb\/wp-json\/wp\/v2\/pages\/655","targetHints":{"allow":["GET"]}}],"collection":[{"href":"https:\/\/sites.usp.br\/guiacseb\/wp-json\/wp\/v2\/pages"}],"about":[{"href":"https:\/\/sites.usp.br\/guiacseb\/wp-json\/wp\/v2\/types\/page"}],"author":[{"embeddable":true,"href":"https:\/\/sites.usp.br\/guiacseb\/wp-json\/wp\/v2\/users\/22390"}],"replies":[{"embeddable":true,"href":"https:\/\/sites.usp.br\/guiacseb\/wp-json\/wp\/v2\/comments?post=655"}],"version-history":[{"count":1,"href":"https:\/\/sites.usp.br\/guiacseb\/wp-json\/wp\/v2\/pages\/655\/revisions"}],"predecessor-version":[{"id":656,"href":"https:\/\/sites.usp.br\/guiacseb\/wp-json\/wp\/v2\/pages\/655\/revisions\/656"}],"up":[{"embeddable":true,"href":"https:\/\/sites.usp.br\/guiacseb\/wp-json\/wp\/v2\/pages\/64"}],"wp:attachment":[{"href":"https:\/\/sites.usp.br\/guiacseb\/wp-json\/wp\/v2\/media?parent=655"}],"curies":[{"name":"wp","href":"https:\/\/api.w.org\/{rel}","templated":true}]}}