{"id":68,"date":"2014-02-12T11:30:24","date_gmt":"2014-02-12T13:30:24","guid":{"rendered":"http:\/\/sites.usp.br\/guiacseb\/?page_id=68"},"modified":"2021-05-13T13:23:48","modified_gmt":"2021-05-13T16:23:48","slug":"saude","status":"publish","type":"page","link":"https:\/\/sites.usp.br\/guiacseb\/cidadania\/saude\/","title":{"rendered":"Sa\u00fade"},"content":{"rendered":"<div class=\"mYVXT\">\n<div class=\"LS81yb VICjCf\" tabindex=\"-1\">\n<div class=\"hJDwNd-AhqUyc-uQSCkd purZT-AhqUyc-II5mzb pSzOP-AhqUyc-qWD73c JNdkSc\">\n<div class=\"JNdkSc-SmKAyb\">\n<div class=\"\">\n<div class=\"oKdM2c Kzv0Me\">\n<div id=\"h.7b7b8d6ac0fee6cd_475\" class=\"hJDwNd-AhqUyc-uQSCkd jXK9ad D2fZ2 OjCsFc wHaque GNzUNc\">\n<div class=\"jXK9ad-SmKAyb\">\n<div class=\"tyJCtd mGzaTb baZpAe\">\n<p dir=\"ltr\"><div class=\"su-divider su-divider-style-default\" style=\"margin:15px 0;border-width:3px;border-color:#999999\"><\/div>\n<p class=\"CDt4Ke zfr3Q\" dir=\"ltr\"><span class=\" aw5Odc\"><a class=\"XqQF9c\" href=\"http:\/\/www.google.com\/url?q=http%3A%2F%2Fwww.mpsp.mp.br%2Fportal%2Fpage%2Fportal%2FSaude_Publica&amp;sa=D&amp;sntz=1&amp;usg=AFQjCNEKRzHBWgjScpfkc1bQcRUXFhzsgg\" target=\"_blank\" rel=\"noopener\"><strong>Promotoria da Sa\u00fade<\/strong><\/a><\/span><\/p>\n<p dir=\"ltr\"><div class=\"su-divider su-divider-style-default\" style=\"margin:15px 0;border-width:3px;border-color:#999999\"><\/div>\n<p class=\"CDt4Ke zfr3Q\" dir=\"ltr\"><span class=\" aw5Odc\"><a class=\"XqQF9c\" href=\"http:\/\/www.google.com\/url?q=http%3A%2F%2Fportal.anvisa.gov.br%2F&amp;sa=D&amp;sntz=1&amp;usg=AFQjCNHiBJ7ypGnLSQBiQcAnO92q0rEL3Q\" target=\"_blank\" rel=\"noopener\"><strong>ANVISA &#8211; Ag\u00eancia Nacional de Vigil\u00e2ncia Sanit\u00e1ria<\/strong><\/a><\/span><\/p>\n<p dir=\"ltr\"><div class=\"su-divider su-divider-style-default\" style=\"margin:15px 0;border-width:3px;border-color:#999999\"><\/div>\n<p class=\"CDt4Ke zfr3Q\" dir=\"ltr\"><span class=\" aw5Odc\"><a class=\"XqQF9c\" href=\"http:\/\/www.google.com\/url?q=http%3A%2F%2Fwww.ans.gov.br%2F&amp;sa=D&amp;sntz=1&amp;usg=AFQjCNEglyTZ_TrZtJtibqph7yYkh35djw\" target=\"_blank\" rel=\"noopener\"><strong>ANS &#8211; Ag\u00eancia Nacional de Sa\u00fade<\/strong><\/a><\/span><\/p>\n<p dir=\"ltr\"><div class=\"su-divider su-divider-style-default\" style=\"margin:15px 0;border-width:3px;border-color:#999999\"><\/div>\n<p class=\"CDt4Ke zfr3Q\" dir=\"ltr\"><span class=\" aw5Odc\"><a class=\"XqQF9c\" href=\"https:\/\/sites.usp.br\/guiacseb\/cidadania\/saude\/ouvidorias\/\"><strong>Ouvidorias<\/strong><\/a><\/span><\/p>\n<p dir=\"ltr\"><div class=\"su-divider su-divider-style-default\" style=\"margin:15px 0;border-width:3px;border-color:#999999\"><\/div>\n<\/div>\n<\/div>\n<\/div>\n<\/div>\n<\/div>\n<\/div>\n<\/div>\n<\/div>\n<\/div>\n","protected":false},"excerpt":{"rendered":"<p>Promotoria da Sa\u00fade ANVISA &#8211; Ag\u00eancia Nacional de Vigil\u00e2ncia Sanit\u00e1ria ANS &#8211; Ag\u00eancia Nacional de Sa\u00fade Ouvidorias<\/p>\n","protected":false},"author":1,"featured_media":0,"parent":62,"menu_order":0,"comment_status":"closed","ping_status":"closed","template":"","meta":{"_monsterinsights_skip_tracking":false,"_monsterinsights_sitenote_active":false,"_monsterinsights_sitenote_note":"","_monsterinsights_sitenote_category":0,"footnotes":"","_links_to":"","_links_to_target":""},"class_list":["post-68","page","type-page","status-publish","hentry"],"_links":{"self":[{"href":"https:\/\/sites.usp.br\/guiacseb\/wp-json\/wp\/v2\/pages\/68","targetHints":{"allow":["GET"]}}],"collection":[{"href":"https:\/\/sites.usp.br\/guiacseb\/wp-json\/wp\/v2\/pages"}],"about":[{"href":"https:\/\/sites.usp.br\/guiacseb\/wp-json\/wp\/v2\/types\/page"}],"author":[{"embeddable":true,"href":"https:\/\/sites.usp.br\/guiacseb\/wp-json\/wp\/v2\/users\/1"}],"replies":[{"embeddable":true,"href":"https:\/\/sites.usp.br\/guiacseb\/wp-json\/wp\/v2\/comments?post=68"}],"version-history":[{"count":4,"href":"https:\/\/sites.usp.br\/guiacseb\/wp-json\/wp\/v2\/pages\/68\/revisions"}],"predecessor-version":[{"id":457,"href":"https:\/\/sites.usp.br\/guiacseb\/wp-json\/wp\/v2\/pages\/68\/revisions\/457"}],"up":[{"embeddable":true,"href":"https:\/\/sites.usp.br\/guiacseb\/wp-json\/wp\/v2\/pages\/62"}],"wp:attachment":[{"href":"https:\/\/sites.usp.br\/guiacseb\/wp-json\/wp\/v2\/media?parent=68"}],"curies":[{"name":"wp","href":"https:\/\/api.w.org\/{rel}","templated":true}]}}