{"id":697,"date":"2022-02-16T12:10:15","date_gmt":"2022-02-16T15:10:15","guid":{"rendered":"https:\/\/sites.usp.br\/guiacseb\/?page_id=697"},"modified":"2022-02-16T12:10:15","modified_gmt":"2022-02-16T15:10:15","slug":"teste-urodinamico","status":"publish","type":"page","link":"https:\/\/sites.usp.br\/guiacseb\/servicos\/teste-urodinamico\/","title":{"rendered":"Teste urodin\u00e2mico"},"content":{"rendered":"<p>PROTOCOLO DAS PRINCIPAIS INDICA\u00c7\u00d5ES DO TESTE URODIN\u00c2MICO FEMININO<br \/>\nO Teste Urodin\u00e2mico \u00e9 um exame invasivo e desconfort\u00e1vel. Sua principal fun\u00e7\u00e3o \u00e9 reproduzir as queixas das pacientes. Portanto antes de sua solicita\u00e7\u00e3o, \u00e9 fundamental que se fa\u00e7a uma anamnese bem criteriosa a Bim de se evitar riscos aos pacientes, desconfortos e realiza\u00e7\u00e3o de exames desnecessariamente onerando o sistema de saude. O Teste Urodin\u00e2mico n\u00e3o faz diagn\u00f3stico de Prolapso Genital e n\u00e3o \u00e9 obrigat\u00f3rio nessa condi\u00e7\u00e3o cl\u00ednica, mesmo se o prolapso for tratado cirurgicamente. O que norteia sua solicita\u00e7\u00e3o s\u00e3o as queixas cl\u00ednicas.<br \/>\n1. CONDI\u00c7\u00d5ES CL\u00cdNICAS<br \/>\n1. INCONTIN\u00caNCIA URIN\u00c1RIA DE ESFOR\u00c7O<br \/>\n\u2022 Paciente com queixa de perda de urina aos pequenos-m\u00e9dios esfor\u00e7os (andar, mudan\u00e7a de dec\u00fabito, correr) &#8211; SOLICITAR TESTE URODIN\u00c2MICO<br \/>\n\u2022 N\u00e3o se beneBiciam do exame pacientes com queixa de perda de urina aos grandes esfor\u00e7os (tossir, espirrar) ou com queixas espor\u00e1dicas, uma vez que o tratamento nesses casos \u00e9 preferencialmente cl\u00ednico.<br \/>\n2. BEXIGA HIPERATIVA<br \/>\n\u2022 Pacientes com queixa cl\u00ednica de Bexiga Hiperativa n\u00e3o se beneBiciam do exame para elucidar seu diagnostico. Na S\u00edndrome da Bexiga Cl\u00ednica a paciente queixa- se de urg\u00eancia, incontin\u00eancia de urg\u00eancia, noct\u00faria (mais que 2 vezes), enurese, perda insens\u00edvel de urina, perda de urina na rela\u00e7\u00e3o sexual, sensa\u00e7\u00e3o de esvaziamento incompleto e gotejamento p\u00f3s miccional. O Teste Urodinamico pode n\u00e3o apresentar as Contra\u00e7\u00f5es Involunt\u00e1rias do Detrusor e portanto teremos uma doen\u00e7a instalada e que merece ser tratada com um exame &#8220;normal&#8221; &#8211; isso pode confundir a paciente e piorar a ades\u00e3o ao tratamento.<br \/>\n3. INCONTIN\u00caNCIA URIN\u00c1RIA MISTA<br \/>\n\u2022 Pacientes com queixas de incontin\u00eancia urin\u00e1ria aos m\u00e9dios-pequenos esfor\u00e7os e de incontin\u00eancia de urg\u00eancia quando o cl\u00ednico entender que h\u00e1 a possibilidade de tratamento cir\u00fargico da IUE &#8211; SOLICITAR TESTE URODIN\u00c2MICO<br \/>\n\u2022 Pacientes com componente predominante de Bexiga Hiperativa n\u00e3o se beneBiciam do exame e sim do tratamento cl\u00ednico.<br \/>\n\u2022 O exame poder\u00e1 tamb\u00e9m ser realizado na vig\u00eancia do tratamento cl\u00ednico da Bexiga Hiperativa, caso o componente de esfor\u00e7o ainda seja uma queixa importante da paciente<br \/>\n4. ALTERA\u00c7\u00d5ES DE ESVAZIAMENTO VESICAL, PRINCIPALMENTE AP\u00d3S PROCEDIMENTOS CIR\u00daRGICOS &#8211; SOLICITAR TESTE URODIN\u00c2MICO<br \/>\n2. CONTRA INDICA\u00c7\u00d5ES<br \/>\n&#8211; Gestantes<br \/>\n&#8211; Infec\u00e7\u00e3o de Urina<br \/>\n&#8211; N\u00e3o \u00e9 recomendado fazer o exame se a paciente estiver menstruada<br \/>\nQUADRO RESUMO OS PRINCIPAIS BENEF\u00cdCIOS COM O TESTE URODIN\u00c2MICO<\/p>\n<p><a href=\"https:\/\/sites.usp.br\/guiacseb\/wp-content\/uploads\/sites\/943\/2022\/02\/urodinamico.png\"><img loading=\"lazy\" decoding=\"async\" class=\"alignnone wp-image-698 size-full\" src=\"https:\/\/sites.usp.br\/guiacseb\/wp-content\/uploads\/sites\/943\/2022\/02\/urodinamico.png\" alt=\"\" width=\"634\" height=\"621\" srcset=\"https:\/\/sites.usp.br\/guiacseb\/wp-content\/uploads\/sites\/943\/2022\/02\/urodinamico.png 634w, https:\/\/sites.usp.br\/guiacseb\/wp-content\/uploads\/sites\/943\/2022\/02\/urodinamico-300x294.png 300w, https:\/\/sites.usp.br\/guiacseb\/wp-content\/uploads\/sites\/943\/2022\/02\/urodinamico-45x45.png 45w, https:\/\/sites.usp.br\/guiacseb\/wp-content\/uploads\/sites\/943\/2022\/02\/urodinamico-400x392.png 400w\" sizes=\"auto, (max-width: 634px) 100vw, 634px\" \/><\/a><\/p>\n","protected":false},"excerpt":{"rendered":"<p>PROTOCOLO DAS PRINCIPAIS INDICA\u00c7\u00d5ES DO TESTE URODIN\u00c2MICO FEMININO O Teste Urodin\u00e2mico \u00e9 um exame invasivo e desconfort\u00e1vel. Sua principal fun\u00e7\u00e3o \u00e9 reproduzir as queixas das pacientes. Portanto antes de sua solicita\u00e7\u00e3o, \u00e9 fundamental que se fa\u00e7a uma anamnese bem criteriosa a Bim de se evitar riscos aos pacientes, desconfortos e realiza\u00e7\u00e3o de exames desnecessariamente onerando [&hellip;]<\/p>\n","protected":false},"author":22390,"featured_media":0,"parent":64,"menu_order":0,"comment_status":"closed","ping_status":"closed","template":"","meta":{"_monsterinsights_skip_tracking":false,"_monsterinsights_sitenote_active":false,"_monsterinsights_sitenote_note":"","_monsterinsights_sitenote_category":0,"footnotes":"","_links_to":"","_links_to_target":""},"class_list":["post-697","page","type-page","status-publish","hentry"],"_links":{"self":[{"href":"https:\/\/sites.usp.br\/guiacseb\/wp-json\/wp\/v2\/pages\/697","targetHints":{"allow":["GET"]}}],"collection":[{"href":"https:\/\/sites.usp.br\/guiacseb\/wp-json\/wp\/v2\/pages"}],"about":[{"href":"https:\/\/sites.usp.br\/guiacseb\/wp-json\/wp\/v2\/types\/page"}],"author":[{"embeddable":true,"href":"https:\/\/sites.usp.br\/guiacseb\/wp-json\/wp\/v2\/users\/22390"}],"replies":[{"embeddable":true,"href":"https:\/\/sites.usp.br\/guiacseb\/wp-json\/wp\/v2\/comments?post=697"}],"version-history":[{"count":1,"href":"https:\/\/sites.usp.br\/guiacseb\/wp-json\/wp\/v2\/pages\/697\/revisions"}],"predecessor-version":[{"id":699,"href":"https:\/\/sites.usp.br\/guiacseb\/wp-json\/wp\/v2\/pages\/697\/revisions\/699"}],"up":[{"embeddable":true,"href":"https:\/\/sites.usp.br\/guiacseb\/wp-json\/wp\/v2\/pages\/64"}],"wp:attachment":[{"href":"https:\/\/sites.usp.br\/guiacseb\/wp-json\/wp\/v2\/media?parent=697"}],"curies":[{"name":"wp","href":"https:\/\/api.w.org\/{rel}","templated":true}]}}