{"id":735,"date":"2022-03-29T08:51:58","date_gmt":"2022-03-29T11:51:58","guid":{"rendered":"https:\/\/sites.usp.br\/guiacseb\/?page_id=735"},"modified":"2025-02-27T12:44:19","modified_gmt":"2025-02-27T15:44:19","slug":"opm","status":"publish","type":"page","link":"https:\/\/sites.usp.br\/guiacseb\/servicos\/opm\/","title":{"rendered":"OPM"},"content":{"rendered":"<div>\n<p>A partir do m\u00eas de fevereiro de 2025, a avalia\u00e7\u00e3o e dispensa\u00e7\u00e3o de OPMs seguir\u00e1 novo fluxo, em conformidade com as diretrizes da Coordenadoria de Sa\u00fade Oeste e da Supervis\u00e3o T\u00e9cnica de Sa\u00fade do Butant\u00e3, e em sintonia com o documento norteador deste servi\u00e7o especializado.<\/p>\n<p>A fim de facilitar os agendamentos e comunica\u00e7\u00e3o deste fato ao paciente, e consequentemente, auxiliar o trabalho das regula\u00e7\u00f5es, <strong>abrimos hor\u00e1rios em agenda regulada, como vagas de primeira vez.<\/strong><\/p>\n<\/div>\n<div>\n<p><strong><u>Vagas para sapatos ortop\u00e9dicos para p\u00e9s neurop\u00e1ticos<br \/>\n<\/u><\/strong><strong>Total de vagas: 30 (mensais)<br \/>\n<\/strong><strong>Agenda regulada\/livre\/primeira vez<br \/>\n<\/strong><strong>Especialidade: Especialista em Reabilita\u00e7\u00e3o F\u00edsica<br \/>\n<\/strong><strong>Procedimento:030107900<br \/>\n<\/strong><strong>Avalia\u00e7\u00e3o Multiprofissional em reabilita\u00e7\u00e3o<br \/>\n<\/strong><strong>CID: G 62.9<\/strong><\/p>\n<p>Instru\u00e7\u00f5es:<\/p>\n<ul>\n<li>Comparecer com a solicita\u00e7\u00e3o do cal\u00e7ado realizado pela equipe da unidade (neste caso, entendemos que a solicita\u00e7\u00e3o ser\u00e1 realizada pela equipe de enfermagem da unidade);<\/li>\n<li>Realizar o Teste de Sensibilidade (Monofilamento), que dever\u00e1 ser entregue ao paciente para ser apresentado no dia da avalia\u00e7\u00e3o;<\/li>\n<li>As regula\u00e7\u00f5es poder\u00e3o realizar os agendamentos nas vagas reguladas e entregar o comprovante ao paciente, que dever\u00e1 comparecer a este servi\u00e7o na data e hor\u00e1rio indicados;<\/li>\n<li>Avalia\u00e7\u00e3o, solicita\u00e7\u00e3o, entrega e orienta\u00e7\u00f5es, ser\u00e3o realizadas pela equipe do CER II Butant\u00e3;<\/li>\n<li>Mensalmente, informaremos, atrav\u00e9s de planilha enviada \u00e0s unidades, o status das solicita\u00e7\u00f5es;<\/li>\n<li>Salientamos que o acompanhamento das condi\u00e7\u00f5es cl\u00ednicas dos pacientes, continuar\u00e3o sendo de responsabilidade das unidades, ficando a cargo da nossa equipe apenas as necess\u00e1rias avalia\u00e7\u00f5es e dispensa\u00e7\u00e3o das OPMs;<\/li>\n<\/ul>\n<p><strong>\u00a0<\/strong><strong>Observa\u00e7\u00e3o:<br \/>\n<\/strong><u>Segundo protocolo do P\u00e9 Diab\u00e9tico da SMS, o cal\u00e7ado \u00e9 fornecido apenas para o paciente que tem perda de sensibilidade.<\/u><\/p>\n<p><strong><u>Vagas para OPMs (bengalas, muletas, andadores e outros meios de locomo\u00e7\u00e3o)<\/u><\/strong><\/p>\n<p><strong>Total de vagas: 20 (mensais)<br \/>\n<\/strong><strong>Agenda regulada\/livre\/primeira vez<br \/>\n<\/strong><strong>Especialidade: Especialista em Reabilita\u00e7\u00e3o F\u00edsica<br \/>\n<\/strong><strong>Procedimento:030107900<br \/>\n<\/strong><strong>Avalia\u00e7\u00e3o Multiprofissional em reabilita\u00e7\u00e3o<br \/>\n<\/strong><strong>CID: R 26.8<\/strong><strong>\u00a0<\/strong><\/p>\n<p>Instru\u00e7\u00f5es:<\/p>\n<ul>\n<li>Comparecer com a solicita\u00e7\u00e3o da OPM, realizada pela equipe multiprofissional da unidade ou do polo de refer\u00eancia;<\/li>\n<li>A regula\u00e7\u00e3o das unidades realizar\u00e1 o agendamento do paciente, entregando o comprovante a ele; O paciente dever\u00e1 comparecer a este servi\u00e7o na data e hor\u00e1rio indicados para avalia\u00e7\u00e3o e solicita\u00e7\u00e3o da OPM;<\/li>\n<li>Da mesma forma, avalia\u00e7\u00e3o, solicita\u00e7\u00e3o, entrega e orienta\u00e7\u00f5es ser\u00e3o realizadas pela equipe do CER II Butant\u00e3, ficando a cargo das unidades o acompanhamento dos pacientes, em suas diversas modalidades de reabilita\u00e7\u00e3o pelas equipes multiprofissionais e de sa\u00fade em geral.<\/li>\n<li>Enviaremos planilha de status das solicita\u00e7\u00f5es mensalmente para as unidades;<\/li>\n<\/ul>\n<p><strong>(<\/strong>Nos casos de<strong> \u00f3rteses de membros inferiores sob medida, <\/strong>os casos poder\u00e3o ser<strong> enviados POR CARGA, <\/strong>uma vez que a <strong>avalia\u00e7\u00e3o e solicita\u00e7\u00e3o ser\u00e3o realizados pelo CER III Lapa)<\/strong><\/p>\n<p>Finalmente, salientamos que os pedidos de cadeira de rodas e banho, assim como \u00f3rteses de membros superiores, continuar\u00e3o seguindo o fluxo j\u00e1 estabelecidos e consolidado, com vagas reguladas de agendamento pr\u00f3prias no SIGA. Tamb\u00e9m poderemos reavaliar a oferta de vagas, conforme a demanda, e que trataremos em nova repactua\u00e7\u00e3o.<\/p>\n<p><a href=\"https:\/\/sites.usp.br\/guiacseb\/wp-content\/uploads\/sites\/943\/2022\/03\/ORTESES-2.2022.2.pdf\" target=\"_blank\" rel=\"noopener\">\u00d3rteses<\/a><br \/>\n<a href=\"https:\/\/sites.usp.br\/guiacseb\/wp-content\/uploads\/sites\/943\/2022\/03\/Prescricao-Andador-Bengala-e-Muletas-2022.pdf\" target=\"_blank\" rel=\"noopener\">Prescri\u00e7\u00e3o Andador Bengala e Muletas<\/a><br \/>\n<a href=\"https:\/\/sites.usp.br\/guiacseb\/wp-content\/uploads\/sites\/943\/2022\/03\/Prescricao-Calcados-e-Palmilas-2.2022.pdf\" target=\"_blank\" rel=\"noopener\">Prescri\u00e7\u00e3o Cal\u00e7ados e Palmilhas<\/a><br \/>\n<a href=\"https:\/\/sites.usp.br\/guiacseb\/wp-content\/uploads\/sites\/943\/2022\/03\/TERMO-DE-RECEBIMENTO-calcado-2022.pdf\" target=\"_blank\" rel=\"noopener\">TERMO DE RECEBIMENTO cal\u00e7ado<\/a><\/p>\n<p>&nbsp;<\/p>\n<\/div>\n<h4 style=\"text-align: center;\">PARA ACESSO A \u00d3RTESES, PR\u00d3TESES, MEIOS AUXILIARES E INSUMOS<\/h4>\n<p>No CSE Butant\u00e3 a refer\u00eancia para avalia\u00e7\u00e3o e encaminhamento para \u00f3rteses e pr\u00f3teses \u00e9 realizado apenas pela Fisioterapeuta Angela Baroni de G\u00f3es, supervisora de est\u00e1gio dos alunos do curso de Fisioterapia da FMUSP, cuja disponibilidade no servi\u00e7o \u00e9 \u00e0s segundas, quartas e sextas-feiras das 07h30 \u00e0s 13h30.<\/p>\n<p>Lembrando que estes pacientes N\u00c3O DEVEM entrar em fila de espera pela regula\u00e7\u00e3o!<\/p>\n<p>Est\u00e3o dispon\u00edveis as OPMs &#8211; \u00f3rteses, pr\u00f3teses e meio auxiliares de locomo\u00e7\u00e3o, incluindo cadeira de rodas, de banho, cal\u00e7ados para p\u00e9 diab\u00e9tico, palmilhas, bengalas, muletas e andadores.<\/p>\n<h5>\u00d3RTESES E PR\u00d3TESES<\/h5>\n<p>Para saber mais:<\/p>\n<ul>\n<li aria-level=\"1\">Oficinas ortop\u00e9dicas do SUS: primeiro o usu\u00e1rio deve procurar a UBS mais pr\u00f3xima, que far\u00e1 a refer\u00eancia do paciente a um Centro Especializado em Reabilita\u00e7\u00e3o (CER), que encaminha o mesmo \u00e0s oficinas ortop\u00e9dicas<\/li>\n<li aria-level=\"1\">CER no Butant\u00e3: localizado no AME Peri Peri, Jardim Peri Peri CEP 05535-100,\u00a0 tel (11) 3742-9513<\/li>\n<\/ul>\n<p>Outros servi\u00e7os:<\/p>\n<ul>\n<li aria-level=\"1\">UNIBES: Rua Rodolfo Miranda 287, CEP 01121-010 , tel (11) 3123-7300<\/li>\n<li aria-level=\"1\">Casas Andr\u00e9 Luiz: Unidade de longa perman\u00eancia, Avenida Andr\u00e9 Luiz 723, Pican\u00e7o &#8211;\u00a0 Guarulhos, tel (11) 2457-7733<\/li>\n<li aria-level=\"1\"><a href=\"http:\/\/www.assumme.org.br\">www.assumme.org.br<\/a>\u00a0 Associa\u00e7\u00e3o para um mundo melhor, rua Calasans 200 Vila Santa Catarina tel (11) 97087-7122<\/li>\n<\/ul>\n<h5>PR\u00d3TESE AUDITIVA<\/h5>\n<p>Avalia\u00e7\u00e3o e encaminhamento do otorrinolaringologista do SUS<\/p>\n<p>LARINGE ELETRONICA E OUTROS INSUMOS, informa\u00e7\u00e3o do Sistema de Regula\u00e7\u00e3o da Supervis\u00e3o T\u00e9cnica de Sa\u00fade do Butant\u00e3<\/p>\n<h5>FRALDAS<\/h5>\n<p>Previsto para algumas situa\u00e7\u00f5es, o m\u00e9dico deve preencher formul\u00e1rio espec\u00edfico com dados e CID e a enfermeira a medida da fralda.<\/p>\n<h5>SONDAS, SACOS PARA OSTOMIAS, SERINGAS E MATERIAL DE CURATIVO<\/h5>\n<p>Incluir no GSS o pedido para fornecimento regular e nominal ao paciente<\/p>\n","protected":false},"excerpt":{"rendered":"<p>A partir do m\u00eas de fevereiro de 2025, a avalia\u00e7\u00e3o e dispensa\u00e7\u00e3o de OPMs seguir\u00e1 novo fluxo, em conformidade com as diretrizes da Coordenadoria de Sa\u00fade Oeste e da Supervis\u00e3o T\u00e9cnica de Sa\u00fade do Butant\u00e3, e em sintonia com o documento norteador deste servi\u00e7o especializado. A fim de facilitar os agendamentos e comunica\u00e7\u00e3o deste fato [&hellip;]<\/p>\n","protected":false},"author":22390,"featured_media":0,"parent":64,"menu_order":0,"comment_status":"closed","ping_status":"closed","template":"","meta":{"_monsterinsights_skip_tracking":false,"_monsterinsights_sitenote_active":false,"_monsterinsights_sitenote_note":"","_monsterinsights_sitenote_category":0,"footnotes":"","_links_to":"","_links_to_target":""},"class_list":["post-735","page","type-page","status-publish","hentry"],"_links":{"self":[{"href":"https:\/\/sites.usp.br\/guiacseb\/wp-json\/wp\/v2\/pages\/735","targetHints":{"allow":["GET"]}}],"collection":[{"href":"https:\/\/sites.usp.br\/guiacseb\/wp-json\/wp\/v2\/pages"}],"about":[{"href":"https:\/\/sites.usp.br\/guiacseb\/wp-json\/wp\/v2\/types\/page"}],"author":[{"embeddable":true,"href":"https:\/\/sites.usp.br\/guiacseb\/wp-json\/wp\/v2\/users\/22390"}],"replies":[{"embeddable":true,"href":"https:\/\/sites.usp.br\/guiacseb\/wp-json\/wp\/v2\/comments?post=735"}],"version-history":[{"count":4,"href":"https:\/\/sites.usp.br\/guiacseb\/wp-json\/wp\/v2\/pages\/735\/revisions"}],"predecessor-version":[{"id":1373,"href":"https:\/\/sites.usp.br\/guiacseb\/wp-json\/wp\/v2\/pages\/735\/revisions\/1373"}],"up":[{"embeddable":true,"href":"https:\/\/sites.usp.br\/guiacseb\/wp-json\/wp\/v2\/pages\/64"}],"wp:attachment":[{"href":"https:\/\/sites.usp.br\/guiacseb\/wp-json\/wp\/v2\/media?parent=735"}],"curies":[{"name":"wp","href":"https:\/\/api.w.org\/{rel}","templated":true}]}}