{"id":862,"date":"2023-01-11T13:45:11","date_gmt":"2023-01-11T16:45:11","guid":{"rendered":"https:\/\/sites.usp.br\/guiacseb\/?page_id=862"},"modified":"2023-01-11T13:46:05","modified_gmt":"2023-01-11T16:46:05","slug":"siliconoma","status":"publish","type":"page","link":"https:\/\/sites.usp.br\/guiacseb\/servicos\/siliconoma\/","title":{"rendered":"Siliconoma"},"content":{"rendered":"\r\n<p><strong>1\u00aa possibilidade:<\/strong><\/p>\r\n\r\n\r\n\r\n<ol class=\"wp-block-list\">\r\n<li>usu\u00e1rio deve passar por avalia\u00e7\u00e3o cl\u00ednica na UBS e seguir o tratamento indicado.<\/li>\r\n<\/ol>\r\n\r\n\r\n\r\n<ol class=\"wp-block-list\" start=\"2\">\r\n<li>ap\u00f3s finaliza\u00e7\u00e3o do tratamento, m\u00e9dico faz encaminhamento para avalia\u00e7\u00e3o cir\u00fargica. Esse encaminhamento deve ser enviado por e-mail ao CRT\/Aids \u2013 ASITT: <strong><a href=\"mailto:asitt@crt.saude.sp.gov.br\" target=\"_blank\" rel=\"noreferrer noopener\">asitt@crt.saude.sp.gov.br<\/a><\/strong>. \u00c9 necess\u00e1rio tamb\u00e9m a apresenta\u00e7\u00e3o do CNS do usu\u00e1rio. O ASITT far\u00e1, via CROSS, o agendamento no Hospital de Diadema e informar\u00e1 a unidade, e esta o usu\u00e1rio.<\/li>\r\n<\/ol>\r\n\r\n\r\n\r\n<p><strong>2\u00aa possibilidade<\/strong><\/p>\r\n\r\n\r\n\r\n<ol class=\"wp-block-list\">\r\n<li>usu\u00e1rio n\u00e3o passou por avalia\u00e7\u00e3o cl\u00ednica na UBS e est\u00e1 sem tratamento.<\/li>\r\n<\/ol>\r\n\r\n\r\n\r\n<ol class=\"wp-block-list\" start=\"2\">\r\n<li>algu\u00e9m da equipe multiprofissional faz encaminhamento para tratamento e avalia\u00e7\u00e3o pelo e-mail ao CRT\/Aids \u2013 ASITT: <strong><a href=\"mailto:asitt@crt.saude.sp.gov.br\" target=\"_blank\" rel=\"noreferrer noopener\">asitt@crt.saude.sp.gov.br<\/a><\/strong>. \u00c9 necess\u00e1rio tamb\u00e9m a apresenta\u00e7\u00e3o do CNS do usu\u00e1rio. O ASITT acompanhar\u00e1 o usu\u00e1rio e far\u00e1 o agendamento no Hospital de Diadema.<\/li>\r\n<\/ol>\r\n","protected":false},"excerpt":{"rendered":"<p>1\u00aa possibilidade: 2\u00aa possibilidade<\/p>\n","protected":false},"author":22390,"featured_media":0,"parent":64,"menu_order":0,"comment_status":"closed","ping_status":"closed","template":"","meta":{"_monsterinsights_skip_tracking":false,"_monsterinsights_sitenote_active":false,"_monsterinsights_sitenote_note":"","_monsterinsights_sitenote_category":0,"footnotes":"","_links_to":"","_links_to_target":""},"class_list":["post-862","page","type-page","status-publish","hentry"],"_links":{"self":[{"href":"https:\/\/sites.usp.br\/guiacseb\/wp-json\/wp\/v2\/pages\/862","targetHints":{"allow":["GET"]}}],"collection":[{"href":"https:\/\/sites.usp.br\/guiacseb\/wp-json\/wp\/v2\/pages"}],"about":[{"href":"https:\/\/sites.usp.br\/guiacseb\/wp-json\/wp\/v2\/types\/page"}],"author":[{"embeddable":true,"href":"https:\/\/sites.usp.br\/guiacseb\/wp-json\/wp\/v2\/users\/22390"}],"replies":[{"embeddable":true,"href":"https:\/\/sites.usp.br\/guiacseb\/wp-json\/wp\/v2\/comments?post=862"}],"version-history":[{"count":2,"href":"https:\/\/sites.usp.br\/guiacseb\/wp-json\/wp\/v2\/pages\/862\/revisions"}],"predecessor-version":[{"id":864,"href":"https:\/\/sites.usp.br\/guiacseb\/wp-json\/wp\/v2\/pages\/862\/revisions\/864"}],"up":[{"embeddable":true,"href":"https:\/\/sites.usp.br\/guiacseb\/wp-json\/wp\/v2\/pages\/64"}],"wp:attachment":[{"href":"https:\/\/sites.usp.br\/guiacseb\/wp-json\/wp\/v2\/media?parent=862"}],"curies":[{"name":"wp","href":"https:\/\/api.w.org\/{rel}","templated":true}]}}