{"id":1220,"date":"2023-07-12T15:53:25","date_gmt":"2023-07-12T17:53:25","guid":{"rendered":"https:\/\/sites.usp.br\/gvr\/?page_id=1220"},"modified":"2026-03-10T16:45:42","modified_gmt":"2026-03-10T19:45:42","slug":"composicao-do-comite-gestor-de-bolsas-para-professores-visitantes","status":"publish","type":"page","link":"https:\/\/sites.usp.br\/gvr\/programa-de-bolsas-para-professores-visitantes\/composicao-do-comite-gestor-de-bolsas-para-professores-visitantes\/","title":{"rendered":"Composi\u00e7\u00e3o do Comit\u00ea Gestor de Bolsas para Professores Visitantes"},"content":{"rendered":"\t\t<div data-elementor-type=\"wp-page\" data-elementor-id=\"1220\" class=\"elementor elementor-1220\" data-elementor-post-type=\"page\">\n\t\t\t\t\t\t<section class=\"elementor-section elementor-top-section elementor-element elementor-element-581c72b0 elementor-section-boxed elementor-section-height-default elementor-section-height-default\" data-id=\"581c72b0\" data-element_type=\"section\">\n\t\t\t\t\t\t<div class=\"elementor-container elementor-column-gap-default\">\n\t\t\t\t\t<div class=\"elementor-column elementor-col-33 elementor-top-column elementor-element elementor-element-a03a8e9\" data-id=\"a03a8e9\" data-element_type=\"column\">\n\t\t\t<div class=\"elementor-widget-wrap elementor-element-populated\">\n\t\t\t\t\t\t<div class=\"elementor-element elementor-element-80ea967 elementor-widget elementor-widget-image\" data-id=\"80ea967\" data-element_type=\"widget\" data-widget_type=\"image.default\">\n\t\t\t\t<div class=\"elementor-widget-container\">\n\t\t\t\t\t\t\t\t\t\t\t\t\t<img fetchpriority=\"high\" decoding=\"async\" width=\"541\" height=\"541\" src=\"https:\/\/sites.usp.br\/gvr\/wp-content\/uploads\/sites\/17\/2026\/03\/ProfAluisioAugustoCotrimSegurado.jpg\" class=\"attachment-full size-full wp-image-4868\" alt=\"Prof. Dr. Alu\u00edsio Augusto Cotrim Segurado - Foto: Cec\u00edlia Bastos\/USP Imagens\" srcset=\"https:\/\/sites.usp.br\/gvr\/wp-content\/uploads\/sites\/17\/2026\/03\/ProfAluisioAugustoCotrimSegurado.jpg 541w, https:\/\/sites.usp.br\/gvr\/wp-content\/uploads\/sites\/17\/2026\/03\/ProfAluisioAugustoCotrimSegurado-300x300.jpg 300w, https:\/\/sites.usp.br\/gvr\/wp-content\/uploads\/sites\/17\/2026\/03\/ProfAluisioAugustoCotrimSegurado-150x150.jpg 150w, https:\/\/sites.usp.br\/gvr\/wp-content\/uploads\/sites\/17\/2026\/03\/ProfAluisioAugustoCotrimSegurado-45x45.jpg 45w\" sizes=\"(max-width: 541px) 100vw, 541px\" \/>\t\t\t\t\t\t\t\t\t\t\t\t\t<\/div>\n\t\t\t\t<\/div>\n\t\t\t\t\t<\/div>\n\t\t<\/div>\n\t\t\t\t<div class=\"elementor-column elementor-col-66 elementor-top-column elementor-element elementor-element-3512568\" data-id=\"3512568\" data-element_type=\"column\">\n\t\t\t<div class=\"elementor-widget-wrap elementor-element-populated\">\n\t\t\t\t\t\t<div class=\"elementor-element elementor-element-4ec98073 elementor-widget elementor-widget-spacer\" data-id=\"4ec98073\" data-element_type=\"widget\" data-widget_type=\"spacer.default\">\n\t\t\t\t<div class=\"elementor-widget-container\">\n\t\t\t\t\t<div class=\"elementor-spacer\">\n\t\t\t<div class=\"elementor-spacer-inner\"><\/div>\n\t\t<\/div>\n\t\t\t\t<\/div>\n\t\t\t\t<\/div>\n\t\t\t\t<div class=\"elementor-element elementor-element-683b47d4 elementor-widget elementor-widget-heading\" data-id=\"683b47d4\" data-element_type=\"widget\" data-widget_type=\"heading.default\">\n\t\t\t\t<div class=\"elementor-widget-container\">\n\t\t\t<h3 class=\"elementor-heading-title elementor-size-medium\">Alu\u00edsio Augusto Cotrim Segurado<\/h3>\t\t<\/div>\n\t\t\t\t<\/div>\n\t\t\t\t<div class=\"elementor-element elementor-element-51f2ff62 elementor-widget elementor-widget-text-editor\" data-id=\"51f2ff62\" data-element_type=\"widget\" data-widget_type=\"text-editor.default\">\n\t\t\t\t<div class=\"elementor-widget-container\">\n\t\t\t\t\t\t\t<p><span style=\"font-family: 'times new roman', times, serif; font-size: 14pt;\"><span style=\"font-size: 12pt;\"><a href=\"http:\/\/lattes.cnpq.br\/7536190637639908\" target=\"_blank\" rel=\"noopener\"><span style=\"font-family: times new roman, times, serif;\">Curr\u00edculo Lattes<\/span><\/a><\/span><br \/><\/span><\/p><p><span style=\"font-family: 'times new roman', times, serif; font-size: 14pt;\">Reitor da Universidade de S\u00e3o Paulo<br \/><\/span><\/p><p><span style=\"font-family: 'times new roman', times, serif; font-size: 14pt;\"><b>Presidente da Comiss\u00e3o de Claros Docentes<\/b><\/span><\/p>\t\t\t\t\t\t<\/div>\n\t\t\t\t<\/div>\n\t\t\t\t\t<\/div>\n\t\t<\/div>\n\t\t\t\t\t<\/div>\n\t\t<\/section>\n\t\t\t\t<section class=\"elementor-section elementor-top-section elementor-element elementor-element-2a1301e elementor-section-boxed elementor-section-height-default elementor-section-height-default\" data-id=\"2a1301e\" data-element_type=\"section\">\n\t\t\t\t\t\t<div class=\"elementor-container elementor-column-gap-default\">\n\t\t\t\t\t<div class=\"elementor-column elementor-col-66 elementor-top-column elementor-element elementor-element-48efbbc7\" data-id=\"48efbbc7\" data-element_type=\"column\">\n\t\t\t<div class=\"elementor-widget-wrap elementor-element-populated\">\n\t\t\t\t\t\t<div class=\"elementor-element elementor-element-27196655 elementor-widget elementor-widget-spacer\" data-id=\"27196655\" data-element_type=\"widget\" data-widget_type=\"spacer.default\">\n\t\t\t\t<div class=\"elementor-widget-container\">\n\t\t\t\t\t<div class=\"elementor-spacer\">\n\t\t\t<div class=\"elementor-spacer-inner\"><\/div>\n\t\t<\/div>\n\t\t\t\t<\/div>\n\t\t\t\t<\/div>\n\t\t\t\t<div class=\"elementor-element elementor-element-7c4201d3 elementor-widget elementor-widget-heading\" data-id=\"7c4201d3\" data-element_type=\"widget\" data-widget_type=\"heading.default\">\n\t\t\t\t<div class=\"elementor-widget-container\">\n\t\t\t<h3 class=\"elementor-heading-title elementor-size-medium\">Liedi L\u00e9gi Bariani Bernucci<\/h3>\t\t<\/div>\n\t\t\t\t<\/div>\n\t\t\t\t<div class=\"elementor-element elementor-element-55ac418e elementor-widget elementor-widget-text-editor\" data-id=\"55ac418e\" data-element_type=\"widget\" data-widget_type=\"text-editor.default\">\n\t\t\t\t<div class=\"elementor-widget-container\">\n\t\t\t\t\t\t\t<p style=\"text-align: right;\"><span style=\"font-family: 'times new roman', times, serif; font-size: 12pt;\"><a href=\"http:\/\/lattes.cnpq.br\/4636988573211375\" target=\"_blank\" rel=\"noopener\">Curr\u00edculo Lattes<\/a><\/span><\/p><p style=\"text-align: right;\"><span style=\"font-family: 'times new roman', times, serif; font-size: 14pt;\">Vice-Reitora da Universidade de S\u00e3o Paulo<br \/><\/span><\/p><p style=\"text-align: right;\"><span style=\"font-family: 'times new roman', times, serif; font-size: 14pt;\"><b>Vice-Presidente da Comiss\u00e3o de Claros Docentes<\/b><\/span><\/p>\t\t\t\t\t\t<\/div>\n\t\t\t\t<\/div>\n\t\t\t\t\t<\/div>\n\t\t<\/div>\n\t\t\t\t<div class=\"elementor-column elementor-col-33 elementor-top-column elementor-element elementor-element-694eab42\" data-id=\"694eab42\" data-element_type=\"column\">\n\t\t\t<div class=\"elementor-widget-wrap elementor-element-populated\">\n\t\t\t\t\t\t<div class=\"elementor-element elementor-element-9aff3c0 elementor-widget elementor-widget-image\" data-id=\"9aff3c0\" data-element_type=\"widget\" data-widget_type=\"image.default\">\n\t\t\t\t<div class=\"elementor-widget-container\">\n\t\t\t\t\t\t\t\t\t\t\t\t\t<img decoding=\"async\" width=\"500\" height=\"500\" src=\"https:\/\/sites.usp.br\/gvr\/wp-content\/uploads\/sites\/17\/2026\/01\/20260123_04_posse-reitor_liedi_quadrada.jpeg\" class=\"attachment-full size-full wp-image-4821\" alt=\"Vice-Reitora Liedi L\u00e9gi Bariani Bernucci durante a cerim\u00f4nia de posse, em 23\/01\/2026 - Foto: Cec\u00edlia Bastos\/USP Imagens\" srcset=\"https:\/\/sites.usp.br\/gvr\/wp-content\/uploads\/sites\/17\/2026\/01\/20260123_04_posse-reitor_liedi_quadrada.jpeg 500w, https:\/\/sites.usp.br\/gvr\/wp-content\/uploads\/sites\/17\/2026\/01\/20260123_04_posse-reitor_liedi_quadrada-300x300.jpeg 300w, https:\/\/sites.usp.br\/gvr\/wp-content\/uploads\/sites\/17\/2026\/01\/20260123_04_posse-reitor_liedi_quadrada-150x150.jpeg 150w\" sizes=\"(max-width: 500px) 100vw, 500px\" \/>\t\t\t\t\t\t\t\t\t\t\t\t\t<\/div>\n\t\t\t\t<\/div>\n\t\t\t\t\t<\/div>\n\t\t<\/div>\n\t\t\t\t\t<\/div>\n\t\t<\/section>\n\t\t\t\t<section class=\"elementor-section elementor-top-section elementor-element elementor-element-5a4ab3de elementor-section-boxed elementor-section-height-default elementor-section-height-default\" data-id=\"5a4ab3de\" data-element_type=\"section\">\n\t\t\t\t\t\t<div class=\"elementor-container elementor-column-gap-default\">\n\t\t\t\t\t<div class=\"elementor-column elementor-col-33 elementor-top-column elementor-element elementor-element-1d4475cd\" data-id=\"1d4475cd\" data-element_type=\"column\">\n\t\t\t<div class=\"elementor-widget-wrap elementor-element-populated\">\n\t\t\t\t\t\t<div class=\"elementor-element elementor-element-de1fdb3 elementor-widget elementor-widget-image\" data-id=\"de1fdb3\" data-element_type=\"widget\" data-widget_type=\"image.default\">\n\t\t\t\t<div class=\"elementor-widget-container\">\n\t\t\t\t\t\t\t\t\t\t\t\t\t<img decoding=\"async\" width=\"1080\" height=\"1080\" src=\"https:\/\/sites.usp.br\/gvr\/wp-content\/uploads\/sites\/17\/2023\/07\/2.png\" class=\"attachment-full size-full wp-image-1135\" alt=\"Prof. Dr. Carlos Gilberto Carlotti Junior\" srcset=\"https:\/\/sites.usp.br\/gvr\/wp-content\/uploads\/sites\/17\/2023\/07\/2.png 1080w, https:\/\/sites.usp.br\/gvr\/wp-content\/uploads\/sites\/17\/2023\/07\/2-300x300.png 300w, https:\/\/sites.usp.br\/gvr\/wp-content\/uploads\/sites\/17\/2023\/07\/2-1024x1024.png 1024w, https:\/\/sites.usp.br\/gvr\/wp-content\/uploads\/sites\/17\/2023\/07\/2-150x150.png 150w, https:\/\/sites.usp.br\/gvr\/wp-content\/uploads\/sites\/17\/2023\/07\/2-768x768.png 768w, https:\/\/sites.usp.br\/gvr\/wp-content\/uploads\/sites\/17\/2023\/07\/2-45x45.png 45w\" sizes=\"(max-width: 1080px) 100vw, 1080px\" \/>\t\t\t\t\t\t\t\t\t\t\t\t\t<\/div>\n\t\t\t\t<\/div>\n\t\t\t\t\t<\/div>\n\t\t<\/div>\n\t\t\t\t<div class=\"elementor-column elementor-col-66 elementor-top-column elementor-element elementor-element-3d8f453b\" data-id=\"3d8f453b\" data-element_type=\"column\">\n\t\t\t<div class=\"elementor-widget-wrap elementor-element-populated\">\n\t\t\t\t\t\t<div class=\"elementor-element elementor-element-57e87a7c elementor-widget elementor-widget-spacer\" data-id=\"57e87a7c\" data-element_type=\"widget\" data-widget_type=\"spacer.default\">\n\t\t\t\t<div class=\"elementor-widget-container\">\n\t\t\t\t\t<div class=\"elementor-spacer\">\n\t\t\t<div class=\"elementor-spacer-inner\"><\/div>\n\t\t<\/div>\n\t\t\t\t<\/div>\n\t\t\t\t<\/div>\n\t\t\t\t<div class=\"elementor-element elementor-element-2f872a1c elementor-widget elementor-widget-heading\" data-id=\"2f872a1c\" data-element_type=\"widget\" data-widget_type=\"heading.default\">\n\t\t\t\t<div class=\"elementor-widget-container\">\n\t\t\t<h3 class=\"elementor-heading-title elementor-size-medium\">Carlos Gilberto Carlotti Junior<\/h3>\t\t<\/div>\n\t\t\t\t<\/div>\n\t\t\t\t<div class=\"elementor-element elementor-element-60897390 elementor-widget elementor-widget-text-editor\" data-id=\"60897390\" data-element_type=\"widget\" data-widget_type=\"text-editor.default\">\n\t\t\t\t<div class=\"elementor-widget-container\">\n\t\t\t\t\t\t\t<p><a href=\"http:\/\/lattes.cnpq.br\/6739735737794508\" target=\"_blank\" rel=\"noopener\"><span style=\"font-family: 'times new roman', times, serif;\">Curr\u00edculo Lattes<\/span><\/a><\/p><p><span style=\"font-family: times new roman, times, serif;\"><span style=\"font-size: 18.6667px;\">Presidente da AUCANI<\/span><\/span><\/p>\t\t\t\t\t\t<\/div>\n\t\t\t\t<\/div>\n\t\t\t\t\t<\/div>\n\t\t<\/div>\n\t\t\t\t\t<\/div>\n\t\t<\/section>\n\t\t\t\t<section class=\"elementor-section elementor-top-section elementor-element elementor-element-df071cf elementor-section-boxed elementor-section-height-default elementor-section-height-default\" data-id=\"df071cf\" data-element_type=\"section\">\n\t\t\t\t\t\t<div class=\"elementor-container elementor-column-gap-default\">\n\t\t\t\t\t<div class=\"elementor-column elementor-col-66 elementor-top-column elementor-element elementor-element-75e3daf\" data-id=\"75e3daf\" data-element_type=\"column\">\n\t\t\t<div class=\"elementor-widget-wrap elementor-element-populated\">\n\t\t\t\t\t\t<div class=\"elementor-element elementor-element-1eebedb elementor-widget elementor-widget-spacer\" data-id=\"1eebedb\" data-element_type=\"widget\" data-widget_type=\"spacer.default\">\n\t\t\t\t<div class=\"elementor-widget-container\">\n\t\t\t\t\t<div class=\"elementor-spacer\">\n\t\t\t<div class=\"elementor-spacer-inner\"><\/div>\n\t\t<\/div>\n\t\t\t\t<\/div>\n\t\t\t\t<\/div>\n\t\t\t\t<div class=\"elementor-element elementor-element-de33676 elementor-widget elementor-widget-heading\" data-id=\"de33676\" data-element_type=\"widget\" data-widget_type=\"heading.default\">\n\t\t\t\t<div class=\"elementor-widget-container\">\n\t\t\t<h3 class=\"elementor-heading-title elementor-size-medium\">Jo\u00e3o Sette Whitaker Ferreira<\/h3>\t\t<\/div>\n\t\t\t\t<\/div>\n\t\t\t\t<div class=\"elementor-element elementor-element-d7ff062 elementor-widget elementor-widget-text-editor\" data-id=\"d7ff062\" data-element_type=\"widget\" data-widget_type=\"text-editor.default\">\n\t\t\t\t<div class=\"elementor-widget-container\">\n\t\t\t\t\t\t\t<p style=\"text-align: right;\"><span style=\"font-family: times new roman, times, serif;\"><span style=\"font-size: 18.6667px;\">Presidente da Comiss\u00e3o de Atividades Acad\u00eamicas<\/span><\/span><\/p><p style=\"text-align: right;\"><a href=\"http:\/\/lattes.cnpq.br\/0443560420428149\"><span style=\"font-family: 'times new roman', times, serif;\">Curr\u00edculo Lattes<\/span><\/a><\/p>\t\t\t\t\t\t<\/div>\n\t\t\t\t<\/div>\n\t\t\t\t\t<\/div>\n\t\t<\/div>\n\t\t\t\t<div class=\"elementor-column elementor-col-33 elementor-top-column elementor-element elementor-element-bc0320f\" data-id=\"bc0320f\" data-element_type=\"column\">\n\t\t\t<div class=\"elementor-widget-wrap elementor-element-populated\">\n\t\t\t\t\t\t<div class=\"elementor-element elementor-element-b70451a elementor-widget elementor-widget-image\" data-id=\"b70451a\" data-element_type=\"widget\" data-widget_type=\"image.default\">\n\t\t\t\t<div class=\"elementor-widget-container\">\n\t\t\t\t\t\t\t\t\t\t\t\t\t<img loading=\"lazy\" decoding=\"async\" width=\"143\" height=\"143\" src=\"https:\/\/sites.usp.br\/gvr\/wp-content\/uploads\/sites\/17\/2025\/04\/whitaker-1-e1744838080886.jpg\" class=\"attachment-full size-full wp-image-3940\" alt=\"\" srcset=\"https:\/\/sites.usp.br\/gvr\/wp-content\/uploads\/sites\/17\/2025\/04\/whitaker-1-e1744838080886.jpg 143w, https:\/\/sites.usp.br\/gvr\/wp-content\/uploads\/sites\/17\/2025\/04\/whitaker-1-e1744838080886-45x45.jpg 45w\" sizes=\"(max-width: 143px) 100vw, 143px\" \/>\t\t\t\t\t\t\t\t\t\t\t\t\t<\/div>\n\t\t\t\t<\/div>\n\t\t\t\t\t<\/div>\n\t\t<\/div>\n\t\t\t\t\t<\/div>\n\t\t<\/section>\n\t\t\t\t<section class=\"elementor-section elementor-top-section elementor-element elementor-element-7f611270 elementor-section-boxed elementor-section-height-default elementor-section-height-default\" data-id=\"7f611270\" data-element_type=\"section\">\n\t\t\t\t\t\t<div class=\"elementor-container elementor-column-gap-default\">\n\t\t\t\t\t<div class=\"elementor-column elementor-col-33 elementor-top-column elementor-element elementor-element-75e7b6d4\" data-id=\"75e7b6d4\" data-element_type=\"column\">\n\t\t\t<div class=\"elementor-widget-wrap elementor-element-populated\">\n\t\t\t\t\t\t<div class=\"elementor-element elementor-element-4181a8a elementor-widget elementor-widget-image\" data-id=\"4181a8a\" data-element_type=\"widget\" data-widget_type=\"image.default\">\n\t\t\t\t<div class=\"elementor-widget-container\">\n\t\t\t\t\t\t\t\t\t\t\t\t\t<img loading=\"lazy\" decoding=\"async\" width=\"339\" height=\"339\" src=\"https:\/\/sites.usp.br\/gvr\/wp-content\/uploads\/sites\/17\/2026\/03\/ProfaMariaHelenaPalucciMarziale.png\" class=\"attachment-full size-full wp-image-4863\" alt=\"Profa. Dra. Maria Helena Palucci Marziale\" srcset=\"https:\/\/sites.usp.br\/gvr\/wp-content\/uploads\/sites\/17\/2026\/03\/ProfaMariaHelenaPalucciMarziale.png 339w, https:\/\/sites.usp.br\/gvr\/wp-content\/uploads\/sites\/17\/2026\/03\/ProfaMariaHelenaPalucciMarziale-300x300.png 300w, https:\/\/sites.usp.br\/gvr\/wp-content\/uploads\/sites\/17\/2026\/03\/ProfaMariaHelenaPalucciMarziale-150x150.png 150w, https:\/\/sites.usp.br\/gvr\/wp-content\/uploads\/sites\/17\/2026\/03\/ProfaMariaHelenaPalucciMarziale-45x45.png 45w\" sizes=\"(max-width: 339px) 100vw, 339px\" \/>\t\t\t\t\t\t\t\t\t\t\t\t\t<\/div>\n\t\t\t\t<\/div>\n\t\t\t\t\t<\/div>\n\t\t<\/div>\n\t\t\t\t<div class=\"elementor-column elementor-col-66 elementor-top-column elementor-element elementor-element-74882182\" data-id=\"74882182\" data-element_type=\"column\">\n\t\t\t<div class=\"elementor-widget-wrap elementor-element-populated\">\n\t\t\t\t\t\t<div class=\"elementor-element elementor-element-5f0746e6 elementor-widget elementor-widget-spacer\" data-id=\"5f0746e6\" data-element_type=\"widget\" data-widget_type=\"spacer.default\">\n\t\t\t\t<div class=\"elementor-widget-container\">\n\t\t\t\t\t<div class=\"elementor-spacer\">\n\t\t\t<div class=\"elementor-spacer-inner\"><\/div>\n\t\t<\/div>\n\t\t\t\t<\/div>\n\t\t\t\t<\/div>\n\t\t\t\t<div class=\"elementor-element elementor-element-270879f4 elementor-widget elementor-widget-heading\" data-id=\"270879f4\" data-element_type=\"widget\" data-widget_type=\"heading.default\">\n\t\t\t\t<div class=\"elementor-widget-container\">\n\t\t\t<h3 class=\"elementor-heading-title elementor-size-medium\">Maria Helena Palucci Marziale<\/h3>\t\t<\/div>\n\t\t\t\t<\/div>\n\t\t\t\t<div class=\"elementor-element elementor-element-2f53781b elementor-widget elementor-widget-text-editor\" data-id=\"2f53781b\" data-element_type=\"widget\" data-widget_type=\"text-editor.default\">\n\t\t\t\t<div class=\"elementor-widget-container\">\n\t\t\t\t\t\t\t<p style=\"text-align: left;\"><a href=\"http:\/\/lattes.cnpq.br\/9226065950792831\" target=\"_blank\" rel=\"noopener\"><span style=\"font-family: 'times new roman', times, serif;\">Curr\u00edculo Lattes<\/span><\/a><\/p><p><span style=\"font-family: times new roman, times, serif;\"><span style=\"font-size: 18.6667px;\">Pr\u00f3-Reitora de Pesquisa e Inova\u00e7\u00e3o<\/span><\/span><\/p>\t\t\t\t\t\t<\/div>\n\t\t\t\t<\/div>\n\t\t\t\t\t<\/div>\n\t\t<\/div>\n\t\t\t\t\t<\/div>\n\t\t<\/section>\n\t\t\t\t<section class=\"elementor-section elementor-top-section elementor-element elementor-element-5c13c739 elementor-section-boxed elementor-section-height-default elementor-section-height-default\" data-id=\"5c13c739\" data-element_type=\"section\">\n\t\t\t\t\t\t<div class=\"elementor-container elementor-column-gap-default\">\n\t\t\t\t\t<div class=\"elementor-column elementor-col-66 elementor-top-column elementor-element elementor-element-7646a110\" data-id=\"7646a110\" data-element_type=\"column\">\n\t\t\t<div class=\"elementor-widget-wrap elementor-element-populated\">\n\t\t\t\t\t\t<div class=\"elementor-element elementor-element-5c420a8c elementor-widget elementor-widget-spacer\" data-id=\"5c420a8c\" data-element_type=\"widget\" data-widget_type=\"spacer.default\">\n\t\t\t\t<div class=\"elementor-widget-container\">\n\t\t\t\t\t<div class=\"elementor-spacer\">\n\t\t\t<div class=\"elementor-spacer-inner\"><\/div>\n\t\t<\/div>\n\t\t\t\t<\/div>\n\t\t\t\t<\/div>\n\t\t\t\t<div class=\"elementor-element elementor-element-5aa8777c elementor-widget elementor-widget-heading\" data-id=\"5aa8777c\" data-element_type=\"widget\" data-widget_type=\"heading.default\">\n\t\t\t\t<div class=\"elementor-widget-container\">\n\t\t\t<h3 class=\"elementor-heading-title elementor-size-medium\">Carlos Eduardo Ambr\u00f3sio<\/h3>\t\t<\/div>\n\t\t\t\t<\/div>\n\t\t\t\t<div class=\"elementor-element elementor-element-7da5169a elementor-widget elementor-widget-text-editor\" data-id=\"7da5169a\" data-element_type=\"widget\" data-widget_type=\"text-editor.default\">\n\t\t\t\t<div class=\"elementor-widget-container\">\n\t\t\t\t\t\t\t<p style=\"text-align: right;\"><a href=\"http:\/\/lattes.cnpq.br\/1909531118646341\" target=\"_blank\" rel=\"noopener\"><span style=\"font-family: 'times new roman', times, serif;\">Curr\u00edculo Lattes<\/span><\/a><\/p><p style=\"text-align: right;\"><span style=\"font-family: times new roman, times, serif;\"><span style=\"font-size: 18.6667px;\">Pr\u00f3-Reitor de P\u00f3s-Gradua\u00e7\u00e3o<\/span><\/span><\/p>\t\t\t\t\t\t<\/div>\n\t\t\t\t<\/div>\n\t\t\t\t\t<\/div>\n\t\t<\/div>\n\t\t\t\t<div class=\"elementor-column elementor-col-33 elementor-top-column elementor-element elementor-element-4ab7b66c\" data-id=\"4ab7b66c\" data-element_type=\"column\">\n\t\t\t<div class=\"elementor-widget-wrap elementor-element-populated\">\n\t\t\t\t\t\t<div class=\"elementor-element elementor-element-394b539e elementor-widget elementor-widget-image\" data-id=\"394b539e\" data-element_type=\"widget\" data-widget_type=\"image.default\">\n\t\t\t\t<div class=\"elementor-widget-container\">\n\t\t\t\t\t\t\t\t\t\t\t\t\t<img loading=\"lazy\" decoding=\"async\" width=\"285\" height=\"285\" src=\"https:\/\/sites.usp.br\/gvr\/wp-content\/uploads\/sites\/17\/2026\/03\/ProfCarlosEduardoAmbrosio.jpg\" class=\"attachment-full size-full wp-image-4858\" alt=\"Prof. Dr. Carlos Eduardo Ambr\u00f3sio - Foto: Cec\u00edlia Bastos\/USP Imagens\" srcset=\"https:\/\/sites.usp.br\/gvr\/wp-content\/uploads\/sites\/17\/2026\/03\/ProfCarlosEduardoAmbrosio.jpg 285w, https:\/\/sites.usp.br\/gvr\/wp-content\/uploads\/sites\/17\/2026\/03\/ProfCarlosEduardoAmbrosio-150x150.jpg 150w, https:\/\/sites.usp.br\/gvr\/wp-content\/uploads\/sites\/17\/2026\/03\/ProfCarlosEduardoAmbrosio-45x45.jpg 45w\" sizes=\"(max-width: 285px) 100vw, 285px\" \/>\t\t\t\t\t\t\t\t\t\t\t\t\t<\/div>\n\t\t\t\t<\/div>\n\t\t\t\t\t<\/div>\n\t\t<\/div>\n\t\t\t\t\t<\/div>\n\t\t<\/section>\n\t\t\t\t<section class=\"elementor-section elementor-top-section elementor-element elementor-element-7cf4a4 elementor-section-boxed elementor-section-height-default elementor-section-height-default\" data-id=\"7cf4a4\" data-element_type=\"section\">\n\t\t\t\t\t\t<div class=\"elementor-container elementor-column-gap-default\">\n\t\t\t\t\t<div class=\"elementor-column elementor-col-100 elementor-top-column elementor-element elementor-element-2fac285f\" data-id=\"2fac285f\" data-element_type=\"column\">\n\t\t\t<div class=\"elementor-widget-wrap elementor-element-populated\">\n\t\t\t\t\t\t<div class=\"elementor-element elementor-element-6361cd2c elementor-widget elementor-widget-spacer\" data-id=\"6361cd2c\" data-element_type=\"widget\" data-widget_type=\"spacer.default\">\n\t\t\t\t<div class=\"elementor-widget-container\">\n\t\t\t\t\t<div class=\"elementor-spacer\">\n\t\t\t<div class=\"elementor-spacer-inner\"><\/div>\n\t\t<\/div>\n\t\t\t\t<\/div>\n\t\t\t\t<\/div>\n\t\t\t\t\t<\/div>\n\t\t<\/div>\n\t\t\t\t\t<\/div>\n\t\t<\/section>\n\t\t\t\t<section class=\"elementor-section elementor-top-section elementor-element elementor-element-db95fc8 elementor-section-boxed elementor-section-height-default elementor-section-height-default\" data-id=\"db95fc8\" data-element_type=\"section\">\n\t\t\t\t\t\t<div class=\"elementor-container elementor-column-gap-default\">\n\t\t\t\t\t<div class=\"elementor-column elementor-col-50 elementor-top-column elementor-element elementor-element-3f2bc2f3\" data-id=\"3f2bc2f3\" data-element_type=\"column\">\n\t\t\t<div class=\"elementor-widget-wrap elementor-element-populated\">\n\t\t\t\t\t\t<div class=\"elementor-element elementor-element-1278e910 elementor-widget elementor-widget-premium-addon-image-separator\" data-id=\"1278e910\" data-element_type=\"widget\" data-widget_type=\"premium-addon-image-separator.default\">\n\t\t\t\t<div class=\"elementor-widget-container\">\n\t\t\t\r\n\t<div class=\"premium-image-separator-container\">\r\n\t\t\t\t\t<img decoding=\"async\" src=\"https:\/\/sites.usp.br\/gvr\/wp-content\/uploads\/sites\/17\/2014\/01\/usp-logo-220x1651.png\" alt=\"usp-logo-220x165\">\r\n\t\t\t\r\n\t\t\t<\/div>\r\n\t\t\t\t<\/div>\n\t\t\t\t<\/div>\n\t\t\t\t\t<\/div>\n\t\t<\/div>\n\t\t\t\t<div class=\"elementor-column elementor-col-50 elementor-top-column elementor-element elementor-element-b28b2e1\" data-id=\"b28b2e1\" data-element_type=\"column\">\n\t\t\t<div class=\"elementor-widget-wrap elementor-element-populated\">\n\t\t\t\t\t\t<div class=\"elementor-element elementor-element-34bfeeff elementor-widget elementor-widget-text-editor\" data-id=\"34bfeeff\" data-element_type=\"widget\" data-widget_type=\"text-editor.default\">\n\t\t\t\t<div class=\"elementor-widget-container\">\n\t\t\t\t\t\t\t<p><strong><span style=\"font-family: helvetica, arial, sans-serif; color: #575656;\">Comit\u00ea Gestor de Bolsas para Professores Visitantes<\/span><\/strong><\/p>\t\t\t\t\t\t<\/div>\n\t\t\t\t<\/div>\n\t\t\t\t\t<\/div>\n\t\t<\/div>\n\t\t\t\t\t<\/div>\n\t\t<\/section>\n\t\t\t\t<\/div>\n\t\t","protected":false},"excerpt":{"rendered":"<p>Alu\u00edsio Augusto Cotrim Segurado Curr\u00edculo Lattes Reitor da Universidade de S\u00e3o Paulo Presidente da Comiss\u00e3o de Claros Docentes Liedi L\u00e9gi Bariani Bernucci Curr\u00edculo Lattes Vice-Reitora da Universidade de S\u00e3o Paulo Vice-Presidente da Comiss\u00e3o de Claros Docentes Carlos Gilberto Carlotti Junior Curr\u00edculo Lattes Presidente da AUCANI Jo\u00e3o Sette Whitaker Ferreira Presidente da Comiss\u00e3o de Atividades Acad\u00eamicas [&hellip;]<\/p>\n","protected":false},"author":23611,"featured_media":0,"parent":3428,"menu_order":0,"comment_status":"closed","ping_status":"closed","template":"","meta":{"footnotes":"","_links_to":"","_links_to_target":""},"class_list":["post-1220","page","type-page","status-publish","hentry"],"_links":{"self":[{"href":"https:\/\/sites.usp.br\/gvr\/wp-json\/wp\/v2\/pages\/1220","targetHints":{"allow":["GET"]}}],"collection":[{"href":"https:\/\/sites.usp.br\/gvr\/wp-json\/wp\/v2\/pages"}],"about":[{"href":"https:\/\/sites.usp.br\/gvr\/wp-json\/wp\/v2\/types\/page"}],"author":[{"embeddable":true,"href":"https:\/\/sites.usp.br\/gvr\/wp-json\/wp\/v2\/users\/23611"}],"replies":[{"embeddable":true,"href":"https:\/\/sites.usp.br\/gvr\/wp-json\/wp\/v2\/comments?post=1220"}],"version-history":[{"count":4,"href":"https:\/\/sites.usp.br\/gvr\/wp-json\/wp\/v2\/pages\/1220\/revisions"}],"predecessor-version":[{"id":4879,"href":"https:\/\/sites.usp.br\/gvr\/wp-json\/wp\/v2\/pages\/1220\/revisions\/4879"}],"up":[{"embeddable":true,"href":"https:\/\/sites.usp.br\/gvr\/wp-json\/wp\/v2\/pages\/3428"}],"wp:attachment":[{"href":"https:\/\/sites.usp.br\/gvr\/wp-json\/wp\/v2\/media?parent=1220"}],"curies":[{"name":"wp","href":"https:\/\/api.w.org\/{rel}","templated":true}]}}