{"id":1235,"date":"2023-07-12T15:42:53","date_gmt":"2023-07-12T17:42:53","guid":{"rendered":"https:\/\/sites.usp.br\/gvr\/?page_id=1235"},"modified":"2025-09-23T12:27:49","modified_gmt":"2025-09-23T15:27:49","slug":"ccd","status":"publish","type":"page","link":"https:\/\/sites.usp.br\/gvr\/ccd\/","title":{"rendered":"CCD \u2013 Comiss\u00e3o de Claros Docentes"},"content":{"rendered":"\t\t<div data-elementor-type=\"wp-page\" data-elementor-id=\"1235\" class=\"elementor elementor-1235\" data-elementor-post-type=\"page\">\n\t\t\t\t<div class=\"elementor-element elementor-element-66aa415 e-con-full e-flex e-con e-parent\" data-id=\"66aa415\" data-element_type=\"container\" data-settings=\"{&quot;background_background&quot;:&quot;classic&quot;}\">\n\t\t\t\t<div class=\"elementor-element elementor-element-76ea2da e-transform elementor-widget__width-inherit elementor--h-position-center elementor--v-position-middle elementor-widget elementor-widget-slides\" data-id=\"76ea2da\" data-element_type=\"widget\" data-settings=\"{&quot;_transform_scale_effect&quot;:{&quot;unit&quot;:&quot;px&quot;,&quot;size&quot;:1.05,&quot;sizes&quot;:[]},&quot;transition&quot;:&quot;fade&quot;,&quot;navigation&quot;:&quot;none&quot;,&quot;transition_speed&quot;:500,&quot;_transform_scale_effect_tablet&quot;:{&quot;unit&quot;:&quot;px&quot;,&quot;size&quot;:&quot;&quot;,&quot;sizes&quot;:[]},&quot;_transform_scale_effect_mobile&quot;:{&quot;unit&quot;:&quot;px&quot;,&quot;size&quot;:&quot;&quot;,&quot;sizes&quot;:[]}}\" data-widget_type=\"slides.default\">\n\t\t\t\t<div class=\"elementor-widget-container\">\n\t\t\t\t\t<div class=\"elementor-swiper\">\n\t\t\t<div class=\"elementor-slides-wrapper elementor-main-swiper swiper\" dir=\"ltr\" data-animation=\"\">\n\t\t\t\t<div class=\"swiper-wrapper elementor-slides\">\n\t\t\t\t\t\t\t\t\t\t<div class=\"elementor-repeater-item-ed2ffa7 swiper-slide\"><div class=\"swiper-slide-bg\" role=\"img\"><\/div><div class=\"elementor-background-overlay\"><\/div><div class=\"swiper-slide-inner\" ><div class=\"swiper-slide-contents\"><div class=\"elementor-slide-heading\">Sobre a CCD<\/div><div class=\"elementor-slide-description\">Conhe\u00e7a a estrutura\u00e7\u00e3o e atua\u00e7\u00e3o da Comiss\u00e3o de Claros Docentes<\/div><div  class=\"elementor-button elementor-slide-button elementor-size-xs\">assessoria-academica-gvr@usp.br - (11) 2648-0631<\/div><\/div><\/div><\/div>\t\t\t\t<\/div>\n\t\t\t\t\t\t\t<\/div>\n\t\t<\/div>\n\t\t\t\t<\/div>\n\t\t\t\t<\/div>\n\t\t\t\t<\/div>\n\t\t<div class=\"elementor-element elementor-element-c89571e e-flex e-con-boxed e-con e-parent\" data-id=\"c89571e\" data-element_type=\"container\">\n\t\t\t\t\t<div class=\"e-con-inner\">\n\t\t\t\t<div class=\"elementor-element elementor-element-bda902a elementor-widget elementor-widget-text-editor\" data-id=\"bda902a\" data-element_type=\"widget\" data-widget_type=\"text-editor.default\">\n\t\t\t\t<div class=\"elementor-widget-container\">\n\t\t\t\t\t\t\t<p><span style=\"font-size: 14pt;\">A Comiss\u00e3o de Claros Docentes da Universidade de S\u00e3o Paulo (CCD) \u00e9 respons\u00e1vel por analisar e distribuir os &#8220;claros&#8221; docentes, ou seja, as vagas de professores efetivos dispon\u00edveis para preenchimento nas diversas unidades acad\u00eamicas da USP. A CCD desempenha um papel essencial na gest\u00e3o do corpo docente da universidade, assegurando que o processo de aloca\u00e7\u00e3o dessas vagas seja conduzido com transpar\u00eancia e imparcialidade, sempre considerando as necessidades institucionais e o fortalecimento dos programas de ensino e pesquisa.<\/span><\/p><p><span style=\"font-size: 14pt;\">A comiss\u00e3o \u00e9 composta por membros designados pela universidade e tem como atribui\u00e7\u00f5es o estabelecimento de crit\u00e9rios e par\u00e2metros para a concess\u00e3o de claros, a an\u00e1lise das solicita\u00e7\u00f5es das unidades acad\u00eamicas e o apoio ao Reitor na cria\u00e7\u00e3o de cargos docentes. A distribui\u00e7\u00e3o dos claros leva em conta fatores como a demanda por professores em \u00e1reas espec\u00edficas, a necessidade de refor\u00e7ar o quadro docente em determinadas unidades e crit\u00e9rios de m\u00e9rito acad\u00eamico. O Gabinete da Vice-Reitoria atua em apoio \u00e0 CCD, facilitando o tr\u00e2mite das solicita\u00e7\u00f5es e a comunica\u00e7\u00e3o entre as unidades acad\u00eamicas, a comiss\u00e3o e outros \u00f3rg\u00e3os envolvidos no processo.<\/span><\/p><p><span style=\"font-size: 14pt;\">Para esclarecimento de d\u00favidas consulte a\u00a0<a href=\"https:\/\/leginf.usp.br\/?portaria=portaria-gr-no-6-517-de-07-de-marco-de-2014\" target=\"_blank\" rel=\"noopener\">PORTARIA GR N\u00ba 6517, DE 07 DE MAR\u00c7O DE 2014<\/a>, alterada pela\u00a0<a href=\"https:\/\/leginf.usp.br\/?portaria=portaria-gr-no-7755-de-14-de-junho-de-2022\">PORTARIA GR N\u00b0 7755, DE 14 DE JUNHO DE 2022<\/a>, que disp\u00f5e sobre a Comiss\u00e3o de Claros Docentes, e as se\u00e7\u00f5es abaixo.<\/span><\/p>\t\t\t\t\t\t<\/div>\n\t\t\t\t<\/div>\n\t\t\t\t\t<\/div>\n\t\t\t\t<\/div>\n\t\t<div class=\"elementor-element elementor-element-48ca549 e-flex e-con-boxed e-con e-parent\" data-id=\"48ca549\" data-element_type=\"container\">\n\t\t\t\t\t<div class=\"e-con-inner\">\n\t\t\t\t<div class=\"elementor-element elementor-element-072cabe elementor-widget elementor-widget-eael-adv-accordion\" data-id=\"072cabe\" data-element_type=\"widget\" data-widget_type=\"eael-adv-accordion.default\">\n\t\t\t\t<div class=\"elementor-widget-container\">\n\t\t\t        <div class=\"eael-adv-accordion\" id=\"eael-adv-accordion-072cabe\" data-scroll-on-click=\"no\" data-scroll-speed=\"300\" data-accordion-id=\"072cabe\" data-accordion-type=\"accordion\" data-toogle-speed=\"300\">\n    <div class=\"eael-accordion-list\">\n                <div id=\"composio-da-ccd\" class=\"elementor-tab-title eael-accordion-header\" tabindex=\"0\" data-tab=\"1\" aria-controls=\"elementor-tab-content-7521\"><span class=\"eael-advanced-accordion-icon-closed\"><i aria-hidden=\"true\" class=\"fa-accordion-icon fas fa-plus\"><\/i><\/span><span class=\"eael-advanced-accordion-icon-opened\"><i aria-hidden=\"true\" class=\"fa-accordion-icon fas fa-minus\"><\/i><\/span><span class=\"eael-accordion-tab-title\">Composi\u00e7\u00e3o da CCD<\/span><i aria-hidden=\"true\" class=\"fa-toggle fas fa-angle-right\"><\/i><\/div><div id=\"elementor-tab-content-7521\" class=\"eael-accordion-content clearfix\" data-tab=\"1\" aria-labelledby=\"composio-da-ccd\"><p>A Comiss\u00e3o de Claros Docentes da Reitoria fica composta pelos seguintes membros:<\/p><p>\u00a0<\/p><p>I. o Reitor, seu Presidente;<br \/>II. o Vice-Reitor;<br \/>III. os Pr\u00f3-Reitores de Gradua\u00e7\u00e3o, de P\u00f3s-Gradua\u00e7\u00e3o, de Pesquisa e de Cultura e Extens\u00e3o Universit\u00e1ria;<br \/>IV. o Coordenador da CODAGE;<br \/>V. os Presidentes da Comiss\u00e3o de Atividades Acad\u00eamicas (CAA) e da Comiss\u00e3o de Or\u00e7amento e Patrim\u00f4nio (COP) do Conselho Universit\u00e1rio.<\/p><\/div>\n                <\/div><\/div>\t\t<\/div>\n\t\t\t\t<\/div>\n\t\t\t\t\t<\/div>\n\t\t\t\t<\/div>\n\t\t<div class=\"elementor-element elementor-element-1b6a191 e-flex e-con-boxed e-con e-parent\" data-id=\"1b6a191\" data-element_type=\"container\" data-settings=\"{&quot;background_background&quot;:&quot;classic&quot;}\">\n\t\t\t\t\t<div class=\"e-con-inner\">\n\t\t<div class=\"elementor-element elementor-element-cbf508e e-con-full e-flex e-con e-child\" data-id=\"cbf508e\" data-element_type=\"container\" data-settings=\"{&quot;background_background&quot;:&quot;classic&quot;}\">\n\t\t<div class=\"elementor-element elementor-element-8f83048 e-con-full e-flex e-con e-child\" data-id=\"8f83048\" data-element_type=\"container\" data-settings=\"{&quot;background_background&quot;:&quot;classic&quot;}\">\n\t\t\t\t<div class=\"elementor-element elementor-element-26aa9ec elementor-widget elementor-widget-heading\" data-id=\"26aa9ec\" data-element_type=\"widget\" data-widget_type=\"heading.default\">\n\t\t\t\t<div class=\"elementor-widget-container\">\n\t\t\t<h2 class=\"elementor-heading-title elementor-size-default\"><a href=\"https:\/\/sites.usp.br\/gvr\/composicao-da-comissao-de-claros-docentes-ccd\/\">Atuais membros da Comiss\u00e3o de Claros Docentes<\/a><\/h2>\t\t<\/div>\n\t\t\t\t<\/div>\n\t\t\t\t<\/div>\n\t\t\t\t<\/div>\n\t\t\t\t\t<\/div>\n\t\t\t\t<\/div>\n\t\t\t\t<\/div>\n\t\t","protected":false},"excerpt":{"rendered":"<p>Sobre a CCDConhe\u00e7a a estrutura\u00e7\u00e3o e atua\u00e7\u00e3o da Comiss\u00e3o de Claros Docentesassessoria-academica-gvr@usp.br &#8211; (11) 2648-0631 A Comiss\u00e3o de Claros Docentes da Universidade de S\u00e3o Paulo (CCD) \u00e9 respons\u00e1vel por analisar e distribuir os &#8220;claros&#8221; docentes, ou seja, as vagas de professores efetivos dispon\u00edveis para preenchimento nas diversas unidades acad\u00eamicas da USP. A CCD desempenha um [&hellip;]<\/p>\n","protected":false},"author":23611,"featured_media":0,"parent":0,"menu_order":0,"comment_status":"closed","ping_status":"closed","template":"elementor_header_footer","meta":{"footnotes":"","_links_to":"","_links_to_target":""},"class_list":["post-1235","page","type-page","status-publish","hentry"],"_links":{"self":[{"href":"https:\/\/sites.usp.br\/gvr\/wp-json\/wp\/v2\/pages\/1235","targetHints":{"allow":["GET"]}}],"collection":[{"href":"https:\/\/sites.usp.br\/gvr\/wp-json\/wp\/v2\/pages"}],"about":[{"href":"https:\/\/sites.usp.br\/gvr\/wp-json\/wp\/v2\/types\/page"}],"author":[{"embeddable":true,"href":"https:\/\/sites.usp.br\/gvr\/wp-json\/wp\/v2\/users\/23611"}],"replies":[{"embeddable":true,"href":"https:\/\/sites.usp.br\/gvr\/wp-json\/wp\/v2\/comments?post=1235"}],"version-history":[{"count":4,"href":"https:\/\/sites.usp.br\/gvr\/wp-json\/wp\/v2\/pages\/1235\/revisions"}],"predecessor-version":[{"id":4235,"href":"https:\/\/sites.usp.br\/gvr\/wp-json\/wp\/v2\/pages\/1235\/revisions\/4235"}],"wp:attachment":[{"href":"https:\/\/sites.usp.br\/gvr\/wp-json\/wp\/v2\/media?parent=1235"}],"curies":[{"name":"wp","href":"https:\/\/api.w.org\/{rel}","templated":true}]}}