{"id":1255,"date":"2023-07-10T17:41:35","date_gmt":"2023-07-10T19:41:35","guid":{"rendered":"https:\/\/sites.usp.br\/gvr\/?page_id=1255"},"modified":"2025-09-23T11:12:45","modified_gmt":"2025-09-23T14:12:45","slug":"comunicados-da-ccd","status":"publish","type":"page","link":"https:\/\/sites.usp.br\/gvr\/ccd\/comunicados-da-ccd\/","title":{"rendered":"Comunicados da CCD"},"content":{"rendered":"\t\t<div data-elementor-type=\"wp-page\" data-elementor-id=\"1255\" class=\"elementor elementor-1255\" data-elementor-post-type=\"page\">\n\t\t\t\t\t\t<section class=\"elementor-section elementor-top-section elementor-element elementor-element-c4670eb elementor-section-boxed elementor-section-height-default elementor-section-height-default\" data-id=\"c4670eb\" data-element_type=\"section\">\n\t\t\t\t\t\t<div class=\"elementor-container elementor-column-gap-default\">\n\t\t\t\t\t<div class=\"elementor-column elementor-col-100 elementor-top-column elementor-element elementor-element-67582b9\" data-id=\"67582b9\" data-element_type=\"column\">\n\t\t\t<div class=\"elementor-widget-wrap elementor-element-populated\">\n\t\t\t\t\t\t<div class=\"elementor-element elementor-element-6b97482 elementor-widget elementor-widget-text-editor\" data-id=\"6b97482\" data-element_type=\"widget\" data-widget_type=\"text-editor.default\">\n\t\t\t\t<div class=\"elementor-widget-container\">\n\t\t\t\t\t\t\t<p><span style=\"font-family: 'times new roman', times, serif; font-size: 14pt;\">Confira os mais recentes comunicados da <b>Comiss\u00e3o de Claros Docentes (CCD)<\/b>:<\/span><\/p>\t\t\t\t\t\t<\/div>\n\t\t\t\t<\/div>\n\t\t\t\t\t<\/div>\n\t\t<\/div>\n\t\t\t\t\t<\/div>\n\t\t<\/section>\n\t\t\t\t<section class=\"elementor-section elementor-top-section elementor-element elementor-element-1a1ad1d elementor-section-boxed elementor-section-height-default elementor-section-height-default\" data-id=\"1a1ad1d\" data-element_type=\"section\">\n\t\t\t\t\t\t<div class=\"elementor-container elementor-column-gap-default\">\n\t\t\t\t\t<div class=\"elementor-column elementor-col-100 elementor-top-column elementor-element elementor-element-0847e71\" data-id=\"0847e71\" data-element_type=\"column\">\n\t\t\t<div class=\"elementor-widget-wrap elementor-element-populated\">\n\t\t\t\t\t\t<div class=\"elementor-element elementor-element-f6c5e5c elementor-grid-1 elementor-posts--thumbnail-none elementor-grid-tablet-2 elementor-grid-mobile-1 elementor-card-shadow-yes elementor-posts__hover-gradient elementor-widget elementor-widget-posts\" data-id=\"f6c5e5c\" data-element_type=\"widget\" data-settings=\"{&quot;cards_columns&quot;:&quot;1&quot;,&quot;cards_row_gap&quot;:{&quot;unit&quot;:&quot;px&quot;,&quot;size&quot;:12,&quot;sizes&quot;:[]},&quot;cards_columns_tablet&quot;:&quot;2&quot;,&quot;cards_columns_mobile&quot;:&quot;1&quot;,&quot;cards_row_gap_tablet&quot;:{&quot;unit&quot;:&quot;px&quot;,&quot;size&quot;:&quot;&quot;,&quot;sizes&quot;:[]},&quot;cards_row_gap_mobile&quot;:{&quot;unit&quot;:&quot;px&quot;,&quot;size&quot;:&quot;&quot;,&quot;sizes&quot;:[]}}\" data-widget_type=\"posts.cards\">\n\t\t\t\t<div class=\"elementor-widget-container\">\n\t\t\t\t\t<div class=\"elementor-posts-container elementor-posts elementor-posts--skin-cards elementor-grid\">\n\t\t\t\t<article class=\"elementor-post elementor-grid-item post-1690 post type-post status-publish format-standard has-post-thumbnail hentry category-geral tag-ccd tag-comunica tag-eventos\">\n\t\t\t<div class=\"elementor-post__card\">\n\t\t\t\t<div class=\"elementor-post__text\">\n\t\t\t\t<h3 class=\"elementor-post__title\">\n\t\t\t<a href=\"https:\/\/sites.usp.br\/gvr\/encontro-com-assistentes-academicos-para-esclarecimento-sobre-concessao-de-claros-temporarios-15-08-2023\/\" >\n\t\t\t\tEncontro com Assistentes Acad\u00eamicos para Esclarecimento sobre Concess\u00e3o de Claros Tempor\u00e1rios &#8211; 15\/08\/2023\t\t\t<\/a>\n\t\t<\/h3>\n\t\t\t\t<div class=\"elementor-post__excerpt\">\n\t\t\t<p>\u00a0 \u00a0 \u00a0 \u00a0 No dia 15\/08\/2023 a Vice-Reitora, Prof. Dra. Maria Arminda do Nascimento Arruda, e sua equipe da Assessoria Acad\u00eamica, que d\u00e1 apoio \u00e0 Comiss\u00e3o<\/p>\n\t\t<\/div>\n\t\t\n\t\t<a class=\"elementor-post__read-more\" href=\"https:\/\/sites.usp.br\/gvr\/encontro-com-assistentes-academicos-para-esclarecimento-sobre-concessao-de-claros-temporarios-15-08-2023\/\" aria-label=\"Read more about Encontro com Assistentes Acad\u00eamicos para Esclarecimento sobre Concess\u00e3o de Claros Tempor\u00e1rios &#8211; 15\/08\/2023\" tabindex=\"-1\" >\n\t\t\tLeia mais\t\t<\/a>\n\n\t\t\t\t<\/div>\n\t\t\t\t<div class=\"elementor-post__meta-data\">\n\t\t\t\t\t<span class=\"elementor-post-date\">\n\t\t\t16\/08\/2023\t\t<\/span>\n\t\t\t\t<\/div>\n\t\t\t\t\t<\/div>\n\t\t<\/article>\n\t\t\t\t<article class=\"elementor-post elementor-grid-item post-1252 post type-post status-publish format-standard hentry category-geral tag-ccd tag-comunica\">\n\t\t\t<div class=\"elementor-post__card\">\n\t\t\t\t<div class=\"elementor-post__text\">\n\t\t\t\t<h3 class=\"elementor-post__title\">\n\t\t\t<a href=\"https:\/\/sites.usp.br\/gvr\/resultado-final-apos-recursos-edital-de-merito-docente\/\" >\n\t\t\t\tResultado final ap\u00f3s recursos &#8211; Edital de M\u00e9rito Docente\t\t\t<\/a>\n\t\t<\/h3>\n\t\t\t\t<div class=\"elementor-post__excerpt\">\n\t\t\t<p>Resultado final da Avalia\u00e7\u00e3o de propostas submetidas no \u00e2mbito do Edital CCD 001\/2022 para Sele\u00e7\u00e3o de M\u00e9rito Docente de 25-11-2022, ap\u00f3s an\u00e1lise dos recursos. Acesse aqui o<\/p>\n\t\t<\/div>\n\t\t\n\t\t<a class=\"elementor-post__read-more\" href=\"https:\/\/sites.usp.br\/gvr\/resultado-final-apos-recursos-edital-de-merito-docente\/\" aria-label=\"Read more about Resultado final ap\u00f3s recursos &#8211; Edital de M\u00e9rito Docente\" tabindex=\"-1\" >\n\t\t\tLeia mais\t\t<\/a>\n\n\t\t\t\t<\/div>\n\t\t\t\t<div class=\"elementor-post__meta-data\">\n\t\t\t\t\t<span class=\"elementor-post-date\">\n\t\t\t11\/05\/2023\t\t<\/span>\n\t\t\t\t<\/div>\n\t\t\t\t\t<\/div>\n\t\t<\/article>\n\t\t\t\t<article class=\"elementor-post elementor-grid-item post-1249 post type-post status-publish format-standard hentry category-geral tag-ccd tag-comunica\">\n\t\t\t<div class=\"elementor-post__card\">\n\t\t\t\t<div class=\"elementor-post__text\">\n\t\t\t\t<h3 class=\"elementor-post__title\">\n\t\t\t<a href=\"https:\/\/sites.usp.br\/gvr\/resultado-da-avaliacao-do-edital-de-merito-docente\/\" >\n\t\t\t\tResultado da Avalia\u00e7\u00e3o do Edital de M\u00e9rito Docente\t\t\t<\/a>\n\t\t<\/h3>\n\t\t\t\t<div class=\"elementor-post__excerpt\">\n\t\t\t<p>Resultado da Avalia\u00e7\u00e3o de propostas submetidas no \u00e2mbito do Edital CCD 001\/2022\u00a0 para Sele\u00e7\u00e3o de M\u00e9rito Docente de 25-11-2022. A Comiss\u00e3o de Claros Docentes recebeu 361 propostas.<\/p>\n\t\t<\/div>\n\t\t\n\t\t<a class=\"elementor-post__read-more\" href=\"https:\/\/sites.usp.br\/gvr\/resultado-da-avaliacao-do-edital-de-merito-docente\/\" aria-label=\"Read more about Resultado da Avalia\u00e7\u00e3o do Edital de M\u00e9rito Docente\" tabindex=\"-1\" >\n\t\t\tLeia mais\t\t<\/a>\n\n\t\t\t\t<\/div>\n\t\t\t\t<div class=\"elementor-post__meta-data\">\n\t\t\t\t\t<span class=\"elementor-post-date\">\n\t\t\t12\/04\/2023\t\t<\/span>\n\t\t\t\t<\/div>\n\t\t\t\t\t<\/div>\n\t\t<\/article>\n\t\t\t\t<\/div>\n\t\t\n\t\t\t\t<\/div>\n\t\t\t\t<\/div>\n\t\t\t\t\t<\/div>\n\t\t<\/div>\n\t\t\t\t\t<\/div>\n\t\t<\/section>\n\t\t\t\t<\/div>\n\t\t","protected":false},"excerpt":{"rendered":"<p>Confira os mais recentes comunicados da Comiss\u00e3o de Claros Docentes (CCD):<\/p>\n","protected":false},"author":23611,"featured_media":0,"parent":1235,"menu_order":0,"comment_status":"closed","ping_status":"closed","template":"","meta":{"footnotes":"","_links_to":"","_links_to_target":""},"class_list":["post-1255","page","type-page","status-publish","hentry"],"_links":{"self":[{"href":"https:\/\/sites.usp.br\/gvr\/wp-json\/wp\/v2\/pages\/1255","targetHints":{"allow":["GET"]}}],"collection":[{"href":"https:\/\/sites.usp.br\/gvr\/wp-json\/wp\/v2\/pages"}],"about":[{"href":"https:\/\/sites.usp.br\/gvr\/wp-json\/wp\/v2\/types\/page"}],"author":[{"embeddable":true,"href":"https:\/\/sites.usp.br\/gvr\/wp-json\/wp\/v2\/users\/23611"}],"replies":[{"embeddable":true,"href":"https:\/\/sites.usp.br\/gvr\/wp-json\/wp\/v2\/comments?post=1255"}],"version-history":[{"count":4,"href":"https:\/\/sites.usp.br\/gvr\/wp-json\/wp\/v2\/pages\/1255\/revisions"}],"predecessor-version":[{"id":4223,"href":"https:\/\/sites.usp.br\/gvr\/wp-json\/wp\/v2\/pages\/1255\/revisions\/4223"}],"up":[{"embeddable":true,"href":"https:\/\/sites.usp.br\/gvr\/wp-json\/wp\/v2\/pages\/1235"}],"wp:attachment":[{"href":"https:\/\/sites.usp.br\/gvr\/wp-json\/wp\/v2\/media?parent=1255"}],"curies":[{"name":"wp","href":"https:\/\/api.w.org\/{rel}","templated":true}]}}