{"id":1257,"date":"2023-07-12T12:08:06","date_gmt":"2023-07-12T14:08:06","guid":{"rendered":"https:\/\/sites.usp.br\/gvr\/?page_id=1257"},"modified":"2025-09-23T12:44:57","modified_gmt":"2025-09-23T15:44:57","slug":"fluxo-de-solicitacoes-ccd","status":"publish","type":"page","link":"https:\/\/sites.usp.br\/gvr\/ccd\/fluxo-de-solicitacoes-ccd\/","title":{"rendered":"Fluxo de Solicita\u00e7\u00f5es"},"content":{"rendered":"\t\t<div data-elementor-type=\"wp-page\" data-elementor-id=\"1257\" class=\"elementor elementor-1257\" data-elementor-post-type=\"page\">\n\t\t\t\t\t\t<section class=\"elementor-section elementor-top-section elementor-element elementor-element-adc4bd5 elementor-section-boxed elementor-section-height-default elementor-section-height-default\" data-id=\"adc4bd5\" data-element_type=\"section\">\n\t\t\t\t\t\t<div class=\"elementor-container elementor-column-gap-default\">\n\t\t\t\t\t<div class=\"elementor-column elementor-col-100 elementor-top-column elementor-element elementor-element-7999bbb\" data-id=\"7999bbb\" data-element_type=\"column\">\n\t\t\t<div class=\"elementor-widget-wrap elementor-element-populated\">\n\t\t\t\t\t\t<div class=\"elementor-element elementor-element-906670a elementor-widget elementor-widget-text-editor\" data-id=\"906670a\" data-element_type=\"widget\" data-widget_type=\"text-editor.default\">\n\t\t\t\t<div class=\"elementor-widget-container\">\n\t\t\t\t\t\t\t<p><span style=\"font-family: 'times new roman', times, serif; font-size: 14pt;\">O Gabinete da Vice-Reitoria assessora a <a href=\"https:\/\/sites.usp.br\/gvr\/sobre-a-ccd\"><span style=\"text-decoration: underline; color: #000000;\">Comiss\u00e3o de Claros Docentes<\/span><\/a>, realizando o tr\u00e2mite das solicita\u00e7\u00f5es advindas das Unidades Acad\u00eamicas da USP entre a Comiss\u00e3o e outros \u00f3rg\u00e3os cab\u00edveis.<\/span><\/p><p><span style=\"font-family: 'times new roman', times, serif; font-size: 14pt;\">Para a solicita\u00e7\u00e3o de Claros Tempor\u00e1rios e\/ou Prorroga\u00e7\u00f5es, atente-se aos artigos 1\u00b0 e 2\u00b0 da <span style=\"color: #333333;\"><a style=\"color: #333333;\" href=\"https:\/\/leginf.usp.br\/?resolucao=resolucao-no-8362-de-17-de-janeiro-de-2023\"><span style=\"text-decoration: underline;\">RESOLU\u00c7\u00c3O N\u00ba 8362, DE 17 DE JANEIRO DE 2023<\/span><\/a><\/span> da Universidade de S\u00e3o Paulo para averiguar a fundamenta\u00e7\u00e3o do pedido.<\/span><\/p>\t\t\t\t\t\t<\/div>\n\t\t\t\t<\/div>\n\t\t\t\t\t<\/div>\n\t\t<\/div>\n\t\t\t\t\t<\/div>\n\t\t<\/section>\n\t\t\t\t<section class=\"elementor-section elementor-top-section elementor-element elementor-element-e47808a elementor-section-boxed elementor-section-height-default elementor-section-height-default\" data-id=\"e47808a\" data-element_type=\"section\">\n\t\t\t\t\t\t<div class=\"elementor-container elementor-column-gap-default\">\n\t\t\t\t\t<div class=\"elementor-column elementor-col-100 elementor-top-column elementor-element elementor-element-ee60f3d\" data-id=\"ee60f3d\" data-element_type=\"column\">\n\t\t\t<div class=\"elementor-widget-wrap elementor-element-populated\">\n\t\t\t\t\t\t<div class=\"elementor-element elementor-element-785bc64 elementor-widget elementor-widget-heading\" data-id=\"785bc64\" data-element_type=\"widget\" data-widget_type=\"heading.default\">\n\t\t\t\t<div class=\"elementor-widget-container\">\n\t\t\t<h3 class=\"elementor-heading-title elementor-size-default\">Confira abaixo como se d\u00e1 o fluxo de cada solicita\u00e7\u00e3o<\/h3>\t\t<\/div>\n\t\t\t\t<\/div>\n\t\t\t\t<div class=\"elementor-element elementor-element-1c9d48b elementor-widget elementor-widget-eael-adv-accordion\" data-id=\"1c9d48b\" data-element_type=\"widget\" data-widget_type=\"eael-adv-accordion.default\">\n\t\t\t\t<div class=\"elementor-widget-container\">\n\t\t\t        <div class=\"eael-adv-accordion\" id=\"eael-adv-accordion-1c9d48b\" data-scroll-on-click=\"no\" data-scroll-speed=\"300\" data-accordion-id=\"1c9d48b\" data-accordion-type=\"toggle\" data-toogle-speed=\"300\">\n    <div class=\"eael-accordion-list\">\n                <div id=\"cargos-docentes-efetivos\" class=\"elementor-tab-title eael-accordion-header\" tabindex=\"0\" data-tab=\"1\" aria-controls=\"elementor-tab-content-3001\"><span class=\"eael-advanced-accordion-icon-closed\"><i aria-hidden=\"true\" class=\"fa-accordion-icon fas fa-plus\"><\/i><\/span><span class=\"eael-advanced-accordion-icon-opened\"><i aria-hidden=\"true\" class=\"fa-accordion-icon fas fa-minus\"><\/i><\/span><span class=\"eael-accordion-tab-title\">Cargos Docentes Efetivos<\/span><i aria-hidden=\"true\" class=\"fa-toggle fas fa-angle-right\"><\/i><\/div><div id=\"elementor-tab-content-3001\" class=\"eael-accordion-content clearfix\" data-tab=\"1\" aria-labelledby=\"cargos-docentes-efetivos\"><p><a href=\"https:\/\/sites.usp.br\/gvr\/wp-content\/uploads\/sites\/17\/2023\/07\/Solicitacao-da-Cargos-Docentes.png\"><img fetchpriority=\"high\" decoding=\"async\" class=\"aligncenter wp-image-1258 size-full\" src=\"https:\/\/sites.usp.br\/gvr\/wp-content\/uploads\/sites\/17\/2023\/07\/Solicitacao-da-Cargos-Docentes.png\" alt=\"\" width=\"1306\" height=\"1059\" srcset=\"https:\/\/sites.usp.br\/gvr\/wp-content\/uploads\/sites\/17\/2023\/07\/Solicitacao-da-Cargos-Docentes.png 1306w, https:\/\/sites.usp.br\/gvr\/wp-content\/uploads\/sites\/17\/2023\/07\/Solicitacao-da-Cargos-Docentes-300x243.png 300w, https:\/\/sites.usp.br\/gvr\/wp-content\/uploads\/sites\/17\/2023\/07\/Solicitacao-da-Cargos-Docentes-1024x830.png 1024w, https:\/\/sites.usp.br\/gvr\/wp-content\/uploads\/sites\/17\/2023\/07\/Solicitacao-da-Cargos-Docentes-768x623.png 768w\" sizes=\"(max-width: 1306px) 100vw, 1306px\" \/><\/a><\/p><\/div>\n                <\/div><div class=\"eael-accordion-list\">\n                <div id=\"claros-temporrios\" class=\"elementor-tab-title eael-accordion-header\" tabindex=\"0\" data-tab=\"2\" aria-controls=\"elementor-tab-content-3002\"><span class=\"eael-advanced-accordion-icon-closed\"><i aria-hidden=\"true\" class=\"fa-accordion-icon fas fa-plus\"><\/i><\/span><span class=\"eael-advanced-accordion-icon-opened\"><i aria-hidden=\"true\" class=\"fa-accordion-icon fas fa-minus\"><\/i><\/span><span class=\"eael-accordion-tab-title\">Claros Tempor\u00e1rios<\/span><i aria-hidden=\"true\" class=\"fa-toggle fas fa-angle-right\"><\/i><\/div><div id=\"elementor-tab-content-3002\" class=\"eael-accordion-content clearfix\" data-tab=\"2\" aria-labelledby=\"claros-temporrios\"><p><a href=\"https:\/\/sites.usp.br\/gvr\/wp-content\/uploads\/sites\/17\/2023\/07\/Solicitacao-de-Claros-Temporarios.png\"><img decoding=\"async\" class=\"size-full wp-image-1259 aligncenter\" src=\"https:\/\/sites.usp.br\/gvr\/wp-content\/uploads\/sites\/17\/2023\/07\/Solicitacao-de-Claros-Temporarios.png\" alt=\"\" width=\"1089\" height=\"846\" srcset=\"https:\/\/sites.usp.br\/gvr\/wp-content\/uploads\/sites\/17\/2023\/07\/Solicitacao-de-Claros-Temporarios.png 1089w, https:\/\/sites.usp.br\/gvr\/wp-content\/uploads\/sites\/17\/2023\/07\/Solicitacao-de-Claros-Temporarios-300x233.png 300w, https:\/\/sites.usp.br\/gvr\/wp-content\/uploads\/sites\/17\/2023\/07\/Solicitacao-de-Claros-Temporarios-1024x796.png 1024w, https:\/\/sites.usp.br\/gvr\/wp-content\/uploads\/sites\/17\/2023\/07\/Solicitacao-de-Claros-Temporarios-768x597.png 768w\" sizes=\"(max-width: 1089px) 100vw, 1089px\" \/><\/a><\/p><\/div>\n                <\/div><div class=\"eael-accordion-list\">\n                <div id=\"prorrogaes\" class=\"elementor-tab-title eael-accordion-header\" tabindex=\"0\" data-tab=\"3\" aria-controls=\"elementor-tab-content-3003\"><span class=\"eael-advanced-accordion-icon-closed\"><i aria-hidden=\"true\" class=\"fa-accordion-icon fas fa-plus\"><\/i><\/span><span class=\"eael-advanced-accordion-icon-opened\"><i aria-hidden=\"true\" class=\"fa-accordion-icon fas fa-minus\"><\/i><\/span><span class=\"eael-accordion-tab-title\">Prorroga\u00e7\u00f5es<\/span><i aria-hidden=\"true\" class=\"fa-toggle fas fa-angle-right\"><\/i><\/div><div id=\"elementor-tab-content-3003\" class=\"eael-accordion-content clearfix\" data-tab=\"3\" aria-labelledby=\"prorrogaes\"><p><a href=\"https:\/\/sites.usp.br\/gvr\/wp-content\/uploads\/sites\/17\/2023\/07\/Prorrogacoes.png\"><img decoding=\"async\" class=\"size-full wp-image-1260 aligncenter\" src=\"https:\/\/sites.usp.br\/gvr\/wp-content\/uploads\/sites\/17\/2023\/07\/Prorrogacoes.png\" alt=\"\" width=\"1088\" height=\"802\" srcset=\"https:\/\/sites.usp.br\/gvr\/wp-content\/uploads\/sites\/17\/2023\/07\/Prorrogacoes.png 1088w, https:\/\/sites.usp.br\/gvr\/wp-content\/uploads\/sites\/17\/2023\/07\/Prorrogacoes-300x221.png 300w, https:\/\/sites.usp.br\/gvr\/wp-content\/uploads\/sites\/17\/2023\/07\/Prorrogacoes-1024x755.png 1024w, https:\/\/sites.usp.br\/gvr\/wp-content\/uploads\/sites\/17\/2023\/07\/Prorrogacoes-768x566.png 768w, https:\/\/sites.usp.br\/gvr\/wp-content\/uploads\/sites\/17\/2023\/07\/Prorrogacoes-80x60.png 80w\" sizes=\"(max-width: 1088px) 100vw, 1088px\" \/><\/a><\/p><\/div>\n                <\/div><div class=\"eael-accordion-list\">\n                <div id=\"alterao-de-regime-de-trabalho\" class=\"elementor-tab-title eael-accordion-header\" tabindex=\"0\" data-tab=\"4\" aria-controls=\"elementor-tab-content-3004\"><span class=\"eael-advanced-accordion-icon-closed\"><i aria-hidden=\"true\" class=\"fa-accordion-icon fas fa-plus\"><\/i><\/span><span class=\"eael-advanced-accordion-icon-opened\"><i aria-hidden=\"true\" class=\"fa-accordion-icon fas fa-minus\"><\/i><\/span><span class=\"eael-accordion-tab-title\">Altera\u00e7\u00e3o de Regime de Trabalho<\/span><i aria-hidden=\"true\" class=\"fa-toggle fas fa-angle-right\"><\/i><\/div><div id=\"elementor-tab-content-3004\" class=\"eael-accordion-content clearfix\" data-tab=\"4\" aria-labelledby=\"alterao-de-regime-de-trabalho\"><p><a href=\"https:\/\/sites.usp.br\/gvr\/wp-content\/uploads\/sites\/17\/2023\/07\/Alteracao-de-Regime-de-Trabalho.png\"><img loading=\"lazy\" decoding=\"async\" class=\"aligncenter wp-image-1261\" src=\"https:\/\/sites.usp.br\/gvr\/wp-content\/uploads\/sites\/17\/2023\/07\/Alteracao-de-Regime-de-Trabalho.png\" alt=\"\" width=\"1460\" height=\"796\" srcset=\"https:\/\/sites.usp.br\/gvr\/wp-content\/uploads\/sites\/17\/2023\/07\/Alteracao-de-Regime-de-Trabalho.png 1201w, https:\/\/sites.usp.br\/gvr\/wp-content\/uploads\/sites\/17\/2023\/07\/Alteracao-de-Regime-de-Trabalho-300x164.png 300w, https:\/\/sites.usp.br\/gvr\/wp-content\/uploads\/sites\/17\/2023\/07\/Alteracao-de-Regime-de-Trabalho-1024x558.png 1024w, https:\/\/sites.usp.br\/gvr\/wp-content\/uploads\/sites\/17\/2023\/07\/Alteracao-de-Regime-de-Trabalho-768x419.png 768w\" sizes=\"(max-width: 1460px) 100vw, 1460px\" \/><\/a><\/p><\/div>\n                <\/div><\/div>\t\t<\/div>\n\t\t\t\t<\/div>\n\t\t\t\t<div class=\"elementor-element elementor-element-405f659 elementor-widget elementor-widget-text-editor\" data-id=\"405f659\" data-element_type=\"widget\" data-widget_type=\"text-editor.default\">\n\t\t\t\t<div class=\"elementor-widget-container\">\n\t\t\t\t\t\t\t<p><span style=\"font-family: 'times new roman', times, serif; color: #808080; font-size: 12pt;\">*Em caso de dificuldade na leitura, clique sobre a imagem para abri-la em tela cheia.<\/span><\/p>\t\t\t\t\t\t<\/div>\n\t\t\t\t<\/div>\n\t\t\t\t\t<\/div>\n\t\t<\/div>\n\t\t\t\t\t<\/div>\n\t\t<\/section>\n\t\t\t\t<section class=\"elementor-section elementor-top-section elementor-element elementor-element-dcdfec3 elementor-section-boxed elementor-section-height-default elementor-section-height-default\" data-id=\"dcdfec3\" data-element_type=\"section\">\n\t\t\t\t\t\t<div class=\"elementor-container elementor-column-gap-default\">\n\t\t\t\t\t<div class=\"elementor-column elementor-col-100 elementor-top-column elementor-element elementor-element-2c1ccc1\" data-id=\"2c1ccc1\" data-element_type=\"column\">\n\t\t\t<div class=\"elementor-widget-wrap elementor-element-populated\">\n\t\t\t\t\t\t<section class=\"elementor-section elementor-inner-section elementor-element elementor-element-7a9e64e elementor-section-boxed elementor-section-height-default elementor-section-height-default\" data-id=\"7a9e64e\" data-element_type=\"section\">\n\t\t\t\t\t\t<div class=\"elementor-container elementor-column-gap-default\">\n\t\t\t\t\t<div class=\"elementor-column elementor-col-50 elementor-inner-column elementor-element elementor-element-39a644c\" data-id=\"39a644c\" data-element_type=\"column\">\n\t\t\t<div class=\"elementor-widget-wrap elementor-element-populated\">\n\t\t\t\t\t\t<div class=\"elementor-element elementor-element-18e8484 elementor-widget elementor-widget-image\" data-id=\"18e8484\" data-element_type=\"widget\" data-widget_type=\"image.default\">\n\t\t\t\t<div class=\"elementor-widget-container\">\n\t\t\t\t\t\t\t\t\t\t\t\t\t<img loading=\"lazy\" decoding=\"async\" width=\"165\" height=\"100\" src=\"https:\/\/sites.usp.br\/gvr\/wp-content\/uploads\/sites\/17\/2014\/01\/usp-logo-220x1651.png\" class=\"attachment-large size-large wp-image-82\" alt=\"\" \/>\t\t\t\t\t\t\t\t\t\t\t\t\t<\/div>\n\t\t\t\t<\/div>\n\t\t\t\t\t<\/div>\n\t\t<\/div>\n\t\t\t\t<div class=\"elementor-column elementor-col-50 elementor-inner-column elementor-element elementor-element-c48da59\" data-id=\"c48da59\" data-element_type=\"column\">\n\t\t\t<div class=\"elementor-widget-wrap elementor-element-populated\">\n\t\t\t\t\t\t<div class=\"elementor-element elementor-element-00fddda elementor-widget elementor-widget-spacer\" data-id=\"00fddda\" data-element_type=\"widget\" data-widget_type=\"spacer.default\">\n\t\t\t\t<div class=\"elementor-widget-container\">\n\t\t\t\t\t<div class=\"elementor-spacer\">\n\t\t\t<div class=\"elementor-spacer-inner\"><\/div>\n\t\t<\/div>\n\t\t\t\t<\/div>\n\t\t\t\t<\/div>\n\t\t\t\t<div class=\"elementor-element elementor-element-a8de446 elementor-widget elementor-widget-text-editor\" data-id=\"a8de446\" data-element_type=\"widget\" data-widget_type=\"text-editor.default\">\n\t\t\t\t<div class=\"elementor-widget-container\">\n\t\t\t\t\t\t\t<p><span style=\"color: #616060;\"><strong><span style=\"font-family: helvetica, arial, sans-serif;\">Comiss\u00e3o de Claros Docentes (CCD)<\/span><\/strong><\/span><\/p>\t\t\t\t\t\t<\/div>\n\t\t\t\t<\/div>\n\t\t\t\t\t<\/div>\n\t\t<\/div>\n\t\t\t\t\t<\/div>\n\t\t<\/section>\n\t\t\t\t\t<\/div>\n\t\t<\/div>\n\t\t\t\t\t<\/div>\n\t\t<\/section>\n\t\t\t\t<\/div>\n\t\t","protected":false},"excerpt":{"rendered":"<p>O Gabinete da Vice-Reitoria assessora a Comiss\u00e3o de Claros Docentes, realizando o tr\u00e2mite das solicita\u00e7\u00f5es advindas das Unidades Acad\u00eamicas da USP entre a Comiss\u00e3o e outros \u00f3rg\u00e3os cab\u00edveis. Para a solicita\u00e7\u00e3o de Claros Tempor\u00e1rios e\/ou Prorroga\u00e7\u00f5es, atente-se aos artigos 1\u00b0 e 2\u00b0 da RESOLU\u00c7\u00c3O N\u00ba 8362, DE 17 DE JANEIRO DE 2023 da Universidade de [&hellip;]<\/p>\n","protected":false},"author":23611,"featured_media":0,"parent":1235,"menu_order":0,"comment_status":"closed","ping_status":"closed","template":"","meta":{"footnotes":"","_links_to":"","_links_to_target":""},"class_list":["post-1257","page","type-page","status-publish","hentry"],"_links":{"self":[{"href":"https:\/\/sites.usp.br\/gvr\/wp-json\/wp\/v2\/pages\/1257","targetHints":{"allow":["GET"]}}],"collection":[{"href":"https:\/\/sites.usp.br\/gvr\/wp-json\/wp\/v2\/pages"}],"about":[{"href":"https:\/\/sites.usp.br\/gvr\/wp-json\/wp\/v2\/types\/page"}],"author":[{"embeddable":true,"href":"https:\/\/sites.usp.br\/gvr\/wp-json\/wp\/v2\/users\/23611"}],"replies":[{"embeddable":true,"href":"https:\/\/sites.usp.br\/gvr\/wp-json\/wp\/v2\/comments?post=1257"}],"version-history":[{"count":4,"href":"https:\/\/sites.usp.br\/gvr\/wp-json\/wp\/v2\/pages\/1257\/revisions"}],"predecessor-version":[{"id":4251,"href":"https:\/\/sites.usp.br\/gvr\/wp-json\/wp\/v2\/pages\/1257\/revisions\/4251"}],"up":[{"embeddable":true,"href":"https:\/\/sites.usp.br\/gvr\/wp-json\/wp\/v2\/pages\/1235"}],"wp:attachment":[{"href":"https:\/\/sites.usp.br\/gvr\/wp-json\/wp\/v2\/media?parent=1257"}],"curies":[{"name":"wp","href":"https:\/\/api.w.org\/{rel}","templated":true}]}}