{"id":2213,"date":"2024-02-16T14:05:19","date_gmt":"2024-02-16T16:05:19","guid":{"rendered":"https:\/\/sites.usp.br\/gvr\/?page_id=2213"},"modified":"2025-10-01T14:36:36","modified_gmt":"2025-10-01T17:36:36","slug":"ingresso","status":"publish","type":"page","link":"https:\/\/sites.usp.br\/gvr\/carreira-docente\/ingresso\/","title":{"rendered":"Ingresso"},"content":{"rendered":"\t\t<div data-elementor-type=\"wp-page\" data-elementor-id=\"2213\" class=\"elementor elementor-2213\" data-elementor-post-type=\"page\">\n\t\t\t\t<div class=\"elementor-element elementor-element-d4815b2 e-con-full e-flex e-con e-parent\" data-id=\"d4815b2\" data-element_type=\"container\" data-settings=\"{&quot;background_background&quot;:&quot;classic&quot;}\">\n\t\t\t\t<div class=\"elementor-element elementor-element-2131c34 e-transform elementor-widget__width-inherit elementor--h-position-center elementor--v-position-middle elementor-widget elementor-widget-slides\" data-id=\"2131c34\" data-element_type=\"widget\" data-settings=\"{&quot;_transform_scale_effect&quot;:{&quot;unit&quot;:&quot;px&quot;,&quot;size&quot;:1.05,&quot;sizes&quot;:[]},&quot;transition&quot;:&quot;fade&quot;,&quot;navigation&quot;:&quot;none&quot;,&quot;transition_speed&quot;:500,&quot;_transform_scale_effect_tablet&quot;:{&quot;unit&quot;:&quot;px&quot;,&quot;size&quot;:&quot;&quot;,&quot;sizes&quot;:[]},&quot;_transform_scale_effect_mobile&quot;:{&quot;unit&quot;:&quot;px&quot;,&quot;size&quot;:&quot;&quot;,&quot;sizes&quot;:[]}}\" data-widget_type=\"slides.default\">\n\t\t\t\t<div class=\"elementor-widget-container\">\n\t\t\t\t\t<div class=\"elementor-swiper\">\n\t\t\t<div class=\"elementor-slides-wrapper elementor-main-swiper swiper\" dir=\"ltr\" data-animation=\"\">\n\t\t\t\t<div class=\"swiper-wrapper elementor-slides\">\n\t\t\t\t\t\t\t\t\t\t<div class=\"elementor-repeater-item-ed2ffa7 swiper-slide\"><div class=\"swiper-slide-bg\" role=\"img\"><\/div><div class=\"elementor-background-overlay\"><\/div><div class=\"swiper-slide-inner\" ><div class=\"swiper-slide-contents\"><div class=\"elementor-slide-heading\">Formas de Ingresso<\/div><div class=\"elementor-slide-description\">Saiba como ingressar na carreira docente na Universidade de S\u00e3o Paulo<\/div><div  class=\"elementor-button elementor-slide-button elementor-size-xs\">Clique aqui<\/div><\/div><\/div><\/div>\t\t\t\t<\/div>\n\t\t\t\t\t\t\t<\/div>\n\t\t<\/div>\n\t\t\t\t<\/div>\n\t\t\t\t<\/div>\n\t\t\t\t<\/div>\n\t\t<div class=\"elementor-element elementor-element-047ad98 e-flex e-con-boxed e-con e-parent\" data-id=\"047ad98\" data-element_type=\"container\">\n\t\t\t\t\t<div class=\"e-con-inner\">\n\t\t\t\t<div class=\"elementor-element elementor-element-010e76f elementor-widget elementor-widget-text-editor\" data-id=\"010e76f\" data-element_type=\"widget\" data-widget_type=\"text-editor.default\">\n\t\t\t\t<div class=\"elementor-widget-container\">\n\t\t\t\t\t\t\t<p><span style=\"font-weight: 400; font-size: 14pt;\">Para ingresso nas atividades e carreiras docentes da Universidade de S\u00e3o Paulo existem dois caminhos distintos, a saber, Processo Seletivo e Concurso P\u00fablico.<\/span><\/p>\t\t\t\t\t\t<\/div>\n\t\t\t\t<\/div>\n\t\t\t\t\t<\/div>\n\t\t\t\t<\/div>\n\t\t<div class=\"elementor-element elementor-element-ce9ef5b e-flex e-con-boxed e-con e-parent\" data-id=\"ce9ef5b\" data-element_type=\"container\">\n\t\t\t\t\t<div class=\"e-con-inner\">\n\t\t\t\t<div class=\"elementor-element elementor-element-9e806d7 elementor-widget elementor-widget-heading\" data-id=\"9e806d7\" data-element_type=\"widget\" data-widget_type=\"heading.default\">\n\t\t\t\t<div class=\"elementor-widget-container\">\n\t\t\t<h2 class=\"elementor-heading-title elementor-size-default\">Processo Seletivo<\/h2>\t\t<\/div>\n\t\t\t\t<\/div>\n\t\t\t\t\t<\/div>\n\t\t\t\t<\/div>\n\t\t<div class=\"elementor-element elementor-element-2b33f79 e-flex e-con-boxed e-con e-parent\" data-id=\"2b33f79\" data-element_type=\"container\">\n\t\t\t\t\t<div class=\"e-con-inner\">\n\t\t\t\t<div class=\"elementor-element elementor-element-4cd7cfe elementor-widget elementor-widget-text-editor\" data-id=\"4cd7cfe\" data-element_type=\"widget\" data-widget_type=\"text-editor.default\">\n\t\t\t\t<div class=\"elementor-widget-container\">\n\t\t\t\t\t\t\t<p><span style=\"font-size: 14pt;\"><span style=\"font-weight: 400;\">Destinado ao provimento de Docentes por Prazo Determinado, o ingresso por Processo Seletivo se dirige \u00e0 contrata\u00e7\u00e3o de docentes em Regime de Turno Parcial (mais informa\u00e7\u00f5es na se\u00e7\u00e3o <\/span><a href=\"https:\/\/sites.usp.br\/gvr\/regimes-de-trabalho\/\" target=\"_blank\" rel=\"noopener\"><span style=\"font-weight: 400;\">Regimes de Trabalho<\/span><\/a><span style=\"font-weight: 400;\">). As inscri\u00e7\u00f5es nesta modalidade ocorrem ap\u00f3s a abertura dos editais, publicados no Di\u00e1rio Oficial do Estado, seguidas da aprova\u00e7\u00e3o pelos \u00f3rg\u00e3os competentes de cada Unidade de Ensino e Pesquisa e da aplica\u00e7\u00e3o das provas de sele\u00e7\u00e3o aos candidatos. Nesta modalidade de ingresso o docente \u00e9 admitido das seguintes categorias:<\/span><\/span><\/p><p><span style=\"font-size: 14pt;\"><b>I \u2013<\/b><span style=\"font-weight: 400;\"> Professor Contratado I (Auxiliar de Ensino): Candidatos que possuam no m\u00ednimo o curso de Gradua\u00e7\u00e3o;<\/span><\/span><\/p><p><span style=\"font-size: 14pt;\"><b>II \u2013<\/b><span style=\"font-weight: 400;\"> Professor Contratado II (Assistente): Candidatos que possuam no m\u00ednimo o curso de P\u00f3s-Gradua\u00e7\u00e3o no n\u00edvel de Mestre;<\/span><\/span><\/p><p><span style=\"font-size: 14pt;\"><b>III \u2013<\/b><span style=\"font-weight: 400;\"> Professor Contratado III (Professor Doutor): Candidatos que possuam no m\u00ednimo o curso de P\u00f3s-Gradua\u00e7\u00e3o no n\u00edvel de Doutor.<\/span><\/span><\/p><p><span style=\"font-weight: 400; font-size: 14pt;\">Ap\u00f3s admiss\u00e3o, o docente inicia o contrato por prazo determinado em jornada de trabalho de 12 (doze) horas semanais, podendo, a crit\u00e9rio da Unidade de\u00a0 Ensino e Pesquisa correspondente, ter seu per\u00edodo de vig\u00eancia renovado, com limite de atua\u00e7\u00e3o pelo per\u00edodo total de 2 (dois) anos.<\/span><\/p>\t\t\t\t\t\t<\/div>\n\t\t\t\t<\/div>\n\t\t\t\t\t<\/div>\n\t\t\t\t<\/div>\n\t\t<div class=\"elementor-element elementor-element-fb030f4 e-flex e-con-boxed e-con e-parent\" data-id=\"fb030f4\" data-element_type=\"container\">\n\t\t\t\t\t<div class=\"e-con-inner\">\n\t\t\t\t<div class=\"elementor-element elementor-element-ecd9b41 elementor-widget elementor-widget-heading\" data-id=\"ecd9b41\" data-element_type=\"widget\" data-widget_type=\"heading.default\">\n\t\t\t\t<div class=\"elementor-widget-container\">\n\t\t\t<h2 class=\"elementor-heading-title elementor-size-default\">Concurso P\u00fablico<\/h2>\t\t<\/div>\n\t\t\t\t<\/div>\n\t\t\t\t\t<\/div>\n\t\t\t\t<\/div>\n\t\t<div class=\"elementor-element elementor-element-a354a06 e-flex e-con-boxed e-con e-parent\" data-id=\"a354a06\" data-element_type=\"container\">\n\t\t\t\t\t<div class=\"e-con-inner\">\n\t\t\t\t<div class=\"elementor-element elementor-element-d6353c7 elementor-widget elementor-widget-text-editor\" data-id=\"d6353c7\" data-element_type=\"widget\" data-widget_type=\"text-editor.default\">\n\t\t\t\t<div class=\"elementor-widget-container\">\n\t\t\t\t\t\t\t<p><span style=\"font-size: 14pt;\"><span style=\"font-weight: 400;\">Principal forma de ingresso em carreira docente na Universidade de S\u00e3o Paulo, o concurso p\u00fablico se destina ao provimento de docentes permanentes em Regime de Dedica\u00e7\u00e3o Integral \u00e0 Doc\u00eancia e \u00e0 Pesquisa e <\/span><span style=\"font-weight: 400;\">Regime de Turno Completo<\/span><span style=\"font-weight: 400;\"> (mais informa\u00e7\u00f5es na se\u00e7\u00e3o <\/span><a href=\"https:\/\/sites.usp.br\/gvr\/regimes-de-trabalho\/\" target=\"_blank\" rel=\"noopener\"><span style=\"font-weight: 400;\">Regimes de Trabalho<\/span><\/a><span style=\"font-weight: 400;\">), sendo suas categorias Professor Doutor, Professor Associado (Livre-Docente) e Professor Titular.\u00a0 As inscri\u00e7\u00f5es nesta modalidade ocorrem ap\u00f3s a abertura dos editais, publicados no Di\u00e1rio Oficial do Estado.<\/span><\/span><\/p>\t\t\t\t\t\t<\/div>\n\t\t\t\t<\/div>\n\t\t\t\t\t<\/div>\n\t\t\t\t<\/div>\n\t\t<div class=\"elementor-element elementor-element-9e998b4 e-flex e-con-boxed e-con e-parent\" data-id=\"9e998b4\" data-element_type=\"container\">\n\t\t\t\t\t<div class=\"e-con-inner\">\n\t\t\t\t<div class=\"elementor-element elementor-element-a60640e elementor-widget elementor-widget-eael-adv-accordion\" data-id=\"a60640e\" data-element_type=\"widget\" data-widget_type=\"eael-adv-accordion.default\">\n\t\t\t\t<div class=\"elementor-widget-container\">\n\t\t\t        <div class=\"eael-adv-accordion\" id=\"eael-adv-accordion-a60640e\" data-scroll-on-click=\"no\" data-scroll-speed=\"300\" data-accordion-id=\"a60640e\" data-accordion-type=\"accordion\" data-toogle-speed=\"300\">\n    <div class=\"eael-accordion-list\">\n                <div id=\"professor-doutor\" class=\"elementor-tab-title eael-accordion-header\" tabindex=\"0\" data-tab=\"1\" aria-controls=\"elementor-tab-content-1741\"><span class=\"eael-advanced-accordion-icon-closed\"><i aria-hidden=\"true\" class=\"fa-accordion-icon fas fa-plus\"><\/i><\/span><span class=\"eael-advanced-accordion-icon-opened\"><i aria-hidden=\"true\" class=\"fa-accordion-icon fas fa-minus\"><\/i><\/span><span class=\"eael-accordion-tab-title\">Professor Doutor<\/span><i aria-hidden=\"true\" class=\"fa-toggle fas fa-angle-right\"><\/i><\/div><div id=\"elementor-tab-content-1741\" class=\"eael-accordion-content clearfix\" data-tab=\"1\" aria-labelledby=\"professor-doutor\"><p><span style=\"font-weight: 400;\">Os candidatos ao concurso desta modalidade devem portar, no m\u00ednimo, o t\u00edtulo de Doutor,\u00a0 outorgado pela USP, por ela reconhecido ou de validade nacional. Quanto \u00e0s provas referentes a este concurso segue a lista abaixo:<\/span><\/p><ul><li style=\"list-style-type: none;\"><ul><li style=\"font-weight: 400;\" aria-level=\"5\"><span style=\"font-weight: 400;\">Prova p\u00fablica de argui\u00e7\u00e3o e julgamento do Memorial;<\/span><\/li><li style=\"font-weight: 400;\" aria-level=\"5\"><span style=\"font-weight: 400;\">Prova did\u00e1tica;<\/span><\/li><li style=\"font-weight: 400;\" aria-level=\"5\"><span style=\"font-weight: 400;\">Outra prova, a crit\u00e9rio de cada Unidade.<\/span><\/li><\/ul><\/li><\/ul><\/div>\n                <\/div><div class=\"eael-accordion-list\">\n                <div id=\"livre-docente\" class=\"elementor-tab-title eael-accordion-header\" tabindex=\"0\" data-tab=\"2\" aria-controls=\"elementor-tab-content-1742\"><span class=\"eael-advanced-accordion-icon-closed\"><i aria-hidden=\"true\" class=\"fa-accordion-icon fas fa-plus\"><\/i><\/span><span class=\"eael-advanced-accordion-icon-opened\"><i aria-hidden=\"true\" class=\"fa-accordion-icon fas fa-minus\"><\/i><\/span><span class=\"eael-accordion-tab-title\">Livre-Docente<\/span><i aria-hidden=\"true\" class=\"fa-toggle fas fa-angle-right\"><\/i><\/div><div id=\"elementor-tab-content-1742\" class=\"eael-accordion-content clearfix\" data-tab=\"2\" aria-labelledby=\"livre-docente\"><p><span style=\"font-weight: 400;\">Os candidatos ao concurso desta modalidade devem portar, no m\u00ednimo, o t\u00edtulo de Doutor,\u00a0 outorgado pela USP, por ela reconhecido ou de validade nacional. Quanto \u00e0s provas referentes a este concurso segue a lista abaixo:<\/span><\/p><ul><li style=\"list-style-type: none;\"><ul><li style=\"font-weight: 400;\" aria-level=\"5\"><span style=\"font-weight: 400;\">Prova escrita;<\/span><\/li><li style=\"font-weight: 400;\" aria-level=\"5\"><span style=\"font-weight: 400;\">Defesa de tese ou de texto que sistematize criticamente a obra do candidato ou parte dela;<\/span><\/li><li style=\"font-weight: 400;\" aria-level=\"5\"><span style=\"font-weight: 400;\">Prova p\u00fablica de argui\u00e7\u00e3o e julgamento de Memorial;<\/span><\/li><li style=\"font-weight: 400;\" aria-level=\"5\"><span style=\"font-weight: 400;\">Avalia\u00e7\u00e3o did\u00e1tica.<\/span><\/li><\/ul><\/li><\/ul><\/div>\n                <\/div><div class=\"eael-accordion-list\">\n                <div id=\"professor-titular\" class=\"elementor-tab-title eael-accordion-header\" tabindex=\"0\" data-tab=\"3\" aria-controls=\"elementor-tab-content-1743\"><span class=\"eael-advanced-accordion-icon-closed\"><i aria-hidden=\"true\" class=\"fa-accordion-icon fas fa-plus\"><\/i><\/span><span class=\"eael-advanced-accordion-icon-opened\"><i aria-hidden=\"true\" class=\"fa-accordion-icon fas fa-minus\"><\/i><\/span><span class=\"eael-accordion-tab-title\">Professor Titular<\/span><i aria-hidden=\"true\" class=\"fa-toggle fas fa-angle-right\"><\/i><\/div><div id=\"elementor-tab-content-1743\" class=\"eael-accordion-content clearfix\" data-tab=\"3\" aria-labelledby=\"professor-titular\"><p><span style=\"font-weight: 400;\">Os candidatos ao concurso desta modalidade devem portar o t\u00edtulo de Livre-Docente,\u00a0 outorgado pela USP, por ela reconhecido ou de validade nacional. Quanto \u00e0s provas referentes a este concurso segue a lista abaixo:<\/span><\/p><ul><li style=\"list-style-type: none;\"><ul><li style=\"font-weight: 400;\" aria-level=\"5\"><span style=\"font-weight: 400;\">Julgamento de t\u00edtulos;<\/span><\/li><li style=\"font-weight: 400;\" aria-level=\"5\"><span style=\"font-weight: 400;\">Prova p\u00fablica oral de erudi\u00e7\u00e3o (constar\u00e1 de exposi\u00e7\u00e3o sobre tema de livre escolha do candidato, pertinente ao campo de atua\u00e7\u00e3o do Departamento);<\/span><\/li><li style=\"font-weight: 400;\" aria-level=\"5\"><span style=\"font-weight: 400;\">Prova p\u00fablica de argui\u00e7\u00e3o (destina-se \u00e0 avalia\u00e7\u00e3o geral da qualifica\u00e7\u00e3o cient\u00edfica, liter\u00e1ria ou art\u00edstica do candidato, de acordo com o que dispuserem os Regimentos das Unidades).<\/span><\/li><\/ul><\/li><\/ul><\/div>\n                <\/div><\/div>\t\t<\/div>\n\t\t\t\t<\/div>\n\t\t\t\t<div class=\"elementor-element elementor-element-4195bc0 elementor-widget-divider--view-line elementor-widget elementor-widget-divider\" data-id=\"4195bc0\" data-element_type=\"widget\" data-widget_type=\"divider.default\">\n\t\t\t\t<div class=\"elementor-widget-container\">\n\t\t\t\t\t<div class=\"elementor-divider\">\n\t\t\t<span class=\"elementor-divider-separator\">\n\t\t\t\t\t\t<\/span>\n\t\t<\/div>\n\t\t\t\t<\/div>\n\t\t\t\t<\/div>\n\t\t\t\t\t<\/div>\n\t\t\t\t<\/div>\n\t\t<div class=\"elementor-element elementor-element-e4bbe54 e-flex e-con-boxed e-con e-parent\" data-id=\"e4bbe54\" data-element_type=\"container\">\n\t\t\t\t\t<div class=\"e-con-inner\">\n\t\t\t\t<div class=\"elementor-element elementor-element-bb2143a elementor-widget elementor-widget-heading\" data-id=\"bb2143a\" data-element_type=\"widget\" data-widget_type=\"heading.default\">\n\t\t\t\t<div class=\"elementor-widget-container\">\n\t\t\t<h2 class=\"elementor-heading-title elementor-size-default\">Concursos Abertos<\/h2>\t\t<\/div>\n\t\t\t\t<\/div>\n\t\t\t\t\t<\/div>\n\t\t\t\t<\/div>\n\t\t<div class=\"elementor-element elementor-element-c74e63d e-flex e-con-boxed e-con e-parent\" data-id=\"c74e63d\" data-element_type=\"container\">\n\t\t\t\t\t<div class=\"e-con-inner\">\n\t\t\t\t<div class=\"elementor-element elementor-element-b230ad3 elementor-widget elementor-widget-text-editor\" data-id=\"b230ad3\" data-element_type=\"widget\" data-widget_type=\"text-editor.default\">\n\t\t\t\t<div class=\"elementor-widget-container\">\n\t\t\t\t\t\t\t<p>Acesse os concursos e processos seletivos abertos no momento:<\/p><p style=\"text-align: left;\"><a href=\"https:\/\/sites.usp.br\/gvr\/processos-e-concursos-abertos\/\">https:\/\/sites.usp.br\/gvr\/processos-e-concursos-abertos\/<\/a><\/p>\t\t\t\t\t\t<\/div>\n\t\t\t\t<\/div>\n\t\t\t\t\t<\/div>\n\t\t\t\t<\/div>\n\t\t\t\t<\/div>\n\t\t","protected":false},"excerpt":{"rendered":"<p>Formas de IngressoSaiba como ingressar na carreira docente na Universidade de S\u00e3o PauloClique aqui Para ingresso nas atividades e carreiras docentes da Universidade de S\u00e3o Paulo existem dois caminhos distintos, a saber, Processo Seletivo e Concurso P\u00fablico. Processo Seletivo Destinado ao provimento de Docentes por Prazo Determinado, o ingresso por Processo Seletivo se dirige \u00e0 [&hellip;]<\/p>\n","protected":false},"author":1,"featured_media":0,"parent":2276,"menu_order":0,"comment_status":"closed","ping_status":"closed","template":"elementor_header_footer","meta":{"footnotes":"","_links_to":"","_links_to_target":""},"class_list":["post-2213","page","type-page","status-publish","hentry"],"_links":{"self":[{"href":"https:\/\/sites.usp.br\/gvr\/wp-json\/wp\/v2\/pages\/2213","targetHints":{"allow":["GET"]}}],"collection":[{"href":"https:\/\/sites.usp.br\/gvr\/wp-json\/wp\/v2\/pages"}],"about":[{"href":"https:\/\/sites.usp.br\/gvr\/wp-json\/wp\/v2\/types\/page"}],"author":[{"embeddable":true,"href":"https:\/\/sites.usp.br\/gvr\/wp-json\/wp\/v2\/users\/1"}],"replies":[{"embeddable":true,"href":"https:\/\/sites.usp.br\/gvr\/wp-json\/wp\/v2\/comments?post=2213"}],"version-history":[{"count":4,"href":"https:\/\/sites.usp.br\/gvr\/wp-json\/wp\/v2\/pages\/2213\/revisions"}],"predecessor-version":[{"id":4352,"href":"https:\/\/sites.usp.br\/gvr\/wp-json\/wp\/v2\/pages\/2213\/revisions\/4352"}],"up":[{"embeddable":true,"href":"https:\/\/sites.usp.br\/gvr\/wp-json\/wp\/v2\/pages\/2276"}],"wp:attachment":[{"href":"https:\/\/sites.usp.br\/gvr\/wp-json\/wp\/v2\/media?parent=2213"}],"curies":[{"name":"wp","href":"https:\/\/api.w.org\/{rel}","templated":true}]}}