{"id":2232,"date":"2024-02-16T14:05:42","date_gmt":"2024-02-16T16:05:42","guid":{"rendered":"https:\/\/sites.usp.br\/gvr\/?page_id=2232"},"modified":"2025-09-23T12:42:41","modified_gmt":"2025-09-23T15:42:41","slug":"regimes-de-trabalho","status":"publish","type":"page","link":"https:\/\/sites.usp.br\/gvr\/carreira-docente\/regimes-de-trabalho\/","title":{"rendered":"Regimes de Trabalho"},"content":{"rendered":"\t\t<div data-elementor-type=\"wp-page\" data-elementor-id=\"2232\" class=\"elementor elementor-2232\" data-elementor-post-type=\"page\">\n\t\t\t\t<div class=\"elementor-element elementor-element-8ae2e5e e-con-full e-flex e-con e-parent\" data-id=\"8ae2e5e\" data-element_type=\"container\" data-settings=\"{&quot;background_background&quot;:&quot;classic&quot;}\">\n\t\t\t\t<div class=\"elementor-element elementor-element-f99d685 e-transform elementor-widget__width-inherit elementor--h-position-center elementor--v-position-middle elementor-widget elementor-widget-slides\" data-id=\"f99d685\" data-element_type=\"widget\" data-settings=\"{&quot;_transform_scale_effect&quot;:{&quot;unit&quot;:&quot;px&quot;,&quot;size&quot;:1.05,&quot;sizes&quot;:[]},&quot;transition&quot;:&quot;fade&quot;,&quot;navigation&quot;:&quot;none&quot;,&quot;transition_speed&quot;:500,&quot;_transform_scale_effect_tablet&quot;:{&quot;unit&quot;:&quot;px&quot;,&quot;size&quot;:&quot;&quot;,&quot;sizes&quot;:[]},&quot;_transform_scale_effect_mobile&quot;:{&quot;unit&quot;:&quot;px&quot;,&quot;size&quot;:&quot;&quot;,&quot;sizes&quot;:[]}}\" data-widget_type=\"slides.default\">\n\t\t\t\t<div class=\"elementor-widget-container\">\n\t\t\t\t\t<div class=\"elementor-swiper\">\n\t\t\t<div class=\"elementor-slides-wrapper elementor-main-swiper swiper\" dir=\"ltr\" data-animation=\"\">\n\t\t\t\t<div class=\"swiper-wrapper elementor-slides\">\n\t\t\t\t\t\t\t\t\t\t<div class=\"elementor-repeater-item-ed2ffa7 swiper-slide\"><div class=\"swiper-slide-bg\" role=\"img\"><\/div><div class=\"elementor-background-overlay\"><\/div><div class=\"swiper-slide-inner\" ><div class=\"swiper-slide-contents\"><div class=\"elementor-slide-heading\">Regimes de Trabalho<\/div><div class=\"elementor-slide-description\">Saiba mais sobre os regimes de trabalho e a estrutura\u00e7\u00e3o das carreiras na USP<\/div><div  class=\"elementor-button elementor-slide-button elementor-size-xs\">Clique aqui<\/div><\/div><\/div><\/div>\t\t\t\t<\/div>\n\t\t\t\t\t\t\t<\/div>\n\t\t<\/div>\n\t\t\t\t<\/div>\n\t\t\t\t<\/div>\n\t\t\t\t<\/div>\n\t\t<div class=\"elementor-element elementor-element-970aa4e e-flex e-con-boxed e-con e-parent\" data-id=\"970aa4e\" data-element_type=\"container\">\n\t\t\t\t\t<div class=\"e-con-inner\">\n\t\t\t\t<div class=\"elementor-element elementor-element-6556a2d elementor-widget elementor-widget-heading\" data-id=\"6556a2d\" data-element_type=\"widget\" data-widget_type=\"heading.default\">\n\t\t\t\t<div class=\"elementor-widget-container\">\n\t\t\t<h2 class=\"elementor-heading-title elementor-size-default\">Regime de Dedica\u00e7\u00e3o Integral \u00e0 Doc\u00eancia e \u00e0 Pesquisa (RDIDP)<\/h2>\t\t<\/div>\n\t\t\t\t<\/div>\n\t\t\t\t\t<\/div>\n\t\t\t\t<\/div>\n\t\t<div class=\"elementor-element elementor-element-39bee4a e-flex e-con-boxed e-con e-parent\" data-id=\"39bee4a\" data-element_type=\"container\">\n\t\t\t\t\t<div class=\"e-con-inner\">\n\t\t\t\t<div class=\"elementor-element elementor-element-cc2e9ab elementor-drop-cap-yes elementor-drop-cap-view-default elementor-widget elementor-widget-text-editor\" data-id=\"cc2e9ab\" data-element_type=\"widget\" data-settings=\"{&quot;drop_cap&quot;:&quot;yes&quot;}\" data-widget_type=\"text-editor.default\">\n\t\t\t\t<div class=\"elementor-widget-container\">\n\t\t\t\t\t\t\t<p><span style=\"font-weight: 400; font-size: 14pt;\">O Regime de Dedica\u00e7\u00e3o Integral \u00e0 Doc\u00eancia e \u00e0 Pesquisa \u00e9 o regime de trabalho preferencial do corpo docente da USP. Neste regime o docente dever\u00e1 dedicar-se EXCLUSIVAMENTE aos trabalhos de seu cargo ou fun\u00e7\u00e3o. O desempenho das atividades docentes neste regime iniciam com um Est\u00e1gio Probat\u00f3rio, seguidos das categorias de Professor Doutor, Professor Associado e Professor Titular.<\/span><\/p>\t\t\t\t\t\t<\/div>\n\t\t\t\t<\/div>\n\t\t\t\t\t<\/div>\n\t\t\t\t<\/div>\n\t\t<div class=\"elementor-element elementor-element-b34d948 e-flex e-con-boxed e-con e-parent\" data-id=\"b34d948\" data-element_type=\"container\">\n\t\t\t\t\t<div class=\"e-con-inner\">\n\t\t\t\t<div class=\"elementor-element elementor-element-ddf6434 elementor-widget elementor-widget-eael-adv-accordion\" data-id=\"ddf6434\" data-element_type=\"widget\" data-widget_type=\"eael-adv-accordion.default\">\n\t\t\t\t<div class=\"elementor-widget-container\">\n\t\t\t        <div class=\"eael-adv-accordion\" id=\"eael-adv-accordion-ddf6434\" data-scroll-on-click=\"no\" data-scroll-speed=\"300\" data-accordion-id=\"ddf6434\" data-accordion-type=\"accordion\" data-toogle-speed=\"300\">\n    <div class=\"eael-accordion-list\">\n                <div id=\"estgio-probatrio\" class=\"elementor-tab-title eael-accordion-header\" tabindex=\"0\" data-tab=\"1\" aria-controls=\"elementor-tab-content-2321\"><span class=\"eael-advanced-accordion-icon-closed\"><i aria-hidden=\"true\" class=\"fa-accordion-icon fas fa-plus\"><\/i><\/span><span class=\"eael-advanced-accordion-icon-opened\"><i aria-hidden=\"true\" class=\"fa-accordion-icon fas fa-minus\"><\/i><\/span><span class=\"eael-accordion-tab-title\">Est\u00e1gio Probat\u00f3rio<\/span><i aria-hidden=\"true\" class=\"fa-toggle fas fa-angle-right\"><\/i><\/div><div id=\"elementor-tab-content-2321\" class=\"eael-accordion-content clearfix\" data-tab=\"1\" aria-labelledby=\"estgio-probatrio\"><p><span style=\"font-weight: 400;\">A carreira docente em RDIDP se inicia com a nomea\u00e7\u00e3o do docente aprovado em concurso. Sua primeira etapa consta de um Est\u00e1gio Probat\u00f3rio Constitucional que se desenvolve nos 03 (tr\u00eas) anos iniciais do exerc\u00edcio de suas fun\u00e7\u00f5es.<\/span><\/p><p><span style=\"font-weight: 400;\">Nos primeiros 60 (sessenta) dias o docente deve apresentar um Projeto de Est\u00e1gio Docente alinhado aos Projetos Acad\u00eamicos de seu respectivo Departamento e Unidade, a ser cumprido nos 2 (anos) iniciais do Est\u00e1gio Probat\u00f3rio.\u00a0<\/span><\/p><p><span style=\"font-weight: 400;\">Ao t\u00e9rmino de seu segundo ano o docente dever\u00e1 apresentar um Relat\u00f3rio de Atividades, bem como um Projeto Acad\u00eamico relativo ao per\u00edodo subsequente.<\/span><\/p><p><span style=\"font-weight: 400;\">Ao final dos tr\u00eas anos ser\u00e1 realizada uma Avalia\u00e7\u00e3o de Est\u00e1gio pelas inst\u00e2ncias do Conselho T\u00e9cnico Administrativo (CTA) e da Comiss\u00e3o Especial de Regime de Trabalho (CERT). Conclu\u00eddo o Est\u00e1gio Probat\u00f3rio com aprova\u00e7\u00e3o, o docente ingressa no primeiro n\u00edvel do degrau correspondente da carreira.<\/span><\/p><\/div>\n                <\/div><\/div>\t\t<\/div>\n\t\t\t\t<\/div>\n\t\t\t\t\t<\/div>\n\t\t\t\t<\/div>\n\t\t<div class=\"elementor-element elementor-element-14e106e e-flex e-con-boxed e-con e-parent\" data-id=\"14e106e\" data-element_type=\"container\">\n\t\t\t\t\t<div class=\"e-con-inner\">\n\t\t\t\t<div class=\"elementor-element elementor-element-9ce274f elementor-widget elementor-widget-text-editor\" data-id=\"9ce274f\" data-element_type=\"widget\" data-widget_type=\"text-editor.default\">\n\t\t\t\t<div class=\"elementor-widget-container\">\n\t\t\t\t\t\t\t<p><span style=\"font-size: 14pt;\">Ap\u00f3s finalizar o est\u00e1gio probat\u00f3rio constitucional o docente ingressa na carreira docente efetivamente. <span style=\"font-weight: 400;\">Segundo a resolu\u00e7\u00e3o n\u00ba 3461, de 7 de outubro de 1988, as categorias da carreira docente na USP se dividem em tr\u00eas grupos. S\u00e3o eles Professor Doutor, Professor Associado e Professor Titular.<\/span><\/span><\/p>\t\t\t\t\t\t<\/div>\n\t\t\t\t<\/div>\n\t\t\t\t\t<\/div>\n\t\t\t\t<\/div>\n\t\t<div class=\"elementor-element elementor-element-da58f8a e-flex e-con-boxed e-con e-parent\" data-id=\"da58f8a\" data-element_type=\"container\">\n\t\t\t\t\t<div class=\"e-con-inner\">\n\t\t\t\t<div class=\"elementor-element elementor-element-59d5223 elementor-widget elementor-widget-eael-adv-accordion\" data-id=\"59d5223\" data-element_type=\"widget\" data-widget_type=\"eael-adv-accordion.default\">\n\t\t\t\t<div class=\"elementor-widget-container\">\n\t\t\t        <div class=\"eael-adv-accordion\" id=\"eael-adv-accordion-59d5223\" data-scroll-on-click=\"no\" data-scroll-speed=\"300\" data-accordion-id=\"59d5223\" data-accordion-type=\"accordion\" data-toogle-speed=\"300\">\n    <div class=\"eael-accordion-list\">\n                <div id=\"professor-doutor\" class=\"elementor-tab-title eael-accordion-header\" tabindex=\"0\" data-tab=\"1\" aria-controls=\"elementor-tab-content-9411\"><span class=\"eael-advanced-accordion-icon-closed\"><i aria-hidden=\"true\" class=\"fa-accordion-icon fas fa-plus\"><\/i><\/span><span class=\"eael-advanced-accordion-icon-opened\"><i aria-hidden=\"true\" class=\"fa-accordion-icon fas fa-minus\"><\/i><\/span><span class=\"eael-accordion-tab-title\">Professor Doutor<\/span><i aria-hidden=\"true\" class=\"fa-toggle fas fa-angle-right\"><\/i><\/div><div id=\"elementor-tab-content-9411\" class=\"eael-accordion-content clearfix\" data-tab=\"1\" aria-labelledby=\"professor-doutor\"><p><span style=\"font-weight: 400;\">\u00c9 a categoria inicial de ingresso na carreira ap\u00f3s o per\u00edodo de Est\u00e1gio Probat\u00f3rio efetuado pelo docente. Para admiss\u00e3o nesta categoria \u00e9 exigida titula\u00e7\u00e3o m\u00ednima de <\/span><span style=\"font-weight: 400;\">Doutor, outorgado pela USP, por ela reconhecido ou de validade nacional. Horizontalmente, na hierarquia da carreira docente esta categoria consta dos n\u00edveis de Professor Doutor I e Professor Doutor II.<\/span><\/p><\/div>\n                <\/div><div class=\"eael-accordion-list\">\n                <div id=\"professor-associado\" class=\"elementor-tab-title eael-accordion-header\" tabindex=\"0\" data-tab=\"2\" aria-controls=\"elementor-tab-content-9412\"><span class=\"eael-advanced-accordion-icon-closed\"><i aria-hidden=\"true\" class=\"fa-accordion-icon fas fa-plus\"><\/i><\/span><span class=\"eael-advanced-accordion-icon-opened\"><i aria-hidden=\"true\" class=\"fa-accordion-icon fas fa-minus\"><\/i><\/span><span class=\"eael-accordion-tab-title\">Professor Associado<\/span><i aria-hidden=\"true\" class=\"fa-toggle fas fa-angle-right\"><\/i><\/div><div id=\"elementor-tab-content-9412\" class=\"eael-accordion-content clearfix\" data-tab=\"2\" aria-labelledby=\"professor-associado\"><p><span style=\"font-weight: 400;\">Concerne ao est\u00e1gio posterior. Para ingresso nesta categoria \u00e9 exigida a titula\u00e7\u00e3o de Livre-Docente outorgado pela USP ou por ela reconhecido. Horizontalmente, na hierarquia da carreira docente esta categoria consta dos n\u00edveis de Professor Associado I,\u00a0 Professor Associado II e Professor Associado III.<\/span><\/p><\/div>\n                <\/div><div class=\"eael-accordion-list\">\n                <div id=\"professor-titular\" class=\"elementor-tab-title eael-accordion-header\" tabindex=\"0\" data-tab=\"3\" aria-controls=\"elementor-tab-content-9413\"><span class=\"eael-advanced-accordion-icon-closed\"><i aria-hidden=\"true\" class=\"fa-accordion-icon fas fa-plus\"><\/i><\/span><span class=\"eael-advanced-accordion-icon-opened\"><i aria-hidden=\"true\" class=\"fa-accordion-icon fas fa-minus\"><\/i><\/span><span class=\"eael-accordion-tab-title\">Professor Titular<\/span><i aria-hidden=\"true\" class=\"fa-toggle fas fa-angle-right\"><\/i><\/div><div id=\"elementor-tab-content-9413\" class=\"eael-accordion-content clearfix\" data-tab=\"3\" aria-labelledby=\"professor-titular\"><p><span style=\"font-weight: 400;\">\u00c9 o \u00faltimo est\u00e1gio da carreira acad\u00eamica na USP. Tendo como requisito a titula\u00e7\u00e3o de Livre-Docente outorgado pela USP ou por ela reconhecido, ou ju\u00edzo de dois ter\u00e7os dos membros da Congrega\u00e7\u00e3o, o Professor Titular ingressa nesta categoria mediante um concurso p\u00fablico. Horizontalmente, na hierarquia da carreira docente esta categoria consta de apenas um n\u00edvel.<\/span><\/p><\/div>\n                <\/div><\/div>\t\t<\/div>\n\t\t\t\t<\/div>\n\t\t\t\t\t<\/div>\n\t\t\t\t<\/div>\n\t\t<div class=\"elementor-element elementor-element-1d7ee1e e-flex e-con-boxed e-con e-parent\" data-id=\"1d7ee1e\" data-element_type=\"container\">\n\t\t\t\t\t<div class=\"e-con-inner\">\n\t\t\t\t<div class=\"elementor-element elementor-element-6fa5a68 elementor-widget elementor-widget-text-editor\" data-id=\"6fa5a68\" data-element_type=\"widget\" data-widget_type=\"text-editor.default\">\n\t\t\t\t<div class=\"elementor-widget-container\">\n\t\t\t\t\t\t\t<p><span style=\"font-size: 14pt;\">Para mais informa\u00e7\u00f5es sobre o avan\u00e7o na carreira acad\u00eamica em RDIDP, acesse a sess\u00e3o <a href=\"https:\/\/sites.usp.br\/gvr\/progressao-de-carreira\/\" target=\"_blank\" rel=\"noopener\">Progress\u00e3o de Carreira<\/a>.<\/span><\/p>\t\t\t\t\t\t<\/div>\n\t\t\t\t<\/div>\n\t\t\t\t<div class=\"elementor-element elementor-element-e0b0070 elementor-widget elementor-widget-heading\" data-id=\"e0b0070\" data-element_type=\"widget\" data-widget_type=\"heading.default\">\n\t\t\t\t<div class=\"elementor-widget-container\">\n\t\t\t<h2 class=\"elementor-heading-title elementor-size-default\">Regimes de Turno Completo e Parcial (RTC e RTP)<\/h2>\t\t<\/div>\n\t\t\t\t<\/div>\n\t\t\t\t\t<\/div>\n\t\t\t\t<\/div>\n\t\t<div class=\"elementor-element elementor-element-1f168e1 e-flex e-con-boxed e-con e-parent\" data-id=\"1f168e1\" data-element_type=\"container\">\n\t\t\t\t\t<div class=\"e-con-inner\">\n\t\t\t\t<div class=\"elementor-element elementor-element-c3efeb4 elementor-widget elementor-widget-text-editor\" data-id=\"c3efeb4\" data-element_type=\"widget\" data-widget_type=\"text-editor.default\">\n\t\t\t\t<div class=\"elementor-widget-container\">\n\t\t\t\t\t\t\t<p><span style=\"font-weight: 400; font-size: 14pt;\">Os regimes por turno, seja completo ou parcial, s\u00e3o categorias de trabalho que admitem ao docente o exerc\u00edcio de atividades remuneradas distintas da universidade, seja na esfera privada ou p\u00fablica.<\/span><\/p>\t\t\t\t\t\t<\/div>\n\t\t\t\t<\/div>\n\t\t\t\t\t<\/div>\n\t\t\t\t<\/div>\n\t\t<div class=\"elementor-element elementor-element-07452ef e-flex e-con-boxed e-con e-parent\" data-id=\"07452ef\" data-element_type=\"container\">\n\t\t\t\t\t<div class=\"e-con-inner\">\n\t\t<div class=\"elementor-element elementor-element-1f263b4 e-flex e-con-boxed e-con e-child\" data-id=\"1f263b4\" data-element_type=\"container\">\n\t\t\t\t\t<div class=\"e-con-inner\">\n\t\t\t\t<div class=\"elementor-element elementor-element-860f183 elementor-widget elementor-widget-eael-adv-accordion\" data-id=\"860f183\" data-element_type=\"widget\" data-widget_type=\"eael-adv-accordion.default\">\n\t\t\t\t<div class=\"elementor-widget-container\">\n\t\t\t        <div class=\"eael-adv-accordion\" id=\"eael-adv-accordion-860f183\" data-scroll-on-click=\"no\" data-scroll-speed=\"300\" data-accordion-id=\"860f183\" data-accordion-type=\"accordion\" data-toogle-speed=\"300\">\n    <div class=\"eael-accordion-list\">\n                <div id=\"regime-de-turno-completo-rtc\" class=\"elementor-tab-title eael-accordion-header\" tabindex=\"0\" data-tab=\"1\" aria-controls=\"elementor-tab-content-1401\"><span class=\"eael-advanced-accordion-icon-closed\"><i aria-hidden=\"true\" class=\"fa-accordion-icon fas fa-plus\"><\/i><\/span><span class=\"eael-advanced-accordion-icon-opened\"><i aria-hidden=\"true\" class=\"fa-accordion-icon fas fa-minus\"><\/i><\/span><span class=\"eael-accordion-tab-title\">Regime de Turno Completo (RTC)<\/span><i aria-hidden=\"true\" class=\"fa-toggle fas fa-angle-right\"><\/i><\/div><div id=\"elementor-tab-content-1401\" class=\"eael-accordion-content clearfix\" data-tab=\"1\" aria-labelledby=\"regime-de-turno-completo-rtc\"><p><span style=\"font-weight: 400;\">O RTC figura como um regime especial de trabalho em que o professor compromete-se a dedicar 24 (vinte e quatro) horas semanais \u00e0s atividades de ensino, pesquisa e, quando aplic\u00e1vel, extens\u00e3o de servi\u00e7os \u00e0 comunidade, na Universidade de S\u00e3o Paulo. O ingresso nesta modalidade de trabalho docente se d\u00e1 por concurso p\u00fablico.<\/span><\/p><\/div>\n                <\/div><div class=\"eael-accordion-list\">\n                <div id=\"regime-de-turno-parcial-rtp\" class=\"elementor-tab-title eael-accordion-header\" tabindex=\"0\" data-tab=\"2\" aria-controls=\"elementor-tab-content-1402\"><span class=\"eael-advanced-accordion-icon-closed\"><i aria-hidden=\"true\" class=\"fa-accordion-icon fas fa-plus\"><\/i><\/span><span class=\"eael-advanced-accordion-icon-opened\"><i aria-hidden=\"true\" class=\"fa-accordion-icon fas fa-minus\"><\/i><\/span><span class=\"eael-accordion-tab-title\">Regime de Turno Parcial (RTP)<\/span><i aria-hidden=\"true\" class=\"fa-toggle fas fa-angle-right\"><\/i><\/div><div id=\"elementor-tab-content-1402\" class=\"eael-accordion-content clearfix\" data-tab=\"2\" aria-labelledby=\"regime-de-turno-parcial-rtp\"><p><span style=\"font-weight: 400;\">O RTP \u00e9 o regime em que o professor se compromete a dedicar 12 (doze) horas por semana a atividades de ensino na Universidade. O ingresso nesta modalidade de trabalho docente se d\u00e1 por processo seletivo.<\/span><\/p><\/div>\n                <\/div><\/div>\t\t<\/div>\n\t\t\t\t<\/div>\n\t\t\t\t\t<\/div>\n\t\t\t\t<\/div>\n\t\t\t\t\t<\/div>\n\t\t\t\t<\/div>\n\t\t\t\t<\/div>\n\t\t","protected":false},"excerpt":{"rendered":"<p>Regimes de TrabalhoSaiba mais sobre os regimes de trabalho e a estrutura\u00e7\u00e3o das carreiras na USPClique aqui Regime de Dedica\u00e7\u00e3o Integral \u00e0 Doc\u00eancia e \u00e0 Pesquisa (RDIDP) O Regime de Dedica\u00e7\u00e3o Integral \u00e0 Doc\u00eancia e \u00e0 Pesquisa \u00e9 o regime de trabalho preferencial do corpo docente da USP. Neste regime o docente dever\u00e1 dedicar-se EXCLUSIVAMENTE [&hellip;]<\/p>\n","protected":false},"author":1,"featured_media":0,"parent":2276,"menu_order":0,"comment_status":"closed","ping_status":"closed","template":"elementor_header_footer","meta":{"footnotes":"","_links_to":"","_links_to_target":""},"class_list":["post-2232","page","type-page","status-publish","hentry"],"_links":{"self":[{"href":"https:\/\/sites.usp.br\/gvr\/wp-json\/wp\/v2\/pages\/2232","targetHints":{"allow":["GET"]}}],"collection":[{"href":"https:\/\/sites.usp.br\/gvr\/wp-json\/wp\/v2\/pages"}],"about":[{"href":"https:\/\/sites.usp.br\/gvr\/wp-json\/wp\/v2\/types\/page"}],"author":[{"embeddable":true,"href":"https:\/\/sites.usp.br\/gvr\/wp-json\/wp\/v2\/users\/1"}],"replies":[{"embeddable":true,"href":"https:\/\/sites.usp.br\/gvr\/wp-json\/wp\/v2\/comments?post=2232"}],"version-history":[{"count":4,"href":"https:\/\/sites.usp.br\/gvr\/wp-json\/wp\/v2\/pages\/2232\/revisions"}],"predecessor-version":[{"id":4249,"href":"https:\/\/sites.usp.br\/gvr\/wp-json\/wp\/v2\/pages\/2232\/revisions\/4249"}],"up":[{"embeddable":true,"href":"https:\/\/sites.usp.br\/gvr\/wp-json\/wp\/v2\/pages\/2276"}],"wp:attachment":[{"href":"https:\/\/sites.usp.br\/gvr\/wp-json\/wp\/v2\/media?parent=2232"}],"curies":[{"name":"wp","href":"https:\/\/api.w.org\/{rel}","templated":true}]}}