{"id":2240,"date":"2024-02-16T14:05:56","date_gmt":"2024-02-16T16:05:56","guid":{"rendered":"https:\/\/sites.usp.br\/gvr\/?page_id=2240"},"modified":"2026-04-07T14:26:50","modified_gmt":"2026-04-07T17:26:50","slug":"progressao-de-carreira","status":"publish","type":"page","link":"https:\/\/sites.usp.br\/gvr\/carreira-docente\/progressao-de-carreira\/","title":{"rendered":"Progress\u00e3o de Carreira"},"content":{"rendered":"\t\t<div data-elementor-type=\"wp-page\" data-elementor-id=\"2240\" class=\"elementor elementor-2240\" data-elementor-post-type=\"page\">\n\t\t\t\t<div class=\"elementor-element elementor-element-5c3b228 e-con-full e-flex e-con e-parent\" data-id=\"5c3b228\" data-element_type=\"container\" data-settings=\"{&quot;background_background&quot;:&quot;classic&quot;}\">\n\t\t\t\t<div class=\"elementor-element elementor-element-96a5f19 e-transform elementor-widget__width-inherit elementor--h-position-center elementor--v-position-middle elementor-widget elementor-widget-slides\" data-id=\"96a5f19\" data-element_type=\"widget\" data-settings=\"{&quot;_transform_scale_effect&quot;:{&quot;unit&quot;:&quot;px&quot;,&quot;size&quot;:1.05,&quot;sizes&quot;:[]},&quot;transition&quot;:&quot;fade&quot;,&quot;navigation&quot;:&quot;none&quot;,&quot;transition_speed&quot;:500,&quot;_transform_scale_effect_tablet&quot;:{&quot;unit&quot;:&quot;px&quot;,&quot;size&quot;:&quot;&quot;,&quot;sizes&quot;:[]},&quot;_transform_scale_effect_mobile&quot;:{&quot;unit&quot;:&quot;px&quot;,&quot;size&quot;:&quot;&quot;,&quot;sizes&quot;:[]}}\" data-widget_type=\"slides.default\">\n\t\t\t\t<div class=\"elementor-widget-container\">\n\t\t\t\t\t<div class=\"elementor-swiper\">\n\t\t\t<div class=\"elementor-slides-wrapper elementor-main-swiper swiper\" dir=\"ltr\" data-animation=\"\">\n\t\t\t\t<div class=\"swiper-wrapper elementor-slides\">\n\t\t\t\t\t\t\t\t\t\t<div class=\"elementor-repeater-item-ed2ffa7 swiper-slide\"><div class=\"swiper-slide-bg\" role=\"img\"><\/div><div class=\"elementor-background-overlay\"><\/div><div class=\"swiper-slide-inner\" ><div class=\"swiper-slide-contents\"><div class=\"elementor-slide-heading\">Progress\u00e3o de Carreira<\/div><div class=\"elementor-slide-description\">Saiba mais sobre os tr\u00e2mites e requisitos para progress\u00e3o na carreira acad\u00eamica<\/div><div  class=\"elementor-button elementor-slide-button elementor-size-xs\">Clique aqui<\/div><\/div><\/div><\/div>\t\t\t\t<\/div>\n\t\t\t\t\t\t\t<\/div>\n\t\t<\/div>\n\t\t\t\t<\/div>\n\t\t\t\t<\/div>\n\t\t\t\t<\/div>\n\t\t<div class=\"elementor-element elementor-element-099326f e-flex e-con-boxed e-con e-parent\" data-id=\"099326f\" data-element_type=\"container\">\n\t\t\t\t\t<div class=\"e-con-inner\">\n\t\t\t\t<div class=\"elementor-element elementor-element-2c6a42f elementor-widget elementor-widget-text-editor\" data-id=\"2c6a42f\" data-element_type=\"widget\" data-widget_type=\"text-editor.default\">\n\t\t\t\t<div class=\"elementor-widget-container\">\n\t\t\t\t\t\t\t<p><span style=\"font-weight: 400; font-size: 14pt;\">Ap\u00f3s, preferencialmente, um per\u00edodo m\u00ednimo de cinco anos no mesmo patamar da carreira docente, \u00e9 poss\u00edvel solicitar a avalia\u00e7\u00e3o de m\u00e9rito para progredir de Professor Doutor 1 para Professor Doutor 2, de Professor Associado 1 para Professor Associado 2 e de Professor Associado 2 para Professor Associado 3. A an\u00e1lise da solicita\u00e7\u00e3o de progress\u00e3o de n\u00edvel na carreira docente \u00e9 efetuada pela Comiss\u00e3o Central de Avalia\u00e7\u00e3o para Progress\u00e3o de N\u00edvel na Carreira Docente (CCAD).<\/span><\/p><p><span style=\"font-weight: 400; font-size: 14pt;\">Vale ressaltar, os par\u00e2metros para a progress\u00e3o nos n\u00edvel da carreira docente s\u00e3o determinados por cada unidade, em conson\u00e2ncia com seus respectivos projetos acad\u00eamicos e observando as diretrizes presentes no <a href=\"https:\/\/leginf.usp.br\/?resolucao=consolidada-resolucao-no-3461-de-7-de-outubro-de-1988\" target=\"_blank\" rel=\"noopener\">Estatuto da Universidade de S\u00e3o Paulo<\/a><em>,<\/em>\u00a0<a href=\"https:\/\/leginf.usp.br\/?resolucao=resolucao-no-7271-23-de-novembro-de-2016\" target=\"_blank\" rel=\"noopener\">Estatuto Docente <\/a> e <a href=\"https:\/\/leginf.usp.br\/?resolucao=resolucao-no-7272-de-23-de-novembro-de-2016\" target=\"_blank\" rel=\"noopener\">Regimento da Comiss\u00e3o Permanente de Avalia\u00e7\u00e3o<\/a><em>.<\/em>\u00a0A avalia\u00e7\u00e3o da progress\u00e3o de n\u00edvel na carreira docente deve examinar o alcance dos objetivos fundamentais da carreira, destacando especialmente as pr\u00e1ticas no ensino de gradua\u00e7\u00e3o e p\u00f3s-gradua\u00e7\u00e3o. Deve tamb\u00e9m considerar os indicadores de avan\u00e7o em atividades de pesquisa, a participa\u00e7\u00e3o em iniciativas de extens\u00e3o e gest\u00e3o, demonstrando o engajamento tanto departamental quanto institucional. <\/span><\/p><p><span style=\"font-weight: 400; font-size: 14pt;\">Segue abaixo a rela\u00e7\u00e3o sum\u00e1ria de requisitos elementares esperados para o alcance da progress\u00e3o de carreira.<\/span><\/p>\t\t\t\t\t\t<\/div>\n\t\t\t\t<\/div>\n\t\t\t\t\t<\/div>\n\t\t\t\t<\/div>\n\t\t<div class=\"elementor-element elementor-element-1a7dade e-flex e-con-boxed e-con e-parent\" data-id=\"1a7dade\" data-element_type=\"container\">\n\t\t\t\t\t<div class=\"e-con-inner\">\n\t\t\t\t<div class=\"elementor-element elementor-element-318d0cd elementor-widget elementor-widget-eael-adv-accordion\" data-id=\"318d0cd\" data-element_type=\"widget\" data-widget_type=\"eael-adv-accordion.default\">\n\t\t\t\t<div class=\"elementor-widget-container\">\n\t\t\t        <div class=\"eael-adv-accordion\" id=\"eael-adv-accordion-318d0cd\" data-scroll-on-click=\"no\" data-scroll-speed=\"300\" data-accordion-id=\"318d0cd\" data-accordion-type=\"accordion\" data-toogle-speed=\"300\">\n    <div class=\"eael-accordion-list\">\n                <div id=\"professor-doutor-i\" class=\"elementor-tab-title eael-accordion-header\" tabindex=\"0\" data-tab=\"1\" aria-controls=\"elementor-tab-content-5191\"><span class=\"eael-advanced-accordion-icon-closed\"><i aria-hidden=\"true\" class=\"fa-accordion-icon fas fa-plus\"><\/i><\/span><span class=\"eael-advanced-accordion-icon-opened\"><i aria-hidden=\"true\" class=\"fa-accordion-icon fas fa-minus\"><\/i><\/span><span class=\"eael-accordion-tab-title\">Professor Doutor I<\/span><i aria-hidden=\"true\" class=\"fa-toggle fas fa-angle-right\"><\/i><\/div><div id=\"elementor-tab-content-5191\" class=\"eael-accordion-content clearfix\" data-tab=\"1\" aria-labelledby=\"professor-doutor-i\"><p><span style=\"font-weight: 400;\">Para ingresso na qualidade de Professor Doutor de n\u00edvel I \u00e9 necess\u00e1rio minimamente a titula\u00e7\u00e3o de Doutor e aprova\u00e7\u00e3o em concurso p\u00fablico para admiss\u00e3o na carreira docente.<\/span><\/p><\/div>\n                <\/div><div class=\"eael-accordion-list\">\n                <div id=\"professor-doutor-ii\" class=\"elementor-tab-title eael-accordion-header\" tabindex=\"0\" data-tab=\"2\" aria-controls=\"elementor-tab-content-5192\"><span class=\"eael-advanced-accordion-icon-closed\"><i aria-hidden=\"true\" class=\"fa-accordion-icon fas fa-plus\"><\/i><\/span><span class=\"eael-advanced-accordion-icon-opened\"><i aria-hidden=\"true\" class=\"fa-accordion-icon fas fa-minus\"><\/i><\/span><span class=\"eael-accordion-tab-title\">Professor Doutor II<\/span><i aria-hidden=\"true\" class=\"fa-toggle fas fa-angle-right\"><\/i><\/div><div id=\"elementor-tab-content-5192\" class=\"eael-accordion-content clearfix\" data-tab=\"2\" aria-labelledby=\"professor-doutor-ii\"><p><span style=\"font-weight: 400;\">Para ingresso na qualidade de Professor Doutor de n\u00edvel II, espera-se que o docente tenha uma linha de pesquisa consolidada e hist\u00f3rico comprovado na capta\u00e7\u00e3o de recursos para o desenvolvimento de projetos de pesquisa na condi\u00e7\u00e3o de Coordenador. Simultaneamente, \u00e9 necess\u00e1rio que esteja envolvido no ensino de gradua\u00e7\u00e3o, tanto te\u00f3rico quanto pr\u00e1tico, tenha conclu\u00eddo a orienta\u00e7\u00e3o de inicia\u00e7\u00e3o cient\u00edfica ou atividade similar, mantenha v\u00ednculo com um programa de p\u00f3s-gradua\u00e7\u00e3o reconhecido pela CAPES e tenha finalizado a orienta\u00e7\u00e3o de ao menos um aluno de p\u00f3s-gradua\u00e7\u00e3o. Adicionalmente, \u00e9 fundamental apresentar um efetivo engajamento nas atividades de extens\u00e3o e nas responsabilidades universit\u00e1rias de gest\u00e3o, estas \u00faltimas com foco predominante no \u00e2mbito departamental.<\/span><\/p><p>\u00a0<\/p><\/div>\n                <\/div><div class=\"eael-accordion-list\">\n                <div id=\"professor-associado-i\" class=\"elementor-tab-title eael-accordion-header\" tabindex=\"0\" data-tab=\"3\" aria-controls=\"elementor-tab-content-5193\"><span class=\"eael-advanced-accordion-icon-closed\"><i aria-hidden=\"true\" class=\"fa-accordion-icon fas fa-plus\"><\/i><\/span><span class=\"eael-advanced-accordion-icon-opened\"><i aria-hidden=\"true\" class=\"fa-accordion-icon fas fa-minus\"><\/i><\/span><span class=\"eael-accordion-tab-title\">Professor Associado I<\/span><i aria-hidden=\"true\" class=\"fa-toggle fas fa-angle-right\"><\/i><\/div><div id=\"elementor-tab-content-5193\" class=\"eael-accordion-content clearfix\" data-tab=\"3\" aria-labelledby=\"professor-associado-i\"><p><span style=\"font-weight: 400;\">Para ingresso na qualidade de Professor Associado de n\u00edvel I \u00e9 necess\u00e1ria aprova\u00e7\u00e3o em concurso p\u00fablico para obten\u00e7\u00e3o da titula\u00e7\u00e3o de Livre-Docente.<\/span><\/p><\/div>\n                <\/div><div class=\"eael-accordion-list\">\n                <div id=\"professor-associado-ii\" class=\"elementor-tab-title eael-accordion-header\" tabindex=\"0\" data-tab=\"4\" aria-controls=\"elementor-tab-content-5194\"><span class=\"eael-advanced-accordion-icon-closed\"><i aria-hidden=\"true\" class=\"fa-accordion-icon fas fa-plus\"><\/i><\/span><span class=\"eael-advanced-accordion-icon-opened\"><i aria-hidden=\"true\" class=\"fa-accordion-icon fas fa-minus\"><\/i><\/span><span class=\"eael-accordion-tab-title\">Professor Associado II<\/span><i aria-hidden=\"true\" class=\"fa-toggle fas fa-angle-right\"><\/i><\/div><div id=\"elementor-tab-content-5194\" class=\"eael-accordion-content clearfix\" data-tab=\"4\" aria-labelledby=\"professor-associado-ii\"><p><span style=\"font-weight: 400;\">Para ingresso na qualidade de Professor Associado de n\u00edvel II, espera-se que o docente demonstre lideran\u00e7a em pesquisa de qualidade relacionada \u00e0 sua linha de trabalho, al\u00e9m de apresentar um hist\u00f3rico consistente na capta\u00e7\u00e3o de recursos para projetos de pesquisa em institui\u00e7\u00f5es p\u00fablicas de fomento, na condi\u00e7\u00e3o de Coordenador e\/ou Pesquisador Principal. <\/span><span style=\"font-weight: 400;\">Em paralelo, deve estar inserido no ensino de gradua\u00e7\u00e3o te\u00f3rico e pr\u00e1tico<\/span><span style=\"font-weight: 400;\">, a realiza\u00e7\u00e3o de orienta\u00e7\u00e3o de inicia\u00e7\u00e3o cient\u00edfica ou atividade similar, possuir v\u00ednculo com um programa de p\u00f3s-gradua\u00e7\u00e3o reconhecido pela CAPES na posi\u00e7\u00e3o de Professor Permanente do Programa de P\u00f3s-Gradua\u00e7\u00e3o, e ter conclu\u00eddo orienta\u00e7\u00f5es de doutorado. Para al\u00e9m, deve apresentar efetivo engajamento nas atividades de extens\u00e3o, visando proporcionar maior visibilidade ao seu trabalho e \u00e0 institui\u00e7\u00e3o, bem como nas atividades universit\u00e1rias de gest\u00e3o, estas \u00faltimas com foco predominante no \u00e2mbito da Unidade.<\/span><\/p><\/div>\n                <\/div><div class=\"eael-accordion-list\">\n                <div id=\"professor-associado-iii\" class=\"elementor-tab-title eael-accordion-header\" tabindex=\"0\" data-tab=\"5\" aria-controls=\"elementor-tab-content-5195\"><span class=\"eael-advanced-accordion-icon-closed\"><i aria-hidden=\"true\" class=\"fa-accordion-icon fas fa-plus\"><\/i><\/span><span class=\"eael-advanced-accordion-icon-opened\"><i aria-hidden=\"true\" class=\"fa-accordion-icon fas fa-minus\"><\/i><\/span><span class=\"eael-accordion-tab-title\">Professor Associado III<\/span><i aria-hidden=\"true\" class=\"fa-toggle fas fa-angle-right\"><\/i><\/div><div id=\"elementor-tab-content-5195\" class=\"eael-accordion-content clearfix\" data-tab=\"5\" aria-labelledby=\"professor-associado-iii\"><p><span style=\"font-weight: 400;\">Para ingresso na qualidade de Professor Associado de n\u00edvel III espera-se que o docente apresente excel\u00eancia e lideran\u00e7a em seu campo de pesquisa, comprova,do-as por meio da publica\u00e7\u00e3o regular de artigos cient\u00edficos com potencial de gerar cita\u00e7\u00f5es e eventuais patentes, bem como regularidade na capta\u00e7\u00e3o de recursos oriundos de institui\u00e7\u00f5es p\u00fablicas de fomento nacionais e\/ou internacionais na qualidade de Coordenador e\/ou Pesquisador Principal. Em paralelo, deve estar inserido no ensino de gradua\u00e7\u00e3o te\u00f3rico e pr\u00e1tico, coordenar disciplinas em Programas de P\u00f3s-Gradua\u00e7\u00e3o reconhecido pela CAPES na qualidade de Professor Permanente e ter conclu\u00eddo v\u00e1rias orienta\u00e7\u00f5es de doutorado. Para al\u00e9m, deve dispor de efetivo engajamento nas atividades de extens\u00e3o, com objetivo de permitir maior visibilidade de seu trabalho e da institui\u00e7\u00e3o a n\u00edvel internacional, e nas atividades universit\u00e1rias de gest\u00e3o, estas \u00faltimas com predomin\u00e2ncia em atividades de lideran\u00e7a no \u00e2mbito de gest\u00e3o institucional da universidade.<\/span><\/p><\/div>\n                <\/div><div class=\"eael-accordion-list\">\n                <div id=\"professor-titular\" class=\"elementor-tab-title eael-accordion-header\" tabindex=\"0\" data-tab=\"6\" aria-controls=\"elementor-tab-content-5196\"><span class=\"eael-advanced-accordion-icon-closed\"><i aria-hidden=\"true\" class=\"fa-accordion-icon fas fa-plus\"><\/i><\/span><span class=\"eael-advanced-accordion-icon-opened\"><i aria-hidden=\"true\" class=\"fa-accordion-icon fas fa-minus\"><\/i><\/span><span class=\"eael-accordion-tab-title\">Professor Titular<\/span><i aria-hidden=\"true\" class=\"fa-toggle fas fa-angle-right\"><\/i><\/div><div id=\"elementor-tab-content-5196\" class=\"eael-accordion-content clearfix\" data-tab=\"6\" aria-labelledby=\"professor-titular\"><p><span style=\"font-weight: 400;\">Para ingresso na qualidade de Professor Titular \u00e9 necess\u00e1rio titula\u00e7\u00e3o de Livre-Docente e aprova\u00e7\u00e3o em concurso p\u00fablico para admiss\u00e3o no cargo.<\/span><\/p><\/div>\n                <\/div><\/div>\t\t<\/div>\n\t\t\t\t<\/div>\n\t\t\t\t\t<\/div>\n\t\t\t\t<\/div>\n\t\t\t\t<\/div>\n\t\t","protected":false},"excerpt":{"rendered":"<p>Progress\u00e3o de CarreiraSaiba mais sobre os tr\u00e2mites e requisitos para progress\u00e3o na carreira acad\u00eamicaClique aqui Ap\u00f3s, preferencialmente, um per\u00edodo m\u00ednimo de cinco anos no mesmo patamar da carreira docente, \u00e9 poss\u00edvel solicitar a avalia\u00e7\u00e3o de m\u00e9rito para progredir de Professor Doutor 1 para Professor Doutor 2, de Professor Associado 1 para Professor Associado 2 e [&hellip;]<\/p>\n","protected":false},"author":1,"featured_media":0,"parent":2276,"menu_order":0,"comment_status":"closed","ping_status":"closed","template":"elementor_header_footer","meta":{"footnotes":"","_links_to":"","_links_to_target":""},"class_list":["post-2240","page","type-page","status-publish","hentry"],"_links":{"self":[{"href":"https:\/\/sites.usp.br\/gvr\/wp-json\/wp\/v2\/pages\/2240","targetHints":{"allow":["GET"]}}],"collection":[{"href":"https:\/\/sites.usp.br\/gvr\/wp-json\/wp\/v2\/pages"}],"about":[{"href":"https:\/\/sites.usp.br\/gvr\/wp-json\/wp\/v2\/types\/page"}],"author":[{"embeddable":true,"href":"https:\/\/sites.usp.br\/gvr\/wp-json\/wp\/v2\/users\/1"}],"replies":[{"embeddable":true,"href":"https:\/\/sites.usp.br\/gvr\/wp-json\/wp\/v2\/comments?post=2240"}],"version-history":[{"count":4,"href":"https:\/\/sites.usp.br\/gvr\/wp-json\/wp\/v2\/pages\/2240\/revisions"}],"predecessor-version":[{"id":4962,"href":"https:\/\/sites.usp.br\/gvr\/wp-json\/wp\/v2\/pages\/2240\/revisions\/4962"}],"up":[{"embeddable":true,"href":"https:\/\/sites.usp.br\/gvr\/wp-json\/wp\/v2\/pages\/2276"}],"wp:attachment":[{"href":"https:\/\/sites.usp.br\/gvr\/wp-json\/wp\/v2\/media?parent=2240"}],"curies":[{"name":"wp","href":"https:\/\/api.w.org\/{rel}","templated":true}]}}