{"id":226,"date":"2014-02-18T17:02:00","date_gmt":"2014-02-18T19:02:00","guid":{"rendered":"\/\/sites.usp.br\/gvr\/?page_id=226"},"modified":"2014-02-18T17:18:42","modified_gmt":"2014-02-18T19:18:42","slug":"226-2","status":"publish","type":"page","link":"https:\/\/sites.usp.br\/gvr\/encontros-de-avaliacao-institucional\/226-2\/","title":{"rendered":"VII Encontro de Avalia\u00e7\u00e3o Institucional da USP"},"content":{"rendered":"<p>Convidados: Diretores, Vice-Diretores, Chefes de Departamentos e Presidentes das<br \/>\nComiss\u00f5es Acad\u00eamicas, de Rela\u00e7\u00f5es Internacionais e Institucionais das<br \/>\nUnidades de Ensino, Dirigentes e Vice-Dirigentes de Museus, Centros e<br \/>\nInstitutos Especializados e \u00d3rg\u00e3os Centrais.<\/p>\n<p>Data: 16 de Agosto de 2012<br \/>\nHor\u00e1rio: das 8h30 \u00e0s 17h00<br \/>\nLocal: Faculdade de Economia, Administra\u00e7\u00e3o e Contabilidade<br \/>\nFEA-5 (audit\u00f3rio) \u2013 Av. Prof. Luciano Gualberto, 908 \u2013 S\u00e3o Paulo<\/p>\n<h3 align=\"center\"><\/h3>\n<h3 align=\"center\">PROGRAMA<\/h3>\n<p>8:30 \u2013 9:15 &#8211; Recep\u00e7\u00e3o com Caf\u00e9 da manh\u00e3<\/p>\n<p>9:15 \u2013 9:30 &#8211; Abertura &#8211; Prof. Dr. H\u00e9lio Nogueira da Cruz<\/p>\n<p><strong><\/strong>9:30 \u2013 10:00 &#8211;\u00a0<a href=\"\/\/sites.usp.br\/gvr\/wp-content\/uploads\/sites\/17\/2014\/02\/VII-EncontroApresentacaoLuque.pdf\" target=\"_blank\">Desafios de Financiamento das Universidades Estaduais Paulistas<\/a>\u00a0&#8211; Prof. Dr. Carlos Antonio Luque (FEA-USP)<\/p>\n<p>10:00 \u2013 10:45 &#8211; &#8220;<a href=\"\/\/sites.usp.br\/gvr\/wp-content\/uploads\/sites\/17\/2014\/02\/VII-Encontro-ApresentacaoProf.Helio_.pdf\" target=\"_blank\">Plano de Desenvolvimento Institucional da USP \u2013 PDI\/USP<\/a>&#8220;- Prof. Dr. H\u00e9lio Nogueira da Cruz<\/p>\n<p>10:45 \u2013 12:00 &#8211; Debate<\/p>\n<p>12:00 \u2013 14:00 &#8211; Almo\u00e7o livre<\/p>\n<p>14:00 \u2013 14:45 &#8211;\u00a0<a href=\"\/\/sites.usp.br\/gvr\/wp-content\/uploads\/sites\/17\/2014\/02\/VII-EncontroApresentacaoElizabethBalbashevsky.pdf\" target=\"_blank\">Governan\u00e7a Universit\u00e1ria em Quest\u00e3o: Panorama das Tend\u00eancias Internacionais Recentes<\/a>\u00a0&#8211; Profa. Dr\u00aa Elizabeth Balbachevsky (FFLCH e N\u00facleo de Pol\u00edticas P\u00fablicas da USP \u2013 NUPPS)<\/p>\n<p>14:45 \u2013 15:45 &#8211;\u00a0Evaluaci\u00f3n-Planeaci\u00f3n como Instrumento para el Mejoramiento Permanente de la Educaci\u00f3n Superior\u00a0&#8211; Prof. Dr. Jorge Gonz\u00e1les Gonz\u00e1les (Presidente da Red Internacional de Evaluadores \u2013 RIEV)<\/p>\n<p>15:45 \u2013 16:15 &#8211; &#8220;<a href=\"\/\/sites.usp.br\/gvr\/wp-content\/uploads\/sites\/17\/2014\/02\/VII-Encontro-ApresentacaoProfHelio-Tarde.pdf\" target=\"_blank\">Avalia\u00e7\u00e3o Institucional da USP: Pr\u00f3ximas Etapas<\/a>&#8221; &#8211; Prof. Dr. H\u00e9lio Nogueira da Cruz<\/p>\n<p>16:15 \u2013 17:00 &#8211; Debate<\/p>\n<p>17:00 &#8211; Encerramento<\/p>\n","protected":false},"excerpt":{"rendered":"<p>Convidados: Diretores, Vice-Diretores, Chefes de Departamentos e Presidentes das Comiss\u00f5es Acad\u00eamicas, de Rela\u00e7\u00f5es Internacionais e Institucionais das Unidades de Ensino, Dirigentes e Vice-Dirigentes de Museus, Centros e Institutos Especializados e \u00d3rg\u00e3os Centrais. Data: 16 de Agosto de 2012 Hor\u00e1rio: das 8h30 \u00e0s 17h00 Local: Faculdade de Economia, Administra\u00e7\u00e3o e Contabilidade FEA-5 (audit\u00f3rio) \u2013 Av. Prof. [&hellip;]<\/p>\n","protected":false},"author":23,"featured_media":0,"parent":188,"menu_order":0,"comment_status":"open","ping_status":"open","template":"","meta":{"footnotes":"","_links_to":"","_links_to_target":""},"class_list":["post-226","page","type-page","status-publish","hentry"],"_links":{"self":[{"href":"https:\/\/sites.usp.br\/gvr\/wp-json\/wp\/v2\/pages\/226","targetHints":{"allow":["GET"]}}],"collection":[{"href":"https:\/\/sites.usp.br\/gvr\/wp-json\/wp\/v2\/pages"}],"about":[{"href":"https:\/\/sites.usp.br\/gvr\/wp-json\/wp\/v2\/types\/page"}],"author":[{"embeddable":true,"href":"https:\/\/sites.usp.br\/gvr\/wp-json\/wp\/v2\/users\/23"}],"replies":[{"embeddable":true,"href":"https:\/\/sites.usp.br\/gvr\/wp-json\/wp\/v2\/comments?post=226"}],"version-history":[{"count":4,"href":"https:\/\/sites.usp.br\/gvr\/wp-json\/wp\/v2\/pages\/226\/revisions"}],"predecessor-version":[{"id":235,"href":"https:\/\/sites.usp.br\/gvr\/wp-json\/wp\/v2\/pages\/226\/revisions\/235"}],"up":[{"embeddable":true,"href":"https:\/\/sites.usp.br\/gvr\/wp-json\/wp\/v2\/pages\/188"}],"wp:attachment":[{"href":"https:\/\/sites.usp.br\/gvr\/wp-json\/wp\/v2\/media?parent=226"}],"curies":[{"name":"wp","href":"https:\/\/api.w.org\/{rel}","templated":true}]}}