{"id":2276,"date":"2024-02-16T15:15:11","date_gmt":"2024-02-16T17:15:11","guid":{"rendered":"https:\/\/sites.usp.br\/gvr\/?page_id=2276"},"modified":"2025-03-07T11:42:04","modified_gmt":"2025-03-07T13:42:04","slug":"carreira-docente","status":"publish","type":"page","link":"https:\/\/sites.usp.br\/gvr\/carreira-docente\/","title":{"rendered":"Carreira Docente"},"content":{"rendered":"\t\t<div data-elementor-type=\"wp-page\" data-elementor-id=\"2276\" class=\"elementor elementor-2276\" data-elementor-post-type=\"page\">\n\t\t\t\t<div class=\"elementor-element elementor-element-711e7a4 e-con-full e-flex e-con e-parent\" data-id=\"711e7a4\" data-element_type=\"container\" data-settings=\"{&quot;background_background&quot;:&quot;classic&quot;}\">\n\t\t\t\t<div class=\"elementor-element elementor-element-290296e e-transform elementor-widget__width-inherit elementor--h-position-center elementor--v-position-middle elementor-widget elementor-widget-slides\" data-id=\"290296e\" data-element_type=\"widget\" data-settings=\"{&quot;_transform_scale_effect&quot;:{&quot;unit&quot;:&quot;px&quot;,&quot;size&quot;:1.05,&quot;sizes&quot;:[]},&quot;transition&quot;:&quot;fade&quot;,&quot;navigation&quot;:&quot;none&quot;,&quot;transition_speed&quot;:500,&quot;_transform_scale_effect_tablet&quot;:{&quot;unit&quot;:&quot;px&quot;,&quot;size&quot;:&quot;&quot;,&quot;sizes&quot;:[]},&quot;_transform_scale_effect_mobile&quot;:{&quot;unit&quot;:&quot;px&quot;,&quot;size&quot;:&quot;&quot;,&quot;sizes&quot;:[]}}\" data-widget_type=\"slides.default\">\n\t\t\t\t<div class=\"elementor-widget-container\">\n\t\t\t\t\t<div class=\"elementor-swiper\">\n\t\t\t<div class=\"elementor-slides-wrapper elementor-main-swiper swiper\" dir=\"ltr\" data-animation=\"\">\n\t\t\t\t<div class=\"swiper-wrapper elementor-slides\">\n\t\t\t\t\t\t\t\t\t\t<div class=\"elementor-repeater-item-ed2ffa7 swiper-slide\"><div class=\"swiper-slide-bg\" role=\"img\"><\/div><div class=\"elementor-background-overlay\"><\/div><div class=\"swiper-slide-inner\" ><div class=\"swiper-slide-contents\"><div class=\"elementor-slide-heading\">Carreira Docente<\/div><div class=\"elementor-slide-description\">Saiba mais sobre a carreira docente na USP e suas rela\u00e7\u00f5es com o Gabinete da Vice-Reitoria<\/div><div  class=\"elementor-button elementor-slide-button elementor-size-xs\">Clique aqui<\/div><\/div><\/div><\/div>\t\t\t\t<\/div>\n\t\t\t\t\t\t\t<\/div>\n\t\t<\/div>\n\t\t\t\t<\/div>\n\t\t\t\t<\/div>\n\t\t\t\t<\/div>\n\t\t<div class=\"elementor-element elementor-element-d78f63c e-flex e-con-boxed e-con e-parent\" data-id=\"d78f63c\" data-element_type=\"container\">\n\t\t\t\t\t<div class=\"e-con-inner\">\n\t\t\t\t<div class=\"elementor-element elementor-element-98d8efb elementor-widget elementor-widget-text-editor\" data-id=\"98d8efb\" data-element_type=\"widget\" data-widget_type=\"text-editor.default\">\n\t\t\t\t<div class=\"elementor-widget-container\">\n\t\t\t\t\t\t\t<p><span style=\"font-size: 14pt;\">A Vice-Reitoria da Universidade de S\u00e3o Paulo \u00e9 respons\u00e1vel por coordenar a contrata\u00e7\u00e3o de professores tempor\u00e1rios e efetivos, al\u00e9m de oferecer suporte acad\u00eamico \u00e0s unidades durante esse processo. Al\u00e9m disso, tamb\u00e9m desempenha um papel importante na avalia\u00e7\u00e3o para progress\u00e3o de cargos na atividade docente. Assim, a carreira docente \u00e9 uma parte essencial das responsabilidades da Vice-Reitoria. Abaixo est\u00e3o informa\u00e7\u00f5es sobre a estrutura geral da carreira acad\u00eamica, para facilitar o acesso a esses dados.<\/span><\/p>\t\t\t\t\t\t<\/div>\n\t\t\t\t<\/div>\n\t\t\t\t\t<\/div>\n\t\t\t\t<\/div>\n\t\t<div class=\"elementor-element elementor-element-71b7049 e-flex e-con-boxed e-con e-parent\" data-id=\"71b7049\" data-element_type=\"container\" data-settings=\"{&quot;background_background&quot;:&quot;classic&quot;}\">\n\t\t\t\t\t<div class=\"e-con-inner\">\n\t\t<div class=\"elementor-element elementor-element-b357d2e e-con-full e-flex e-con e-child\" data-id=\"b357d2e\" data-element_type=\"container\" data-settings=\"{&quot;background_background&quot;:&quot;classic&quot;}\">\n\t\t<div class=\"elementor-element elementor-element-f9d043f e-con-full e-flex e-con e-child\" data-id=\"f9d043f\" data-element_type=\"container\" data-settings=\"{&quot;background_background&quot;:&quot;classic&quot;}\">\n\t\t\t\t<div class=\"elementor-element elementor-element-e791c15 elementor-widget elementor-widget-heading\" data-id=\"e791c15\" data-element_type=\"widget\" data-widget_type=\"heading.default\">\n\t\t\t\t<div class=\"elementor-widget-container\">\n\t\t\t<h2 class=\"elementor-heading-title elementor-size-default\"><a href=\"https:\/\/sites.usp.br\/gvr\/formas-de-ingresso\/\">Formas de Ingresso<\/a><\/h2>\t\t<\/div>\n\t\t\t\t<\/div>\n\t\t\t\t<\/div>\n\t\t<div class=\"elementor-element elementor-element-cb3b6d8 e-con-full e-flex e-con e-child\" data-id=\"cb3b6d8\" data-element_type=\"container\" data-settings=\"{&quot;background_background&quot;:&quot;classic&quot;}\">\n\t\t\t\t<div class=\"elementor-element elementor-element-58e5b48 elementor-widget elementor-widget-heading\" data-id=\"58e5b48\" data-element_type=\"widget\" data-widget_type=\"heading.default\">\n\t\t\t\t<div class=\"elementor-widget-container\">\n\t\t\t<h2 class=\"elementor-heading-title elementor-size-default\"><a href=\"https:\/\/sites.usp.br\/gvr\/regimes-de-trabalho\/\">Regimes de Trabalho<\/a><\/h2>\t\t<\/div>\n\t\t\t\t<\/div>\n\t\t\t\t<\/div>\n\t\t<div class=\"elementor-element elementor-element-0d4c762 e-con-full e-flex e-con e-child\" data-id=\"0d4c762\" data-element_type=\"container\" data-settings=\"{&quot;background_background&quot;:&quot;classic&quot;}\">\n\t\t\t\t<div class=\"elementor-element elementor-element-e144861 elementor-widget elementor-widget-heading\" data-id=\"e144861\" data-element_type=\"widget\" data-widget_type=\"heading.default\">\n\t\t\t\t<div class=\"elementor-widget-container\">\n\t\t\t<h2 class=\"elementor-heading-title elementor-size-default\"><a href=\"https:\/\/sites.usp.br\/gvr\/progressao-de-carreira\/\">Progress\u00e3o de Carreira<\/a><\/h2>\t\t<\/div>\n\t\t\t\t<\/div>\n\t\t\t\t<\/div>\n\t\t<div class=\"elementor-element elementor-element-e5ebea1 e-con-full e-flex e-con e-child\" data-id=\"e5ebea1\" data-element_type=\"container\" data-settings=\"{&quot;background_background&quot;:&quot;classic&quot;}\">\n\t\t\t\t<div class=\"elementor-element elementor-element-db9921b elementor-widget__width-initial elementor-widget elementor-widget-heading\" data-id=\"db9921b\" data-element_type=\"widget\" data-widget_type=\"heading.default\">\n\t\t\t\t<div class=\"elementor-widget-container\">\n\t\t\t<h2 class=\"elementor-heading-title elementor-size-default\"><a href=\"https:\/\/sites.usp.br\/gvr\/supervisao-fiscalizacao-e-estrutura\/\">Supervis\u00e3o, Fiscaliza\u00e7\u00e3o e Estrutura<\/a><\/h2>\t\t<\/div>\n\t\t\t\t<\/div>\n\t\t\t\t<\/div>\n\t\t\t\t<\/div>\n\t\t\t\t\t<\/div>\n\t\t\t\t<\/div>\n\t\t\t\t<\/div>\n\t\t","protected":false},"excerpt":{"rendered":"<p>Carreira DocenteSaiba mais sobre a carreira docente na USP e suas rela\u00e7\u00f5es com o Gabinete da Vice-ReitoriaClique aqui A Vice-Reitoria da Universidade de S\u00e3o Paulo \u00e9 respons\u00e1vel por coordenar a contrata\u00e7\u00e3o de professores tempor\u00e1rios e efetivos, al\u00e9m de oferecer suporte acad\u00eamico \u00e0s unidades durante esse processo. Al\u00e9m disso, tamb\u00e9m desempenha um papel importante na avalia\u00e7\u00e3o [&hellip;]<\/p>\n","protected":false},"author":1,"featured_media":0,"parent":0,"menu_order":0,"comment_status":"closed","ping_status":"closed","template":"elementor_header_footer","meta":{"footnotes":"","_links_to":"","_links_to_target":""},"class_list":["post-2276","page","type-page","status-publish","hentry"],"_links":{"self":[{"href":"https:\/\/sites.usp.br\/gvr\/wp-json\/wp\/v2\/pages\/2276","targetHints":{"allow":["GET"]}}],"collection":[{"href":"https:\/\/sites.usp.br\/gvr\/wp-json\/wp\/v2\/pages"}],"about":[{"href":"https:\/\/sites.usp.br\/gvr\/wp-json\/wp\/v2\/types\/page"}],"author":[{"embeddable":true,"href":"https:\/\/sites.usp.br\/gvr\/wp-json\/wp\/v2\/users\/1"}],"replies":[{"embeddable":true,"href":"https:\/\/sites.usp.br\/gvr\/wp-json\/wp\/v2\/comments?post=2276"}],"version-history":[{"count":4,"href":"https:\/\/sites.usp.br\/gvr\/wp-json\/wp\/v2\/pages\/2276\/revisions"}],"predecessor-version":[{"id":3761,"href":"https:\/\/sites.usp.br\/gvr\/wp-json\/wp\/v2\/pages\/2276\/revisions\/3761"}],"wp:attachment":[{"href":"https:\/\/sites.usp.br\/gvr\/wp-json\/wp\/v2\/media?parent=2276"}],"curies":[{"name":"wp","href":"https:\/\/api.w.org\/{rel}","templated":true}]}}