{"id":2661,"date":"2024-03-07T12:46:47","date_gmt":"2024-03-07T14:46:47","guid":{"rendered":"https:\/\/sites.usp.br\/gvr\/?page_id=2661"},"modified":"2026-04-02T10:00:43","modified_gmt":"2026-04-02T13:00:43","slug":"iniciativas","status":"publish","type":"page","link":"https:\/\/sites.usp.br\/gvr\/iniciativas\/","title":{"rendered":"Iniciativas"},"content":{"rendered":"\t\t<div data-elementor-type=\"wp-page\" data-elementor-id=\"2661\" class=\"elementor elementor-2661\" data-elementor-post-type=\"page\">\n\t\t\t\t<div class=\"elementor-element elementor-element-1aa9e61 e-con-full e-flex e-con e-parent\" data-id=\"1aa9e61\" data-element_type=\"container\">\n\t\t\t\t<div class=\"elementor-element elementor-element-0d9393c elementor-cta--layout-image-left elementor-widget__width-inherit elementor-cta--skin-classic elementor-animated-content elementor-bg-transform elementor-bg-transform-zoom-in elementor-widget elementor-widget-call-to-action\" data-id=\"0d9393c\" data-element_type=\"widget\" data-widget_type=\"call-to-action.default\">\n\t\t\t\t<div class=\"elementor-widget-container\">\n\t\t\t\t\t<div class=\"elementor-cta\">\n\t\t\t\t\t<div class=\"elementor-cta__bg-wrapper\">\n\t\t\t\t<div class=\"elementor-cta__bg elementor-bg\" style=\"background-image: url(https:\/\/puspc.usp.br\/wp-content\/uploads\/sites\/159\/2016\/08\/centro-de-informa%C3%A7%C3%B5es-2.jpg);\" role=\"img\" aria-label=\"\"><\/div>\n\t\t\t\t<div class=\"elementor-cta__bg-overlay\"><\/div>\n\t\t\t<\/div>\n\t\t\t\t\t\t\t<div class=\"elementor-cta__content\">\n\t\t\t\t\n\t\t\t\t\t\t\t\t\t<h2 class=\"elementor-cta__title elementor-cta__content-item elementor-content-item\">\n\t\t\t\t\t\tF\u00f3rum Paulista pela Igualdade de G\u00eanero nas Carreiras Cient\u00edficas e Acad\u00eamicas\t\t\t\t\t<\/h2>\n\t\t\t\t\n\t\t\t\t\n\t\t\t\t\t\t\t\t\t<div class=\"elementor-cta__button-wrapper elementor-cta__content-item elementor-content-item \">\n\t\t\t\t\t<a class=\"elementor-cta__button elementor-button elementor-size-\" href=\"https:\/\/sites.usp.br\/gvr\/iniciativas\/igualdade-de-genero\/\">\n\t\t\t\t\t\tVeja mais detalhes\t\t\t\t\t<\/a>\n\t\t\t\t\t<\/div>\n\t\t\t\t\t\t\t<\/div>\n\t\t\t\t\t\t<\/div>\n\t\t\t\t<\/div>\n\t\t\t\t<\/div>\n\t\t\t\t<\/div>\n\t\t\t\t<\/div>\n\t\t","protected":false},"excerpt":{"rendered":"<p>F\u00f3rum Paulista pela Igualdade de G\u00eanero nas Carreiras Cient\u00edficas e Acad\u00eamicas Veja mais detalhes<\/p>\n","protected":false},"author":1,"featured_media":0,"parent":0,"menu_order":0,"comment_status":"closed","ping_status":"closed","template":"","meta":{"footnotes":"","_links_to":"","_links_to_target":""},"class_list":["post-2661","page","type-page","status-publish","hentry"],"_links":{"self":[{"href":"https:\/\/sites.usp.br\/gvr\/wp-json\/wp\/v2\/pages\/2661","targetHints":{"allow":["GET"]}}],"collection":[{"href":"https:\/\/sites.usp.br\/gvr\/wp-json\/wp\/v2\/pages"}],"about":[{"href":"https:\/\/sites.usp.br\/gvr\/wp-json\/wp\/v2\/types\/page"}],"author":[{"embeddable":true,"href":"https:\/\/sites.usp.br\/gvr\/wp-json\/wp\/v2\/users\/1"}],"replies":[{"embeddable":true,"href":"https:\/\/sites.usp.br\/gvr\/wp-json\/wp\/v2\/comments?post=2661"}],"version-history":[{"count":4,"href":"https:\/\/sites.usp.br\/gvr\/wp-json\/wp\/v2\/pages\/2661\/revisions"}],"predecessor-version":[{"id":4901,"href":"https:\/\/sites.usp.br\/gvr\/wp-json\/wp\/v2\/pages\/2661\/revisions\/4901"}],"wp:attachment":[{"href":"https:\/\/sites.usp.br\/gvr\/wp-json\/wp\/v2\/media?parent=2661"}],"curies":[{"name":"wp","href":"https:\/\/api.w.org\/{rel}","templated":true}]}}