{"id":3268,"date":"2024-09-09T18:17:08","date_gmt":"2024-09-09T20:17:08","guid":{"rendered":"https:\/\/sites.usp.br\/gvr\/?page_id=3268"},"modified":"2026-04-02T09:50:25","modified_gmt":"2026-04-02T12:50:25","slug":"gabinete","status":"publish","type":"page","link":"https:\/\/sites.usp.br\/gvr\/gabinete\/","title":{"rendered":"Gabinete da Vice-Reitoria"},"content":{"rendered":"\t\t<div data-elementor-type=\"wp-page\" data-elementor-id=\"3268\" class=\"elementor elementor-3268\" data-elementor-post-type=\"page\">\n\t\t\t\t<div class=\"elementor-element elementor-element-0e2da22 e-con-full e-flex e-con e-parent\" data-id=\"0e2da22\" data-element_type=\"container\" data-settings=\"{&quot;background_background&quot;:&quot;classic&quot;}\">\n\t\t\t\t<div class=\"elementor-element elementor-element-7755a02 e-transform elementor-widget__width-inherit elementor--h-position-center elementor--v-position-middle elementor-widget elementor-widget-slides\" data-id=\"7755a02\" data-element_type=\"widget\" data-settings=\"{&quot;_transform_scale_effect&quot;:{&quot;unit&quot;:&quot;px&quot;,&quot;size&quot;:1.05,&quot;sizes&quot;:[]},&quot;transition&quot;:&quot;fade&quot;,&quot;navigation&quot;:&quot;none&quot;,&quot;transition_speed&quot;:500,&quot;_transform_scale_effect_tablet&quot;:{&quot;unit&quot;:&quot;px&quot;,&quot;size&quot;:&quot;&quot;,&quot;sizes&quot;:[]},&quot;_transform_scale_effect_mobile&quot;:{&quot;unit&quot;:&quot;px&quot;,&quot;size&quot;:&quot;&quot;,&quot;sizes&quot;:[]}}\" data-widget_type=\"slides.default\">\n\t\t\t\t<div class=\"elementor-widget-container\">\n\t\t\t\t\t<div class=\"elementor-swiper\">\n\t\t\t<div class=\"elementor-slides-wrapper elementor-main-swiper swiper\" dir=\"ltr\" data-animation=\"\">\n\t\t\t\t<div class=\"swiper-wrapper elementor-slides\">\n\t\t\t\t\t\t\t\t\t\t<div class=\"elementor-repeater-item-171e2b7 swiper-slide\"><div class=\"swiper-slide-bg\" role=\"img\"><\/div><div class=\"elementor-background-overlay\"><\/div><div class=\"swiper-slide-inner\" ><div class=\"swiper-slide-contents\"><div class=\"elementor-slide-heading\">Gabinete da Vice-reitoria<\/div><div class=\"elementor-slide-description\">Conhe\u00e7a as principais fun\u00e7\u00f5es executadas pelo Gabinete da Vice-Reitoria<\/div><div  class=\"elementor-button elementor-slide-button elementor-size-xs\">Clique aqui<\/div><\/div><\/div><\/div>\t\t\t\t<\/div>\n\t\t\t\t\t\t\t<\/div>\n\t\t<\/div>\n\t\t\t\t<\/div>\n\t\t\t\t<\/div>\n\t\t\t\t<\/div>\n\t\t<div class=\"elementor-element elementor-element-daf43b3 e-flex e-con-boxed e-con e-parent\" data-id=\"daf43b3\" data-element_type=\"container\">\n\t\t\t\t\t<div class=\"e-con-inner\">\n\t\t\t\t<div class=\"elementor-element elementor-element-56beee0 elementor-widget elementor-widget-text-editor\" data-id=\"56beee0\" data-element_type=\"widget\" data-widget_type=\"text-editor.default\">\n\t\t\t\t<div class=\"elementor-widget-container\">\n\t\t\t\t\t\t\t<p style=\"text-align: justify;\"><span style=\"font-size: 14pt; color: #808080;\">A equipe do Gabinete da Vice-Reitoria da USP (GVR), sob a lideran\u00e7a da vice-reitora Profa. Dra. Liedi L\u00e9gi Bariani Bernucci, trabalha de forma dedicada para assegurar que a Universidade cumpra sua miss\u00e3o, sempre em busca da Excel\u00eancia.<\/span><\/p><p><span style=\"font-size: 14pt; color: #808080;\">O GVR \u00e9 respons\u00e1vel por coordenar e implementar projetos de impacto, voltados tanto para o p\u00fablico interno da USP (alunos, professores e servidores t\u00e9cnicos e administrativos), quanto para a sociedade em geral. Al\u00e9m disso, promove a integra\u00e7\u00e3o da comunidade por meio de diversos programas. Entre suas principais iniciativas, destacam-se:<\/span><\/p><ul><li><span style=\"font-size: 14pt; color: #808080;\">Assessoramento \u00e0 vice-reitora em suas fun\u00e7\u00f5es de gest\u00e3o;<\/span><\/li><li><span style=\"font-size: 14pt; color: #808080;\">Assessoria \u00e0s C\u00e2maras e Comiss\u00f5es respons\u00e1veis por processos de avalia\u00e7\u00e3o e concess\u00e3o <\/span><span style=\"font-size: 14pt; color: #808080;\">de cargos docentes;<\/span><\/li><li><span style=\"font-size: 14pt; color: #808080;\">Apoio a importantes programas da gest\u00e3o;<\/span><\/li><li><span style=\"font-size: 14pt; color: #808080;\">Desenvolvimento de projetos especiais de cunho acad\u00eamico e cultural;<\/span><\/li><li><span style=\"font-size: 14pt; color: #808080;\">Monitoramento de indicadores para aprimorar as pol\u00edticas de gest\u00e3o de cargos docentes; e<\/span><\/li><li><span style=\"font-size: 14pt; color: #808080;\">Autoriza\u00e7\u00e3o de processos de gest\u00e3o de pessoas, como afastamentos e aposentadorias.<\/span><\/li><\/ul><p><span style=\"font-size: 14pt; color: #808080;\">Dessa forma, o GVR desempenha um papel estrat\u00e9gico na continuidade e no aprimoramento das atividades da USP, sempre com o foco em contribuir para a excel\u00eancia acad\u00eamica e institucional.<\/span><\/p>\t\t\t\t\t\t<\/div>\n\t\t\t\t<\/div>\n\t\t\t\t\t<\/div>\n\t\t\t\t<\/div>\n\t\t\t\t<\/div>\n\t\t","protected":false},"excerpt":{"rendered":"<p>Gabinete da Vice-reitoriaConhe\u00e7a as principais fun\u00e7\u00f5es executadas pelo Gabinete da Vice-ReitoriaClique aqui A equipe do Gabinete da Vice-Reitoria da USP (GVR), sob a lideran\u00e7a da vice-reitora Profa. Dra. Liedi L\u00e9gi Bariani Bernucci, trabalha de forma dedicada para assegurar que a Universidade cumpra sua miss\u00e3o, sempre em busca da Excel\u00eancia. O GVR \u00e9 respons\u00e1vel por coordenar [&hellip;]<\/p>\n","protected":false},"author":24023,"featured_media":0,"parent":0,"menu_order":0,"comment_status":"closed","ping_status":"closed","template":"elementor_header_footer","meta":{"footnotes":"","_links_to":"","_links_to_target":""},"class_list":["post-3268","page","type-page","status-publish","hentry"],"_links":{"self":[{"href":"https:\/\/sites.usp.br\/gvr\/wp-json\/wp\/v2\/pages\/3268","targetHints":{"allow":["GET"]}}],"collection":[{"href":"https:\/\/sites.usp.br\/gvr\/wp-json\/wp\/v2\/pages"}],"about":[{"href":"https:\/\/sites.usp.br\/gvr\/wp-json\/wp\/v2\/types\/page"}],"author":[{"embeddable":true,"href":"https:\/\/sites.usp.br\/gvr\/wp-json\/wp\/v2\/users\/24023"}],"replies":[{"embeddable":true,"href":"https:\/\/sites.usp.br\/gvr\/wp-json\/wp\/v2\/comments?post=3268"}],"version-history":[{"count":4,"href":"https:\/\/sites.usp.br\/gvr\/wp-json\/wp\/v2\/pages\/3268\/revisions"}],"predecessor-version":[{"id":4895,"href":"https:\/\/sites.usp.br\/gvr\/wp-json\/wp\/v2\/pages\/3268\/revisions\/4895"}],"wp:attachment":[{"href":"https:\/\/sites.usp.br\/gvr\/wp-json\/wp\/v2\/media?parent=3268"}],"curies":[{"name":"wp","href":"https:\/\/api.w.org\/{rel}","templated":true}]}}