{"id":3308,"date":"2024-09-10T15:38:45","date_gmt":"2024-09-10T17:38:45","guid":{"rendered":"https:\/\/sites.usp.br\/gvr\/?page_id=3308"},"modified":"2026-04-07T10:23:51","modified_gmt":"2026-04-07T13:23:51","slug":"estrutura-organizacional","status":"publish","type":"page","link":"https:\/\/sites.usp.br\/gvr\/estrutura-organizacional\/","title":{"rendered":"Estrutura Organizacional"},"content":{"rendered":"\t\t<div data-elementor-type=\"wp-page\" data-elementor-id=\"3308\" class=\"elementor elementor-3308\" data-elementor-post-type=\"page\">\n\t\t\t\t<div class=\"elementor-element elementor-element-0e2da22 e-con-full e-flex e-con e-parent\" data-id=\"0e2da22\" data-element_type=\"container\" data-settings=\"{&quot;background_background&quot;:&quot;classic&quot;}\">\n\t\t\t\t<div class=\"elementor-element elementor-element-7755a02 e-transform elementor-widget__width-inherit elementor--h-position-center elementor--v-position-middle elementor-widget elementor-widget-slides\" data-id=\"7755a02\" data-element_type=\"widget\" data-settings=\"{&quot;_transform_scale_effect&quot;:{&quot;unit&quot;:&quot;px&quot;,&quot;size&quot;:1.05,&quot;sizes&quot;:[]},&quot;transition&quot;:&quot;fade&quot;,&quot;navigation&quot;:&quot;none&quot;,&quot;transition_speed&quot;:500,&quot;_transform_scale_effect_tablet&quot;:{&quot;unit&quot;:&quot;px&quot;,&quot;size&quot;:&quot;&quot;,&quot;sizes&quot;:[]},&quot;_transform_scale_effect_mobile&quot;:{&quot;unit&quot;:&quot;px&quot;,&quot;size&quot;:&quot;&quot;,&quot;sizes&quot;:[]}}\" data-widget_type=\"slides.default\">\n\t\t\t\t<div class=\"elementor-widget-container\">\n\t\t\t\t\t<div class=\"elementor-swiper\">\n\t\t\t<div class=\"elementor-slides-wrapper elementor-main-swiper swiper\" dir=\"ltr\" data-animation=\"\">\n\t\t\t\t<div class=\"swiper-wrapper elementor-slides\">\n\t\t\t\t\t\t\t\t\t\t<div class=\"elementor-repeater-item-ed2ffa7 swiper-slide\"><div class=\"swiper-slide-bg\" role=\"img\"><\/div><div class=\"elementor-background-overlay\"><\/div><div class=\"swiper-slide-inner\" ><div class=\"swiper-slide-contents\"><div class=\"elementor-slide-heading\">Estrutura Organizacional<\/div><div class=\"elementor-slide-description\">Conhe\u00e7a as Comiss\u00f5es, C\u00e2maras e C\u00f4mites vinculados ao Gabinete da Vice-Reitoria<\/div><div  class=\"elementor-button elementor-slide-button elementor-size-xs\">Clique aqui<\/div><\/div><\/div><\/div>\t\t\t\t<\/div>\n\t\t\t\t\t\t\t<\/div>\n\t\t<\/div>\n\t\t\t\t<\/div>\n\t\t\t\t<\/div>\n\t\t\t\t<\/div>\n\t\t<div class=\"elementor-element elementor-element-daf43b3 e-flex e-con-boxed e-con e-parent\" data-id=\"daf43b3\" data-element_type=\"container\">\n\t\t\t\t\t<div class=\"e-con-inner\">\n\t\t\t\t<div class=\"elementor-element elementor-element-56beee0 elementor-widget elementor-widget-text-editor\" data-id=\"56beee0\" data-element_type=\"widget\" data-widget_type=\"text-editor.default\">\n\t\t\t\t<div class=\"elementor-widget-container\">\n\t\t\t\t\t\t\t<p><span style=\"font-size: 14pt;\">A Vice-Reitoria desempenha um papel fundamental na gest\u00e3o da universidade, compondo e assessorando diversas C\u00e2maras, Comiss\u00f5es e Comit\u00eas que tratam de temas cruciais para o funcionamento institucional. Essas inst\u00e2ncias colegiadas s\u00e3o respons\u00e1veis por discutir e deliberar sobre quest\u00f5es estrat\u00e9gicas e operacionais em diferentes \u00e1reas da institui\u00e7\u00e3o, como planejamento acad\u00eamico, gest\u00e3o administrativa, pol\u00edticas estudantis e desenvolvimento institucional.<\/span><\/p><p><span style=\"font-size: 14pt;\">O gabinete da Vice-Reitoria, por sua vez, atua como um elo central, oferecendo suporte t\u00e9cnico e administrativo, al\u00e9m de coordenar a implementa\u00e7\u00e3o das decis\u00f5es tomadas nessas esferas. Para conhecer mais detalhes sobre a atua\u00e7\u00e3o de cada uma dessas inst\u00e2ncias e o papel do gabinete da Vice-Reitoria, explore as se\u00e7\u00f5es detalhadas a seguir.<\/span><\/p>\t\t\t\t\t\t<\/div>\n\t\t\t\t<\/div>\n\t\t\t\t\t<\/div>\n\t\t\t\t<\/div>\n\t\t<div class=\"elementor-element elementor-element-760e5dc e-flex e-con-boxed e-con e-parent\" data-id=\"760e5dc\" data-element_type=\"container\" data-settings=\"{&quot;background_background&quot;:&quot;classic&quot;}\">\n\t\t\t\t\t<div class=\"e-con-inner\">\n\t\t<div class=\"elementor-element elementor-element-c17463f e-con-full e-flex e-con e-child\" data-id=\"c17463f\" data-element_type=\"container\" data-settings=\"{&quot;background_background&quot;:&quot;classic&quot;}\">\n\t\t<div class=\"elementor-element elementor-element-96bc2d6 e-con-full e-flex e-con e-child\" data-id=\"96bc2d6\" data-element_type=\"container\" data-settings=\"{&quot;background_background&quot;:&quot;classic&quot;}\">\n\t\t<div class=\"elementor-element elementor-element-cc98993 e-con-full e-flex e-con e-child\" data-id=\"cc98993\" data-element_type=\"container\" data-settings=\"{&quot;background_background&quot;:&quot;classic&quot;}\">\n\t\t\t\t<div class=\"elementor-element elementor-element-77531a5 elementor-widget elementor-widget-heading\" data-id=\"77531a5\" data-element_type=\"widget\" data-widget_type=\"heading.default\">\n\t\t\t\t<div class=\"elementor-widget-container\">\n\t\t\t<h2 class=\"elementor-heading-title elementor-size-default\"><a href=\"https:\/\/sites.usp.br\/gvr\/sobre-a-ccd\/\">Comiss\u00e3o de Claros Docentes \u2014 CCD<\/a><\/h2>\t\t<\/div>\n\t\t\t\t<\/div>\n\t\t\t\t<\/div>\n\t\t<div class=\"elementor-element elementor-element-7ec1278 e-con-full e-flex e-con e-child\" data-id=\"7ec1278\" data-element_type=\"container\" data-settings=\"{&quot;background_background&quot;:&quot;classic&quot;}\">\n\t\t\t\t<div class=\"elementor-element elementor-element-27ac665 elementor-widget elementor-widget-heading\" data-id=\"27ac665\" data-element_type=\"widget\" data-widget_type=\"heading.default\">\n\t\t\t\t<div class=\"elementor-widget-container\">\n\t\t\t<h2 class=\"elementor-heading-title elementor-size-default\"><a href=\"https:\/\/sites.usp.br\/gvr\/sobre-a-cpa\/\">Comiss\u00e3o Permanente de Avalia\u00e7\u00e3o \u2014 CPA<\/a><\/h2>\t\t<\/div>\n\t\t\t\t<\/div>\n\t\t\t\t<\/div>\n\t\t<div class=\"elementor-element elementor-element-8c89dda e-con-full e-flex e-con e-child\" data-id=\"8c89dda\" data-element_type=\"container\" data-settings=\"{&quot;background_background&quot;:&quot;classic&quot;}\">\n\t\t\t\t<div class=\"elementor-element elementor-element-52d3ebf elementor-widget__width-initial elementor-widget elementor-widget-heading\" data-id=\"52d3ebf\" data-element_type=\"widget\" data-widget_type=\"heading.default\">\n\t\t\t\t<div class=\"elementor-widget-container\">\n\t\t\t<h2 class=\"elementor-heading-title elementor-size-default\"><a href=\"https:\/\/sites.usp.br\/gvr\/comite-gestor\/\">Comit\u00ea Gestor de Bolsas Para Professores Visitantes<\/a><\/h2>\t\t<\/div>\n\t\t\t\t<\/div>\n\t\t\t\t<\/div>\n\t\t\t\t<\/div>\n\t\t\t\t<\/div>\n\t\t\t\t\t<\/div>\n\t\t\t\t<\/div>\n\t\t\t\t<\/div>\n\t\t","protected":false},"excerpt":{"rendered":"<p>Estrutura OrganizacionalConhe\u00e7a as Comiss\u00f5es, C\u00e2maras e C\u00f4mites vinculados ao Gabinete da Vice-ReitoriaClique aqui A Vice-Reitoria desempenha um papel fundamental na gest\u00e3o da universidade, compondo e assessorando diversas C\u00e2maras, Comiss\u00f5es e Comit\u00eas que tratam de temas cruciais para o funcionamento institucional. Essas inst\u00e2ncias colegiadas s\u00e3o respons\u00e1veis por discutir e deliberar sobre quest\u00f5es estrat\u00e9gicas e operacionais em [&hellip;]<\/p>\n","protected":false},"author":24023,"featured_media":0,"parent":0,"menu_order":0,"comment_status":"closed","ping_status":"closed","template":"elementor_header_footer","meta":{"footnotes":"","_links_to":"","_links_to_target":""},"class_list":["post-3308","page","type-page","status-publish","hentry"],"_links":{"self":[{"href":"https:\/\/sites.usp.br\/gvr\/wp-json\/wp\/v2\/pages\/3308","targetHints":{"allow":["GET"]}}],"collection":[{"href":"https:\/\/sites.usp.br\/gvr\/wp-json\/wp\/v2\/pages"}],"about":[{"href":"https:\/\/sites.usp.br\/gvr\/wp-json\/wp\/v2\/types\/page"}],"author":[{"embeddable":true,"href":"https:\/\/sites.usp.br\/gvr\/wp-json\/wp\/v2\/users\/24023"}],"replies":[{"embeddable":true,"href":"https:\/\/sites.usp.br\/gvr\/wp-json\/wp\/v2\/comments?post=3308"}],"version-history":[{"count":4,"href":"https:\/\/sites.usp.br\/gvr\/wp-json\/wp\/v2\/pages\/3308\/revisions"}],"predecessor-version":[{"id":4924,"href":"https:\/\/sites.usp.br\/gvr\/wp-json\/wp\/v2\/pages\/3308\/revisions\/4924"}],"wp:attachment":[{"href":"https:\/\/sites.usp.br\/gvr\/wp-json\/wp\/v2\/media?parent=3308"}],"curies":[{"name":"wp","href":"https:\/\/api.w.org\/{rel}","templated":true}]}}