{"id":3428,"date":"2024-09-17T16:58:28","date_gmt":"2024-09-17T18:58:28","guid":{"rendered":"https:\/\/sites.usp.br\/gvr\/?page_id=3428"},"modified":"2026-04-09T10:03:18","modified_gmt":"2026-04-09T13:03:18","slug":"programa-de-bolsas-para-professores-visitantes","status":"publish","type":"page","link":"https:\/\/sites.usp.br\/gvr\/programa-de-bolsas-para-professores-visitantes\/","title":{"rendered":"Programa de Bolsas para Professores Visitantes"},"content":{"rendered":"\t\t<div data-elementor-type=\"wp-page\" data-elementor-id=\"3428\" class=\"elementor elementor-3428\" data-elementor-post-type=\"page\">\n\t\t\t\t<div class=\"elementor-element elementor-element-0e2da22 e-con-full e-flex e-con e-parent\" data-id=\"0e2da22\" data-element_type=\"container\" data-settings=\"{&quot;background_background&quot;:&quot;classic&quot;}\">\n\t\t\t\t<div class=\"elementor-element elementor-element-4aad6ae e-transform elementor-widget__width-inherit elementor--h-position-center elementor--v-position-middle elementor-widget elementor-widget-slides\" data-id=\"4aad6ae\" data-element_type=\"widget\" data-settings=\"{&quot;_transform_scale_effect&quot;:{&quot;unit&quot;:&quot;px&quot;,&quot;size&quot;:1.05,&quot;sizes&quot;:[]},&quot;transition&quot;:&quot;fade&quot;,&quot;navigation&quot;:&quot;none&quot;,&quot;transition_speed&quot;:500,&quot;_transform_scale_effect_tablet&quot;:{&quot;unit&quot;:&quot;px&quot;,&quot;size&quot;:&quot;&quot;,&quot;sizes&quot;:[]},&quot;_transform_scale_effect_mobile&quot;:{&quot;unit&quot;:&quot;px&quot;,&quot;size&quot;:&quot;&quot;,&quot;sizes&quot;:[]}}\" data-widget_type=\"slides.default\">\n\t\t\t\t<div class=\"elementor-widget-container\">\n\t\t\t\t\t<div class=\"elementor-swiper\">\n\t\t\t<div class=\"elementor-slides-wrapper elementor-main-swiper swiper\" dir=\"ltr\" data-animation=\"\">\n\t\t\t\t<div class=\"swiper-wrapper elementor-slides\">\n\t\t\t\t\t\t\t\t\t\t<div class=\"elementor-repeater-item-ed2ffa7 swiper-slide\"><div class=\"swiper-slide-bg\" role=\"img\"><\/div><div class=\"elementor-background-overlay\"><\/div><div class=\"swiper-slide-inner\" ><div class=\"swiper-slide-contents\"><div class=\"elementor-slide-heading\">Programa de Bolsas Para Professores Visitantes<\/div><div class=\"elementor-slide-description\">Saiba mais sobre o programa, fluxos de solicita\u00e7\u00f5es e benef\u00edcios<\/div><div  class=\"elementor-button elementor-slide-button elementor-size-xs\"> assessoriagvr@usp.br - (11) 2648-0630<\/div><\/div><\/div><\/div>\t\t\t\t<\/div>\n\t\t\t\t\t\t\t<\/div>\n\t\t<\/div>\n\t\t\t\t<\/div>\n\t\t\t\t<\/div>\n\t\t\t\t<\/div>\n\t\t<div class=\"elementor-element elementor-element-08d7c15 e-flex e-con-boxed e-con e-parent\" data-id=\"08d7c15\" data-element_type=\"container\" data-settings=\"{&quot;background_background&quot;:&quot;classic&quot;}\">\n\t\t\t\t\t<div class=\"e-con-inner\">\n\t\t\t\t<div class=\"elementor-element elementor-element-9b382cc elementor-widget elementor-widget-text-editor\" data-id=\"9b382cc\" data-element_type=\"widget\" data-widget_type=\"text-editor.default\">\n\t\t\t\t<div class=\"elementor-widget-container\">\n\t\t\t\t\t\t\t<p><span style=\"font-size: 14pt;\">O Programa de Bolsas para Professores Visitantes da Universidade de S\u00e3o Paulo tem como objetivo promover interc\u00e2mbio acad\u00eamico, cient\u00edfico e cultural, visando a fortalecer as atividades de ensino e pesquisa por meio da troca de conhecimentos e experi\u00eancias entre os docentes visitantes e a comunidade acad\u00eamica. Essa iniciativa tamb\u00e9m contribui para a forma\u00e7\u00e3o de recursos humanos em diversas \u00e1reas do saber, refor\u00e7ando o papel da universidade como um centro de excel\u00eancia e lideran\u00e7a no cen\u00e1rio acad\u00eamico global.<\/span><\/p>\t\t\t\t\t\t<\/div>\n\t\t\t\t<\/div>\n\t\t\t\t\t<\/div>\n\t\t\t\t<\/div>\n\t\t<div class=\"elementor-element elementor-element-daf43b3 e-flex e-con-boxed e-con e-parent\" data-id=\"daf43b3\" data-element_type=\"container\" data-settings=\"{&quot;background_background&quot;:&quot;classic&quot;}\">\n\t\t\t\t\t<div class=\"e-con-inner\">\n\t\t\t\t<div class=\"elementor-element elementor-element-21d8444 elementor-widget elementor-widget-heading\" data-id=\"21d8444\" data-element_type=\"widget\" data-widget_type=\"heading.default\">\n\t\t\t\t<div class=\"elementor-widget-container\">\n\t\t\t<h2 class=\"elementor-heading-title elementor-size-default\">Fluxo de encaminhamento do pedido<\/h2>\t\t<\/div>\n\t\t\t\t<\/div>\n\t\t\t\t<div class=\"elementor-element elementor-element-56beee0 elementor-widget elementor-widget-text-editor\" data-id=\"56beee0\" data-element_type=\"widget\" data-widget_type=\"text-editor.default\">\n\t\t\t\t<div class=\"elementor-widget-container\">\n\t\t\t\t\t\t\t<p><span style=\"font-size: 14pt;\">O pedido de participa\u00e7\u00e3o no Programa de Bolsas para Professores Visitantes deve ser formulado inicialmente pelo Departamento, ap\u00f3s aprova\u00e7\u00e3o de seu Conselho. Uma vez aprovado, o pedido \u00e9 submetido \u00e0 Congrega\u00e7\u00e3o da Unidade e, caso aprovado por esta, \u00e9 encaminhado ao Comit\u00ea do Programa para an\u00e1lise.<\/span><\/p><p><span style=\"font-size: 14pt;\">Nas Unidades que n\u00e3o possuem Departamentos, os pedidos devem ser formulados pelas comiss\u00f5es referenciadas nos artigos 48 a 50 do Estatuto da Universidade. Nos demais \u00f3rg\u00e3os, o pedido \u00e9 submetido diretamente ao Conselho Deliberativo ou ao \u00f3rg\u00e3o colegiado m\u00e1ximo e, se aprovado, encaminhado ao Comit\u00ea.<\/span><\/p>\t\t\t\t\t\t<\/div>\n\t\t\t\t<\/div>\n\t\t\t\t<div class=\"elementor-element elementor-element-88e203f elementor-widget elementor-widget-image\" data-id=\"88e203f\" data-element_type=\"widget\" data-widget_type=\"image.default\">\n\t\t\t\t<div class=\"elementor-widget-container\">\n\t\t\t\t\t\t\t\t\t\t<figure class=\"wp-caption\">\n\t\t\t\t\t\t\t\t\t\t<img fetchpriority=\"high\" decoding=\"async\" width=\"1716\" height=\"1180\" src=\"https:\/\/sites.usp.br\/gvr\/wp-content\/uploads\/sites\/17\/2024\/09\/Departamento-Orgao-e1726605386613.png\" class=\"attachment-2048x2048 size-2048x2048 wp-image-3431\" alt=\"\" srcset=\"https:\/\/sites.usp.br\/gvr\/wp-content\/uploads\/sites\/17\/2024\/09\/Departamento-Orgao-e1726605386613.png 1716w, https:\/\/sites.usp.br\/gvr\/wp-content\/uploads\/sites\/17\/2024\/09\/Departamento-Orgao-e1726605386613-300x206.png 300w, https:\/\/sites.usp.br\/gvr\/wp-content\/uploads\/sites\/17\/2024\/09\/Departamento-Orgao-e1726605386613-1024x704.png 1024w, https:\/\/sites.usp.br\/gvr\/wp-content\/uploads\/sites\/17\/2024\/09\/Departamento-Orgao-e1726605386613-768x528.png 768w, https:\/\/sites.usp.br\/gvr\/wp-content\/uploads\/sites\/17\/2024\/09\/Departamento-Orgao-e1726605386613-1536x1056.png 1536w\" sizes=\"(max-width: 1716px) 100vw, 1716px\" \/>\t\t\t\t\t\t\t\t\t\t\t<figcaption class=\"widget-image-caption wp-caption-text\">Resumo do fluxo das solicita\u00e7\u00f5es de bolsa<\/figcaption>\n\t\t\t\t\t\t\t\t\t\t<\/figure>\n\t\t\t\t\t\t\t<\/div>\n\t\t\t\t<\/div>\n\t\t\t\t\t<\/div>\n\t\t\t\t<\/div>\n\t\t<div class=\"elementor-element elementor-element-e00723a e-flex e-con-boxed e-con e-parent\" data-id=\"e00723a\" data-element_type=\"container\">\n\t\t\t\t\t<div class=\"e-con-inner\">\n\t\t\t\t<div class=\"elementor-element elementor-element-e09b7c5 elementor-widget elementor-widget-heading\" data-id=\"e09b7c5\" data-element_type=\"widget\" data-widget_type=\"heading.default\">\n\t\t\t\t<div class=\"elementor-widget-container\">\n\t\t\t<h2 class=\"elementor-heading-title elementor-size-default\">A solicita\u00e7\u00e3o da bolsa<\/h2>\t\t<\/div>\n\t\t\t\t<\/div>\n\t\t\t\t<div class=\"elementor-element elementor-element-3f283e6 elementor-widget elementor-widget-text-editor\" data-id=\"3f283e6\" data-element_type=\"widget\" data-widget_type=\"text-editor.default\">\n\t\t\t\t<div class=\"elementor-widget-container\">\n\t\t\t\t\t\t\t<p><span style=\"font-size: 18.6667px;\">A solicita\u00e7\u00e3o ser\u00e1 feita por meio da abertura de processo. Conforme artigo 5\u00b0 da Resolu\u00e7\u00e3o 7192\/2016, o pedido dever\u00e1 apresentar as aprova\u00e7\u00f5es nas inst\u00e2ncias compententes e conter:<\/span><\/p><p style=\"padding-left: 40px;\"><span style=\"font-size: 18.6667px;\">a) justificativa acad\u00eamica;<br \/><\/span><span style=\"font-size: 18.6667px;\">b) projeto de pesquisa em \u00e1rea de interessa da Unidade\/\u00d3rg\u00e3o, que envolva a forma\u00e7\u00e3o de recursos humanos nos diferentes n\u00edveis (inicia\u00e7\u00e3o cient\u00edfica, mestrado, doutorado e p\u00f3s-doutorado) e promova o interc\u00e2mbio docente e discente;<br \/>c) plano de trabalho a ser executado pelo Professor Visitante, detalhando de forma circunstanciada as rela\u00e7\u00f5es das atividades propostas com o ensino, a pesquisa, a cultura e a extens\u00e3o da USP;<br \/>d) curriculum vitae do Professor Visitante.<\/span><\/p>\t\t\t\t\t\t<\/div>\n\t\t\t\t<\/div>\n\t\t\t\t\t<\/div>\n\t\t\t\t<\/div>\n\t\t<div class=\"elementor-element elementor-element-937d48b e-flex e-con-boxed e-con e-parent\" data-id=\"937d48b\" data-element_type=\"container\">\n\t\t\t\t\t<div class=\"e-con-inner\">\n\t\t\t\t<div class=\"elementor-element elementor-element-4ac0a71 elementor-widget elementor-widget-heading\" data-id=\"4ac0a71\" data-element_type=\"widget\" data-widget_type=\"heading.default\">\n\t\t\t\t<div class=\"elementor-widget-container\">\n\t\t\t<h2 class=\"elementor-heading-title elementor-size-default\">Informa\u00e7\u00f5es sobre a bolsa<\/h2>\t\t<\/div>\n\t\t\t\t<\/div>\n\t\t\t\t<div class=\"elementor-element elementor-element-e503bf3 elementor-widget elementor-widget-text-editor\" data-id=\"e503bf3\" data-element_type=\"widget\" data-widget_type=\"text-editor.default\">\n\t\t\t\t<div class=\"elementor-widget-container\">\n\t\t\t\t\t\t\t<p><span style=\"font-size: 14pt;\">A bolsa concedida ao Professor Visitante n\u00e3o poder\u00e1 exceder o valor correspondente \u00e0 remunera\u00e7\u00e3o de um Professor MS-6 em regime de dedica\u00e7\u00e3o exclusiva (RDIDP). O Comit\u00ea do Programa define os crit\u00e9rios para a atribui\u00e7\u00e3o dos valores das bolsas. Al\u00e9m dos recursos internos da USP, o Programa poder\u00e1 contar com recursos financeiros externos, seja por meio de bolsas concedidas diretamente ao Professor Visitante, seja por doa\u00e7\u00f5es feitas \u00e0 USP para o pagamento da bolsa. No caso de recursos externos, as bolsas n\u00e3o estar\u00e3o sujeitas ao teto de valor definido internamente.<\/span><\/p><p><span style=\"font-size: 14pt;\">A dura\u00e7\u00e3o da bolsa varia de um m\u00ednimo de um m\u00eas at\u00e9 um m\u00e1ximo de doze meses, cont\u00ednuos ou intercalados. Em situa\u00e7\u00f5es excepcionais, devidamente justificadas, a bolsa pode ser prorrogada por at\u00e9 24 meses. Professores Visitantes provenientes do exterior ter\u00e3o direito a bilhetes a\u00e9reos em classe econ\u00f4mica e um aux\u00edlio para seguro-sa\u00fade. Aqueles residentes no Brasil receber\u00e3o aux\u00edlio para deslocamentos necess\u00e1rios ao cumprimento de suas atividades no Programa. Al\u00e9m disso, os Professores Visitantes poder\u00e3o utilizar a infraestrutura da USP, embora n\u00e3o tenham direito a representa\u00e7\u00e3o nos colegiados, nem possam exercer cargos ou fun\u00e7\u00f5es administrativas na universidade.<\/span><\/p>\t\t\t\t\t\t<\/div>\n\t\t\t\t<\/div>\n\t\t\t\t\t<\/div>\n\t\t\t\t<\/div>\n\t\t<div class=\"elementor-element elementor-element-73939c3 e-flex e-con-boxed e-con e-parent\" data-id=\"73939c3\" data-element_type=\"container\">\n\t\t\t\t\t<div class=\"e-con-inner\">\n\t\t\t\t<div class=\"elementor-element elementor-element-7b86973 elementor-widget elementor-widget-heading\" data-id=\"7b86973\" data-element_type=\"widget\" data-widget_type=\"heading.default\">\n\t\t\t\t<div class=\"elementor-widget-container\">\n\t\t\t<h2 class=\"elementor-heading-title elementor-size-default\">Comit\u00ea Gestor de Bolsas para Professor Visitante<\/h2>\t\t<\/div>\n\t\t\t\t<\/div>\n\t\t\t\t<div class=\"elementor-element elementor-element-66be7f2 elementor-widget elementor-widget-text-editor\" data-id=\"66be7f2\" data-element_type=\"widget\" data-widget_type=\"text-editor.default\">\n\t\t\t\t<div class=\"elementor-widget-container\">\n\t\t\t\t\t\t\t<p><span style=\"font-size: 14pt;\">O Programa de Bolsas para Professores Visitantes ser\u00e1 gerenciado por um Comit\u00ea com a seguinte composi\u00e7\u00e3o:<br \/>I \u2013 o Reitor, seu Presidente;<br \/>II \u2013 o Vice-Reitor, seu Vice-Presidente;<br \/>III \u2013 o Presidente da Ag\u00eancia USP de Coopera\u00e7\u00e3o Acad\u00eamica Nacional e Internacional (AUCANI);<br \/>IV \u2013 o Pr\u00f3-Reitor de P\u00f3s-Gradua\u00e7\u00e3o;<br \/>V \u2013 o Pr\u00f3-Reitor de Pesquisa;<br \/>VI \u2013 o Presidente da Comiss\u00e3o de Atividades Acad\u00eamicas (CAA);<br \/>VII \u2013 um discente, escolhido pelo Reitor dentre a representa\u00e7\u00e3o discente no Conselho Universit\u00e1rio.<br \/><\/span><\/p>\t\t\t\t\t\t<\/div>\n\t\t\t\t<\/div>\n\t\t\t\t\t<\/div>\n\t\t\t\t<\/div>\n\t\t<div class=\"elementor-element elementor-element-36e3429 e-flex e-con-boxed e-con e-parent\" data-id=\"36e3429\" data-element_type=\"container\" data-settings=\"{&quot;background_background&quot;:&quot;classic&quot;}\">\n\t\t\t\t\t<div class=\"e-con-inner\">\n\t\t<div class=\"elementor-element elementor-element-d41490a e-con-full e-flex e-con e-child\" data-id=\"d41490a\" data-element_type=\"container\" data-settings=\"{&quot;background_background&quot;:&quot;classic&quot;}\">\n\t\t<div class=\"elementor-element elementor-element-df77607 e-con-full e-flex e-con e-child\" data-id=\"df77607\" data-element_type=\"container\" data-settings=\"{&quot;background_background&quot;:&quot;classic&quot;}\">\n\t\t<a class=\"eael-wrapper-link-2d62a64 --eael-wrapper-link-tag\" href=\"https:\/\/sites.usp.br\/gvr\/composicao-do-comite-gestor-de-bolsas-para-professores-visitantes\/\"><\/a><div data-eael-wrapper-link=\"eael-wrapper-link-2d62a64\" class=\"elementor-element elementor-element-2d62a64 e-con-full e-flex e-con e-child\" data-id=\"2d62a64\" data-element_type=\"container\" data-settings=\"{&quot;background_background&quot;:&quot;classic&quot;}\">\n\t\t\t\t<div class=\"elementor-element elementor-element-d54d364 elementor-widget elementor-widget-heading\" data-id=\"d54d364\" data-element_type=\"widget\" data-widget_type=\"heading.default\">\n\t\t\t\t<div class=\"elementor-widget-container\">\n\t\t\t<h2 class=\"elementor-heading-title elementor-size-default\">Atuais membros do Comit\u00ea Gestor<\/h2>\t\t<\/div>\n\t\t\t\t<\/div>\n\t\t\t\t<\/div>\n\t\t\t\t<\/div>\n\t\t\t\t<\/div>\n\t\t\t\t\t<\/div>\n\t\t\t\t<\/div>\n\t\t\t\t<\/div>\n\t\t","protected":false},"excerpt":{"rendered":"<p>Programa de Bolsas Para Professores VisitantesSaiba mais sobre o programa, fluxos de solicita\u00e7\u00f5es e benef\u00edcios assessoriagvr@usp.br &#8211; (11) 2648-0630 O Programa de Bolsas para Professores Visitantes da Universidade de S\u00e3o Paulo tem como objetivo promover interc\u00e2mbio acad\u00eamico, cient\u00edfico e cultural, visando a fortalecer as atividades de ensino e pesquisa por meio da troca de conhecimentos [&hellip;]<\/p>\n","protected":false},"author":24023,"featured_media":0,"parent":0,"menu_order":0,"comment_status":"closed","ping_status":"closed","template":"elementor_header_footer","meta":{"footnotes":"","_links_to":"","_links_to_target":""},"class_list":["post-3428","page","type-page","status-publish","hentry"],"_links":{"self":[{"href":"https:\/\/sites.usp.br\/gvr\/wp-json\/wp\/v2\/pages\/3428","targetHints":{"allow":["GET"]}}],"collection":[{"href":"https:\/\/sites.usp.br\/gvr\/wp-json\/wp\/v2\/pages"}],"about":[{"href":"https:\/\/sites.usp.br\/gvr\/wp-json\/wp\/v2\/types\/page"}],"author":[{"embeddable":true,"href":"https:\/\/sites.usp.br\/gvr\/wp-json\/wp\/v2\/users\/24023"}],"replies":[{"embeddable":true,"href":"https:\/\/sites.usp.br\/gvr\/wp-json\/wp\/v2\/comments?post=3428"}],"version-history":[{"count":4,"href":"https:\/\/sites.usp.br\/gvr\/wp-json\/wp\/v2\/pages\/3428\/revisions"}],"predecessor-version":[{"id":4980,"href":"https:\/\/sites.usp.br\/gvr\/wp-json\/wp\/v2\/pages\/3428\/revisions\/4980"}],"wp:attachment":[{"href":"https:\/\/sites.usp.br\/gvr\/wp-json\/wp\/v2\/media?parent=3428"}],"curies":[{"name":"wp","href":"https:\/\/api.w.org\/{rel}","templated":true}]}}