{"id":61,"date":"2014-01-30T15:19:37","date_gmt":"2014-01-30T17:19:37","guid":{"rendered":"http:\/\/sites.usp.br\/gvr\/?page_id=61"},"modified":"2026-01-28T09:43:09","modified_gmt":"2026-01-28T12:43:09","slug":"a-vice-reitora","status":"publish","type":"page","link":"https:\/\/sites.usp.br\/gvr\/gabinete\/a-vice-reitora\/","title":{"rendered":"A Vice-Reitora"},"content":{"rendered":"\t\t<div data-elementor-type=\"wp-page\" data-elementor-id=\"61\" class=\"elementor elementor-61\" data-elementor-post-type=\"page\">\n\t\t\t\t<div class=\"elementor-element elementor-element-e85f709 e-con-full e-flex e-con e-parent\" data-id=\"e85f709\" data-element_type=\"container\" data-settings=\"{&quot;background_background&quot;:&quot;classic&quot;}\">\n\t\t\t\t<div class=\"elementor-element elementor-element-6dd861f e-transform elementor-widget__width-inherit elementor--h-position-center elementor--v-position-middle elementor-widget elementor-widget-slides\" data-id=\"6dd861f\" data-element_type=\"widget\" data-settings=\"{&quot;_transform_scale_effect&quot;:{&quot;unit&quot;:&quot;px&quot;,&quot;size&quot;:1.05,&quot;sizes&quot;:[]},&quot;transition&quot;:&quot;fade&quot;,&quot;navigation&quot;:&quot;none&quot;,&quot;transition_speed&quot;:500,&quot;_transform_scale_effect_tablet&quot;:{&quot;unit&quot;:&quot;px&quot;,&quot;size&quot;:&quot;&quot;,&quot;sizes&quot;:[]},&quot;_transform_scale_effect_mobile&quot;:{&quot;unit&quot;:&quot;px&quot;,&quot;size&quot;:&quot;&quot;,&quot;sizes&quot;:[]}}\" data-widget_type=\"slides.default\">\n\t\t\t\t<div class=\"elementor-widget-container\">\n\t\t\t\t\t<div class=\"elementor-swiper\">\n\t\t\t<div class=\"elementor-slides-wrapper elementor-main-swiper swiper\" dir=\"ltr\" data-animation=\"\">\n\t\t\t\t<div class=\"swiper-wrapper elementor-slides\">\n\t\t\t\t\t\t\t\t\t\t<div class=\"elementor-repeater-item-ed2ffa7 swiper-slide\"><div class=\"swiper-slide-bg\" role=\"img\"><\/div><div class=\"elementor-background-overlay\"><\/div><div class=\"swiper-slide-inner\" ><div class=\"swiper-slide-contents\"><div class=\"elementor-slide-heading\">A Vice-Reitora<\/div><div class=\"elementor-slide-description\">Saiba mais sobre a carreira da Professora Liedi L\u00e9gi Bariani Bernucci<\/div><\/div><\/div><\/div>\t\t\t\t<\/div>\n\t\t\t\t\t\t\t<\/div>\n\t\t<\/div>\n\t\t\t\t<\/div>\n\t\t\t\t<\/div>\n\t\t\t\t<\/div>\n\t\t<div class=\"elementor-element elementor-element-164637d9 e-flex e-con-boxed e-con e-parent\" data-id=\"164637d9\" data-element_type=\"container\">\n\t\t\t\t\t<div class=\"e-con-inner\">\n\t\t\t\t<div class=\"elementor-element elementor-element-7fe16590 elementor-widget elementor-widget-text-editor\" data-id=\"7fe16590\" data-element_type=\"widget\" data-widget_type=\"text-editor.default\">\n\t\t\t\t<div class=\"elementor-widget-container\">\n\t\t\t\t\t\t\t<div id=\"attachment_4780\" style=\"width: 254px\" class=\"wp-caption alignleft justify justify\"><img fetchpriority=\"high\" decoding=\"async\" aria-describedby=\"caption-attachment-4780\" class=\"wp-image-4780 size-medium\" src=\"http:\/\/sites.usp.br\/gvr\/wp-content\/uploads\/sites\/17\/2026\/01\/20260123_04_posse-reitor_liedi-244x300.jpeg\" alt=\"Vice-Reitora Liedi L\u00e9gi Bariani Bernucci durante a cerim\u00f4nia de posse, em 23\/01\/2026 - Foto: Cec\u00edlia Bastos\/USP Imagens\" width=\"244\" height=\"300\" srcset=\"https:\/\/sites.usp.br\/gvr\/wp-content\/uploads\/sites\/17\/2026\/01\/20260123_04_posse-reitor_liedi-244x300.jpeg 244w, https:\/\/sites.usp.br\/gvr\/wp-content\/uploads\/sites\/17\/2026\/01\/20260123_04_posse-reitor_liedi.jpeg 500w\" sizes=\"(max-width: 244px) 100vw, 244px\" \/><p id=\"caption-attachment-4780\" class=\"wp-caption-text\"><span style=\"font-size: 12pt;\">Vice-Reitora Liedi L\u00e9gi Bariani Bernucci durante a cerim\u00f4nia de posse, em 23\/01\/2026 &#8211; Foto: Cec\u00edlia Bastos\/USP Imagens<\/span><\/p><\/div><p style=\"text-align: justify;\"><span style=\"font-size: 14pt;\">Nasceu em Jarinu, no interior paulista, e estudou em escolas p\u00fablicas. Ingressou na Escola Polit\u00e9cnica da USP, onde se graduou Engenheira Civil em 1981 e iniciou o mestrado em tempo integral com bolsa do CNPq, fato raro \u00e0 \u00e9poca em que os Engenheiros Civis trabalhavam em projetistas, empreiteiras, consultoria ou no mercado financeiro. Nesse per\u00edodo, realizou est\u00e1gio no ETH de Zurique, Su\u00ed\u00e7a, refer\u00eancia mundial, o que ampliou sua vis\u00e3o de pesquisa e inova\u00e7\u00e3o, desenvolvendo carreira que combinou rigor t\u00e9cnico e sensibilidade social, trabalhando com estradas vicinais, com aplica\u00e7\u00f5es no Brasil e pa\u00edses da \u00c1frica.<\/span><\/p><p style=\"text-align: justify;\"><span style=\"font-size: 14pt;\">De volta ao Brasil, em 1986, integrou o Departamento de Engenharia de Transportes da Poli ainda como Auxiliar de Ensino, Assistente em 1987 e Doutora em 1995. Parte de seu doutorado foi feito novamente na ETH de Zurique, com bolsa da FAPESP. Em 2001, tornou-se Professora Associada e em 2006 Professora Titular. Em 1995, assumiu a coordena\u00e7\u00e3o do Laborat\u00f3rio de Tecnologia de Pavimenta\u00e7\u00e3o, ampliando sua capacidade did\u00e1tica e de pesquisa. Contribuiu para fundar o mais completo laborat\u00f3rio de pesquisas em ferrovias do Brasil. Formou dezenas de alunos de inicia\u00e7\u00e3o cient\u00edfica, mais de 50 mestres e doutores e v\u00e1rios p\u00f3s-doutores. Seu reconhecimento levou a ser pesquisadora PQA do CNPq.<\/span><\/p><p style=\"text-align: justify;\"><span style=\"font-size: 14pt;\">A partir de 2003, vem assumindo cargos de gest\u00e3o, como Vice-chefe e Chefe de seu Departamento, Vice-Diretora de 2014 a 2018, e Diretora da POLI entre 2018 e 2021, sendo a primeira mulher a assumir estas fun\u00e7\u00f5es em toda a hist\u00f3ria centen\u00e1ria da Polit\u00e9cnica. Consolidou-se como refer\u00eancia em gest\u00e3o, com 21 anos de atua\u00e7\u00e3o, sempre comprometida em forma\u00e7\u00e3o de redes de ensino, pesquisa e inova\u00e7\u00e3o, e cultura e extens\u00e3o, e abrir caminhos para a presen\u00e7a de mulheres na engenharia e em cargos de lideran\u00e7a acad\u00eamica, fortalecendo pol\u00edticas de inclus\u00e3o e diversidade. Presidiu o IPT \u2013 Instituto de Pesquisas Tecnol\u00f3gicas, empresa p\u00fablica do Governo do Estado de S\u00e3o Paulo, entre 2022 e 2024, conduzindo-o com foco em excel\u00eancia cient\u00edfica e inova\u00e7\u00e3o voltada ao pa\u00eds. Foi membro do Conselho Superior da Fapesp, \u00e9 membro de v\u00e1rios Conselhos brasileiros e Internacionais, da Academia Nacional de Engenharia e foi eleita em 2025 para a Academia de Ci\u00eancias do Estado de S\u00e3o Paulo (ACIESP).<\/span><\/p><p style=\"text-align: justify;\"><span style=\"font-size: 14pt;\">Pesquisadora, professora e gestora pioneira, Liedi consolidou trajet\u00f3ria que une produ\u00e7\u00e3o acad\u00eamica de impacto, lideran\u00e7a institucional e engajamento social, com especial destaque \u00e0 inclus\u00e3o de mulheres na ci\u00eancia e na tecnologia e ao papel da universidade em servir \u00e0 sociedade.<\/span><\/p><p style=\"text-align: right;\"><span style=\"font-size: 14pt;\">Fonte: <a href=\"https:\/\/usppelaspessoas.com.br\/timeline-liedi\/\">USP pelas Pessoas<\/a><\/span><\/p>\t\t\t\t\t\t<\/div>\n\t\t\t\t<\/div>\n\t\t\t\t\t<\/div>\n\t\t\t\t<\/div>\n\t\t\t\t<\/div>\n\t\t","protected":false},"excerpt":{"rendered":"<p>A Vice-ReitoraSaiba mais sobre a carreira da Professora Liedi L\u00e9gi Bariani Bernucci Nasceu em Jarinu, no interior paulista, e estudou em escolas p\u00fablicas. Ingressou na Escola Polit\u00e9cnica da USP, onde se graduou Engenheira Civil em 1981 e iniciou o mestrado em tempo integral com bolsa do CNPq, fato raro \u00e0 \u00e9poca em que os Engenheiros [&hellip;]<\/p>\n","protected":false},"author":1,"featured_media":0,"parent":3268,"menu_order":1,"comment_status":"closed","ping_status":"closed","template":"elementor_header_footer","meta":{"footnotes":"","_links_to":"","_links_to_target":""},"class_list":["post-61","page","type-page","status-publish","hentry"],"_links":{"self":[{"href":"https:\/\/sites.usp.br\/gvr\/wp-json\/wp\/v2\/pages\/61","targetHints":{"allow":["GET"]}}],"collection":[{"href":"https:\/\/sites.usp.br\/gvr\/wp-json\/wp\/v2\/pages"}],"about":[{"href":"https:\/\/sites.usp.br\/gvr\/wp-json\/wp\/v2\/types\/page"}],"author":[{"embeddable":true,"href":"https:\/\/sites.usp.br\/gvr\/wp-json\/wp\/v2\/users\/1"}],"replies":[{"embeddable":true,"href":"https:\/\/sites.usp.br\/gvr\/wp-json\/wp\/v2\/comments?post=61"}],"version-history":[{"count":4,"href":"https:\/\/sites.usp.br\/gvr\/wp-json\/wp\/v2\/pages\/61\/revisions"}],"predecessor-version":[{"id":4792,"href":"https:\/\/sites.usp.br\/gvr\/wp-json\/wp\/v2\/pages\/61\/revisions\/4792"}],"up":[{"embeddable":true,"href":"https:\/\/sites.usp.br\/gvr\/wp-json\/wp\/v2\/pages\/3268"}],"wp:attachment":[{"href":"https:\/\/sites.usp.br\/gvr\/wp-json\/wp\/v2\/media?parent=61"}],"curies":[{"name":"wp","href":"https:\/\/api.w.org\/{rel}","templated":true}]}}