{"id":973,"date":"2023-06-27T16:02:51","date_gmt":"2023-06-27T18:02:51","guid":{"rendered":"https:\/\/sites.usp.br\/gvr\/?page_id=973"},"modified":"2023-12-12T16:10:30","modified_gmt":"2023-12-12T18:10:30","slug":"noticias","status":"publish","type":"page","link":"https:\/\/sites.usp.br\/gvr\/noticias\/","title":{"rendered":"Not\u00edcias"},"content":{"rendered":"\t\t<div data-elementor-type=\"wp-page\" data-elementor-id=\"973\" class=\"elementor elementor-973\" data-elementor-post-type=\"page\">\n\t\t\t\t\t\t<section class=\"elementor-section elementor-top-section elementor-element elementor-element-5c9fc13 elementor-section-boxed elementor-section-height-default elementor-section-height-default\" data-id=\"5c9fc13\" data-element_type=\"section\">\n\t\t\t\t\t\t<div class=\"elementor-container elementor-column-gap-default\">\n\t\t\t\t\t<div class=\"elementor-column elementor-col-100 elementor-top-column elementor-element elementor-element-c7107c6\" data-id=\"c7107c6\" data-element_type=\"column\">\n\t\t\t<div class=\"elementor-widget-wrap elementor-element-populated\">\n\t\t\t\t\t\t<div class=\"elementor-element elementor-element-b1d404f elementor-grid-2 elementor-grid-tablet-2 elementor-grid-mobile-1 elementor-posts--thumbnail-top elementor-card-shadow-yes elementor-posts__hover-gradient elementor-widget elementor-widget-posts\" data-id=\"b1d404f\" data-element_type=\"widget\" data-settings=\"{&quot;cards_columns&quot;:&quot;2&quot;,&quot;cards_masonry&quot;:&quot;yes&quot;,&quot;cards_row_gap&quot;:{&quot;unit&quot;:&quot;px&quot;,&quot;size&quot;:26,&quot;sizes&quot;:[]},&quot;pagination_type&quot;:&quot;numbers_and_prev_next&quot;,&quot;cards_columns_tablet&quot;:&quot;2&quot;,&quot;cards_columns_mobile&quot;:&quot;1&quot;,&quot;cards_row_gap_tablet&quot;:{&quot;unit&quot;:&quot;px&quot;,&quot;size&quot;:&quot;&quot;,&quot;sizes&quot;:[]},&quot;cards_row_gap_mobile&quot;:{&quot;unit&quot;:&quot;px&quot;,&quot;size&quot;:&quot;&quot;,&quot;sizes&quot;:[]}}\" data-widget_type=\"posts.cards\">\n\t\t\t\t<div class=\"elementor-widget-container\">\n\t\t\t\t\t<div class=\"elementor-posts-container elementor-posts elementor-posts--skin-cards elementor-grid\">\n\t\t\t\t<article class=\"elementor-post elementor-grid-item post-4849 post type-post status-publish format-standard hentry category-geral category-noticias tag-noticias\">\n\t\t\t<div class=\"elementor-post__card\">\n\t\t\t\t<div class=\"elementor-post__text\">\n\t\t\t\t<h4 class=\"elementor-post__title\">\n\t\t\t<a href=\"https:\/\/jornal.usp.br\/institucional\/na-universidade-a-desigualdade-ainda-existe-afirma-vice-reitora-da-usp\/\" >\n\t\t\t\t&#8220;\u201cNa universidade, a desigualdade ainda existe\u201d, afirma vice-reitora da USP&#8221;, por Jornal da USP\t\t\t<\/a>\n\t\t<\/h4>\n\t\t\t\t<div class=\"elementor-post__excerpt\">\n\t\t\t\t\t<\/div>\n\t\t\n\t\t<a class=\"elementor-post__read-more\" href=\"https:\/\/jornal.usp.br\/institucional\/na-universidade-a-desigualdade-ainda-existe-afirma-vice-reitora-da-usp\/\" aria-label=\"Read more about &#8220;\u201cNa universidade, a desigualdade ainda existe\u201d, afirma vice-reitora da USP&#8221;, por Jornal da USP\" tabindex=\"-1\" >\n\t\t\tSaiba mais\t\t<\/a>\n\n\t\t\t\t<\/div>\n\t\t\t\t\t<\/div>\n\t\t<\/article>\n\t\t\t\t<article class=\"elementor-post elementor-grid-item post-4846 post type-post status-publish format-standard hentry category-geral category-noticias tag-noticias\">\n\t\t\t<div class=\"elementor-post__card\">\n\t\t\t\t<div class=\"elementor-post__text\">\n\t\t\t\t<h4 class=\"elementor-post__title\">\n\t\t\t<a href=\"https:\/\/jornal.usp.br\/comunicados\/por-dentro-da-usp-apresenta-destaques-da-cerimonia-de-posse-do-reitor-e-da-vice-reitora\/\" >\n\t\t\t\t&#8220;\u201cPor Dentro da USP\u201d apresenta destaques da cerim\u00f4nia de posse do reitor e da vice-reitora&#8221;, por Jornal da USP (Michel Sitnik)\t\t\t<\/a>\n\t\t<\/h4>\n\t\t\t\t<div class=\"elementor-post__excerpt\">\n\t\t\t\t\t<\/div>\n\t\t\n\t\t<a class=\"elementor-post__read-more\" href=\"https:\/\/jornal.usp.br\/comunicados\/por-dentro-da-usp-apresenta-destaques-da-cerimonia-de-posse-do-reitor-e-da-vice-reitora\/\" aria-label=\"Read more about &#8220;\u201cPor Dentro da USP\u201d apresenta destaques da cerim\u00f4nia de posse do reitor e da vice-reitora&#8221;, por Jornal da USP (Michel Sitnik)\" tabindex=\"-1\" >\n\t\t\tSaiba mais\t\t<\/a>\n\n\t\t\t\t<\/div>\n\t\t\t\t\t<\/div>\n\t\t<\/article>\n\t\t\t\t<article class=\"elementor-post elementor-grid-item post-4797 post type-post status-publish format-standard hentry category-geral category-noticias tag-noticias\">\n\t\t\t<div class=\"elementor-post__card\">\n\t\t\t\t<div class=\"elementor-post__text\">\n\t\t\t\t<h4 class=\"elementor-post__title\">\n\t\t\t<a href=\"https:\/\/jornal.usp.br\/institucional\/nova-gestao-destaca-dialogo-e-responsabilidade-institucional-em-primeira-reuniao-de-equipe\/\" >\n\t\t\t\t&#8220;Nova gest\u00e3o destaca di\u00e1logo e responsabilidade institucional em primeira reuni\u00e3o de equipe&#8221;, por Jornal da USP (Denis Pacheco)\t\t\t<\/a>\n\t\t<\/h4>\n\t\t\t\t<div class=\"elementor-post__excerpt\">\n\t\t\t\t\t<\/div>\n\t\t\n\t\t<a class=\"elementor-post__read-more\" href=\"https:\/\/jornal.usp.br\/institucional\/nova-gestao-destaca-dialogo-e-responsabilidade-institucional-em-primeira-reuniao-de-equipe\/\" aria-label=\"Read more about &#8220;Nova gest\u00e3o destaca di\u00e1logo e responsabilidade institucional em primeira reuni\u00e3o de equipe&#8221;, por Jornal da USP (Denis Pacheco)\" tabindex=\"-1\" >\n\t\t\tSaiba mais\t\t<\/a>\n\n\t\t\t\t<\/div>\n\t\t\t\t\t<\/div>\n\t\t<\/article>\n\t\t\t\t<article class=\"elementor-post elementor-grid-item post-4745 post type-post status-publish format-standard hentry category-geral category-noticias tag-noticias\">\n\t\t\t<div class=\"elementor-post__card\">\n\t\t\t\t<div class=\"elementor-post__text\">\n\t\t\t\t<h4 class=\"elementor-post__title\">\n\t\t\t<a href=\"https:\/\/jornal.usp.br\/institucional\/este-e-o-momento-de-convidar-todas-e-todos-para-avancar-na-construcao-da-universidade-que-queremos\/\" >\n\t\t\t\t\u201cEste \u00e9 o momento de convidar todas e todos para avan\u00e7ar na constru\u00e7\u00e3o da Universidade que queremos\u201d, por Jornal da USP (Adriana Cruz e Erika Yamamoto)\t\t\t<\/a>\n\t\t<\/h4>\n\t\t\t\t<div class=\"elementor-post__excerpt\">\n\t\t\t\t\t<\/div>\n\t\t\n\t\t<a class=\"elementor-post__read-more\" href=\"https:\/\/jornal.usp.br\/institucional\/este-e-o-momento-de-convidar-todas-e-todos-para-avancar-na-construcao-da-universidade-que-queremos\/\" aria-label=\"Read more about \u201cEste \u00e9 o momento de convidar todas e todos para avan\u00e7ar na constru\u00e7\u00e3o da Universidade que queremos\u201d, por Jornal da USP (Adriana Cruz e Erika Yamamoto)\" tabindex=\"-1\" >\n\t\t\tSaiba mais\t\t<\/a>\n\n\t\t\t\t<\/div>\n\t\t\t\t\t<\/div>\n\t\t<\/article>\n\t\t\t\t<article class=\"elementor-post elementor-grid-item post-4719 post type-post status-publish format-standard hentry category-geral category-noticias tag-noticias\">\n\t\t\t<div class=\"elementor-post__card\">\n\t\t\t\t<div class=\"elementor-post__text\">\n\t\t\t\t<h4 class=\"elementor-post__title\">\n\t\t\t<a href=\"https:\/\/jornal.usp.br\/institucional\/novos-reitor-e-vice-reitora-da-usp-tomam-posse-no-proximo-dia-23-de-janeiro\/\" >\n\t\t\t\t&#8220;Novos reitor e vice-reitora da USP tomam posse no pr\u00f3ximo dia 23 de janeiro&#8221;, por Jornal da USP\t\t\t<\/a>\n\t\t<\/h4>\n\t\t\t\t<div class=\"elementor-post__excerpt\">\n\t\t\t\t\t<\/div>\n\t\t\n\t\t<a class=\"elementor-post__read-more\" href=\"https:\/\/jornal.usp.br\/institucional\/novos-reitor-e-vice-reitora-da-usp-tomam-posse-no-proximo-dia-23-de-janeiro\/\" aria-label=\"Read more about &#8220;Novos reitor e vice-reitora da USP tomam posse no pr\u00f3ximo dia 23 de janeiro&#8221;, por Jornal da USP\" tabindex=\"-1\" >\n\t\t\tSaiba mais\t\t<\/a>\n\n\t\t\t\t<\/div>\n\t\t\t\t\t<\/div>\n\t\t<\/article>\n\t\t\t\t<article class=\"elementor-post elementor-grid-item post-4702 post type-post status-publish format-standard hentry category-geral category-noticias tag-noticias\">\n\t\t\t<div class=\"elementor-post__card\">\n\t\t\t\t<div class=\"elementor-post__text\">\n\t\t\t\t<h4 class=\"elementor-post__title\">\n\t\t\t<a href=\"https:\/\/sites.usp.br\/gvr\/iniciativas\/igualdade-de-genero\/#materia-estadao-19-12-25\" >\n\t\t\t\t\u201cEstudo de universidades p\u00fablicas paulistas revela desigualdade em cargos de lideran\u00e7a\u201d, por O Estado de S\u00e3o Paulo (Alice Ferraz e Juliana Prado)\t\t\t<\/a>\n\t\t<\/h4>\n\t\t\t\t<div class=\"elementor-post__excerpt\">\n\t\t\t\t\t<\/div>\n\t\t\n\t\t<a class=\"elementor-post__read-more\" href=\"https:\/\/sites.usp.br\/gvr\/iniciativas\/igualdade-de-genero\/#materia-estadao-19-12-25\" aria-label=\"Read more about \u201cEstudo de universidades p\u00fablicas paulistas revela desigualdade em cargos de lideran\u00e7a\u201d, por O Estado de S\u00e3o Paulo (Alice Ferraz e Juliana Prado)\" tabindex=\"-1\" >\n\t\t\tSaiba mais\t\t<\/a>\n\n\t\t\t\t<\/div>\n\t\t\t\t\t<\/div>\n\t\t<\/article>\n\t\t\t\t<article class=\"elementor-post elementor-grid-item post-4696 post type-post status-publish format-standard hentry category-geral category-noticias tag-noticias\">\n\t\t\t<div class=\"elementor-post__card\">\n\t\t\t\t<div class=\"elementor-post__text\">\n\t\t\t\t<h4 class=\"elementor-post__title\">\n\t\t\t<a href=\"https:\/\/sites.usp.br\/gvr\/iniciativas\/igualdade-de-genero\/#encontro-mulheres-dirigentes-17-12-25\" >\n\t\t\t\t&#8220;Estudo in\u00e9dito dimensiona a desigualdade de g\u00eanero nas universidades p\u00fablicas de S\u00e3o Paulo&#8221;, por Jornal da USP (Michel Sitnik)\t\t\t<\/a>\n\t\t<\/h4>\n\t\t\t\t<div class=\"elementor-post__excerpt\">\n\t\t\t\t\t<\/div>\n\t\t\n\t\t<a class=\"elementor-post__read-more\" href=\"https:\/\/sites.usp.br\/gvr\/iniciativas\/igualdade-de-genero\/#encontro-mulheres-dirigentes-17-12-25\" aria-label=\"Read more about &#8220;Estudo in\u00e9dito dimensiona a desigualdade de g\u00eanero nas universidades p\u00fablicas de S\u00e3o Paulo&#8221;, por Jornal da USP (Michel Sitnik)\" tabindex=\"-1\" >\n\t\t\tSaiba mais\t\t<\/a>\n\n\t\t\t\t<\/div>\n\t\t\t\t\t<\/div>\n\t\t<\/article>\n\t\t\t\t<article class=\"elementor-post elementor-grid-item post-4552 post type-post status-publish format-standard has-post-thumbnail hentry category-geral category-noticias tag-noticias\">\n\t\t\t<div class=\"elementor-post__card\">\n\t\t\t\t<a class=\"elementor-post__thumbnail__link\" href=\"https:\/\/sites.usp.br\/gvr\/nota-de-pesar-sergio-miceli\/\" tabindex=\"-1\" ><div class=\"elementor-post__thumbnail\"><img fetchpriority=\"high\" decoding=\"async\" width=\"300\" height=\"200\" src=\"https:\/\/sites.usp.br\/gvr\/wp-content\/uploads\/sites\/17\/2025\/12\/Miceli_1-300x200.png\" class=\"attachment-medium size-medium wp-image-4555\" alt=\"Prof. S\u00e9rgio Miceli durante cerim\u00f4nia de concess\u00e3o de t\u00edtulo de Professor Em\u00e9rito - Foto: Beatriz Alves\/Assessoria de Imprensa FFLCH-USP\" srcset=\"https:\/\/sites.usp.br\/gvr\/wp-content\/uploads\/sites\/17\/2025\/12\/Miceli_1-300x200.png 300w, https:\/\/sites.usp.br\/gvr\/wp-content\/uploads\/sites\/17\/2025\/12\/Miceli_1-768x512.png 768w, https:\/\/sites.usp.br\/gvr\/wp-content\/uploads\/sites\/17\/2025\/12\/Miceli_1.png 800w\" sizes=\"(max-width: 300px) 100vw, 300px\" \/><\/div><\/a>\n\t\t\t\t<div class=\"elementor-post__text\">\n\t\t\t\t<h4 class=\"elementor-post__title\">\n\t\t\t<a href=\"https:\/\/sites.usp.br\/gvr\/nota-de-pesar-sergio-miceli\/\" >\n\t\t\t\tNota de Pesar: Professor Em\u00e9rito Sergio Miceli, soci\u00f3logo e diretor-presidente da Edusp\t\t\t<\/a>\n\t\t<\/h4>\n\t\t\t\t<div class=\"elementor-post__excerpt\">\n\t\t\t<p>NOTA DE PESAR Maria Arminda do Nascimento Arruda Soci\u00f3loga e professora da Faculdade de Filosofia, Letras e Ci\u00eancias Humanas (FFLCH\/ USP) Vice-reitora da Universidade de S\u00e3o Paulo &nbsp; Nesta triste data em que as ci\u00eancias<\/p>\n\t\t<\/div>\n\t\t\n\t\t<a class=\"elementor-post__read-more\" href=\"https:\/\/sites.usp.br\/gvr\/nota-de-pesar-sergio-miceli\/\" aria-label=\"Read more about Nota de Pesar: Professor Em\u00e9rito Sergio Miceli, soci\u00f3logo e diretor-presidente da Edusp\" tabindex=\"-1\" >\n\t\t\tSaiba mais\t\t<\/a>\n\n\t\t\t\t<\/div>\n\t\t\t\t\t<\/div>\n\t\t<\/article>\n\t\t\t\t<article class=\"elementor-post elementor-grid-item post-4550 post type-post status-publish format-standard hentry category-geral category-noticias tag-noticias\">\n\t\t\t<div class=\"elementor-post__card\">\n\t\t\t\t<div class=\"elementor-post__text\">\n\t\t\t\t<h4 class=\"elementor-post__title\">\n\t\t\t<a href=\"https:\/\/jornal.usp.br\/comunicados\/vice-reitora-da-usp-recebe-medalha-da-ordem-do-merito-do-ministerio-da-justica\/\" >\n\t\t\t\t&#8220;Vice-reitora da USP recebe Medalha da Ordem do M\u00e9rito do Minist\u00e9rio da Justi\u00e7a&#8221;, por Jornal da USP\t\t\t<\/a>\n\t\t<\/h4>\n\t\t\t\t<div class=\"elementor-post__excerpt\">\n\t\t\t\t\t<\/div>\n\t\t\n\t\t<a class=\"elementor-post__read-more\" href=\"https:\/\/jornal.usp.br\/comunicados\/vice-reitora-da-usp-recebe-medalha-da-ordem-do-merito-do-ministerio-da-justica\/\" aria-label=\"Read more about &#8220;Vice-reitora da USP recebe Medalha da Ordem do M\u00e9rito do Minist\u00e9rio da Justi\u00e7a&#8221;, por Jornal da USP\" tabindex=\"-1\" >\n\t\t\tSaiba mais\t\t<\/a>\n\n\t\t\t\t<\/div>\n\t\t\t\t\t<\/div>\n\t\t<\/article>\n\t\t\t\t<article class=\"elementor-post elementor-grid-item post-4548 post type-post status-publish format-standard hentry category-geral category-noticias tag-noticias\">\n\t\t\t<div class=\"elementor-post__card\">\n\t\t\t\t<div class=\"elementor-post__text\">\n\t\t\t\t<h4 class=\"elementor-post__title\">\n\t\t\t<a href=\"https:\/\/jornal.usp.br\/institucional\/concerto-na-sala-sao-paulo-celebra-gestao-reitoral-que-se-encerra-no-proximo-mes-de-janeiro\/\" >\n\t\t\t\t&#8220;Concerto musical celebra gest\u00e3o reitoral que se encerra no pr\u00f3ximo m\u00eas de janeiro&#8221;, por Jornal da USP (Adriana Cruz)\t\t\t<\/a>\n\t\t<\/h4>\n\t\t\t\t<div class=\"elementor-post__excerpt\">\n\t\t\t\t\t<\/div>\n\t\t\n\t\t<a class=\"elementor-post__read-more\" href=\"https:\/\/jornal.usp.br\/institucional\/concerto-na-sala-sao-paulo-celebra-gestao-reitoral-que-se-encerra-no-proximo-mes-de-janeiro\/\" aria-label=\"Read more about &#8220;Concerto musical celebra gest\u00e3o reitoral que se encerra no pr\u00f3ximo m\u00eas de janeiro&#8221;, por Jornal da USP (Adriana Cruz)\" tabindex=\"-1\" >\n\t\t\tSaiba mais\t\t<\/a>\n\n\t\t\t\t<\/div>\n\t\t\t\t\t<\/div>\n\t\t<\/article>\n\t\t\t\t<article class=\"elementor-post elementor-grid-item post-4717 post type-post status-publish format-standard hentry category-geral category-noticias tag-noticias\">\n\t\t\t<div class=\"elementor-post__card\">\n\t\t\t\t<div class=\"elementor-post__text\">\n\t\t\t\t<h4 class=\"elementor-post__title\">\n\t\t\t<a href=\"https:\/\/jornal.usp.br\/institucional\/usp-tem-novo-reitor-e-nova-vice-reitora-para-o-quadrienio-2026-2030\/\" >\n\t\t\t\t&#8220;USP tem novo reitor e nova vice-reitora para o per\u00edodo de 2026 a 2030&#8221;, por Jornal da USP (Adriana Cruz e Michel Sitnik)\t\t\t<\/a>\n\t\t<\/h4>\n\t\t\t\t<div class=\"elementor-post__excerpt\">\n\t\t\t\t\t<\/div>\n\t\t\n\t\t<a class=\"elementor-post__read-more\" href=\"https:\/\/jornal.usp.br\/institucional\/usp-tem-novo-reitor-e-nova-vice-reitora-para-o-quadrienio-2026-2030\/\" aria-label=\"Read more about &#8220;USP tem novo reitor e nova vice-reitora para o per\u00edodo de 2026 a 2030&#8221;, por Jornal da USP (Adriana Cruz e Michel Sitnik)\" tabindex=\"-1\" >\n\t\t\tSaiba mais\t\t<\/a>\n\n\t\t\t\t<\/div>\n\t\t\t\t\t<\/div>\n\t\t<\/article>\n\t\t\t\t<article class=\"elementor-post elementor-grid-item post-4546 post type-post status-publish format-standard hentry category-geral category-noticias tag-noticias\">\n\t\t\t<div class=\"elementor-post__card\">\n\t\t\t\t<div class=\"elementor-post__text\">\n\t\t\t\t<h4 class=\"elementor-post__title\">\n\t\t\t<a href=\"https:\/\/jornal.usp.br\/comunicados\/edicao-de-2025-do-encontro-de-dirigentes-da-usp-apresenta-principais-resultados-da-gestao\/\" >\n\t\t\t\t&#8220;Edi\u00e7\u00e3o de 2025 do Encontro de Dirigentes da USP apresenta principais resultados da gest\u00e3o&#8221;, por Jornal da USP (Adriana Cruz)\t\t\t<\/a>\n\t\t<\/h4>\n\t\t\t\t<div class=\"elementor-post__excerpt\">\n\t\t\t\t\t<\/div>\n\t\t\n\t\t<a class=\"elementor-post__read-more\" href=\"https:\/\/jornal.usp.br\/comunicados\/edicao-de-2025-do-encontro-de-dirigentes-da-usp-apresenta-principais-resultados-da-gestao\/\" aria-label=\"Read more about &#8220;Edi\u00e7\u00e3o de 2025 do Encontro de Dirigentes da USP apresenta principais resultados da gest\u00e3o&#8221;, por Jornal da USP (Adriana Cruz)\" tabindex=\"-1\" >\n\t\t\tSaiba mais\t\t<\/a>\n\n\t\t\t\t<\/div>\n\t\t\t\t\t<\/div>\n\t\t<\/article>\n\t\t\t\t<article class=\"elementor-post elementor-grid-item post-4544 post type-post status-publish format-standard hentry category-geral category-noticias tag-noticias\">\n\t\t\t<div class=\"elementor-post__card\">\n\t\t\t\t<div class=\"elementor-post__text\">\n\t\t\t\t<h4 class=\"elementor-post__title\">\n\t\t\t<a href=\"https:\/\/jornal.usp.br\/comunicados\/reitoria-lanca-relatorio-da-gestao-do-periodo-de-2022-a-2026\/\" >\n\t\t\t\t&#8220;Reitoria lan\u00e7a relat\u00f3rio da gest\u00e3o do per\u00edodo de 2022 a 2026&#8221;, por Jornal da USP (Adriana Cruz)\t\t\t<\/a>\n\t\t<\/h4>\n\t\t\t\t<div class=\"elementor-post__excerpt\">\n\t\t\t\t\t<\/div>\n\t\t\n\t\t<a class=\"elementor-post__read-more\" href=\"https:\/\/jornal.usp.br\/comunicados\/reitoria-lanca-relatorio-da-gestao-do-periodo-de-2022-a-2026\/\" aria-label=\"Read more about &#8220;Reitoria lan\u00e7a relat\u00f3rio da gest\u00e3o do per\u00edodo de 2022 a 2026&#8221;, por Jornal da USP (Adriana Cruz)\" tabindex=\"-1\" >\n\t\t\tSaiba mais\t\t<\/a>\n\n\t\t\t\t<\/div>\n\t\t\t\t\t<\/div>\n\t\t<\/article>\n\t\t\t\t<\/div>\n\t\t\n\t\t\t\t<div class=\"e-load-more-anchor\" data-page=\"1\" data-max-page=\"3\" data-next-page=\"https:\/\/sites.usp.br\/gvr\/wp-json\/wp\/v2\/pages\/973\/page\/2\/\"><\/div>\n\t\t\t\t<nav class=\"elementor-pagination\" aria-label=\"Pagina\u00e7\u00e3o\">\n\t\t\t<span class=\"page-numbers prev\">&laquo; Voltar<\/span>\n<span aria-current=\"page\" class=\"page-numbers current\"><span class=\"elementor-screen-only\">P\u00e1gina<\/span>1<\/span>\n<a class=\"page-numbers\" href=\"https:\/\/sites.usp.br\/gvr\/wp-json\/wp\/v2\/pages\/973\/page\/2\/\"><span class=\"elementor-screen-only\">P\u00e1gina<\/span>2<\/a>\n<a class=\"page-numbers\" href=\"https:\/\/sites.usp.br\/gvr\/wp-json\/wp\/v2\/pages\/973\/page\/3\/\"><span class=\"elementor-screen-only\">P\u00e1gina<\/span>3<\/a>\n<a class=\"page-numbers next\" href=\"https:\/\/sites.usp.br\/gvr\/wp-json\/wp\/v2\/pages\/973\/page\/2\/\">Pr\u00f3ximo &raquo<\/a>\t\t<\/nav>\n\t\t\t\t<\/div>\n\t\t\t\t<\/div>\n\t\t\t\t\t<\/div>\n\t\t<\/div>\n\t\t\t\t\t<\/div>\n\t\t<\/section>\n\t\t\t\t<\/div>\n\t\t","protected":false},"excerpt":{"rendered":"","protected":false},"author":23611,"featured_media":0,"parent":0,"menu_order":0,"comment_status":"closed","ping_status":"closed","template":"","meta":{"footnotes":"","_links_to":"","_links_to_target":""},"class_list":["post-973","page","type-page","status-publish","hentry"],"_links":{"self":[{"href":"https:\/\/sites.usp.br\/gvr\/wp-json\/wp\/v2\/pages\/973","targetHints":{"allow":["GET"]}}],"collection":[{"href":"https:\/\/sites.usp.br\/gvr\/wp-json\/wp\/v2\/pages"}],"about":[{"href":"https:\/\/sites.usp.br\/gvr\/wp-json\/wp\/v2\/types\/page"}],"author":[{"embeddable":true,"href":"https:\/\/sites.usp.br\/gvr\/wp-json\/wp\/v2\/users\/23611"}],"replies":[{"embeddable":true,"href":"https:\/\/sites.usp.br\/gvr\/wp-json\/wp\/v2\/comments?post=973"}],"version-history":[{"count":4,"href":"https:\/\/sites.usp.br\/gvr\/wp-json\/wp\/v2\/pages\/973\/revisions"}],"predecessor-version":[{"id":2019,"href":"https:\/\/sites.usp.br\/gvr\/wp-json\/wp\/v2\/pages\/973\/revisions\/2019"}],"wp:attachment":[{"href":"https:\/\/sites.usp.br\/gvr\/wp-json\/wp\/v2\/media?parent=973"}],"curies":[{"name":"wp","href":"https:\/\/api.w.org\/{rel}","templated":true}]}}