{"id":111,"date":"2017-03-27T00:01:13","date_gmt":"2017-03-27T02:01:13","guid":{"rendered":"http:\/\/sites.usp.br\/nehid\/?page_id=111"},"modified":"2020-05-13T11:34:43","modified_gmt":"2020-05-13T13:34:43","slug":"quem-somos","status":"publish","type":"page","link":"https:\/\/sites.usp.br\/heid\/quem-somos\/","title":{"rendered":"Quem somos"},"content":{"rendered":"<p>HEID \u00e9 uma rede global de pesquisadores comprometidos com o estudo, a preven\u00e7\u00e3o e o controle das doen\u00e7as infecciosas reconhecendo a complexidade do expossoma humano e a amea\u00e7a \u00e0 sa\u00fade planet\u00e1ria.<\/p>\n<p>Temos o objetivo de desenvolver estudos, promover a comunica\u00e7\u00e3o e articula\u00e7\u00e3o entre pesquisadores, profissionais, usu\u00e1rios e gestores dos servi\u00e7os de sa\u00fade; e promover a discuss\u00e3o e divulga\u00e7\u00e3o do conhecimento, sobre as doen\u00e7as infecciosas, por meio de f\u00f3runs, eventos cient\u00edficos, publica\u00e7\u00f5es, entrevistas entre outros.<\/p>\n","protected":false},"excerpt":{"rendered":"<p>HEID \u00e9 uma rede global de pesquisadores comprometidos com o estudo, a preven\u00e7\u00e3o e o [&hellip;]<\/p>\n","protected":false},"author":309,"featured_media":0,"parent":0,"menu_order":0,"comment_status":"closed","ping_status":"closed","template":"","meta":{"footnotes":"","_links_to":"","_links_to_target":""},"class_list":["post-111","page","type-page","status-publish","hentry"],"_links":{"self":[{"href":"https:\/\/sites.usp.br\/heid\/wp-json\/wp\/v2\/pages\/111","targetHints":{"allow":["GET"]}}],"collection":[{"href":"https:\/\/sites.usp.br\/heid\/wp-json\/wp\/v2\/pages"}],"about":[{"href":"https:\/\/sites.usp.br\/heid\/wp-json\/wp\/v2\/types\/page"}],"author":[{"embeddable":true,"href":"https:\/\/sites.usp.br\/heid\/wp-json\/wp\/v2\/users\/309"}],"replies":[{"embeddable":true,"href":"https:\/\/sites.usp.br\/heid\/wp-json\/wp\/v2\/comments?post=111"}],"version-history":[{"count":4,"href":"https:\/\/sites.usp.br\/heid\/wp-json\/wp\/v2\/pages\/111\/revisions"}],"predecessor-version":[{"id":310,"href":"https:\/\/sites.usp.br\/heid\/wp-json\/wp\/v2\/pages\/111\/revisions\/310"}],"wp:attachment":[{"href":"https:\/\/sites.usp.br\/heid\/wp-json\/wp\/v2\/media?parent=111"}],"curies":[{"name":"wp","href":"https:\/\/api.w.org\/{rel}","templated":true}]}}