{"id":114,"date":"2017-03-27T00:01:58","date_gmt":"2017-03-27T02:01:58","guid":{"rendered":"http:\/\/sites.usp.br\/nehid\/?page_id=114"},"modified":"2024-05-24T17:29:02","modified_gmt":"2024-05-24T19:29:02","slug":"equipe","status":"publish","type":"page","link":"https:\/\/sites.usp.br\/heid\/equipe\/","title":{"rendered":"Coordena\u00e7\u00e3o da HEID (2019-Atual)"},"content":{"rendered":"<p>&nbsp;<\/p>\n<p><a href=\"https:\/\/sites.usp.br\/nehid\/wp-content\/uploads\/sites\/720\/2020\/05\/Denise.jpg\"><img loading=\"lazy\" decoding=\"async\" class=\"size-full wp-image-301 alignleft\" src=\"https:\/\/sites.usp.br\/nehid\/wp-content\/uploads\/sites\/720\/2020\/05\/Denise.jpg\" alt=\"\" width=\"163\" height=\"212\" \/><\/a><\/p>\n<p><u>Profa. Dra. Denise de Andrade<\/u><\/p>\n<p>Mestre (1994), Doutora (1998) pelo Programa de P\u00f3s-Gradua\u00e7\u00e3o em Enfermagem Fundamental da Escola de Enfermagem de Ribeir\u00e3o Preto-USP e, Livre-docente em 2006 pela EERP\/USP. \u00c9 Professora Associada 5 do Departamento de Enfermagem Geral e Especializada da EERP-USP. Vice-coordenadora do Programa de P\u00f3s-Gradua\u00e7\u00e3o em Enfermagem Fundamental da EERP\/USP (CAPES 7). L\u00edder do N\u00facleo de Estudos de Preven\u00e7\u00e3o e Controle de Infec\u00e7\u00e3o nos Servi\u00e7os de Sa\u00fade (NEPECISS) cadastrado no CNPq desde 2001. Preside a Network in Human Exposome and Infectious Diseases (NEHID). Bolsista Produtividade em Pesquisa. Atua como Editora Associada da Revista BMC Infectious Diseases, e Editora Cient\u00edfica da Revista Preven\u00e7\u00e3o de Infec\u00e7\u00e3o e Sa\u00fade. \u00c9 parecerista Ad Hoc de Revistas nacionais e internacionais, e de ag\u00eancias de fomento a pesquisa (CNPq e FAPESP). Atua no ensino de gradua\u00e7\u00e3o em enfermagem na \u00e1rea Fundamentos de Enfermagem. Seu projeto e sua produ\u00e7\u00e3o cient\u00edfica inserem-se na Linha de Pesquisa: Fundamenta\u00e7\u00e3o te\u00f3rica, metodol\u00f3gica e tecnol\u00f3gica do processo de cuidar. Atualmente, desenvolve parceria com Surgical Infection Research Group junto a School Of Advanced Medicine, Macquarie University, Sydney (Austr\u00e1lia) e Instituto de Higiene e Medicina Tropical (IHMT) da Universidade Nova de Lisboa, Portugal.<strong>\u00a0<\/strong><\/p>\n<p>Lattes: <a href=\"http:\/\/lattes.cnpq.br\/2505773084865073\">http:\/\/lattes.cnpq.br\/2505773084865073<\/a><\/p>\n<hr \/>\n<p><img loading=\"lazy\" decoding=\"async\" class=\"alignleft wp-image-225\" src=\"http:\/\/sites.usp.br\/nehid\/wp-content\/uploads\/sites\/247\/2017\/03\/face2-150x150.jpg\" alt=\"face2\" width=\"120\" height=\"120\" srcset=\"https:\/\/sites.usp.br\/heid\/wp-content\/uploads\/sites\/720\/2017\/03\/face2-150x150.jpg 150w, https:\/\/sites.usp.br\/heid\/wp-content\/uploads\/sites\/720\/2017\/03\/face2-250x250.jpg 250w, https:\/\/sites.usp.br\/heid\/wp-content\/uploads\/sites\/720\/2017\/03\/face2.jpg 300w, https:\/\/sites.usp.br\/heid\/wp-content\/uploads\/sites\/720\/2017\/03\/face2-174x174.jpg 174w, https:\/\/sites.usp.br\/heid\/wp-content\/uploads\/sites\/720\/2017\/03\/face2-45x45.jpg 45w, https:\/\/sites.usp.br\/heid\/wp-content\/uploads\/sites\/720\/2017\/03\/face2-200x200.jpg 200w\" sizes=\"auto, (max-width: 120px) 100vw, 120px\" \/><\/p>\n<p><u>Profa. Dra. Paula Regina de Souza Hermann<\/u><\/p>\n<p>Graduada em Enfermagem pela Universidade Federal de Goi\u00e1s (2000), mestrado em Enfermagem Fundamental pela Escola de Enfermagem de Ribeir\u00e3o da Universidade de S\u00e3o Paulo &#8211; EERP\/USP (2003), doutorado em Ci\u00eancias pela EERP\/USP (2009) e p\u00f3s-doutorado pela EERP\/USP (2017). Atualmente \u00e9 professora adjunta da Faculdade de Ceil\u00e2ndia, Universidade de Bras\u00edlia e orientadora no programa de P\u00f3s-Gradua\u00e7\u00e3o em Enfermagem da Universidade de Bras\u00edlia. Participa como membro do N\u00facleo de Estudos e Pesquisa em Infec\u00e7\u00e3o Hospitalar da EERP\/USP desde 2003 e do Grupo de Estudos Integrado (GEI) &#8211; UnB desde 2013 e a partir de 2015 lidera o Grupo de Pesquisa em Tecnologia do Cuidar (GPTEC) &#8211; UnB, cadastrados no Diret\u00f3rio de Grupos de Pesquisa no Brasil do CNPq. Coordenadora adjunta do Network in Exposome Human and Infectious Diseases (NEHID). Atua na \u00e1rea de Enfermagem, com \u00eanfase em Enfermagem em Sa\u00fade do Adulto e do Idoso, atuando principalmente nos seguintes temas: enfermagem, infec\u00e7\u00e3o relacionada \u00e0 assist\u00eancia \u00e0 sa\u00fade, atendimento de urg\u00eancia e emerg\u00eancia e simula\u00e7\u00e3o real\u00edstica.<\/p>\n<p>Lattes:\u00a0<a href=\"http:\/\/lattes.cnpq.br\/0238279962437907\">http:\/\/lattes.cnpq.br\/0238279962437907<\/a><\/p>\n<p>&nbsp;<\/p>\n","protected":false},"excerpt":{"rendered":"<p>&nbsp; Profa. Dra. Denise de Andrade Mestre (1994), Doutora (1998) pelo Programa de P\u00f3s-Gradua\u00e7\u00e3o em [&hellip;]<\/p>\n","protected":false},"author":309,"featured_media":0,"parent":0,"menu_order":0,"comment_status":"closed","ping_status":"closed","template":"","meta":{"footnotes":"","_links_to":"","_links_to_target":""},"class_list":["post-114","page","type-page","status-publish","hentry"],"_links":{"self":[{"href":"https:\/\/sites.usp.br\/heid\/wp-json\/wp\/v2\/pages\/114","targetHints":{"allow":["GET"]}}],"collection":[{"href":"https:\/\/sites.usp.br\/heid\/wp-json\/wp\/v2\/pages"}],"about":[{"href":"https:\/\/sites.usp.br\/heid\/wp-json\/wp\/v2\/types\/page"}],"author":[{"embeddable":true,"href":"https:\/\/sites.usp.br\/heid\/wp-json\/wp\/v2\/users\/309"}],"replies":[{"embeddable":true,"href":"https:\/\/sites.usp.br\/heid\/wp-json\/wp\/v2\/comments?post=114"}],"version-history":[{"count":5,"href":"https:\/\/sites.usp.br\/heid\/wp-json\/wp\/v2\/pages\/114\/revisions"}],"predecessor-version":[{"id":374,"href":"https:\/\/sites.usp.br\/heid\/wp-json\/wp\/v2\/pages\/114\/revisions\/374"}],"wp:attachment":[{"href":"https:\/\/sites.usp.br\/heid\/wp-json\/wp\/v2\/media?parent=114"}],"curies":[{"name":"wp","href":"https:\/\/api.w.org\/{rel}","templated":true}]}}