{"id":356,"date":"2020-11-17T18:52:01","date_gmt":"2020-11-17T20:52:01","guid":{"rendered":"http:\/\/sites.usp.br\/heid\/?page_id=356"},"modified":"2020-11-17T18:52:01","modified_gmt":"2020-11-17T20:52:01","slug":"missao","status":"publish","type":"page","link":"https:\/\/sites.usp.br\/heid\/quem-somos\/missao\/","title":{"rendered":"Miss\u00e3o"},"content":{"rendered":"<p>Conduzir pesquisas cient\u00edficas inovadoras, inter e multidisciplinares, multic\u00eantricas e transcontinentais que propiciem a discuss\u00e3o e divulga\u00e7\u00e3o do conhecimento sobre a rela\u00e7\u00e3o entre o expossoma humano e doen\u00e7as infecciosas numa perspectiva da sa\u00fade global.<\/p>\n","protected":false},"excerpt":{"rendered":"<p>Conduzir pesquisas cient\u00edficas inovadoras, inter e multidisciplinares, multic\u00eantricas e transcontinentais que propiciem a discuss\u00e3o e [&hellip;]<\/p>\n","protected":false},"author":21826,"featured_media":0,"parent":111,"menu_order":0,"comment_status":"closed","ping_status":"closed","template":"","meta":{"footnotes":"","_links_to":"","_links_to_target":""},"class_list":["post-356","page","type-page","status-publish","hentry"],"_links":{"self":[{"href":"https:\/\/sites.usp.br\/heid\/wp-json\/wp\/v2\/pages\/356","targetHints":{"allow":["GET"]}}],"collection":[{"href":"https:\/\/sites.usp.br\/heid\/wp-json\/wp\/v2\/pages"}],"about":[{"href":"https:\/\/sites.usp.br\/heid\/wp-json\/wp\/v2\/types\/page"}],"author":[{"embeddable":true,"href":"https:\/\/sites.usp.br\/heid\/wp-json\/wp\/v2\/users\/21826"}],"replies":[{"embeddable":true,"href":"https:\/\/sites.usp.br\/heid\/wp-json\/wp\/v2\/comments?post=356"}],"version-history":[{"count":1,"href":"https:\/\/sites.usp.br\/heid\/wp-json\/wp\/v2\/pages\/356\/revisions"}],"predecessor-version":[{"id":357,"href":"https:\/\/sites.usp.br\/heid\/wp-json\/wp\/v2\/pages\/356\/revisions\/357"}],"up":[{"embeddable":true,"href":"https:\/\/sites.usp.br\/heid\/wp-json\/wp\/v2\/pages\/111"}],"wp:attachment":[{"href":"https:\/\/sites.usp.br\/heid\/wp-json\/wp\/v2\/media?parent=356"}],"curies":[{"name":"wp","href":"https:\/\/api.w.org\/{rel}","templated":true}]}}