{"id":79,"date":"2014-02-24T16:51:20","date_gmt":"2014-02-24T18:51:20","guid":{"rendered":"http:\/\/sites.usp.br\/nehid\/?page_id=79"},"modified":"2020-11-17T18:43:14","modified_gmt":"2020-11-17T20:43:14","slug":"pagina-inicial","status":"publish","type":"page","link":"https:\/\/sites.usp.br\/heid\/","title":{"rendered":"P\u00e1gina Inicial"},"content":{"rendered":"<div id=\"pl-79\"  class=\"panel-layout\" ><div id=\"pg-79-0\"  class=\"panel-grid panel-no-style\" ><div id=\"pgc-79-0-0\"  class=\"panel-grid-cell\" ><div id=\"panel-79-0-0-0\" class=\"so-panel widget widget_sow-slider panel-first-child panel-last-child\" data-index=\"0\" ><div\n\t\t\t\n\t\t\tclass=\"so-widget-sow-slider so-widget-sow-slider-default-6d39609536fd-79\"\n\t\t\t\n\t\t>\t\t\t\t<div class=\"sow-slider-base\" style=\"display: none\" tabindex=\"0\">\n\t\t\t\t\t<ul\n\t\t\t\t\tclass=\"sow-slider-images\"\n\t\t\t\t\tdata-settings=\"{&quot;pagination&quot;:true,&quot;speed&quot;:800,&quot;timeout&quot;:8000,&quot;paused&quot;:false,&quot;pause_on_hover&quot;:false,&quot;swipe&quot;:true,&quot;nav_always_show_desktop&quot;:&quot;&quot;,&quot;nav_always_show_mobile&quot;:&quot;&quot;,&quot;breakpoint&quot;:&quot;780px&quot;,&quot;unmute&quot;:false,&quot;anchor&quot;:null}\"\n\t\t\t\t\t\t\t\t\t\tdata-anchor-id=\"\"\n\t\t\t\t>\t\t<li class=\"sow-slider-image\" style=\"visibility: visible;\" >\n\t\t\t\t\t\t<img loading=\"lazy\" decoding=\"async\" width=\"777\" height=\"814\" src=\"https:\/\/sites.usp.br\/heid\/wp-content\/uploads\/sites\/720\/2020\/09\/LOGOTIPOS-USP-HEID-2.jpg\" class=\"sow-slider-background-image\" alt=\"\" style=\"\" srcset=\"https:\/\/sites.usp.br\/heid\/wp-content\/uploads\/sites\/720\/2020\/09\/LOGOTIPOS-USP-HEID-2.jpg 777w, https:\/\/sites.usp.br\/heid\/wp-content\/uploads\/sites\/720\/2020\/09\/LOGOTIPOS-USP-HEID-2-286x300.jpg 286w, https:\/\/sites.usp.br\/heid\/wp-content\/uploads\/sites\/720\/2020\/09\/LOGOTIPOS-USP-HEID-2-768x805.jpg 768w, https:\/\/sites.usp.br\/heid\/wp-content\/uploads\/sites\/720\/2020\/09\/LOGOTIPOS-USP-HEID-2-400x419.jpg 400w\" sizes=\"auto, (max-width: 777px) 100vw, 777px\" \/>\t\t<\/li>\n\t\t<\/ul>\t\t\t\t<ol class=\"sow-slider-pagination\">\n\t\t\t\t\t\t\t\t\t\t\t<li><a href=\"#\" data-goto=\"0\" aria-label=\"Display slide 1\"><\/a><\/li>\n\t\t\t\t\t\t\t\t\t<\/ol>\n\n\t\t\t\t<div class=\"sow-slide-nav sow-slide-nav-next\">\n\t\t\t\t\t<a href=\"#\" data-goto=\"next\" aria-label=\"Next slide\" data-action=\"next\">\n\t\t\t\t\t\t<em class=\"sow-sld-icon-thin-right\"><\/em>\n\t\t\t\t\t<\/a>\n\t\t\t\t<\/div>\n\n\t\t\t\t<div class=\"sow-slide-nav sow-slide-nav-prev\">\n\t\t\t\t\t<a href=\"#\" data-goto=\"previous\" aria-label=\"Previous slide\" data-action=\"prev\">\n\t\t\t\t\t\t<em class=\"sow-sld-icon-thin-left\"><\/em>\n\t\t\t\t\t<\/a>\n\t\t\t\t<\/div>\n\t\t\t\t<\/div><\/div><\/div><\/div><\/div><div id=\"pg-79-1\"  class=\"panel-grid panel-has-style\" ><div class=\"panel-row-style panel-row-style-for-79-1\" ><div id=\"pgc-79-1-0\"  class=\"panel-grid-cell\" ><div id=\"panel-79-1-0-0\" class=\"so-panel widget widget_sow-image panel-first-child\" data-index=\"1\" ><div\n\t\t\t\n\t\t\tclass=\"so-widget-sow-image so-widget-sow-image-default-8b5b6f678277-79\"\n\t\t\t\n\t\t>\n<div class=\"sow-image-container\">\n\t\t\t<a href=\"http:\/\/sites.usp.br\/padrao5\/destaque-1-4\/\"\n\t\t\t\t\t>\n\t\t\t<img \n\tsrc=\"https:\/\/sites.usp.br\/heid\/wp-content\/uploads\/sites\/720\/2017\/03\/LOGOTIPOS-REPIS_SITE.jpg\" width=\"1077\" height=\"269\" srcset=\"https:\/\/sites.usp.br\/heid\/wp-content\/uploads\/sites\/720\/2017\/03\/LOGOTIPOS-REPIS_SITE.jpg 1077w, https:\/\/sites.usp.br\/heid\/wp-content\/uploads\/sites\/720\/2017\/03\/LOGOTIPOS-REPIS_SITE-300x75.jpg 300w, https:\/\/sites.usp.br\/heid\/wp-content\/uploads\/sites\/720\/2017\/03\/LOGOTIPOS-REPIS_SITE-1024x256.jpg 1024w, https:\/\/sites.usp.br\/heid\/wp-content\/uploads\/sites\/720\/2017\/03\/LOGOTIPOS-REPIS_SITE-768x192.jpg 768w, https:\/\/sites.usp.br\/heid\/wp-content\/uploads\/sites\/720\/2017\/03\/LOGOTIPOS-REPIS_SITE-400x100.jpg 400w\" sizes=\"(max-width: 1077px) 100vw, 1077px\" title=\"Revista Preven\u00e7\u00e3o de Infec\u00e7\u00e3o e Sa\u00fade - REPIS\" alt=\"\" \t\tclass=\"so-widget-image\"\/>\n\t\t\t<\/a><\/div>\n\n<\/div><\/div><div id=\"panel-79-1-0-1\" class=\"so-panel widget widget_sow-editor panel-last-child\" data-index=\"2\" ><div\n\t\t\t\n\t\t\tclass=\"so-widget-sow-editor so-widget-sow-editor-base\"\n\t\t\t\n\t\t><h3 class=\"widget-title\">Revista Preven\u00e7\u00e3o de Infec\u00e7\u00e3o e Sa\u00fade - REPIS<\/h3>\n<div class=\"siteorigin-widget-tinymce textwidget\">\n\t<p>A Revista Preven\u00e7\u00e3o em Infec\u00e7\u00e3o e Sa\u00fade (REPIS) \u00e9 um peri\u00f3dico on-line ve\u00edculo oficial da Network in Exposoma Human and Infectious diseases (NEID). <a href=\"http:\/\/sites.usp.br\/heid\/destaque-3\/\">Leia Mais<\/a><\/p>\n<\/div>\n<\/div><\/div><\/div><div id=\"pgc-79-1-1\"  class=\"panel-grid-cell panel-grid-cell-empty panel-grid-cell-mobile-last\" ><\/div><div id=\"pgc-79-1-2\"  class=\"panel-grid-cell panel-grid-cell-empty\" ><\/div><\/div><\/div><div id=\"pg-79-2\"  class=\"panel-grid panel-no-style\" ><div id=\"pgc-79-2-0\"  class=\"panel-grid-cell\" ><div id=\"panel-79-2-0-0\" class=\"so-panel widget widget_sow-editor panel-first-child panel-last-child\" data-index=\"3\" ><div class=\"panel-widget-style panel-widget-style-for-79-2-0-0\" ><div\n\t\t\t\n\t\t\tclass=\"so-widget-sow-editor so-widget-sow-editor-base\"\n\t\t\t\n\t\t>\n<div class=\"siteorigin-widget-tinymce textwidget\">\n\t<h2 style=\"text-align: left\"><span style=\"color: #000000\">NOT\u00cdCIAS<\/span><\/h2>\n<\/div>\n<\/div><\/div><\/div><\/div><div id=\"pgc-79-2-1\"  class=\"panel-grid-cell\" ><div id=\"panel-79-2-1-0\" class=\"so-panel widget widget_sow-editor panel-first-child panel-last-child\" data-index=\"4\" ><div class=\"panel-widget-style panel-widget-style-for-79-2-1-0\" ><div\n\t\t\t\n\t\t\tclass=\"so-widget-sow-editor so-widget-sow-editor-base\"\n\t\t\t\n\t\t>\n<div class=\"siteorigin-widget-tinymce textwidget\">\n\t<h2 style=\"text-align: left\"><span style=\"color: #000000\">OUTROS TEXTOS<\/span><\/h2>\n<\/div>\n<\/div><\/div><\/div><\/div><\/div><\/div>","protected":false},"excerpt":{"rendered":"<p>A Revista Preven\u00e7\u00e3o em Infec\u00e7\u00e3o e Sa\u00fade (REPIS) \u00e9 um peri\u00f3dico on-line ve\u00edculo oficial da [&hellip;]<\/p>\n","protected":false},"author":1,"featured_media":0,"parent":0,"menu_order":0,"comment_status":"closed","ping_status":"closed","template":"template-fullwidth-no-title.php","meta":{"footnotes":"","_links_to":"","_links_to_target":""},"class_list":["post-79","page","type-page","status-publish","hentry"],"_links":{"self":[{"href":"https:\/\/sites.usp.br\/heid\/wp-json\/wp\/v2\/pages\/79","targetHints":{"allow":["GET"]}}],"collection":[{"href":"https:\/\/sites.usp.br\/heid\/wp-json\/wp\/v2\/pages"}],"about":[{"href":"https:\/\/sites.usp.br\/heid\/wp-json\/wp\/v2\/types\/page"}],"author":[{"embeddable":true,"href":"https:\/\/sites.usp.br\/heid\/wp-json\/wp\/v2\/users\/1"}],"replies":[{"embeddable":true,"href":"https:\/\/sites.usp.br\/heid\/wp-json\/wp\/v2\/comments?post=79"}],"version-history":[{"count":7,"href":"https:\/\/sites.usp.br\/heid\/wp-json\/wp\/v2\/pages\/79\/revisions"}],"predecessor-version":[{"id":351,"href":"https:\/\/sites.usp.br\/heid\/wp-json\/wp\/v2\/pages\/79\/revisions\/351"}],"wp:attachment":[{"href":"https:\/\/sites.usp.br\/heid\/wp-json\/wp\/v2\/media?parent=79"}],"curies":[{"name":"wp","href":"https:\/\/api.w.org\/{rel}","templated":true}]}}