{"id":34,"date":"2023-03-14T16:51:13","date_gmt":"2023-03-14T19:51:13","guid":{"rendered":"https:\/\/sites.usp.br\/hermeseclio\/?page_id=34"},"modified":"2026-05-04T10:36:03","modified_gmt":"2026-05-04T13:36:03","slug":"pagina-inicial","status":"publish","type":"page","link":"https:\/\/sites.usp.br\/hermeseclio\/","title":{"rendered":"P\u00e1gina inicial"},"content":{"rendered":"\t\t<div data-elementor-type=\"wp-page\" data-elementor-id=\"34\" class=\"elementor elementor-34\">\n\t\t\t\t\t\t<section class=\"elementor-section elementor-top-section elementor-element elementor-element-cf436b6 elementor-section-boxed elementor-section-height-default elementor-section-height-default\" data-id=\"cf436b6\" data-element_type=\"section\">\n\t\t\t\t\t\t<div class=\"elementor-container elementor-column-gap-default\">\n\t\t\t\t\t<div class=\"elementor-column elementor-col-33 elementor-top-column elementor-element elementor-element-1872748\" data-id=\"1872748\" data-element_type=\"column\">\n\t\t\t<div class=\"elementor-widget-wrap\">\n\t\t\t\t\t\t\t<\/div>\n\t\t<\/div>\n\t\t\t\t<div class=\"elementor-column elementor-col-33 elementor-top-column elementor-element elementor-element-1ed7397\" data-id=\"1ed7397\" data-element_type=\"column\">\n\t\t\t<div class=\"elementor-widget-wrap elementor-element-populated\">\n\t\t\t\t\t\t<div class=\"elementor-element elementor-element-e55dac4 elementor-arrows-position-outside elementor-widget__width-initial elementor-pagination-position-outside elementor-widget elementor-widget-image-carousel\" data-id=\"e55dac4\" data-element_type=\"widget\" data-settings=\"{&quot;slides_to_show&quot;:&quot;1&quot;,&quot;navigation&quot;:&quot;both&quot;,&quot;autoplay&quot;:&quot;yes&quot;,&quot;pause_on_hover&quot;:&quot;yes&quot;,&quot;pause_on_interaction&quot;:&quot;yes&quot;,&quot;autoplay_speed&quot;:5000,&quot;infinite&quot;:&quot;yes&quot;,&quot;effect&quot;:&quot;slide&quot;,&quot;speed&quot;:500}\" data-widget_type=\"image-carousel.default\">\n\t\t\t\t<div class=\"elementor-widget-container\">\n\t\t\t\t\t<div class=\"elementor-image-carousel-wrapper swiper\" dir=\"ltr\">\n\t\t\t<div class=\"elementor-image-carousel swiper-wrapper swiper-image-stretch\" aria-live=\"off\">\n\t\t\t\t\t\t\t\t<div class=\"swiper-slide\" role=\"group\" aria-roledescription=\"slide\" aria-label=\"1 de 3\"><a data-elementor-open-lightbox=\"yes\" data-elementor-lightbox-slideshow=\"e55dac4\" data-elementor-lightbox-title=\"Cartaz_Geral\" data-e-action-hash=\"#elementor-action%3Aaction%3Dlightbox%26settings%3DeyJpZCI6MTgyNCwidXJsIjoiaHR0cHM6XC9cL3NpdGVzLnVzcC5iclwvaGVybWVzZWNsaW9cL3dwLWNvbnRlbnRcL3VwbG9hZHNcL3NpdGVzXC8xMjc3XC8yMDI2XC8wNVwvQ2FydGF6X0dlcmFsLmpwZyIsInNsaWRlc2hvdyI6ImU1NWRhYzQifQ%3D%3D\" href=\"https:\/\/sites.usp.br\/hermeseclio\/noticias\/\"><figure class=\"swiper-slide-inner\"><img decoding=\"async\" class=\"swiper-slide-image\" src=\"https:\/\/sites.usp.br\/hermeseclio\/wp-content\/uploads\/sites\/1277\/2026\/05\/Cartaz_Geral-768x1086.jpg\" alt=\"Cartaz_Geral\" \/><\/figure><\/a><\/div><div class=\"swiper-slide\" role=\"group\" aria-roledescription=\"slide\" aria-label=\"2 de 3\"><a data-elementor-open-lightbox=\"yes\" data-elementor-lightbox-slideshow=\"e55dac4\" data-elementor-lightbox-title=\"Cartaz_Camila_mar25.docx.pdf (1)\" data-e-action-hash=\"#elementor-action%3Aaction%3Dlightbox%26settings%3DeyJpZCI6MTczNywidXJsIjoiaHR0cHM6XC9cL3NpdGVzLnVzcC5iclwvaGVybWVzZWNsaW9cL3dwLWNvbnRlbnRcL3VwbG9hZHNcL3NpdGVzXC8xMjc3XC8yMDI2XC8wM1wvQ2FydGF6X0NhbWlsYV9tYXIyNS5kb2N4LnBkZi0xLnBuZyIsInNsaWRlc2hvdyI6ImU1NWRhYzQifQ%3D%3D\" href=\"https:\/\/sites.usp.br\/hermeseclio\/noticias\/\"><figure class=\"swiper-slide-inner\"><img decoding=\"async\" class=\"swiper-slide-image\" src=\"https:\/\/sites.usp.br\/hermeseclio\/wp-content\/uploads\/sites\/1277\/2026\/03\/Cartaz_Camila_mar25.docx.pdf-1-768x1086.png\" alt=\"Projeto do professor Bruno Witzel, membro do Grupo de Pesquisa Hermes &amp; Clio, amplia a digitaliza\u00e7\u00e3o de arquivos hist\u00f3ricos e abre novas possibilidades para pesquisas sobre escravid\u00e3o, p\u00f3s-aboli\u00e7\u00e3o e mercado de trabalho no Brasil. Mat\u00e9ria saiu no Estad\u00e2o.\" \/><figcaption class=\"elementor-image-carousel-caption\">Projeto do professor Bruno Witzel, membro do Grupo de Pesquisa Hermes &amp; Clio, amplia a digitaliza\u00e7\u00e3o de arquivos hist\u00f3ricos e abre novas possibilidades para pesquisas sobre escravid\u00e3o, p\u00f3s-aboli\u00e7\u00e3o e mercado de trabalho no Brasil. Mat\u00e9ria saiu no Estad\u00e2o.<\/figcaption><\/figure><\/a><\/div><div class=\"swiper-slide\" role=\"group\" aria-roledescription=\"slide\" aria-label=\"3 de 3\"><a data-elementor-open-lightbox=\"yes\" data-elementor-lightbox-slideshow=\"e55dac4\" data-elementor-lightbox-title=\"FEA75\" data-e-action-hash=\"#elementor-action%3Aaction%3Dlightbox%26settings%3DeyJpZCI6ODU0LCJ1cmwiOiJodHRwczpcL1wvc2l0ZXMudXNwLmJyXC9oZXJtZXNlY2xpb1wvd3AtY29udGVudFwvdXBsb2Fkc1wvc2l0ZXNcLzEyNzdcLzIwMjNcLzA1XC9GRUE3NS5wbmciLCJzbGlkZXNob3ciOiJlNTVkYWM0In0%3D\" href=\"https:\/\/sites.usp.br\/hermeseclio\/noticias\/\"><figure class=\"swiper-slide-inner\"><img decoding=\"async\" class=\"swiper-slide-image\" src=\"https:\/\/sites.usp.br\/hermeseclio\/wp-content\/uploads\/sites\/1277\/2023\/05\/FEA75.png\" alt=\"Prof. Alexandre Saes organiza livro em homenagem aos 75 anos da FEA-USP\" \/><figcaption class=\"elementor-image-carousel-caption\">Prof. Alexandre Saes organiza livro em homenagem aos 75 anos da FEA-USP<\/figcaption><\/figure><\/a><\/div>\t\t\t<\/div>\n\t\t\t\t\t\t\t\t\t\t\t\t<div class=\"elementor-swiper-button elementor-swiper-button-prev\" role=\"button\" tabindex=\"0\">\n\t\t\t\t\t\t<i aria-hidden=\"true\" class=\"eicon-chevron-left\"><\/i>\t\t\t\t\t<\/div>\n\t\t\t\t\t<div class=\"elementor-swiper-button elementor-swiper-button-next\" role=\"button\" tabindex=\"0\">\n\t\t\t\t\t\t<i aria-hidden=\"true\" class=\"eicon-chevron-right\"><\/i>\t\t\t\t\t<\/div>\n\t\t\t\t\n\t\t\t\t\t\t\t\t\t<div class=\"swiper-pagination\"><\/div>\n\t\t\t\t\t\t\t\t\t<\/div>\n\t\t\t\t<\/div>\n\t\t\t\t<\/div>\n\t\t\t\t\t<\/div>\n\t\t<\/div>\n\t\t\t\t<div class=\"elementor-column elementor-col-33 elementor-top-column elementor-element elementor-element-0f79456\" data-id=\"0f79456\" data-element_type=\"column\">\n\t\t\t<div class=\"elementor-widget-wrap\">\n\t\t\t\t\t\t\t<\/div>\n\t\t<\/div>\n\t\t\t\t\t<\/div>\n\t\t<\/section>\n\t\t\t\t<\/div>\n\t\t","protected":false},"excerpt":{"rendered":"<p>Projeto do professor Bruno Witzel, membro do Grupo de Pesquisa Hermes &amp; Clio, amplia a digitaliza\u00e7\u00e3o de arquivos hist\u00f3ricos e abre novas possibilidades para pesquisas sobre escravid\u00e3o, p\u00f3s-aboli\u00e7\u00e3o e mercado de trabalho no Brasil. Mat\u00e9ria saiu no Estad\u00e2o. Prof. Alexandre Saes organiza livro em homenagem aos 75 anos da FEA-USP<\/p>\n","protected":false},"author":23525,"featured_media":0,"parent":0,"menu_order":0,"comment_status":"closed","ping_status":"closed","template":"","meta":{"ocean_post_layout":"","ocean_both_sidebars_style":"","ocean_both_sidebars_content_width":0,"ocean_both_sidebars_sidebars_width":0,"ocean_sidebar":"","ocean_second_sidebar":"","ocean_disable_margins":"enable","ocean_add_body_class":"","ocean_shortcode_before_top_bar":"","ocean_shortcode_after_top_bar":"","ocean_shortcode_before_header":"","ocean_shortcode_after_header":"","ocean_has_shortcode":"","ocean_shortcode_after_title":"","ocean_shortcode_before_footer_widgets":"","ocean_shortcode_after_footer_widgets":"","ocean_shortcode_before_footer_bottom":"","ocean_shortcode_after_footer_bottom":"","ocean_display_top_bar":"default","ocean_display_header":"default","ocean_header_style":"","ocean_center_header_left_menu":"","ocean_custom_header_template":"","ocean_custom_logo":0,"ocean_custom_retina_logo":0,"ocean_custom_logo_max_width":0,"ocean_custom_logo_tablet_max_width":0,"ocean_custom_logo_mobile_max_width":0,"ocean_custom_logo_max_height":0,"ocean_custom_logo_tablet_max_height":0,"ocean_custom_logo_mobile_max_height":0,"ocean_header_custom_menu":"","ocean_menu_typo_font_family":"","ocean_menu_typo_font_subset":"","ocean_menu_typo_font_size":0,"ocean_menu_typo_font_size_tablet":0,"ocean_menu_typo_font_size_mobile":0,"ocean_menu_typo_font_size_unit":"px","ocean_menu_typo_font_weight":"","ocean_menu_typo_font_weight_tablet":"","ocean_menu_typo_font_weight_mobile":"","ocean_menu_typo_transform":"","ocean_menu_typo_transform_tablet":"","ocean_menu_typo_transform_mobile":"","ocean_menu_typo_line_height":0,"ocean_menu_typo_line_height_tablet":0,"ocean_menu_typo_line_height_mobile":0,"ocean_menu_typo_line_height_unit":"","ocean_menu_typo_spacing":0,"ocean_menu_typo_spacing_tablet":0,"ocean_menu_typo_spacing_mobile":0,"ocean_menu_typo_spacing_unit":"","ocean_menu_link_color":"","ocean_menu_link_color_hover":"","ocean_menu_link_color_active":"","ocean_menu_link_background":"","ocean_menu_link_hover_background":"","ocean_menu_link_active_background":"","ocean_menu_social_links_bg":"","ocean_menu_social_hover_links_bg":"","ocean_menu_social_links_color":"","ocean_menu_social_hover_links_color":"","ocean_disable_title":"default","ocean_disable_heading":"default","ocean_post_title":"","ocean_post_subheading":"","ocean_post_title_style":"","ocean_post_title_background_color":"","ocean_post_title_background":0,"ocean_post_title_bg_image_position":"","ocean_post_title_bg_image_attachment":"","ocean_post_title_bg_image_repeat":"","ocean_post_title_bg_image_size":"","ocean_post_title_height":0,"ocean_post_title_bg_overlay":0.5,"ocean_post_title_bg_overlay_color":"","ocean_disable_breadcrumbs":"default","ocean_breadcrumbs_color":"","ocean_breadcrumbs_separator_color":"","ocean_breadcrumbs_links_color":"","ocean_breadcrumbs_links_hover_color":"","ocean_display_footer_widgets":"default","ocean_display_footer_bottom":"default","ocean_custom_footer_template":"","footnotes":"","_links_to":"","_links_to_target":""},"class_list":["post-34","page","type-page","status-publish","hentry","entry"],"_links":{"self":[{"href":"https:\/\/sites.usp.br\/hermeseclio\/wp-json\/wp\/v2\/pages\/34","targetHints":{"allow":["GET"]}}],"collection":[{"href":"https:\/\/sites.usp.br\/hermeseclio\/wp-json\/wp\/v2\/pages"}],"about":[{"href":"https:\/\/sites.usp.br\/hermeseclio\/wp-json\/wp\/v2\/types\/page"}],"author":[{"embeddable":true,"href":"https:\/\/sites.usp.br\/hermeseclio\/wp-json\/wp\/v2\/users\/23525"}],"replies":[{"embeddable":true,"href":"https:\/\/sites.usp.br\/hermeseclio\/wp-json\/wp\/v2\/comments?post=34"}],"version-history":[{"count":4,"href":"https:\/\/sites.usp.br\/hermeseclio\/wp-json\/wp\/v2\/pages\/34\/revisions"}],"predecessor-version":[{"id":1827,"href":"https:\/\/sites.usp.br\/hermeseclio\/wp-json\/wp\/v2\/pages\/34\/revisions\/1827"}],"wp:attachment":[{"href":"https:\/\/sites.usp.br\/hermeseclio\/wp-json\/wp\/v2\/media?parent=34"}],"curies":[{"name":"wp","href":"https:\/\/api.w.org\/{rel}","templated":true}]}}