{"id":45,"date":"2023-03-14T17:07:36","date_gmt":"2023-03-14T20:07:36","guid":{"rendered":"https:\/\/sites.usp.br\/hermeseclio\/?page_id=45"},"modified":"2025-06-11T11:51:43","modified_gmt":"2025-06-11T14:51:43","slug":"eventos","status":"publish","type":"page","link":"https:\/\/sites.usp.br\/hermeseclio\/eventos\/","title":{"rendered":"Eventos"},"content":{"rendered":"\t\t<div data-elementor-type=\"wp-page\" data-elementor-id=\"45\" class=\"elementor elementor-45\">\n\t\t\t\t\t\t<section class=\"elementor-section elementor-top-section elementor-element elementor-element-fa44773 elementor-section-boxed elementor-section-height-default elementor-section-height-default\" data-id=\"fa44773\" data-element_type=\"section\">\n\t\t\t\t\t\t<div class=\"elementor-container elementor-column-gap-default\">\n\t\t\t\t\t<div class=\"elementor-column elementor-col-100 elementor-top-column elementor-element elementor-element-c4b1480\" data-id=\"c4b1480\" data-element_type=\"column\">\n\t\t\t<div class=\"elementor-widget-wrap elementor-element-populated\">\n\t\t\t\t\t\t<section class=\"elementor-section elementor-inner-section elementor-element elementor-element-783cb18 elementor-section-boxed elementor-section-height-default elementor-section-height-default\" data-id=\"783cb18\" data-element_type=\"section\">\n\t\t\t\t\t\t<div class=\"elementor-container elementor-column-gap-default\">\n\t\t\t\t\t<div class=\"elementor-column elementor-col-50 elementor-inner-column elementor-element elementor-element-195a888\" data-id=\"195a888\" data-element_type=\"column\">\n\t\t\t<div class=\"elementor-widget-wrap elementor-element-populated\">\n\t\t\t\t\t\t<div class=\"elementor-element elementor-element-3696d39 elementor-widget__width-initial elementor-widget elementor-widget-image\" data-id=\"3696d39\" data-element_type=\"widget\" data-widget_type=\"image.default\">\n\t\t\t\t<div class=\"elementor-widget-container\">\n\t\t\t\t\t\t\t\t\t\t\t\t\t<img fetchpriority=\"high\" decoding=\"async\" width=\"576\" height=\"1024\" src=\"https:\/\/sites.usp.br\/hermeseclio\/wp-content\/uploads\/sites\/1277\/2025\/06\/aula-inaugural-unifesp-576x1024.jpg\" class=\"attachment-large size-large wp-image-1669\" alt=\"\" srcset=\"https:\/\/sites.usp.br\/hermeseclio\/wp-content\/uploads\/sites\/1277\/2025\/06\/aula-inaugural-unifesp-576x1024.jpg 576w, https:\/\/sites.usp.br\/hermeseclio\/wp-content\/uploads\/sites\/1277\/2025\/06\/aula-inaugural-unifesp-169x300.jpg 169w, https:\/\/sites.usp.br\/hermeseclio\/wp-content\/uploads\/sites\/1277\/2025\/06\/aula-inaugural-unifesp-768x1365.jpg 768w, https:\/\/sites.usp.br\/hermeseclio\/wp-content\/uploads\/sites\/1277\/2025\/06\/aula-inaugural-unifesp-864x1536.jpg 864w, https:\/\/sites.usp.br\/hermeseclio\/wp-content\/uploads\/sites\/1277\/2025\/06\/aula-inaugural-unifesp.jpg 900w\" sizes=\"(max-width: 576px) 100vw, 576px\" \/>\t\t\t\t\t\t\t\t\t\t\t\t\t<\/div>\n\t\t\t\t<\/div>\n\t\t\t\t\t<\/div>\n\t\t<\/div>\n\t\t\t\t<div class=\"elementor-column elementor-col-50 elementor-inner-column elementor-element elementor-element-fd0275c\" data-id=\"fd0275c\" data-element_type=\"column\">\n\t\t\t<div class=\"elementor-widget-wrap elementor-element-populated\">\n\t\t\t\t\t\t<div class=\"elementor-element elementor-element-b5fc05a elementor-widget elementor-widget-text-editor\" data-id=\"b5fc05a\" data-element_type=\"widget\" data-widget_type=\"text-editor.default\">\n\t\t\t\t<div class=\"elementor-widget-container\">\n\t\t\t\t\t\t\t<p>No dia 27 de maio de 2025, o Programa de p\u00f3s-gradua\u00e7\u00e3o em Economia e Desenvolvimento (PPED-UNIFESP) receber\u00e1 o Professor Guilherme Grandi, coordenador do grupo Hermes &amp; Clio, no Audit\u00f3rio da Eppen &#8211; UNIFESP para uma aula inaugural \u00e0s 19h. N\u00e3o perca!<\/p>\t\t\t\t\t\t<\/div>\n\t\t\t\t<\/div>\n\t\t\t\t\t<\/div>\n\t\t<\/div>\n\t\t\t\t\t<\/div>\n\t\t<\/section>\n\t\t\t\t\t<\/div>\n\t\t<\/div>\n\t\t\t\t\t<\/div>\n\t\t<\/section>\n\t\t\t\t<section class=\"elementor-section elementor-top-section elementor-element elementor-element-c689786 elementor-section-boxed elementor-section-height-default elementor-section-height-default\" data-id=\"c689786\" data-element_type=\"section\">\n\t\t\t\t\t\t<div class=\"elementor-container elementor-column-gap-default\">\n\t\t\t\t\t<div class=\"elementor-column elementor-col-100 elementor-top-column elementor-element elementor-element-a30d5bc\" data-id=\"a30d5bc\" data-element_type=\"column\">\n\t\t\t<div class=\"elementor-widget-wrap elementor-element-populated\">\n\t\t\t\t\t\t<section class=\"elementor-section elementor-inner-section elementor-element elementor-element-cfb9765 elementor-section-boxed elementor-section-height-default elementor-section-height-default\" data-id=\"cfb9765\" data-element_type=\"section\">\n\t\t\t\t\t\t<div class=\"elementor-container elementor-column-gap-default\">\n\t\t\t\t\t<div class=\"elementor-column elementor-col-50 elementor-inner-column elementor-element elementor-element-5f5b1da\" data-id=\"5f5b1da\" data-element_type=\"column\">\n\t\t\t<div class=\"elementor-widget-wrap elementor-element-populated\">\n\t\t\t\t\t\t<div class=\"elementor-element elementor-element-15bab06 elementor-widget__width-initial elementor-widget elementor-widget-image\" data-id=\"15bab06\" data-element_type=\"widget\" data-widget_type=\"image.default\">\n\t\t\t\t<div class=\"elementor-widget-container\">\n\t\t\t\t\t\t\t\t\t\t\t\t\t<img decoding=\"async\" width=\"724\" height=\"1024\" src=\"https:\/\/sites.usp.br\/hermeseclio\/wp-content\/uploads\/sites\/1277\/2025\/03\/Cartaz_Camila_mar25.docx.pdf.png-724x1024.png\" class=\"attachment-large size-large wp-image-1543\" alt=\"\" srcset=\"https:\/\/sites.usp.br\/hermeseclio\/wp-content\/uploads\/sites\/1277\/2025\/03\/Cartaz_Camila_mar25.docx.pdf.png-724x1024.png 724w, https:\/\/sites.usp.br\/hermeseclio\/wp-content\/uploads\/sites\/1277\/2025\/03\/Cartaz_Camila_mar25.docx.pdf.png-212x300.png 212w, https:\/\/sites.usp.br\/hermeseclio\/wp-content\/uploads\/sites\/1277\/2025\/03\/Cartaz_Camila_mar25.docx.pdf.png-768x1086.png 768w, https:\/\/sites.usp.br\/hermeseclio\/wp-content\/uploads\/sites\/1277\/2025\/03\/Cartaz_Camila_mar25.docx.pdf.png-1086x1536.png 1086w, https:\/\/sites.usp.br\/hermeseclio\/wp-content\/uploads\/sites\/1277\/2025\/03\/Cartaz_Camila_mar25.docx.pdf.png-1448x2048.png 1448w\" sizes=\"(max-width: 724px) 100vw, 724px\" \/>\t\t\t\t\t\t\t\t\t\t\t\t\t<\/div>\n\t\t\t\t<\/div>\n\t\t\t\t\t<\/div>\n\t\t<\/div>\n\t\t\t\t<div class=\"elementor-column elementor-col-50 elementor-inner-column elementor-element elementor-element-9bbeed0\" data-id=\"9bbeed0\" data-element_type=\"column\">\n\t\t\t<div class=\"elementor-widget-wrap elementor-element-populated\">\n\t\t\t\t\t\t<div class=\"elementor-element elementor-element-b0cffa8 elementor-widget elementor-widget-text-editor\" data-id=\"b0cffa8\" data-element_type=\"widget\" data-widget_type=\"text-editor.default\">\n\t\t\t\t<div class=\"elementor-widget-container\">\n\t\t\t\t\t\t\t<p>Convidamos a todos para a defesa da tese de doutorado do membro do grupo Hermes &amp; Clio, Alexandre Batista, \u201cEvid\u00eancias e causas da desindustrializa\u00e7\u00e3o brasileira de 2011 a 2016\u201d. A defesa ocorrer\u00e1 no dia 25 de mar\u00e7o, \u00e0s 10h, na sala 215 do pr\u00e9dio FEA 5.<\/p>\t\t\t\t\t\t<\/div>\n\t\t\t\t<\/div>\n\t\t\t\t\t<\/div>\n\t\t<\/div>\n\t\t\t\t\t<\/div>\n\t\t<\/section>\n\t\t\t\t\t<\/div>\n\t\t<\/div>\n\t\t\t\t\t<\/div>\n\t\t<\/section>\n\t\t\t\t<section class=\"elementor-section elementor-top-section elementor-element elementor-element-2967b7c elementor-section-boxed elementor-section-height-default elementor-section-height-default\" data-id=\"2967b7c\" data-element_type=\"section\">\n\t\t\t\t\t\t<div class=\"elementor-container elementor-column-gap-default\">\n\t\t\t\t\t<div class=\"elementor-column elementor-col-100 elementor-top-column elementor-element elementor-element-a4386e0\" data-id=\"a4386e0\" data-element_type=\"column\">\n\t\t\t<div class=\"elementor-widget-wrap elementor-element-populated\">\n\t\t\t\t\t\t<section class=\"elementor-section elementor-inner-section elementor-element elementor-element-8c9b072 elementor-section-boxed elementor-section-height-default elementor-section-height-default\" data-id=\"8c9b072\" data-element_type=\"section\">\n\t\t\t\t\t\t<div class=\"elementor-container elementor-column-gap-default\">\n\t\t\t\t\t<div class=\"elementor-column elementor-col-50 elementor-inner-column elementor-element elementor-element-eaba21d\" data-id=\"eaba21d\" data-element_type=\"column\">\n\t\t\t<div class=\"elementor-widget-wrap elementor-element-populated\">\n\t\t\t\t\t\t<div class=\"elementor-element elementor-element-47944e7 elementor-widget elementor-widget-image\" data-id=\"47944e7\" data-element_type=\"widget\" data-widget_type=\"image.default\">\n\t\t\t\t<div class=\"elementor-widget-container\">\n\t\t\t\t\t\t\t\t\t\t\t\t\t<img decoding=\"async\" width=\"819\" height=\"1024\" src=\"https:\/\/sites.usp.br\/hermeseclio\/wp-content\/uploads\/sites\/1277\/2025\/03\/Flyer-Lancamento-do-Livro-1-819x1024.png\" class=\"attachment-large size-large wp-image-1527\" alt=\"\" srcset=\"https:\/\/sites.usp.br\/hermeseclio\/wp-content\/uploads\/sites\/1277\/2025\/03\/Flyer-Lancamento-do-Livro-1-819x1024.png 819w, https:\/\/sites.usp.br\/hermeseclio\/wp-content\/uploads\/sites\/1277\/2025\/03\/Flyer-Lancamento-do-Livro-1-240x300.png 240w, https:\/\/sites.usp.br\/hermeseclio\/wp-content\/uploads\/sites\/1277\/2025\/03\/Flyer-Lancamento-do-Livro-1-768x960.png 768w, https:\/\/sites.usp.br\/hermeseclio\/wp-content\/uploads\/sites\/1277\/2025\/03\/Flyer-Lancamento-do-Livro-1-1229x1536.png 1229w, https:\/\/sites.usp.br\/hermeseclio\/wp-content\/uploads\/sites\/1277\/2025\/03\/Flyer-Lancamento-do-Livro-1-1638x2048.png 1638w\" sizes=\"(max-width: 819px) 100vw, 819px\" \/>\t\t\t\t\t\t\t\t\t\t\t\t\t<\/div>\n\t\t\t\t<\/div>\n\t\t\t\t\t<\/div>\n\t\t<\/div>\n\t\t\t\t<div class=\"elementor-column elementor-col-50 elementor-inner-column elementor-element elementor-element-f0df671\" data-id=\"f0df671\" data-element_type=\"column\">\n\t\t\t<div class=\"elementor-widget-wrap elementor-element-populated\">\n\t\t\t\t\t\t<div class=\"elementor-element elementor-element-027dceb elementor-widget elementor-widget-text-editor\" data-id=\"027dceb\" data-element_type=\"widget\" data-widget_type=\"text-editor.default\">\n\t\t\t\t<div class=\"elementor-widget-container\">\n\t\t\t\t\t\t\t<p>N\u00e3o perca o lan\u00e7amento do livro organizado pelo Professor Ivan Salom\u00e3o, &#8220;Os homens da moeda: O que pensavam os ministros da Fazenda da Nova Rep\u00fablica (1985 &#8211; 2018), no dia 27\/03, \u00e0s 17h, no Audit\u00f3rio Carlos e Diva Pinho (FEA-USP).<\/p>\t\t\t\t\t\t<\/div>\n\t\t\t\t<\/div>\n\t\t\t\t\t<\/div>\n\t\t<\/div>\n\t\t\t\t\t<\/div>\n\t\t<\/section>\n\t\t\t\t\t<\/div>\n\t\t<\/div>\n\t\t\t\t\t<\/div>\n\t\t<\/section>\n\t\t\t\t<section class=\"elementor-section elementor-top-section elementor-element elementor-element-2b0907c elementor-section-boxed elementor-section-height-default elementor-section-height-default\" data-id=\"2b0907c\" data-element_type=\"section\">\n\t\t\t\t\t\t<div class=\"elementor-container elementor-column-gap-default\">\n\t\t\t\t\t<div class=\"elementor-column elementor-col-100 elementor-top-column elementor-element elementor-element-f26e8fb\" data-id=\"f26e8fb\" data-element_type=\"column\">\n\t\t\t<div class=\"elementor-widget-wrap elementor-element-populated\">\n\t\t\t\t\t\t<div class=\"elementor-element elementor-element-9db3c72 elementor-widget elementor-widget-text-editor\" data-id=\"9db3c72\" data-element_type=\"widget\" data-widget_type=\"text-editor.default\">\n\t\t\t\t<div class=\"elementor-widget-container\">\n\t\t\t\t\t\t\t<p>Lorem ipsum dolor sit amet, consectetur adipiscing elit. Ut elit tellus, luctus nec ullamcorper mattis, pulvinar dapibus leo.<\/p>\t\t\t\t\t\t<\/div>\n\t\t\t\t<\/div>\n\t\t\t\t\t<\/div>\n\t\t<\/div>\n\t\t\t\t\t<\/div>\n\t\t<\/section>\n\t\t\t\t<\/div>\n\t\t","protected":false},"excerpt":{"rendered":"<p>No dia 27 de maio de 2025, o Programa de p\u00f3s-gradua\u00e7\u00e3o em Economia e Desenvolvimento (PPED-UNIFESP) receber\u00e1 o Professor Guilherme Grandi, coordenador do grupo Hermes &amp; Clio, no Audit\u00f3rio da Eppen &#8211; UNIFESP para uma aula inaugural \u00e0s 19h. N\u00e3o perca! Convidamos a todos para a defesa da tese de doutorado do membro do grupo [&hellip;]<\/p>\n","protected":false},"author":23525,"featured_media":0,"parent":0,"menu_order":0,"comment_status":"closed","ping_status":"closed","template":"","meta":{"ocean_post_layout":"","ocean_both_sidebars_style":"","ocean_both_sidebars_content_width":0,"ocean_both_sidebars_sidebars_width":0,"ocean_sidebar":"0","ocean_second_sidebar":"0","ocean_disable_margins":"enable","ocean_add_body_class":"","ocean_shortcode_before_top_bar":"","ocean_shortcode_after_top_bar":"","ocean_shortcode_before_header":"","ocean_shortcode_after_header":"","ocean_has_shortcode":"","ocean_shortcode_after_title":"","ocean_shortcode_before_footer_widgets":"","ocean_shortcode_after_footer_widgets":"","ocean_shortcode_before_footer_bottom":"","ocean_shortcode_after_footer_bottom":"","ocean_display_top_bar":"default","ocean_display_header":"default","ocean_header_style":"","ocean_center_header_left_menu":"0","ocean_custom_header_template":"0","ocean_custom_logo":0,"ocean_custom_retina_logo":0,"ocean_custom_logo_max_width":0,"ocean_custom_logo_tablet_max_width":0,"ocean_custom_logo_mobile_max_width":0,"ocean_custom_logo_max_height":0,"ocean_custom_logo_tablet_max_height":0,"ocean_custom_logo_mobile_max_height":0,"ocean_header_custom_menu":"0","ocean_menu_typo_font_family":"0","ocean_menu_typo_font_subset":"","ocean_menu_typo_font_size":0,"ocean_menu_typo_font_size_tablet":0,"ocean_menu_typo_font_size_mobile":0,"ocean_menu_typo_font_size_unit":"px","ocean_menu_typo_font_weight":"","ocean_menu_typo_font_weight_tablet":"","ocean_menu_typo_font_weight_mobile":"","ocean_menu_typo_transform":"","ocean_menu_typo_transform_tablet":"","ocean_menu_typo_transform_mobile":"","ocean_menu_typo_line_height":0,"ocean_menu_typo_line_height_tablet":0,"ocean_menu_typo_line_height_mobile":0,"ocean_menu_typo_line_height_unit":"","ocean_menu_typo_spacing":0,"ocean_menu_typo_spacing_tablet":0,"ocean_menu_typo_spacing_mobile":0,"ocean_menu_typo_spacing_unit":"","ocean_menu_link_color":"","ocean_menu_link_color_hover":"","ocean_menu_link_color_active":"","ocean_menu_link_background":"","ocean_menu_link_hover_background":"","ocean_menu_link_active_background":"","ocean_menu_social_links_bg":"","ocean_menu_social_hover_links_bg":"","ocean_menu_social_links_color":"","ocean_menu_social_hover_links_color":"","ocean_disable_title":"default","ocean_disable_heading":"default","ocean_post_title":"","ocean_post_subheading":"","ocean_post_title_style":"","ocean_post_title_background_color":"","ocean_post_title_background":0,"ocean_post_title_bg_image_position":"","ocean_post_title_bg_image_attachment":"","ocean_post_title_bg_image_repeat":"","ocean_post_title_bg_image_size":"","ocean_post_title_height":0,"ocean_post_title_bg_overlay":0.5,"ocean_post_title_bg_overlay_color":"","ocean_disable_breadcrumbs":"default","ocean_breadcrumbs_color":"","ocean_breadcrumbs_separator_color":"","ocean_breadcrumbs_links_color":"","ocean_breadcrumbs_links_hover_color":"","ocean_display_footer_widgets":"default","ocean_display_footer_bottom":"default","ocean_custom_footer_template":"0","footnotes":"","_links_to":"","_links_to_target":""},"class_list":["post-45","page","type-page","status-publish","hentry","entry"],"_links":{"self":[{"href":"https:\/\/sites.usp.br\/hermeseclio\/wp-json\/wp\/v2\/pages\/45","targetHints":{"allow":["GET"]}}],"collection":[{"href":"https:\/\/sites.usp.br\/hermeseclio\/wp-json\/wp\/v2\/pages"}],"about":[{"href":"https:\/\/sites.usp.br\/hermeseclio\/wp-json\/wp\/v2\/types\/page"}],"author":[{"embeddable":true,"href":"https:\/\/sites.usp.br\/hermeseclio\/wp-json\/wp\/v2\/users\/23525"}],"replies":[{"embeddable":true,"href":"https:\/\/sites.usp.br\/hermeseclio\/wp-json\/wp\/v2\/comments?post=45"}],"version-history":[{"count":4,"href":"https:\/\/sites.usp.br\/hermeseclio\/wp-json\/wp\/v2\/pages\/45\/revisions"}],"predecessor-version":[{"id":1675,"href":"https:\/\/sites.usp.br\/hermeseclio\/wp-json\/wp\/v2\/pages\/45\/revisions\/1675"}],"wp:attachment":[{"href":"https:\/\/sites.usp.br\/hermeseclio\/wp-json\/wp\/v2\/media?parent=45"}],"curies":[{"name":"wp","href":"https:\/\/api.w.org\/{rel}","templated":true}]}}