{"id":1399,"date":"2024-08-28T01:17:22","date_gmt":"2024-08-28T04:17:22","guid":{"rendered":"https:\/\/sites.usp.br\/historiaconectada\/login\/"},"modified":"2026-04-06T15:50:08","modified_gmt":"2026-04-06T18:50:08","slug":"login","status":"publish","type":"page","link":"https:\/\/sites.usp.br\/historiaconectada\/login\/","title":{"rendered":"Login"},"content":{"rendered":"\t\t<div data-elementor-type=\"wp-page\" data-elementor-id=\"1399\" class=\"elementor elementor-1399\" data-elementor-post-type=\"page\">\n\t\t\t\t\t\t<section class=\"elementor-section elementor-top-section elementor-element elementor-element-377546d elementor-section-boxed elementor-section-height-default elementor-section-height-default\" data-id=\"377546d\" data-element_type=\"section\">\n\t\t\t\t\t\t<div class=\"elementor-container elementor-column-gap-default\">\n\t\t\t\t\t<div class=\"elementor-column elementor-col-100 elementor-top-column elementor-element elementor-element-f58554b\" data-id=\"f58554b\" data-element_type=\"column\">\n\t\t\t<div class=\"elementor-widget-wrap elementor-element-populated\">\n\t\t\t\t\t\t<div class=\"elementor-element elementor-element-a38e82a elementor-widget elementor-widget-html\" data-id=\"a38e82a\" data-element_type=\"widget\" data-widget_type=\"html.default\">\n\t\t\t\t<div class=\"elementor-widget-container\">\n\t\t\t<div class=\"box-senha-final\" style=\"max-width: 600px; margin: 40px auto; padding: 40px; border: 1px solid #d1d1d1; border-radius: 12px; background: #fff; box-shadow: 0px 10px 25px rgba(0,0,0,0.1); font-family: sans-serif;\">\r\n    \r\n    <h3 id=\"titulo-login\" style=\"text-align: center; color: #003366; margin-bottom: 30px; font-size: 24px;\">Acesso ao Painel<\/h3>\r\n\r\n    <div id=\"conteudo-login\">\r\n        <form method=\"post\" action=\"\/wp-login.php\">\r\n            <div style=\"margin-bottom: 15px;\">\r\n                <label style=\"display:block; margin-bottom:5px; color:#666; font-weight: bold;\">Usu\u00e1rio ou E-mail<\/label>\r\n                <input type=\"text\" name=\"log\" required style=\"width:100%; padding:14px; border:1px solid #ccc; border-radius:8px; box-sizing:border-box; font-size: 16px;\">\r\n            <\/div>\r\n\r\n            <div style=\"margin-bottom: 15px;\">\r\n                <label style=\"display:block; margin-bottom:5px; color:#666; font-weight: bold;\">Senha<\/label>\r\n                <input type=\"password\" name=\"pwd\" required style=\"width:100%; padding:14px; border:1px solid #ccc; border-radius:8px; box-sizing:border-box; font-size: 16px;\">\r\n            <\/div>\r\n\r\n            <div style=\"margin-bottom: 20px; display: flex; align-items: center;\">\r\n                <input type=\"checkbox\" id=\"remember\" name=\"rememberme\" value=\"forever\" style=\"margin-right: 8px;\">\r\n                <label for=\"remember\" style=\"font-size: 14px; color: #666; cursor: pointer;\">Lembrar de mim<\/label>\r\n            <\/div>\r\n\r\n            <input type=\"hidden\" name=\"redirect_to\" value=\"\/historiaconectada\/\">\r\n            \r\n            <input type=\"submit\" value=\"Entrar\" style=\"width:100%; background:#003366; color:white; padding:18px; border:none; border-radius:8px; font-weight:bold; cursor:pointer; text-transform:uppercase; font-size: 16px;\">\r\n            \r\n            <p style=\"text-align:center; margin-top:25px;\">\r\n                <a href=\"\/wp-login.php?action=lostpassword\" style=\"color:#003366; text-decoration:none; font-size:14px; font-weight: bold;\">Esqueceu a senha?<\/a>\r\n            <\/p>\r\n        <\/form>\r\n    <\/div>\r\n<\/div>\r\n\r\n<script>\r\n(function() {\r\n    \/\/ Verifica se o usu\u00e1rio j\u00e1 est\u00e1 logado (funciona para qualquer n\u00edvel de usu\u00e1rio)\r\n    if (document.body.classList.contains('logged-in')) {\r\n        document.getElementById('titulo-login').innerText = \"Voc\u00ea est\u00e1 conectado!\";\r\n        var conteudo = document.getElementById('conteudo-login');\r\n        if (conteudo) {\r\n            conteudo.innerHTML = `\r\n                <div style=\"text-align:center; padding: 20px;\">\r\n                    <p style=\"color:#444; font-size:16px; margin-bottom:25px;\">Voc\u00ea j\u00e1 realizou o login e tem acesso ao conte\u00fado.<\/p>\r\n                    <a href=\"\/historiaconectada\/\" style=\"display:inline-block; background:#003366; color:white; padding:12px 25px; text-decoration:none; border-radius:6px; font-weight:bold; margin-bottom:10px;\">Ir para a P\u00e1gina Inicial<\/a>\r\n                <\/div>\r\n            `;\r\n        }\r\n    }\r\n})();\r\n<\/script>\t\t<\/div>\n\t\t\t\t<\/div>\n\t\t\t\t\t<\/div>\n\t\t<\/div>\n\t\t\t\t\t<\/div>\n\t\t<\/section>\n\t\t\t\t<\/div>\n\t\t","protected":false},"excerpt":{"rendered":"<p>Acesso ao Painel Usu\u00e1rio ou E-mail Senha Lembrar de mim Esqueceu a senha?<\/p>\n","protected":false},"author":24180,"featured_media":0,"parent":0,"menu_order":0,"comment_status":"closed","ping_status":"closed","template":"","meta":{"footnotes":"","_links_to":"","_links_to_target":""},"class_list":["post-1399","page","type-page","status-publish","hentry","entry"],"_links":{"self":[{"href":"https:\/\/sites.usp.br\/historiaconectada\/wp-json\/wp\/v2\/pages\/1399","targetHints":{"allow":["GET"]}}],"collection":[{"href":"https:\/\/sites.usp.br\/historiaconectada\/wp-json\/wp\/v2\/pages"}],"about":[{"href":"https:\/\/sites.usp.br\/historiaconectada\/wp-json\/wp\/v2\/types\/page"}],"author":[{"embeddable":true,"href":"https:\/\/sites.usp.br\/historiaconectada\/wp-json\/wp\/v2\/users\/24180"}],"replies":[{"embeddable":true,"href":"https:\/\/sites.usp.br\/historiaconectada\/wp-json\/wp\/v2\/comments?post=1399"}],"version-history":[{"count":4,"href":"https:\/\/sites.usp.br\/historiaconectada\/wp-json\/wp\/v2\/pages\/1399\/revisions"}],"predecessor-version":[{"id":2591,"href":"https:\/\/sites.usp.br\/historiaconectada\/wp-json\/wp\/v2\/pages\/1399\/revisions\/2591"}],"wp:attachment":[{"href":"https:\/\/sites.usp.br\/historiaconectada\/wp-json\/wp\/v2\/media?parent=1399"}],"curies":[{"name":"wp","href":"https:\/\/api.w.org\/{rel}","templated":true}]}}