{"id":1878,"date":"2025-05-19T12:31:38","date_gmt":"2025-05-19T15:31:38","guid":{"rendered":"https:\/\/sites.usp.br\/historiaconectada\/?page_id=1878"},"modified":"2025-10-26T16:05:46","modified_gmt":"2025-10-26T19:05:46","slug":"editais","status":"publish","type":"page","link":"https:\/\/sites.usp.br\/historiaconectada\/editais\/","title":{"rendered":"Editais"},"content":{"rendered":"\t\t<div data-elementor-type=\"wp-page\" data-elementor-id=\"1878\" class=\"elementor elementor-1878\" data-elementor-post-type=\"page\">\n\t\t\t\t\t\t<section class=\"elementor-section elementor-top-section elementor-element elementor-element-0b24f0d elementor-section-boxed elementor-section-height-default elementor-section-height-default\" data-id=\"0b24f0d\" data-element_type=\"section\">\n\t\t\t\t\t\t<div class=\"elementor-container elementor-column-gap-default\">\n\t\t\t\t\t<div class=\"elementor-column elementor-col-100 elementor-top-column elementor-element elementor-element-66e2605\" data-id=\"66e2605\" data-element_type=\"column\">\n\t\t\t<div class=\"elementor-widget-wrap elementor-element-populated\">\n\t\t\t\t\t\t<div class=\"elementor-element elementor-element-d97251e elementor-widget elementor-widget-heading\" data-id=\"d97251e\" data-element_type=\"widget\" data-widget_type=\"heading.default\">\n\t\t\t\t<div class=\"elementor-widget-container\">\n\t\t\t<h2 class=\"elementor-heading-title elementor-size-default\">Editais<\/h2>\t\t<\/div>\n\t\t\t\t<\/div>\n\t\t\t\t<div class=\"elementor-element elementor-element-5bf6957 elementor-widget elementor-widget-text-editor\" data-id=\"5bf6957\" data-element_type=\"widget\" data-widget_type=\"text-editor.default\">\n\t\t\t\t<div class=\"elementor-widget-container\">\n\t\t\t\t\t\t\t<ul><li><strong>15\/06\/2025 &#8211; 15\/10\/2025: P\u00f3s-Doutorado<\/strong><\/li><\/ul><p>Est\u00e3o abertas, no per\u00edodo de 15 de junho a 15 de outubro de 2025, as inscri\u00e7\u00f5es para candidatura a uma bolsa de p\u00f3s-doutorado FAPESP na \u00e1rea de Hist\u00f3ria Medieval, associada ao Projeto Tem\u00e1tico <em>Uma Hist\u00f3ria Conectada da Idade M\u00e9dia: Comunica\u00e7\u00e3o e Circula\u00e7\u00e3o a partir do Mediterr\u00e2neo<\/em> (FAPESP 2021\/02912-3), vinculada ao eixo <b>Espa\u00e7o e Comunidades<\/b>.<\/p><p>Confira mais informa\u00e7\u00f5es aqui:\u00a0<a href=\"https:\/\/sites.usp.br\/historiaconectada\/wp-content\/uploads\/sites\/1314\/2025\/05\/Call-for-applications-Postdoctoral-Fellowship-.pdf\" target=\"_blank\" rel=\"noopener\">Edital P\u00f3s-Doutorado (Junho 2025).<\/a><\/p><p>Resultado: <a href=\"https:\/\/sites.usp.br\/historiaconectada\/wp-content\/uploads\/sites\/1314\/2025\/10\/Candidatura-indicada-a-bolsa-PD-Edital-de-selecao-2025.pdf\">Candidatura indicada \u00e0 bolsa<\/a>.<\/p>\t\t\t\t\t\t<\/div>\n\t\t\t\t<\/div>\n\t\t\t\t\t<\/div>\n\t\t<\/div>\n\t\t\t\t\t<\/div>\n\t\t<\/section>\n\t\t\t\t<\/div>\n\t\t","protected":false},"excerpt":{"rendered":"<p>Editais 15\/06\/2025 &#8211; 15\/10\/2025: P\u00f3s-Doutorado Est\u00e3o abertas, no per\u00edodo de 15 de junho a 15 de outubro de 2025, as inscri\u00e7\u00f5es para candidatura a uma bolsa de p\u00f3s-doutorado FAPESP na [&hellip;]<\/p>\n","protected":false},"author":24180,"featured_media":0,"parent":0,"menu_order":0,"comment_status":"closed","ping_status":"closed","template":"","meta":{"footnotes":"","_links_to":"","_links_to_target":""},"class_list":["post-1878","page","type-page","status-publish","hentry","entry"],"_links":{"self":[{"href":"https:\/\/sites.usp.br\/historiaconectada\/wp-json\/wp\/v2\/pages\/1878","targetHints":{"allow":["GET"]}}],"collection":[{"href":"https:\/\/sites.usp.br\/historiaconectada\/wp-json\/wp\/v2\/pages"}],"about":[{"href":"https:\/\/sites.usp.br\/historiaconectada\/wp-json\/wp\/v2\/types\/page"}],"author":[{"embeddable":true,"href":"https:\/\/sites.usp.br\/historiaconectada\/wp-json\/wp\/v2\/users\/24180"}],"replies":[{"embeddable":true,"href":"https:\/\/sites.usp.br\/historiaconectada\/wp-json\/wp\/v2\/comments?post=1878"}],"version-history":[{"count":4,"href":"https:\/\/sites.usp.br\/historiaconectada\/wp-json\/wp\/v2\/pages\/1878\/revisions"}],"predecessor-version":[{"id":2106,"href":"https:\/\/sites.usp.br\/historiaconectada\/wp-json\/wp\/v2\/pages\/1878\/revisions\/2106"}],"wp:attachment":[{"href":"https:\/\/sites.usp.br\/historiaconectada\/wp-json\/wp\/v2\/media?parent=1878"}],"curies":[{"name":"wp","href":"https:\/\/api.w.org\/{rel}","templated":true}]}}